{"id":1122,"date":"2016-02-23T14:25:42","date_gmt":"2016-02-23T14:25:42","guid":{"rendered":"http:\/\/www.framapesa.ro\/nou\/?page_id=1122"},"modified":"2023-09-14T04:52:37","modified_gmt":"2023-09-14T04:52:37","slug":"uponor","status":"publish","type":"page","link":"https:\/\/www.framapesa.ro\/ro\/uponor\/","title":{"rendered":"Uponor Romania"},"content":{"rendered":"<section class=\"wpb-content-wrapper\"><div data-vc-full-width=\"true\" data-vc-full-width-init=\"false\" data-vc-stretch-content=\"true\" class=\"vc_row wpb_row vc_row-fluid vc_custom_1459164889343 vc_row-has-fill vc_row-no-padding\"><div class=\"wpb_column vc_column_container vc_col-sm-12\"><div class=\"vc_column-inner\"><div class=\"wpb_wrapper\"><div class=\"vc_empty_space\"   style=\"height: 5.8em\"><span class=\"vc_empty_space_inner\"><\/span><\/div><div id=\"sc_title_description_766459806\" class=\"sc_title_description sc_title_description_style_1 sc_title_description_align_center\" data-animation=\"animated fadeInUp normal\" style=\"width:100%;\"><div class=\"sc_title_description_info\"><h2 class=\"sc_title_description_title sc_item_title\">Despre Uponor<\/h2><\/div><\/div><div class=\"vc_empty_space\"   style=\"height: 1.4em\"><span class=\"vc_empty_space_inner\"><\/span><\/div><div class=\"sc_content content_wrap scheme_original\" data-animation=\"animated fadeInUp normal\">\n\t<div class=\"wpb_text_column wpb_content_element\" >\n\t\t<div class=\"wpb_wrapper\">\n\t\t\t<h3 data-fontsize=\"25\" data-lineheight=\"35\">Scurt istoric Uponor<\/h3>\n<p>In data de 13 august 1918, Aukusti Asko-Avonius a \u00eenfiin\u0163at un atelier de t\u00e2mpl\u0103rie \u00een Lahti, la 100 km nord de Helsinki, Finlanda. Aukusti provenea dintr-o familie s\u0103rac\u0103, dar fiind un mester talentat si cu viziune inovatoare, modestul sau atelier de t\u00e2mpl\u0103rie s-a transformat \u00een scurt timp \u00een cel mai mare furnizor de mobil\u0103 din \u0163\u0103rile nordice \u015fi cel mai extins lan\u0163 de distribu\u0163ie de mobil\u0103 din Finlanda. \u00cenc\u0103 din anii \u201930, compania <strong>Asko<\/strong> era una dintre cele mai cunoscute si apreciate m\u0103rci comerciale finlandeze.<br \/>\n\u00cenainte de izbucnirea celui de-al doilea r\u0103zboi mondial \u00een 1938, compania se extinsese \u015fi \u00eencepuse deja s\u0103 fabrice canapele cu arcuri otelite. Canapelele cu arcuri otelite fiind foarte populare si apreciate \u00een r\u00e2ndul finlandezilor, afacerea a prosperat si a culminat cu infiintarea Upo Oy, o companie-sor\u0103 a Asko, devenit\u0103 ulterior un furnizor diversificat pentru industria produselor metalice \u015fi care ulterior s-a transformat rapid \u00een cel mai mare produc\u0103tor de aparate de uz casnic din Finlanda.<br \/>\n\u00cen anii \u201950, Asko \u015fi-a \u00eendreptat privirea c\u0103tre str\u0103in\u0103tate, spre pie\u0163ele vest-germane \u00een special, unde designul finlandez \u2013 inclusiv designul mobilei \u2013 a trezit un interes pozitiv. Designul finlandez s-a bucurat de larg\u0103 apreciere \u00een toat\u0103 perioada anilor \u201950, iar la T\u00e2rgul de Design de la Milano, fiecare al patrulea Mare Premiu a fost acordat Finlandei, pentru mobilierul Asko. Firesc, Asko \u015fi-a dorit s\u0103 profite c\u00e2t mai mult de interesul european fa\u0163\u0103 de designul finlandez, export\u00e2nd mobil\u0103 conceput\u0103 de Tapio Wirkkala \u015fi Eero Aarnio, de exemplu.<br \/>\n\u00cen 1965, Upo a deschis o uzin\u0103 de mase plastice \u00een Nastola, aproape de Lahti, \u015fi a lansat primele conducte din mase plastice. Ulterior, Upo s-a extins constant \u00een industria maselor plastice, conductele din mase plastice devenind o cot\u0103 din ce \u00een ce mai important\u0103 din cifra de afaceri a companiei. \u00cen 1982, Asko a creat o filial\u0103 care s\u0103 se concentreze pe produc\u0163ia conductelor din mase plastice. P\u00e2n\u0103 \u00een 1990, aceast\u0103 companie, numit\u0103 Oy Uponor AB, \u015fi-a consolidat pozi\u0163ia de lider \u00een r\u00e2ndul produc\u0103torilor de conducte din mase plastice din \u0163\u0103rile nordice \u015fi a f\u0103cut primii pa\u015fi \u00een Europa. \u00cen urm\u0103toarele dou\u0103 decenii, compania a devenit lider \u00een r\u00e2ndul furnizorilor interna\u0163ionali de conducte din mase plastice, \u015fi, la \u00eenceputul noului mileniu, a devenit cel mai mare produc\u0103tor mondial de conducte din mase plastice. La \u00eenceput, principalele produse ale companiei implicau aplica\u0163ii pentru infrastructur\u0103, dar odat\u0103 cu achizi\u0163ionarea Wirsbo, Hewwing \u015fi Unicor, accentul s-a mutat pe aplica\u0163ii \u015fi solu\u0163ii pentru locuin\u0163e.<br \/>\n\u00cen anii \u201990, Asko a decis s\u0103 renun\u0163e la mai multe din diversele sale unit\u0103\u0163i comerciale \u015fi, c\u0103tre 1999, a decis s\u0103 p\u0103streze numai activit\u0103\u0163ile legate de aparatura de uz casnic \u015fi aplica\u0163ii pentru pardoseli, \u00eempreun\u0103 cu afacerile extinse \u00een propriet\u0103\u0163i imobiliare \u015fi, bine\u00een\u0163eles, Uponor. Decizia final\u0103 a fost de a concentra toate eforturile asupra Uponor, \u015fi de a renun\u0163a la toate celelalte unit\u0103\u0163i comerciale. Drept urmare, Asko a fuzionat cu Uponor la 31 decembrie 1999, \u015fi organiza\u0163ia a adoptat numele Uponor Corporation. \u00cen anii 2000, compania s-a concentrat pe domeniul s\u0103u esen\u0163ial de experien\u0163\u0103, \u015fi anume solu\u0163iile pentru locuin\u0163e. Un obiectiv suplimentar a fost integrarea corpora\u0163iei extrem de descentralizate \u00eentr-o companie unificat\u0103, eficient\u0103 \u015fi profitabil\u0103. \u00cencep\u00e2nd cu anul 2006, activitatea companiei se desf\u0103\u015foar\u0103 sub denumirea comercial\u0103 Uponor \u00een \u00eentreaga lume.<\/p>\n\n\t\t<\/div>\n\t<\/div>\n<\/div><div class=\"vc_empty_space\"   style=\"height: 5.75em\"><span class=\"vc_empty_space_inner\"><\/span><\/div><\/div><\/div><\/div><\/div><div class=\"vc_row-full-width vc_clearfix\"><\/div><div class=\"vc_row wpb_row vc_row-fluid\"><div class=\"wpb_column vc_column_container vc_col-sm-12\"><div class=\"vc_column-inner\"><div class=\"wpb_wrapper\">\n\t<div class=\"wpb_text_column wpb_content_element\" >\n\t\t<div class=\"wpb_wrapper\">\n\t\t\t<h3 style=\"text-align: center;\">Uponor Romania &#8211;\u00a0<a href=\"tel:0740.523.754\">0740.523.754<\/a><\/h3>\n<div class=\"top_panel_top_user_area\"><\/div>\n\n\t\t<\/div>\n\t<\/div>\n<\/div><\/div><\/div><\/div><div data-vc-full-width=\"true\" data-vc-full-width-init=\"false\" data-vc-stretch-content=\"true\" class=\"vc_row wpb_row vc_row-fluid vc_row-no-padding\"><div class=\"wpb_column vc_column_container vc_col-sm-12\"><div class=\"vc_column-inner\"><div class=\"wpb_wrapper\"><div id=\"sc_googlemap_1630563018\" class=\"sc_googlemap\" style=\"width:100%;height:370px;\" data-zoom=\"16\" data-style=\"greyscale\"><iframe src=\"https:\/\/maps.google.com\/maps?t=m&output=embed&iwloc=near&z=16&q=Str.+Parcului+83E%2C+Sector+1%2C+Bucuresti@44.476479,26.056144\" scrolling=\"no\" marginheight=\"0\" marginwidth=\"0\" frameborder=\"0\"\n                    aria-label=\"Framapesa Uponor\"><\/iframe><\/div><\/div><\/div><\/div><\/div><div class=\"vc_row-full-width vc_clearfix\"><\/div>\n<\/section>","protected":false},"excerpt":{"rendered":"Despre Uponor Scurt istoric Uponor In data de 13 august 1918, Aukusti Asko-Avonius a \u00eenfiin\u0163at un atelier de t\u00e2mpl\u0103rie \u00een Lahti, la 100 km nord de Helsinki, Finlanda. Aukusti provenea dintr-o familie s\u0103rac\u0103, dar fiind un mester talentat si cu viziune inovatoare, modestul sau atelier de t\u00e2mpl\u0103rie s-a transformat \u00een scurt timp \u00een cel mai [...]","protected":false},"author":1,"featured_media":2362,"parent":0,"menu_order":0,"comment_status":"closed","ping_status":"closed","template":"","meta":{"footnotes":"","_links_to":"","_links_to_target":""},"class_list":["post-1122","page","type-page","status-publish","has-post-thumbnail","hentry"],"yoast_head":"<!-- This site is optimized with the Yoast SEO plugin v26.9 - https:\/\/yoast.com\/product\/yoast-seo-wordpress\/ -->\n<title>Uponor Romania - Incalzire in pardoseala Uponor<\/title>\n<meta name=\"description\" content=\"Uponor Romania - 0740.523.754 Produse si servicii premium. Sisteme de alimentare cu apa, incalzire si racire prin pereti, prin pardoseala\" \/>\n<meta name=\"robots\" content=\"index, follow, max-snippet:-1, max-image-preview:large, max-video-preview:-1\" \/>\n<link rel=\"canonical\" href=\"https:\/\/www.framapesa.ro\/ro\/uponor\/\" \/>\n<meta property=\"og:locale\" content=\"ro_RO\" \/>\n<meta property=\"og:type\" content=\"article\" \/>\n<meta property=\"og:title\" content=\"Uponor Romania - Incalzire in pardoseala Uponor\" \/>\n<meta property=\"og:description\" content=\"Uponor Romania - 0740.523.754 Produse si servicii premium. Sisteme de alimentare cu apa, incalzire si racire prin pereti, prin pardoseala\" \/>\n<meta property=\"og:url\" content=\"https:\/\/www.framapesa.ro\/ro\/uponor\/\" \/>\n<meta property=\"og:site_name\" content=\"Incalzire in pardoseala Uponor\" \/>\n<meta property=\"article:modified_time\" content=\"2023-09-14T04:52:37+00:00\" \/>\n<meta property=\"og:image\" content=\"https:\/\/www.framapesa.ro\/wp-content\/uploads\/2016\/02\/maxresdefault.jpg\" \/>\n\t<meta property=\"og:image:width\" content=\"1280\" \/>\n\t<meta property=\"og:image:height\" content=\"720\" \/>\n\t<meta property=\"og:image:type\" content=\"image\/jpeg\" \/>\n<meta name=\"twitter:card\" content=\"summary_large_image\" \/>\n<meta name=\"twitter:label1\" content=\"Timp estimat pentru citire\" \/>\n\t<meta name=\"twitter:data1\" content=\"4 minute\" \/>\n<script type=\"application\/ld+json\" class=\"yoast-schema-graph\">{\"@context\":\"https:\/\/schema.org\",\"@graph\":[{\"@type\":\"WebPage\",\"@id\":\"https:\/\/www.framapesa.ro\/uponor\/\",\"url\":\"https:\/\/www.framapesa.ro\/uponor\/\",\"name\":\"Uponor Romania - Incalzire in pardoseala Uponor\",\"isPartOf\":{\"@id\":\"https:\/\/www.framapesa.ro\/#website\"},\"primaryImageOfPage\":{\"@id\":\"https:\/\/www.framapesa.ro\/uponor\/#primaryimage\"},\"image\":{\"@id\":\"https:\/\/www.framapesa.ro\/uponor\/#primaryimage\"},\"thumbnailUrl\":\"https:\/\/www.framapesa.ro\/wp-content\/uploads\/2016\/02\/maxresdefault.jpg\",\"datePublished\":\"2016-02-23T14:25:42+00:00\",\"dateModified\":\"2023-09-14T04:52:37+00:00\",\"description\":\"Uponor Romania - 0740.523.754 Produse si servicii premium. Sisteme de alimentare cu apa, incalzire si racire prin pereti, prin pardoseala\",\"breadcrumb\":{\"@id\":\"https:\/\/www.framapesa.ro\/uponor\/#breadcrumb\"},\"inLanguage\":\"ro-RO\",\"potentialAction\":[{\"@type\":\"ReadAction\",\"target\":[\"https:\/\/www.framapesa.ro\/uponor\/\"]}]},{\"@type\":\"ImageObject\",\"inLanguage\":\"ro-RO\",\"@id\":\"https:\/\/www.framapesa.ro\/uponor\/#primaryimage\",\"url\":\"https:\/\/www.framapesa.ro\/wp-content\/uploads\/2016\/02\/maxresdefault.jpg\",\"contentUrl\":\"https:\/\/www.framapesa.ro\/wp-content\/uploads\/2016\/02\/maxresdefault.jpg\",\"width\":1280,\"height\":720,\"caption\":\"incalzire in pardoseala Uponor\"},{\"@type\":\"BreadcrumbList\",\"@id\":\"https:\/\/www.framapesa.ro\/uponor\/#breadcrumb\",\"itemListElement\":[{\"@type\":\"ListItem\",\"position\":1,\"name\":\"Prima pagin\u0103\",\"item\":\"https:\/\/www.framapesa.ro\/\"},{\"@type\":\"ListItem\",\"position\":2,\"name\":\"Uponor Romania\"}]},{\"@type\":\"WebSite\",\"@id\":\"https:\/\/www.framapesa.ro\/#website\",\"url\":\"https:\/\/www.framapesa.ro\/\",\"name\":\"Incalzire in pardoseala Uponor\",\"description\":\"\",\"potentialAction\":[{\"@type\":\"SearchAction\",\"target\":{\"@type\":\"EntryPoint\",\"urlTemplate\":\"https:\/\/www.framapesa.ro\/?s={search_term_string}\"},\"query-input\":{\"@type\":\"PropertyValueSpecification\",\"valueRequired\":true,\"valueName\":\"search_term_string\"}}],\"inLanguage\":\"ro-RO\"}]}<\/script>\n<!-- \/ Yoast SEO plugin. -->","yoast_head_json":{"title":"Uponor Romania - Incalzire in pardoseala Uponor","description":"Uponor Romania - 0740.523.754 Produse si servicii premium. Sisteme de alimentare cu apa, incalzire si racire prin pereti, prin pardoseala","robots":{"index":"index","follow":"follow","max-snippet":"max-snippet:-1","max-image-preview":"max-image-preview:large","max-video-preview":"max-video-preview:-1"},"canonical":"https:\/\/www.framapesa.ro\/ro\/uponor\/","og_locale":"ro_RO","og_type":"article","og_title":"Uponor Romania - Incalzire in pardoseala Uponor","og_description":"Uponor Romania - 0740.523.754 Produse si servicii premium. Sisteme de alimentare cu apa, incalzire si racire prin pereti, prin pardoseala","og_url":"https:\/\/www.framapesa.ro\/ro\/uponor\/","og_site_name":"Incalzire in pardoseala Uponor","article_modified_time":"2023-09-14T04:52:37+00:00","og_image":[{"width":1280,"height":720,"url":"https:\/\/www.framapesa.ro\/wp-content\/uploads\/2016\/02\/maxresdefault.jpg","type":"image\/jpeg"}],"twitter_card":"summary_large_image","twitter_misc":{"Timp estimat pentru citire":"4 minute"},"schema":{"@context":"https:\/\/schema.org","@graph":[{"@type":"WebPage","@id":"https:\/\/www.framapesa.ro\/uponor\/","url":"https:\/\/www.framapesa.ro\/uponor\/","name":"Uponor Romania - Incalzire in pardoseala Uponor","isPartOf":{"@id":"https:\/\/www.framapesa.ro\/#website"},"primaryImageOfPage":{"@id":"https:\/\/www.framapesa.ro\/uponor\/#primaryimage"},"image":{"@id":"https:\/\/www.framapesa.ro\/uponor\/#primaryimage"},"thumbnailUrl":"https:\/\/www.framapesa.ro\/wp-content\/uploads\/2016\/02\/maxresdefault.jpg","datePublished":"2016-02-23T14:25:42+00:00","dateModified":"2023-09-14T04:52:37+00:00","description":"Uponor Romania - 0740.523.754 Produse si servicii premium. Sisteme de alimentare cu apa, incalzire si racire prin pereti, prin pardoseala","breadcrumb":{"@id":"https:\/\/www.framapesa.ro\/uponor\/#breadcrumb"},"inLanguage":"ro-RO","potentialAction":[{"@type":"ReadAction","target":["https:\/\/www.framapesa.ro\/uponor\/"]}]},{"@type":"ImageObject","inLanguage":"ro-RO","@id":"https:\/\/www.framapesa.ro\/uponor\/#primaryimage","url":"https:\/\/www.framapesa.ro\/wp-content\/uploads\/2016\/02\/maxresdefault.jpg","contentUrl":"https:\/\/www.framapesa.ro\/wp-content\/uploads\/2016\/02\/maxresdefault.jpg","width":1280,"height":720,"caption":"incalzire in pardoseala Uponor"},{"@type":"BreadcrumbList","@id":"https:\/\/www.framapesa.ro\/uponor\/#breadcrumb","itemListElement":[{"@type":"ListItem","position":1,"name":"Prima pagin\u0103","item":"https:\/\/www.framapesa.ro\/"},{"@type":"ListItem","position":2,"name":"Uponor Romania"}]},{"@type":"WebSite","@id":"https:\/\/www.framapesa.ro\/#website","url":"https:\/\/www.framapesa.ro\/","name":"Incalzire in pardoseala Uponor","description":"","potentialAction":[{"@type":"SearchAction","target":{"@type":"EntryPoint","urlTemplate":"https:\/\/www.framapesa.ro\/?s={search_term_string}"},"query-input":{"@type":"PropertyValueSpecification","valueRequired":true,"valueName":"search_term_string"}}],"inLanguage":"ro-RO"}]}},"_links":{"self":[{"href":"https:\/\/www.framapesa.ro\/ro\/wp-json\/wp\/v2\/pages\/1122","targetHints":{"allow":["GET"]}}],"collection":[{"href":"https:\/\/www.framapesa.ro\/ro\/wp-json\/wp\/v2\/pages"}],"about":[{"href":"https:\/\/www.framapesa.ro\/ro\/wp-json\/wp\/v2\/types\/page"}],"author":[{"embeddable":true,"href":"https:\/\/www.framapesa.ro\/ro\/wp-json\/wp\/v2\/users\/1"}],"replies":[{"embeddable":true,"href":"https:\/\/www.framapesa.ro\/ro\/wp-json\/wp\/v2\/comments?post=1122"}],"version-history":[{"count":14,"href":"https:\/\/www.framapesa.ro\/ro\/wp-json\/wp\/v2\/pages\/1122\/revisions"}],"predecessor-version":[{"id":2784,"href":"https:\/\/www.framapesa.ro\/ro\/wp-json\/wp\/v2\/pages\/1122\/revisions\/2784"}],"wp:featuredmedia":[{"embeddable":true,"href":"https:\/\/www.framapesa.ro\/ro\/wp-json\/wp\/v2\/media\/2362"}],"wp:attachment":[{"href":"https:\/\/www.framapesa.ro\/ro\/wp-json\/wp\/v2\/media?parent=1122"}],"curies":[{"name":"wp","href":"https:\/\/api.w.org\/{rel}","templated":true}]}}