{"id":2202,"date":"2023-06-14T07:34:38","date_gmt":"2023-06-14T07:34:38","guid":{"rendered":"https:\/\/www.framapesa.ro\/nou\/?page_id=2202"},"modified":"2025-04-17T05:14:42","modified_gmt":"2025-04-17T05:14:42","slug":"incalzire-in-pardoseala-uponor","status":"publish","type":"page","link":"https:\/\/www.framapesa.ro\/ro\/incalzire-in-pardoseala-uponor\/","title":{"rendered":"Incalzire in pardoseala Uponor"},"content":{"rendered":"<section class=\"wpb-content-wrapper\"><div class=\"vc_row wpb_row vc_row-fluid\"><div class=\"wpb_column vc_column_container vc_col-sm-12\"><div class=\"vc_column-inner\"><div class=\"wpb_wrapper\"><div class=\"vc_empty_space\"   style=\"height: 2em\"><span class=\"vc_empty_space_inner\"><\/span><\/div><\/div><\/div><\/div><\/div><div data-vc-full-width=\"true\" data-vc-full-width-init=\"false\" data-vc-stretch-content=\"true\" class=\"vc_row wpb_row vc_row-fluid vc_custom_1459164889343 vc_row-has-fill vc_row-no-padding\"><div class=\"wpb_column vc_column_container vc_col-sm-12\"><div class=\"vc_column-inner\"><div class=\"wpb_wrapper\">\n\t<div  class=\"wpb_single_image wpb_content_element vc_align_center\">\n\t\t\n\t\t<figure class=\"wpb_wrapper vc_figure\">\n\t\t\t<div class=\"vc_single_image-wrapper   vc_box_border_grey\"><img loading=\"lazy\" decoding=\"async\" width=\"1900\" height=\"633\" src=\"https:\/\/www.framapesa.ro\/wp-content\/uploads\/2023\/06\/flexiro-montage-fussbodenheizung-noppenplatte.jpg\" class=\"vc_single_image-img attachment-full\" alt=\"\" title=\"flexiro-montage-fussbodenheizung-noppenplatte\" srcset=\"https:\/\/www.framapesa.ro\/wp-content\/uploads\/2023\/06\/flexiro-montage-fussbodenheizung-noppenplatte.jpg 1900w, https:\/\/www.framapesa.ro\/wp-content\/uploads\/2023\/06\/flexiro-montage-fussbodenheizung-noppenplatte-300x100.jpg 300w, https:\/\/www.framapesa.ro\/wp-content\/uploads\/2023\/06\/flexiro-montage-fussbodenheizung-noppenplatte-1024x341.jpg 1024w, https:\/\/www.framapesa.ro\/wp-content\/uploads\/2023\/06\/flexiro-montage-fussbodenheizung-noppenplatte-768x256.jpg 768w, https:\/\/www.framapesa.ro\/wp-content\/uploads\/2023\/06\/flexiro-montage-fussbodenheizung-noppenplatte-1536x512.jpg 1536w, https:\/\/www.framapesa.ro\/wp-content\/uploads\/2023\/06\/flexiro-montage-fussbodenheizung-noppenplatte-600x200.jpg 600w\" sizes=\"auto, (max-width: 1900px) 100vw, 1900px\" \/><\/div>\n\t\t<\/figure>\n\t<\/div>\n<div class=\"vc_empty_space\"   style=\"height: 5.8em\"><span class=\"vc_empty_space_inner\"><\/span><\/div><div id=\"sc_title_description_1806475834\" class=\"sc_title_description sc_title_description_style_1 sc_title_description_align_center\" data-animation=\"animated fadeInUp normal\" style=\"width:100%;\"><div class=\"sc_title_description_info\"><h2 class=\"sc_title_description_title sc_item_title\">Incalzire in pardoseala Uponor<\/h2><\/div><\/div><div class=\"vc_empty_space\"   style=\"height: 1.4em\"><span class=\"vc_empty_space_inner\"><\/span><\/div><div class=\"sc_content content_wrap\" data-animation=\"animated fadeInUp normal\">\n\t<div class=\"wpb_text_column wpb_content_element\" >\n\t\t<div class=\"wpb_wrapper\">\n\t\t\t<p class=\"entry-title\" data-fontsize=\"18\" data-lineheight=\"25\">Sistemul UPONOR de <strong>incalzire <\/strong>a devenit standardul in domeniu pentru asigurarea confortului termic in locuinte, birouri si cladiri industriale.<\/p>\n<h4 data-fontsize=\"18\" data-lineheight=\"27\">UPONOR<\/h4>\n<div>Sistemele de <strong>incalzire <\/strong>moderne comercializate si instalate de noi au fost dezvoltate si perfectionate pentru prima data in Suedia de catre o companie a grupului UPONOR, respectiv WIRSBO, aceasta din urma fiind si denumirea sub care au fost comercializate de Framapesa in Romania incepand din 1995. Acest sistem, sisemul de incalzire in pardoseala UPONOR, realizeaza circulatia agentului termic prin conductele ce pot fi instalate sub orice tip de suprafata (parchet, gresie, mocheta). Rezultatul este un ambient placut, uniform distribuit, fara curenti de aer, fara praf si fara corpuri de incalzire vizibile \u2026 am putea spune chiar <strong>confortul absolut<\/strong>, o distributie a incalzirii mai uniforma decat orice alt sistem de incalzire, radiatia termica fiind orientata de jos in sus, transformand astfel pardoseala intr-o zona calda (devenind practic un corp de incalzire) asigurand un <strong>confort termic pe care nu-l intalnim la nici o alta sursa de incalzire<\/strong>. Spre deosebire de alte sisteme de incalzire, transferul de caldura in cazul<strong> sistemului UPONOR de incalzire prin pardoseala<\/strong> se face in mod direct (suprafata pardoselii incalzite vine in contact cu ocupantii incaperii).<\/div>\n<div>\n<p dir=\"ltr\">Avantaje:<\/p>\n<ul>\n<li>Confort exceptional<\/li>\n<li>Control foarte riguros al temperaturii (in fiecare incapere se monteaza cel putin un termostat eletronic)<\/li>\n<li>Economie de energie (temperatura agentului termic nu depaseste 40\u02daC)<\/li>\n<li>Libertate deplina in amplasarea mobilierului (datorita lipsei radiatoarelor)<\/li>\n<li>Spre deosebire de sistemele electrice, nu produce absolut nici o radiatie electromagnetica<\/li>\n<li>Cost cu doar 50% mai ridicat decat in cazul sistemului de incalzire cu radiatoare, diferenta putand fi amortizata in timp prin intermediul economiei de energie<\/li>\n<li>Solu\u0163ie ideal\u0103 \u00een cazul utiliz\u0103rii pompelor de c\u0103ldur\u0103 sau a centralelor termice in condensatie<\/li>\n<\/ul>\n<p><em>Am montat primul sistem de <strong>incalzire prin pardoseala<\/strong> din Romania cu sistemul UPONOR WIRSBO in 1996. Functioneaza fara probleme si in prezent.<\/em><\/p>\n<\/div>\n\n\t\t<\/div>\n\t<\/div>\n<\/div><div class=\"vc_empty_space\"   style=\"height: 5.75em\"><span class=\"vc_empty_space_inner\"><\/span><\/div><\/div><\/div><\/div><\/div><div class=\"vc_row-full-width vc_clearfix\"><\/div><div class=\"vc_row wpb_row vc_row-fluid\"><div class=\"wpb_column vc_column_container vc_col-sm-12\"><div class=\"vc_column-inner\"><div class=\"wpb_wrapper\"><div class=\"vc_empty_space\"   style=\"height: 2.75em\"><span class=\"vc_empty_space_inner\"><\/span><\/div><\/div><\/div><\/div><\/div><div data-vc-full-width=\"true\" data-vc-full-width-init=\"false\" class=\"vc_row wpb_row vc_row-fluid vc_custom_1459236263210 vc_row-has-fill\"><div class=\"wpb_column vc_column_container vc_col-sm-12\"><div class=\"vc_column-inner\"><div class=\"wpb_wrapper\"><div class=\"vc_empty_space\"   style=\"height: 2.8em\"><span class=\"vc_empty_space_inner\"><\/span><\/div><\/div><\/div><\/div><\/div><div class=\"vc_row-full-width vc_clearfix\"><\/div><div class=\"vc_row wpb_row vc_row-fluid\"><div class=\"wpb_column vc_column_container vc_col-sm-12\"><div class=\"vc_column-inner\"><div class=\"wpb_wrapper\"><div class=\"vc_empty_space\"   style=\"height: 1.6em\"><span class=\"vc_empty_space_inner\"><\/span><\/div><div class=\"vc_empty_space\"   style=\"height: 2.8em\"><span class=\"vc_empty_space_inner\"><\/span><\/div><\/div><\/div><\/div><\/div><div data-vc-full-width=\"true\" data-vc-full-width-init=\"false\" data-vc-stretch-content=\"true\" class=\"vc_row wpb_row vc_row-fluid vc_row-no-padding\"><div class=\"wpb_column vc_column_container vc_col-sm-12\"><div class=\"vc_column-inner\"><div class=\"wpb_wrapper\"><div id=\"sc_googlemap_1900634260\" class=\"sc_googlemap\" style=\"width:100%;height:370px;\" data-zoom=\"16\" data-style=\"greyscale\"><iframe src=\"https:\/\/maps.google.com\/maps?t=m&output=embed&iwloc=near&z=16&q=Str.+Parcului+83E%2C+Sector+1%2C+Bucuresti@44.476479,26.056144\" scrolling=\"no\" marginheight=\"0\" marginwidth=\"0\" frameborder=\"0\"\n                    aria-label=\"Framapesa Uponor\"><\/iframe><\/div><\/div><\/div><\/div><\/div><div class=\"vc_row-full-width vc_clearfix\"><\/div>\n<\/section>","protected":false},"excerpt":{"rendered":"Incalzire in pardoseala Uponor Sistemul UPONOR de incalzire a devenit standardul in domeniu pentru asigurarea confortului termic in locuinte, birouri si cladiri industriale. UPONOR Sistemele de incalzire moderne comercializate si instalate de noi au fost dezvoltate si perfectionate pentru prima data in Suedia de catre o companie a grupului UPONOR, respectiv WIRSBO, aceasta din urma [...]","protected":false},"author":1,"featured_media":2749,"parent":0,"menu_order":0,"comment_status":"closed","ping_status":"closed","template":"","meta":{"footnotes":"","_links_to":"","_links_to_target":""},"class_list":["post-2202","page","type-page","status-publish","has-post-thumbnail","hentry"],"yoast_head":"<!-- This site is optimized with the Yoast SEO plugin v26.9 - https:\/\/yoast.com\/product\/yoast-seo-wordpress\/ -->\n<title>Incalzire in pardoseala Uponor - Incalzire in pardoseala Uponor<\/title>\n<meta name=\"description\" content=\"Incalzire in pardoseala Uponor. Framapesa Romania importator Uponor impune inovatia pe piata sistemelor de incalzire si racire prin pereti.\" \/>\n<meta name=\"robots\" content=\"index, follow, max-snippet:-1, max-image-preview:large, max-video-preview:-1\" \/>\n<link rel=\"canonical\" href=\"https:\/\/www.framapesa.ro\/ro\/incalzire-in-pardoseala-uponor\/\" \/>\n<meta property=\"og:locale\" content=\"ro_RO\" \/>\n<meta property=\"og:type\" content=\"article\" \/>\n<meta property=\"og:title\" content=\"Incalzire in pardoseala Uponor - Incalzire in pardoseala Uponor\" \/>\n<meta property=\"og:description\" content=\"Incalzire in pardoseala Uponor. Framapesa Romania importator Uponor impune inovatia pe piata sistemelor de incalzire si racire prin pereti.\" \/>\n<meta property=\"og:url\" content=\"https:\/\/www.framapesa.ro\/ro\/incalzire-in-pardoseala-uponor\/\" \/>\n<meta property=\"og:site_name\" content=\"Incalzire in pardoseala Uponor\" \/>\n<meta property=\"article:modified_time\" content=\"2025-04-17T05:14:42+00:00\" \/>\n<meta property=\"og:image\" content=\"https:\/\/www.framapesa.ro\/wp-content\/uploads\/2023\/07\/klett3.jpg\" \/>\n\t<meta property=\"og:image:width\" content=\"675\" \/>\n\t<meta property=\"og:image:height\" content=\"295\" \/>\n\t<meta property=\"og:image:type\" content=\"image\/jpeg\" \/>\n<meta name=\"twitter:card\" content=\"summary_large_image\" \/>\n<meta name=\"twitter:label1\" content=\"Timp estimat pentru citire\" \/>\n\t<meta name=\"twitter:data1\" content=\"3 minute\" \/>\n<script type=\"application\/ld+json\" class=\"yoast-schema-graph\">{\"@context\":\"https:\/\/schema.org\",\"@graph\":[{\"@type\":\"WebPage\",\"@id\":\"https:\/\/www.framapesa.ro\/incalzire-in-pardoseala-uponor\/\",\"url\":\"https:\/\/www.framapesa.ro\/incalzire-in-pardoseala-uponor\/\",\"name\":\"Incalzire in pardoseala Uponor - Incalzire in pardoseala Uponor\",\"isPartOf\":{\"@id\":\"https:\/\/www.framapesa.ro\/#website\"},\"primaryImageOfPage\":{\"@id\":\"https:\/\/www.framapesa.ro\/incalzire-in-pardoseala-uponor\/#primaryimage\"},\"image\":{\"@id\":\"https:\/\/www.framapesa.ro\/incalzire-in-pardoseala-uponor\/#primaryimage\"},\"thumbnailUrl\":\"https:\/\/www.framapesa.ro\/wp-content\/uploads\/2023\/07\/klett3.jpg\",\"datePublished\":\"2023-06-14T07:34:38+00:00\",\"dateModified\":\"2025-04-17T05:14:42+00:00\",\"description\":\"Incalzire in pardoseala Uponor. Framapesa Romania importator Uponor impune inovatia pe piata sistemelor de incalzire si racire prin pereti.\",\"breadcrumb\":{\"@id\":\"https:\/\/www.framapesa.ro\/incalzire-in-pardoseala-uponor\/#breadcrumb\"},\"inLanguage\":\"ro-RO\",\"potentialAction\":[{\"@type\":\"ReadAction\",\"target\":[\"https:\/\/www.framapesa.ro\/incalzire-in-pardoseala-uponor\/\"]}]},{\"@type\":\"ImageObject\",\"inLanguage\":\"ro-RO\",\"@id\":\"https:\/\/www.framapesa.ro\/incalzire-in-pardoseala-uponor\/#primaryimage\",\"url\":\"https:\/\/www.framapesa.ro\/wp-content\/uploads\/2023\/07\/klett3.jpg\",\"contentUrl\":\"https:\/\/www.framapesa.ro\/wp-content\/uploads\/2023\/07\/klett3.jpg\",\"width\":675,\"height\":295,\"caption\":\"Incalzire in pardoseala Uponor\"},{\"@type\":\"BreadcrumbList\",\"@id\":\"https:\/\/www.framapesa.ro\/incalzire-in-pardoseala-uponor\/#breadcrumb\",\"itemListElement\":[{\"@type\":\"ListItem\",\"position\":1,\"name\":\"Prima pagin\u0103\",\"item\":\"https:\/\/www.framapesa.ro\/\"},{\"@type\":\"ListItem\",\"position\":2,\"name\":\"Incalzire in pardoseala Uponor\"}]},{\"@type\":\"WebSite\",\"@id\":\"https:\/\/www.framapesa.ro\/#website\",\"url\":\"https:\/\/www.framapesa.ro\/\",\"name\":\"Incalzire in pardoseala Uponor\",\"description\":\"\",\"potentialAction\":[{\"@type\":\"SearchAction\",\"target\":{\"@type\":\"EntryPoint\",\"urlTemplate\":\"https:\/\/www.framapesa.ro\/?s={search_term_string}\"},\"query-input\":{\"@type\":\"PropertyValueSpecification\",\"valueRequired\":true,\"valueName\":\"search_term_string\"}}],\"inLanguage\":\"ro-RO\"}]}<\/script>\n<!-- \/ Yoast SEO plugin. -->","yoast_head_json":{"title":"Incalzire in pardoseala Uponor - Incalzire in pardoseala Uponor","description":"Incalzire in pardoseala Uponor. Framapesa Romania importator Uponor impune inovatia pe piata sistemelor de incalzire si racire prin pereti.","robots":{"index":"index","follow":"follow","max-snippet":"max-snippet:-1","max-image-preview":"max-image-preview:large","max-video-preview":"max-video-preview:-1"},"canonical":"https:\/\/www.framapesa.ro\/ro\/incalzire-in-pardoseala-uponor\/","og_locale":"ro_RO","og_type":"article","og_title":"Incalzire in pardoseala Uponor - Incalzire in pardoseala Uponor","og_description":"Incalzire in pardoseala Uponor. Framapesa Romania importator Uponor impune inovatia pe piata sistemelor de incalzire si racire prin pereti.","og_url":"https:\/\/www.framapesa.ro\/ro\/incalzire-in-pardoseala-uponor\/","og_site_name":"Incalzire in pardoseala Uponor","article_modified_time":"2025-04-17T05:14:42+00:00","og_image":[{"width":675,"height":295,"url":"https:\/\/www.framapesa.ro\/wp-content\/uploads\/2023\/07\/klett3.jpg","type":"image\/jpeg"}],"twitter_card":"summary_large_image","twitter_misc":{"Timp estimat pentru citire":"3 minute"},"schema":{"@context":"https:\/\/schema.org","@graph":[{"@type":"WebPage","@id":"https:\/\/www.framapesa.ro\/incalzire-in-pardoseala-uponor\/","url":"https:\/\/www.framapesa.ro\/incalzire-in-pardoseala-uponor\/","name":"Incalzire in pardoseala Uponor - Incalzire in pardoseala Uponor","isPartOf":{"@id":"https:\/\/www.framapesa.ro\/#website"},"primaryImageOfPage":{"@id":"https:\/\/www.framapesa.ro\/incalzire-in-pardoseala-uponor\/#primaryimage"},"image":{"@id":"https:\/\/www.framapesa.ro\/incalzire-in-pardoseala-uponor\/#primaryimage"},"thumbnailUrl":"https:\/\/www.framapesa.ro\/wp-content\/uploads\/2023\/07\/klett3.jpg","datePublished":"2023-06-14T07:34:38+00:00","dateModified":"2025-04-17T05:14:42+00:00","description":"Incalzire in pardoseala Uponor. Framapesa Romania importator Uponor impune inovatia pe piata sistemelor de incalzire si racire prin pereti.","breadcrumb":{"@id":"https:\/\/www.framapesa.ro\/incalzire-in-pardoseala-uponor\/#breadcrumb"},"inLanguage":"ro-RO","potentialAction":[{"@type":"ReadAction","target":["https:\/\/www.framapesa.ro\/incalzire-in-pardoseala-uponor\/"]}]},{"@type":"ImageObject","inLanguage":"ro-RO","@id":"https:\/\/www.framapesa.ro\/incalzire-in-pardoseala-uponor\/#primaryimage","url":"https:\/\/www.framapesa.ro\/wp-content\/uploads\/2023\/07\/klett3.jpg","contentUrl":"https:\/\/www.framapesa.ro\/wp-content\/uploads\/2023\/07\/klett3.jpg","width":675,"height":295,"caption":"Incalzire in pardoseala Uponor"},{"@type":"BreadcrumbList","@id":"https:\/\/www.framapesa.ro\/incalzire-in-pardoseala-uponor\/#breadcrumb","itemListElement":[{"@type":"ListItem","position":1,"name":"Prima pagin\u0103","item":"https:\/\/www.framapesa.ro\/"},{"@type":"ListItem","position":2,"name":"Incalzire in pardoseala Uponor"}]},{"@type":"WebSite","@id":"https:\/\/www.framapesa.ro\/#website","url":"https:\/\/www.framapesa.ro\/","name":"Incalzire in pardoseala Uponor","description":"","potentialAction":[{"@type":"SearchAction","target":{"@type":"EntryPoint","urlTemplate":"https:\/\/www.framapesa.ro\/?s={search_term_string}"},"query-input":{"@type":"PropertyValueSpecification","valueRequired":true,"valueName":"search_term_string"}}],"inLanguage":"ro-RO"}]}},"_links":{"self":[{"href":"https:\/\/www.framapesa.ro\/ro\/wp-json\/wp\/v2\/pages\/2202","targetHints":{"allow":["GET"]}}],"collection":[{"href":"https:\/\/www.framapesa.ro\/ro\/wp-json\/wp\/v2\/pages"}],"about":[{"href":"https:\/\/www.framapesa.ro\/ro\/wp-json\/wp\/v2\/types\/page"}],"author":[{"embeddable":true,"href":"https:\/\/www.framapesa.ro\/ro\/wp-json\/wp\/v2\/users\/1"}],"replies":[{"embeddable":true,"href":"https:\/\/www.framapesa.ro\/ro\/wp-json\/wp\/v2\/comments?post=2202"}],"version-history":[{"count":13,"href":"https:\/\/www.framapesa.ro\/ro\/wp-json\/wp\/v2\/pages\/2202\/revisions"}],"predecessor-version":[{"id":2748,"href":"https:\/\/www.framapesa.ro\/ro\/wp-json\/wp\/v2\/pages\/2202\/revisions\/2748"}],"wp:featuredmedia":[{"embeddable":true,"href":"https:\/\/www.framapesa.ro\/ro\/wp-json\/wp\/v2\/media\/2749"}],"wp:attachment":[{"href":"https:\/\/www.framapesa.ro\/ro\/wp-json\/wp\/v2\/media?parent=2202"}],"curies":[{"name":"wp","href":"https:\/\/api.w.org\/{rel}","templated":true}]}}