{"id":2211,"date":"2023-06-14T07:42:15","date_gmt":"2023-06-14T07:42:15","guid":{"rendered":"https:\/\/www.framapesa.ro\/nou\/?page_id=2211"},"modified":"2023-09-08T07:19:58","modified_gmt":"2023-09-08T07:19:58","slug":"incalzire-si-racire-prin-tavane-si-pereti","status":"publish","type":"page","link":"https:\/\/www.framapesa.ro\/ro\/incalzire-si-racire-prin-tavane-si-pereti\/","title":{"rendered":"Incalzire si racire prin tavane si pereti"},"content":{"rendered":"<section class=\"wpb-content-wrapper\"><div data-vc-full-width=\"true\" data-vc-full-width-init=\"false\" data-vc-stretch-content=\"true\" class=\"vc_row wpb_row vc_row-fluid vc_custom_1459164889343 vc_row-has-fill vc_row-no-padding\"><div class=\"wpb_column vc_column_container vc_col-sm-12\"><div class=\"vc_column-inner\"><div class=\"wpb_wrapper\">\n\t<div  class=\"wpb_single_image wpb_content_element vc_align_center\">\n\t\t\n\t\t<figure class=\"wpb_wrapper vc_figure\">\n\t\t\t<div class=\"vc_single_image-wrapper   vc_box_border_grey\"><img loading=\"lazy\" decoding=\"async\" width=\"892\" height=\"356\" src=\"https:\/\/www.framapesa.ro\/wp-content\/uploads\/2023\/06\/Uponor-minitec.jpg\" class=\"vc_single_image-img attachment-full\" alt=\"\" title=\"Uponor minitec\" srcset=\"https:\/\/www.framapesa.ro\/wp-content\/uploads\/2023\/06\/Uponor-minitec.jpg 892w, https:\/\/www.framapesa.ro\/wp-content\/uploads\/2023\/06\/Uponor-minitec-300x120.jpg 300w, https:\/\/www.framapesa.ro\/wp-content\/uploads\/2023\/06\/Uponor-minitec-768x307.jpg 768w, https:\/\/www.framapesa.ro\/wp-content\/uploads\/2023\/06\/Uponor-minitec-600x239.jpg 600w\" sizes=\"auto, (max-width: 892px) 100vw, 892px\" \/><\/div>\n\t\t<\/figure>\n\t<\/div>\n<div class=\"vc_empty_space\"   style=\"height: 5.8em\"><span class=\"vc_empty_space_inner\"><\/span><\/div><div id=\"sc_title_description_1376679113\" class=\"sc_title_description sc_title_description_style_1 sc_title_description_align_center\" data-animation=\"animated fadeInUp normal\" style=\"width:100%;\"><div class=\"sc_title_description_info\"><h2 class=\"sc_title_description_title sc_item_title\">Incalzire si racire prin tavane si pereti<\/h2><\/div><\/div><div class=\"vc_empty_space\"   style=\"height: 1.4em\"><span class=\"vc_empty_space_inner\"><\/span><\/div><div class=\"sc_content content_wrap\" data-animation=\"animated fadeInUp normal\">\n\t<div class=\"wpb_text_column wpb_content_element\" >\n\t\t<div class=\"wpb_wrapper\">\n\t\t\t<div class=\"post-content\">\n<div>\n<p>Incalzire si racire prin tavane si pereti <strong>UPONOR MINITEC <\/strong>este un sistem nou destinat a oferi atat incalzire cat si racire.<\/p>\n<p dir=\"ltr\">Elementul de baza al sistemului consta intr-o retea de tuburi capilare care este prefabricat pentru a fi conectat la conductele de tur si retur.<\/p>\n<p dir=\"ltr\">Cu o inaltime a profilului de numai 12 mm, <strong>UPONOR MINITEC<\/strong> reprezinta de asemenea sistemul ideal pentru instalarea in cladiri existente.<\/p>\n<p dir=\"ltr\">Multifunctionalitatea <strong>UPONOR MINITEC<\/strong> este de asemenea pusa in evidenta de multitudinea de feluri in care poate fi instalat, indiferent daca este vorba de tavane, pereti sau acoperisuri inclinate, acoperite cu tencuiala.<\/p>\n<p dir=\"ltr\"><strong><a href=\"http:\/\/www.framapesa.ro\/ro\/\">UPONOR<\/a> MINITEC<\/strong> nu impune nici un fel de limitari in privinta creativitatii arhitectilor.<\/p>\n<p>\u00cenc\u0103lzirile si racirile prin plafon se g\u0103sesc \u00een principal \u00een birouri \u0219i magazine sau, de asemenea, \u00een cl\u0103diri industriale \u0219i s\u0103li de sport. Ele sunt adesea folosite ca supliment la alte solu\u021bii de \u00eenc\u0103lzire \u0219i r\u0103cire a panourilor radiante. Sistemul conven\u021bional de \u00eenc\u0103lzire a tavanului este instalat direct pe tavan sau suspendat \u00een tavan. . \u00cen cazul birourilor sau spatiilor comerciale, activarea elementelor termice este un mod economic \u0219i durabil de a \u00eenc\u0103lzi \u0219i r\u0103ci cl\u0103dirile \u00eentr-un mod eficient din punct de vedere energetic.<\/p>\n<p>Utiliza\u021bi structura cl\u0103dirii pentru controlul temperaturii prin \u00eenc\u0103lzirea prin tavan sau r\u0103cirea tavanului<\/p>\n<p>Activarea componentelor utilizeaz\u0103 masa termic\u0103 a betonului din structura cl\u0103dirii. Sunt instalate tevi care transporta apa \u00eenc\u0103lzita \/ r\u0103cita. \u00cen acest fel, plafoanele aduc o contribu\u021bie major\u0103 la r\u0103cirea sau \u00eenc\u0103lzirea de baz\u0103 a cl\u0103dirii. Sistemele de tevi integrate pe suprafe\u021bele \u00eenc\u0103perii utilizeaz\u0103 miezul de beton din masa cl\u0103dirii pentru a schimba energia termic\u0103.<\/p>\n<p>Avantaje:<\/p>\n<ul>\n<li>Cea mai mica adancime de pozare: doar 15 mm cu glet si doar 25 mm cu tencuiala<\/li>\n<li>Renovari (hoteluri, spitale, etc)<\/li>\n<li>Finisare cu tapet sau prin vopsire<\/li>\n<li>Montare rapida<\/li>\n<li>Viteze foarte mici ale aerului<\/li>\n<li>Registre verificate la proba de presiune, racordare din fabrica intre distribuitor si teava capilara<\/li>\n<li>Se poate utiliza o temperatur\u0103 a turului cu 6-8\u02daC mai joas\u0103 decat \u00een cazul sistemelor obi\u015fnuite<\/li>\n<li>O solu\u0163ie ideal\u0103 \u00een cazul utiliz\u0103rii pompelor de c\u0103ldur\u0103<\/li>\n<\/ul>\n<\/div>\n<\/div>\n\n\t\t<\/div>\n\t<\/div>\n<\/div><\/div><\/div><\/div><\/div><div class=\"vc_row-full-width vc_clearfix\"><\/div><div class=\"vc_row wpb_row vc_row-fluid\"><div class=\"wpb_column vc_column_container vc_col-sm-12\"><div class=\"vc_column-inner\"><div class=\"wpb_wrapper\"><div class=\"vc_empty_space\"   style=\"height: 2.8em\"><span class=\"vc_empty_space_inner\"><\/span><\/div><\/div><\/div><\/div><\/div><div data-vc-full-width=\"true\" data-vc-full-width-init=\"false\" data-vc-stretch-content=\"true\" class=\"vc_row wpb_row vc_row-fluid vc_row-no-padding\"><div class=\"wpb_column vc_column_container vc_col-sm-12\"><div class=\"vc_column-inner\"><div class=\"wpb_wrapper\"><div id=\"sc_googlemap_1443937186\" class=\"sc_googlemap\" style=\"width:100%;height:370px;\" data-zoom=\"16\" data-style=\"greyscale\"><iframe src=\"https:\/\/maps.google.com\/maps?t=m&output=embed&iwloc=near&z=16&q=Str.+Parcului+83E%2C+Sector+1%2C+Bucuresti@44.476479,26.056144\" scrolling=\"no\" marginheight=\"0\" marginwidth=\"0\" frameborder=\"0\"\n                    aria-label=\"Framapesa Uponor\"><\/iframe><\/div><\/div><\/div><\/div><\/div><div class=\"vc_row-full-width vc_clearfix\"><\/div>\n<\/section>","protected":false},"excerpt":{"rendered":"Incalzire si racire prin tavane si pereti Incalzire si racire prin tavane si pereti UPONOR MINITEC este un sistem nou destinat a oferi atat incalzire cat si racire. Elementul de baza al sistemului consta intr-o retea de tuburi capilare care este prefabricat pentru a fi conectat la conductele de tur si retur. Cu o inaltime [...]","protected":false},"author":1,"featured_media":2767,"parent":0,"menu_order":0,"comment_status":"closed","ping_status":"closed","template":"","meta":{"footnotes":"","_links_to":"","_links_to_target":""},"class_list":["post-2211","page","type-page","status-publish","has-post-thumbnail","hentry"],"yoast_head":"<!-- This site is optimized with the Yoast SEO plugin v26.9 - https:\/\/yoast.com\/product\/yoast-seo-wordpress\/ -->\n<title>Incalzire si racire prin tavane si pereti - Incalzire in pardoseala Uponor<\/title>\n<meta name=\"description\" content=\"Incalzire si racire prin tavane si pereti. Incalzire in pardoseala Uponor. Alimentare cu apa Uponor. Sisteme de incalzire si racire Uponor\" \/>\n<meta name=\"robots\" content=\"index, follow, max-snippet:-1, max-image-preview:large, max-video-preview:-1\" \/>\n<link rel=\"canonical\" href=\"https:\/\/www.framapesa.ro\/ro\/incalzire-si-racire-prin-tavane-si-pereti\/\" \/>\n<meta property=\"og:locale\" content=\"ro_RO\" \/>\n<meta property=\"og:type\" content=\"article\" \/>\n<meta property=\"og:title\" content=\"Incalzire si racire prin tavane si pereti - Incalzire in pardoseala Uponor\" \/>\n<meta property=\"og:description\" content=\"Incalzire si racire prin tavane si pereti. Incalzire in pardoseala Uponor. Alimentare cu apa Uponor. Sisteme de incalzire si racire Uponor\" \/>\n<meta property=\"og:url\" content=\"https:\/\/www.framapesa.ro\/ro\/incalzire-si-racire-prin-tavane-si-pereti\/\" \/>\n<meta property=\"og:site_name\" content=\"Incalzire in pardoseala Uponor\" \/>\n<meta property=\"article:modified_time\" content=\"2023-09-08T07:19:58+00:00\" \/>\n<meta property=\"og:image\" content=\"https:\/\/www.framapesa.ro\/wp-content\/uploads\/2023\/09\/Incalzire-si-racire-prin-tavane-si-pereti.png\" \/>\n\t<meta property=\"og:image:width\" content=\"590\" \/>\n\t<meta property=\"og:image:height\" content=\"535\" \/>\n\t<meta property=\"og:image:type\" content=\"image\/png\" \/>\n<meta name=\"twitter:card\" content=\"summary_large_image\" \/>\n<meta name=\"twitter:label1\" content=\"Timp estimat pentru citire\" \/>\n\t<meta name=\"twitter:data1\" content=\"3 minute\" \/>\n<script type=\"application\/ld+json\" class=\"yoast-schema-graph\">{\"@context\":\"https:\/\/schema.org\",\"@graph\":[{\"@type\":\"WebPage\",\"@id\":\"https:\/\/www.framapesa.ro\/incalzire-si-racire-prin-tavane-si-pereti\/\",\"url\":\"https:\/\/www.framapesa.ro\/incalzire-si-racire-prin-tavane-si-pereti\/\",\"name\":\"Incalzire si racire prin tavane si pereti - Incalzire in pardoseala Uponor\",\"isPartOf\":{\"@id\":\"https:\/\/www.framapesa.ro\/#website\"},\"primaryImageOfPage\":{\"@id\":\"https:\/\/www.framapesa.ro\/incalzire-si-racire-prin-tavane-si-pereti\/#primaryimage\"},\"image\":{\"@id\":\"https:\/\/www.framapesa.ro\/incalzire-si-racire-prin-tavane-si-pereti\/#primaryimage\"},\"thumbnailUrl\":\"https:\/\/www.framapesa.ro\/wp-content\/uploads\/2023\/09\/Incalzire-si-racire-prin-tavane-si-pereti.png\",\"datePublished\":\"2023-06-14T07:42:15+00:00\",\"dateModified\":\"2023-09-08T07:19:58+00:00\",\"description\":\"Incalzire si racire prin tavane si pereti. Incalzire in pardoseala Uponor. Alimentare cu apa Uponor. Sisteme de incalzire si racire Uponor\",\"breadcrumb\":{\"@id\":\"https:\/\/www.framapesa.ro\/incalzire-si-racire-prin-tavane-si-pereti\/#breadcrumb\"},\"inLanguage\":\"ro-RO\",\"potentialAction\":[{\"@type\":\"ReadAction\",\"target\":[\"https:\/\/www.framapesa.ro\/incalzire-si-racire-prin-tavane-si-pereti\/\"]}]},{\"@type\":\"ImageObject\",\"inLanguage\":\"ro-RO\",\"@id\":\"https:\/\/www.framapesa.ro\/incalzire-si-racire-prin-tavane-si-pereti\/#primaryimage\",\"url\":\"https:\/\/www.framapesa.ro\/wp-content\/uploads\/2023\/09\/Incalzire-si-racire-prin-tavane-si-pereti.png\",\"contentUrl\":\"https:\/\/www.framapesa.ro\/wp-content\/uploads\/2023\/09\/Incalzire-si-racire-prin-tavane-si-pereti.png\",\"width\":590,\"height\":535,\"caption\":\"Incalzire si racire prin tavane si pereti\"},{\"@type\":\"BreadcrumbList\",\"@id\":\"https:\/\/www.framapesa.ro\/incalzire-si-racire-prin-tavane-si-pereti\/#breadcrumb\",\"itemListElement\":[{\"@type\":\"ListItem\",\"position\":1,\"name\":\"Prima pagin\u0103\",\"item\":\"https:\/\/www.framapesa.ro\/\"},{\"@type\":\"ListItem\",\"position\":2,\"name\":\"Incalzire si racire prin tavane si pereti\"}]},{\"@type\":\"WebSite\",\"@id\":\"https:\/\/www.framapesa.ro\/#website\",\"url\":\"https:\/\/www.framapesa.ro\/\",\"name\":\"Incalzire in pardoseala Uponor\",\"description\":\"\",\"potentialAction\":[{\"@type\":\"SearchAction\",\"target\":{\"@type\":\"EntryPoint\",\"urlTemplate\":\"https:\/\/www.framapesa.ro\/?s={search_term_string}\"},\"query-input\":{\"@type\":\"PropertyValueSpecification\",\"valueRequired\":true,\"valueName\":\"search_term_string\"}}],\"inLanguage\":\"ro-RO\"}]}<\/script>\n<!-- \/ Yoast SEO plugin. -->","yoast_head_json":{"title":"Incalzire si racire prin tavane si pereti - Incalzire in pardoseala Uponor","description":"Incalzire si racire prin tavane si pereti. Incalzire in pardoseala Uponor. Alimentare cu apa Uponor. Sisteme de incalzire si racire Uponor","robots":{"index":"index","follow":"follow","max-snippet":"max-snippet:-1","max-image-preview":"max-image-preview:large","max-video-preview":"max-video-preview:-1"},"canonical":"https:\/\/www.framapesa.ro\/ro\/incalzire-si-racire-prin-tavane-si-pereti\/","og_locale":"ro_RO","og_type":"article","og_title":"Incalzire si racire prin tavane si pereti - Incalzire in pardoseala Uponor","og_description":"Incalzire si racire prin tavane si pereti. Incalzire in pardoseala Uponor. Alimentare cu apa Uponor. Sisteme de incalzire si racire Uponor","og_url":"https:\/\/www.framapesa.ro\/ro\/incalzire-si-racire-prin-tavane-si-pereti\/","og_site_name":"Incalzire in pardoseala Uponor","article_modified_time":"2023-09-08T07:19:58+00:00","og_image":[{"width":590,"height":535,"url":"https:\/\/www.framapesa.ro\/wp-content\/uploads\/2023\/09\/Incalzire-si-racire-prin-tavane-si-pereti.png","type":"image\/png"}],"twitter_card":"summary_large_image","twitter_misc":{"Timp estimat pentru citire":"3 minute"},"schema":{"@context":"https:\/\/schema.org","@graph":[{"@type":"WebPage","@id":"https:\/\/www.framapesa.ro\/incalzire-si-racire-prin-tavane-si-pereti\/","url":"https:\/\/www.framapesa.ro\/incalzire-si-racire-prin-tavane-si-pereti\/","name":"Incalzire si racire prin tavane si pereti - Incalzire in pardoseala Uponor","isPartOf":{"@id":"https:\/\/www.framapesa.ro\/#website"},"primaryImageOfPage":{"@id":"https:\/\/www.framapesa.ro\/incalzire-si-racire-prin-tavane-si-pereti\/#primaryimage"},"image":{"@id":"https:\/\/www.framapesa.ro\/incalzire-si-racire-prin-tavane-si-pereti\/#primaryimage"},"thumbnailUrl":"https:\/\/www.framapesa.ro\/wp-content\/uploads\/2023\/09\/Incalzire-si-racire-prin-tavane-si-pereti.png","datePublished":"2023-06-14T07:42:15+00:00","dateModified":"2023-09-08T07:19:58+00:00","description":"Incalzire si racire prin tavane si pereti. Incalzire in pardoseala Uponor. Alimentare cu apa Uponor. Sisteme de incalzire si racire Uponor","breadcrumb":{"@id":"https:\/\/www.framapesa.ro\/incalzire-si-racire-prin-tavane-si-pereti\/#breadcrumb"},"inLanguage":"ro-RO","potentialAction":[{"@type":"ReadAction","target":["https:\/\/www.framapesa.ro\/incalzire-si-racire-prin-tavane-si-pereti\/"]}]},{"@type":"ImageObject","inLanguage":"ro-RO","@id":"https:\/\/www.framapesa.ro\/incalzire-si-racire-prin-tavane-si-pereti\/#primaryimage","url":"https:\/\/www.framapesa.ro\/wp-content\/uploads\/2023\/09\/Incalzire-si-racire-prin-tavane-si-pereti.png","contentUrl":"https:\/\/www.framapesa.ro\/wp-content\/uploads\/2023\/09\/Incalzire-si-racire-prin-tavane-si-pereti.png","width":590,"height":535,"caption":"Incalzire si racire prin tavane si pereti"},{"@type":"BreadcrumbList","@id":"https:\/\/www.framapesa.ro\/incalzire-si-racire-prin-tavane-si-pereti\/#breadcrumb","itemListElement":[{"@type":"ListItem","position":1,"name":"Prima pagin\u0103","item":"https:\/\/www.framapesa.ro\/"},{"@type":"ListItem","position":2,"name":"Incalzire si racire prin tavane si pereti"}]},{"@type":"WebSite","@id":"https:\/\/www.framapesa.ro\/#website","url":"https:\/\/www.framapesa.ro\/","name":"Incalzire in pardoseala Uponor","description":"","potentialAction":[{"@type":"SearchAction","target":{"@type":"EntryPoint","urlTemplate":"https:\/\/www.framapesa.ro\/?s={search_term_string}"},"query-input":{"@type":"PropertyValueSpecification","valueRequired":true,"valueName":"search_term_string"}}],"inLanguage":"ro-RO"}]}},"_links":{"self":[{"href":"https:\/\/www.framapesa.ro\/ro\/wp-json\/wp\/v2\/pages\/2211","targetHints":{"allow":["GET"]}}],"collection":[{"href":"https:\/\/www.framapesa.ro\/ro\/wp-json\/wp\/v2\/pages"}],"about":[{"href":"https:\/\/www.framapesa.ro\/ro\/wp-json\/wp\/v2\/types\/page"}],"author":[{"embeddable":true,"href":"https:\/\/www.framapesa.ro\/ro\/wp-json\/wp\/v2\/users\/1"}],"replies":[{"embeddable":true,"href":"https:\/\/www.framapesa.ro\/ro\/wp-json\/wp\/v2\/comments?post=2211"}],"version-history":[{"count":10,"href":"https:\/\/www.framapesa.ro\/ro\/wp-json\/wp\/v2\/pages\/2211\/revisions"}],"predecessor-version":[{"id":2766,"href":"https:\/\/www.framapesa.ro\/ro\/wp-json\/wp\/v2\/pages\/2211\/revisions\/2766"}],"wp:featuredmedia":[{"embeddable":true,"href":"https:\/\/www.framapesa.ro\/ro\/wp-json\/wp\/v2\/media\/2767"}],"wp:attachment":[{"href":"https:\/\/www.framapesa.ro\/ro\/wp-json\/wp\/v2\/media?parent=2211"}],"curies":[{"name":"wp","href":"https:\/\/api.w.org\/{rel}","templated":true}]}}