{"id":2235,"date":"2023-06-14T08:13:05","date_gmt":"2023-06-14T08:13:05","guid":{"rendered":"https:\/\/www.framapesa.ro\/nou\/?page_id=2235"},"modified":"2023-09-08T07:27:38","modified_gmt":"2023-09-08T07:27:38","slug":"sisteme-exterioare-de-incalzire-si-racire-uponor-meltaway","status":"publish","type":"page","link":"https:\/\/www.framapesa.ro\/ro\/sisteme-exterioare-de-incalzire-si-racire-uponor-meltaway\/","title":{"rendered":"Sisteme exterioare de incalzire si racire Uponor Meltaway"},"content":{"rendered":"<section class=\"wpb-content-wrapper\"><div class=\"vc_row wpb_row vc_row-fluid\"><div class=\"wpb_column vc_column_container vc_col-sm-12\"><div class=\"vc_column-inner\"><div class=\"wpb_wrapper\"><div class=\"vc_empty_space\"   style=\"height: 2em\"><span class=\"vc_empty_space_inner\"><\/span><\/div><\/div><\/div><\/div><\/div><div data-vc-full-width=\"true\" data-vc-full-width-init=\"false\" data-vc-stretch-content=\"true\" class=\"vc_row wpb_row vc_row-fluid vc_custom_1459164889343 vc_row-has-fill vc_row-no-padding\"><div class=\"wpb_column vc_column_container vc_col-sm-12\"><div class=\"vc_column-inner\"><div class=\"wpb_wrapper\">\n\t<div  class=\"wpb_single_image wpb_content_element vc_align_center\">\n\t\t\n\t\t<figure class=\"wpb_wrapper vc_figure\">\n\t\t\t<div class=\"vc_single_image-wrapper   vc_box_border_grey\"><img loading=\"lazy\" decoding=\"async\" width=\"1080\" height=\"800\" src=\"https:\/\/www.framapesa.ro\/wp-content\/uploads\/2023\/06\/meltaway-orange-column-50-50-image-desktop.jpg\" class=\"vc_single_image-img attachment-full\" alt=\"\" title=\"meltaway orange column 50 50 image desktop\" srcset=\"https:\/\/www.framapesa.ro\/wp-content\/uploads\/2023\/06\/meltaway-orange-column-50-50-image-desktop.jpg 1080w, https:\/\/www.framapesa.ro\/wp-content\/uploads\/2023\/06\/meltaway-orange-column-50-50-image-desktop-300x222.jpg 300w, https:\/\/www.framapesa.ro\/wp-content\/uploads\/2023\/06\/meltaway-orange-column-50-50-image-desktop-1024x759.jpg 1024w, https:\/\/www.framapesa.ro\/wp-content\/uploads\/2023\/06\/meltaway-orange-column-50-50-image-desktop-768x569.jpg 768w, https:\/\/www.framapesa.ro\/wp-content\/uploads\/2023\/06\/meltaway-orange-column-50-50-image-desktop-600x444.jpg 600w\" sizes=\"auto, (max-width: 1080px) 100vw, 1080px\" \/><\/div>\n\t\t<\/figure>\n\t<\/div>\n<div class=\"vc_empty_space\"   style=\"height: 5.8em\"><span class=\"vc_empty_space_inner\"><\/span><\/div><div id=\"sc_title_description_1706241468\" class=\"sc_title_description sc_title_description_style_1 sc_title_description_align_center\" data-animation=\"animated fadeInUp normal\" style=\"width:100%;\"><div class=\"sc_title_description_info\"><h2 class=\"sc_title_description_title sc_item_title\">Sisteme exterioare de incalzire si racire Uponor Meltaway<\/h2><\/div><\/div><div class=\"vc_empty_space\"   style=\"height: 1.4em\"><span class=\"vc_empty_space_inner\"><\/span><\/div><div class=\"sc_content content_wrap\" data-animation=\"animated fadeInUp normal\">\n\t<div class=\"wpb_text_column wpb_content_element\" >\n\t\t<div class=\"wpb_wrapper\">\n\t\t\t<div class=\"post-content\">\n<p>Dup\u0103 10 ani de cercetare \u015fi dezvoltare, Uponor a realizat \u00een <strong>1969<\/strong> primul sistem de topire a z\u0103pezii \u00een Vaster\u00e4s (Suedia). De atunci s-au instalalat peste 100.000.000 metri de \u0163eav\u0103 \u00een cei peste 80 milioane de metri patrati de sisteme Meltaway din toat\u0103 lumea. Se utilizeaz\u0103 pe scar\u0103 larg\u0103 la \u00eenc\u0103lzirea, desz\u0103pezirea si degivrarea drumurilor, trotuarelor, parc\u0103rilor, pie\u0163elor, a stadioanelor \u015fi bazelor sportive. Sistemul <em>este utilizabil \u015fi pentru realizarea patinoarelor artificiale<\/em>.<br \/>\n\u00cen Anglia, Germania, Suedia, Italia, Statele Unite prin sistemul Meltaway se asigur\u0103 ca diferitele evenimente sportive s\u0103 poat\u0103 fi organizate indiferent de condi\u0163iile meteorologice. Este utilizabil \u015fi \u00een cazul spa\u0163iilor \u00eenchise.<\/p>\n<p>Ori de c\u00e2te ori suprafe\u021bele exterioare, cum ar fi c\u0103ile de acces rutier, drumurile de acces de urgen\u021b\u0103, spa\u021biile de parcare, zonele pietonale, podurile, intersec\u021biile, drumurile laterale sau eliporturile trebuie protejate de z\u0103pad\u0103 \u0219i ghea\u021ba periculoase pe timp de iarn\u0103, sistemul de degivrare Uponor integrat \u00een sol garanteaz\u0103 siguran\u021ba acestora. Opera\u021biile de \u00eenl\u0103turare a z\u0103pezii \u0219i opera\u021biile poluante de dezghe\u021bare cu sare, care necesit\u0103 mult timp pot fi evitate, astfel, complet. Un sistem de comand\u0103 automat se \u00eenc\u0103lze\u0219te doar atunci c\u00e2nd este nevoie; ziua \u0219i noaptea.<\/p>\n<p>Sistemul de degivrare Uponor necesit\u0103 doar o temperatur\u0103 a apei de cel pu\u021bin +35 \u00b0C pentru a func\u021biona. Acest lucru \u00eenseamn\u0103 c\u0103 se poate folosi o mare varietate de surse de c\u0103ldur\u0103, inclusiv apa de retur din re\u021beaua public\u0103 de \u00eenc\u0103lzire, c\u0103ldura rezidual\u0103 din diferite procese, pompe de c\u0103ldur\u0103 etc. C\u0103ldura din orice surs\u0103 adecvat\u0103 poate fi transferat\u0103 printr-un schimb\u0103tor de c\u0103ldur\u0103 la sistemul de degivrare Uponor. Designul simplu, de baz\u0103 este format din\u00a0<a href=\"https:\/\/www.uponor.com\/ro-ro\/catalog\" target=\"_self\" rel=\"noopener\">\u021bevi Uponor PE-Xa<\/a> cu distan\u021b\u0103 c\/c de 250 mm \u0219i distribuitoare industriale Uponor.<\/p>\n<p>Un principiu fundamental al sistemului de degivrare Uponor este c\u0103 toate buclele dintr-un anumit distribuitor trebuie s\u0103 aib\u0103 lungimi egale. C\u0103ldur\u0103 va fi distribuit\u0103 apoi uniform, f\u0103r\u0103 utilizarea supapelor cu clapet\u0103. \u021aevile de distribu\u021bie trebuie proiectate folosind \u021bevile preizolate de la Uponor pentru cl\u0103diri industriale. Aceste \u021bevi sunt prev\u0103zute cu izola\u021bie \u0219i pot fi instalate \u00een mod flexibil at\u00e2t \u00een sol, c\u00e2t \u0219i \u00een pere\u021bi. Sistemul de degivrare Uponor poate fi calibrat pentru ie\u0219iri de c\u0103ldur\u0103 de p\u00e2n\u0103 la 350 W\/m2. Ie\u0219irea necesar\u0103 depinde de loca\u021bia geografic\u0103 \u0219i de cerin\u021bele sistemului. Datorit\u0103 activit\u0103\u021bii noastre de cercetare \u0219i experien\u021bei \u00eendelungate, putem recomanda \u00eentotdeauna o ie\u0219ire optim\u0103. Ad\u00e2ncimea de instalare \u0219i distan\u021ba de la centru la centru sunt alese, de asemenea, pentru a se potrivi cu sistemul corespunz\u0103tor.<\/p>\n<h3 data-fontsize=\"18\" data-lineheight=\"27\">Pentru stadioane si baze sportive<\/h3>\n<p>Sistemul Uponor PE-X Meltaway poate fi realizat at\u00e2t pentru construc\u0163ii noi c\u00e2t \u015fi pentru reabilitari si renov\u0103ri, f\u0103r\u0103 a fi nevoie de distrugerea gazonului de iarb\u0103. Firma noastra va pune la dispozitie un pachet complet in ceea ce inseamna proiectare, montaj si garantia pentru sistemul de dezghetare a suprafetei de joc pentru stadioane. De la lansarea comenzii, timpul estimat pentru finalizarea lucrarii pentru instalarea sistemului de incalzire este de aproximativ<strong> 4 saptamani<\/strong>.<\/p>\n<p>O lista de referinte cu stadioanele ce beneficiaza de sistemul Uponor Meltaway este disponibila <a href=\"https:\/\/www.framapesa.ro\/ro\/media\/Referinte-stadioane-fotbal.pdf\/\">AICI<\/a>.<\/p>\n<h3 data-fontsize=\"18\" data-lineheight=\"27\">Pentru patinoare<\/h3>\n<p>Cu Sistemul Uponor PE-X Meltaway folosit pentru \u00eenc\u0103lzirea stadioanelor, putem produce foarte u\u015for \u015fi ghea\u0163\u0103 pentru patinoare. La sf\u00e2r\u015fitul anului 2004 \u015fi \u00eenceputul anului 2005 am reu\u015fit s\u0103 realiz\u0103m mai multe proiecte de \u201eghea\u0163\u0103\u201d cu sistemul Meltaway. Sistemul a constat din distribuitoare colectoare PE-HD \u015fi \u0163eav\u0103 PE-X 25 x 2,3 legate \u00een sistem Tichelmann. Specificul \u0163evii de 25 mm const\u0103 \u00een faptul c\u0103 poate fi comandat \u00een colaci de lungimi mari sau chiar lungimi speciale. \u00cen ofert\u0103 standard exist\u0103 de exemplu \u015fi colaci de 1020 m. Datorit\u0103 \u0163evilor din polietilen\u0103 reticulat\u0103, circuitele comport\u0103 propriet\u0103\u0163i fizice \u015fi mecanice deosebite, st\u00e2nd astfel la baza unei garan\u0163ii de 10 ani ce poate fi acordat\u0103 pentru aceste instala\u0163ii.<br \/>\nPrintre avantaje se poate men\u0163iona distribuitorulcolectorul \u015fi racordurile de tip ROSEX care asigur\u0103 o leg\u0103tur\u0103 rapid\u0103, simpl\u0103 ce nu necesit\u0103 scule pentru realizarea racord\u0103rilor.<\/p>\n<h3 data-fontsize=\"18\" data-lineheight=\"27\">Avantajele sistemului Uponor Meltaway<\/h3>\n<ul>\n<li>Caile de acces sau rampele auto \u00eenc\u0103lzite cu sistemul Meltaway, nu au nevoie de desz\u0103pezire<\/li>\n<li>Sistemul de \u00eenc\u0103lzire Meltaway cre\u015fte siguran\u0163a traficului, previne depunerea z\u0103pezii \u015fi formarea ghe\u0163ii \u00een intersec\u0163ii<\/li>\n<li>Sistemul Meltaway face posibil\u0103 practicarea sporturilor pe tot timpul anului<\/li>\n<\/ul>\n<p><em>Unui sistem bine g\u00e2ndit cum este sistemul Meltaway care a dovedit \u00een multe locuri \u00een Europa si America se adaug\u0103 serviciile de \u00eenalt\u0103 calitate pentru proiectare \u015fi dimensionare, asisten\u0163\u0103 personalizat\u0103 \u015fi oferte speciale pentru realizarea \u00een cele mai bune condi\u0163ii a proiectului respectiv.<\/em><\/p>\n<h3 data-fontsize=\"18\" data-lineheight=\"27\">Documentatii tehnice Uponor Meltaway<\/h3>\n<ul>\n<li><a href=\"http:\/\/www.scribd.com\/doc\/81696313\/Prezentare-Uponor-Meltaway\">Prezentare Uponor Meltaway<\/a><\/li>\n<li><a href=\"http:\/\/www.scribd.com\/doc\/81696308\/Manual-Uponor-Meltaway\">Manual tehnic Uponor Meltaway<\/a><\/li>\n<\/ul>\n<\/div>\n\n\t\t<\/div>\n\t<\/div>\n<\/div><div class=\"vc_empty_space\"   style=\"height: 5.75em\"><span class=\"vc_empty_space_inner\"><\/span><\/div><\/div><\/div><\/div><\/div><div class=\"vc_row-full-width vc_clearfix\"><\/div><div class=\"vc_row wpb_row vc_row-fluid\"><div class=\"wpb_column vc_column_container vc_col-sm-12\"><div class=\"vc_column-inner\"><div class=\"wpb_wrapper\">\n\t<div class=\"wpb_text_column wpb_content_element\" >\n\t\t<div class=\"wpb_wrapper\">\n\t\t\t<h3 style=\"text-align: center;\">Sisteme exterioare de incalzire si racire Uponor Meltaway<\/h3>\n\n\t\t<\/div>\n\t<\/div>\n<\/div><\/div><\/div><\/div><div data-vc-full-width=\"true\" data-vc-full-width-init=\"false\" class=\"vc_row wpb_row vc_row-fluid vc_custom_1459236263210 vc_row-has-fill\"><div class=\"wpb_column vc_column_container vc_col-sm-12\"><div class=\"vc_column-inner\"><div class=\"wpb_wrapper\"><div class=\"vc_empty_space\"   style=\"height: 2.8em\"><span class=\"vc_empty_space_inner\"><\/span><\/div><\/div><\/div><\/div><\/div><div class=\"vc_row-full-width vc_clearfix\"><\/div><div data-vc-full-width=\"true\" data-vc-full-width-init=\"false\" data-vc-stretch-content=\"true\" class=\"vc_row wpb_row vc_row-fluid vc_row-no-padding\"><div class=\"wpb_column vc_column_container vc_col-sm-12\"><div class=\"vc_column-inner\"><div class=\"wpb_wrapper\"><div id=\"sc_googlemap_289629881\" class=\"sc_googlemap\" style=\"width:100%;height:370px;\" data-zoom=\"16\" data-style=\"greyscale\"><iframe src=\"https:\/\/maps.google.com\/maps?t=m&output=embed&iwloc=near&z=16&q=Str.+Parcului+83E%2C+Sector+1%2C+Bucuresti@44.476479,26.056144\" scrolling=\"no\" marginheight=\"0\" marginwidth=\"0\" frameborder=\"0\"\n                    aria-label=\"Framapesa Uponor\"><\/iframe><\/div><\/div><\/div><\/div><\/div><div class=\"vc_row-full-width vc_clearfix\"><\/div>\n<\/section>","protected":false},"excerpt":{"rendered":"Sisteme exterioare de incalzire si racire Uponor Meltaway Dup\u0103 10 ani de cercetare \u015fi dezvoltare, Uponor a realizat \u00een 1969 primul sistem de topire a z\u0103pezii \u00een Vaster\u00e4s (Suedia). De atunci s-au instalalat peste 100.000.000 metri de \u0163eav\u0103 \u00een cei peste 80 milioane de metri patrati de sisteme Meltaway din toat\u0103 lumea. Se utilizeaz\u0103 pe [...]","protected":false},"author":1,"featured_media":2770,"parent":0,"menu_order":0,"comment_status":"closed","ping_status":"closed","template":"","meta":{"footnotes":"","_links_to":"","_links_to_target":""},"class_list":["post-2235","page","type-page","status-publish","has-post-thumbnail","hentry"],"yoast_head":"<!-- This site is optimized with the Yoast SEO plugin v26.9 - https:\/\/yoast.com\/product\/yoast-seo-wordpress\/ -->\n<title>Sisteme exterioare de incalzire si racire Uponor Meltaway - Incalzire in pardoseala Uponor<\/title>\n<meta name=\"description\" content=\"isteme exterioare de incalzire. Sisteme exterioare de incalzire si racire Uponor Meltaway. Sisteme Uponor de incalzire si racire.\" \/>\n<meta name=\"robots\" content=\"index, follow, max-snippet:-1, max-image-preview:large, max-video-preview:-1\" \/>\n<link rel=\"canonical\" href=\"https:\/\/www.framapesa.ro\/ro\/sisteme-exterioare-de-incalzire-si-racire-uponor-meltaway\/\" \/>\n<meta property=\"og:locale\" content=\"ro_RO\" \/>\n<meta property=\"og:type\" content=\"article\" \/>\n<meta property=\"og:title\" content=\"Sisteme exterioare de incalzire si racire Uponor Meltaway - Incalzire in pardoseala Uponor\" \/>\n<meta property=\"og:description\" content=\"isteme exterioare de incalzire. Sisteme exterioare de incalzire si racire Uponor Meltaway. Sisteme Uponor de incalzire si racire.\" \/>\n<meta property=\"og:url\" content=\"https:\/\/www.framapesa.ro\/ro\/sisteme-exterioare-de-incalzire-si-racire-uponor-meltaway\/\" \/>\n<meta property=\"og:site_name\" content=\"Incalzire in pardoseala Uponor\" \/>\n<meta property=\"article:modified_time\" content=\"2023-09-08T07:27:38+00:00\" \/>\n<meta property=\"og:image\" content=\"https:\/\/www.framapesa.ro\/wp-content\/uploads\/2023\/09\/uponor_sistem_degivrare_meltaway_news_cover.jpg\" \/>\n\t<meta property=\"og:image:width\" content=\"892\" \/>\n\t<meta property=\"og:image:height\" content=\"356\" \/>\n\t<meta property=\"og:image:type\" content=\"image\/jpeg\" \/>\n<meta name=\"twitter:card\" content=\"summary_large_image\" \/>\n<meta name=\"twitter:label1\" content=\"Timp estimat pentru citire\" \/>\n\t<meta name=\"twitter:data1\" content=\"5 minute\" \/>\n<script type=\"application\/ld+json\" class=\"yoast-schema-graph\">{\"@context\":\"https:\/\/schema.org\",\"@graph\":[{\"@type\":\"WebPage\",\"@id\":\"https:\/\/www.framapesa.ro\/sisteme-exterioare-de-incalzire-si-racire-uponor-meltaway\/\",\"url\":\"https:\/\/www.framapesa.ro\/sisteme-exterioare-de-incalzire-si-racire-uponor-meltaway\/\",\"name\":\"Sisteme exterioare de incalzire si racire Uponor Meltaway - Incalzire in pardoseala Uponor\",\"isPartOf\":{\"@id\":\"https:\/\/www.framapesa.ro\/#website\"},\"primaryImageOfPage\":{\"@id\":\"https:\/\/www.framapesa.ro\/sisteme-exterioare-de-incalzire-si-racire-uponor-meltaway\/#primaryimage\"},\"image\":{\"@id\":\"https:\/\/www.framapesa.ro\/sisteme-exterioare-de-incalzire-si-racire-uponor-meltaway\/#primaryimage\"},\"thumbnailUrl\":\"https:\/\/www.framapesa.ro\/wp-content\/uploads\/2023\/09\/uponor_sistem_degivrare_meltaway_news_cover.jpg\",\"datePublished\":\"2023-06-14T08:13:05+00:00\",\"dateModified\":\"2023-09-08T07:27:38+00:00\",\"description\":\"isteme exterioare de incalzire. Sisteme exterioare de incalzire si racire Uponor Meltaway. Sisteme Uponor de incalzire si racire.\",\"breadcrumb\":{\"@id\":\"https:\/\/www.framapesa.ro\/sisteme-exterioare-de-incalzire-si-racire-uponor-meltaway\/#breadcrumb\"},\"inLanguage\":\"ro-RO\",\"potentialAction\":[{\"@type\":\"ReadAction\",\"target\":[\"https:\/\/www.framapesa.ro\/sisteme-exterioare-de-incalzire-si-racire-uponor-meltaway\/\"]}]},{\"@type\":\"ImageObject\",\"inLanguage\":\"ro-RO\",\"@id\":\"https:\/\/www.framapesa.ro\/sisteme-exterioare-de-incalzire-si-racire-uponor-meltaway\/#primaryimage\",\"url\":\"https:\/\/www.framapesa.ro\/wp-content\/uploads\/2023\/09\/uponor_sistem_degivrare_meltaway_news_cover.jpg\",\"contentUrl\":\"https:\/\/www.framapesa.ro\/wp-content\/uploads\/2023\/09\/uponor_sistem_degivrare_meltaway_news_cover.jpg\",\"width\":892,\"height\":356,\"caption\":\"Sisteme exterioare de incalzire si racire Uponor Meltaway\"},{\"@type\":\"BreadcrumbList\",\"@id\":\"https:\/\/www.framapesa.ro\/sisteme-exterioare-de-incalzire-si-racire-uponor-meltaway\/#breadcrumb\",\"itemListElement\":[{\"@type\":\"ListItem\",\"position\":1,\"name\":\"Prima pagin\u0103\",\"item\":\"https:\/\/www.framapesa.ro\/\"},{\"@type\":\"ListItem\",\"position\":2,\"name\":\"Sisteme exterioare de incalzire si racire Uponor Meltaway\"}]},{\"@type\":\"WebSite\",\"@id\":\"https:\/\/www.framapesa.ro\/#website\",\"url\":\"https:\/\/www.framapesa.ro\/\",\"name\":\"Incalzire in pardoseala Uponor\",\"description\":\"\",\"potentialAction\":[{\"@type\":\"SearchAction\",\"target\":{\"@type\":\"EntryPoint\",\"urlTemplate\":\"https:\/\/www.framapesa.ro\/?s={search_term_string}\"},\"query-input\":{\"@type\":\"PropertyValueSpecification\",\"valueRequired\":true,\"valueName\":\"search_term_string\"}}],\"inLanguage\":\"ro-RO\"}]}<\/script>\n<!-- \/ Yoast SEO plugin. -->","yoast_head_json":{"title":"Sisteme exterioare de incalzire si racire Uponor Meltaway - Incalzire in pardoseala Uponor","description":"isteme exterioare de incalzire. Sisteme exterioare de incalzire si racire Uponor Meltaway. Sisteme Uponor de incalzire si racire.","robots":{"index":"index","follow":"follow","max-snippet":"max-snippet:-1","max-image-preview":"max-image-preview:large","max-video-preview":"max-video-preview:-1"},"canonical":"https:\/\/www.framapesa.ro\/ro\/sisteme-exterioare-de-incalzire-si-racire-uponor-meltaway\/","og_locale":"ro_RO","og_type":"article","og_title":"Sisteme exterioare de incalzire si racire Uponor Meltaway - Incalzire in pardoseala Uponor","og_description":"isteme exterioare de incalzire. Sisteme exterioare de incalzire si racire Uponor Meltaway. Sisteme Uponor de incalzire si racire.","og_url":"https:\/\/www.framapesa.ro\/ro\/sisteme-exterioare-de-incalzire-si-racire-uponor-meltaway\/","og_site_name":"Incalzire in pardoseala Uponor","article_modified_time":"2023-09-08T07:27:38+00:00","og_image":[{"width":892,"height":356,"url":"https:\/\/www.framapesa.ro\/wp-content\/uploads\/2023\/09\/uponor_sistem_degivrare_meltaway_news_cover.jpg","type":"image\/jpeg"}],"twitter_card":"summary_large_image","twitter_misc":{"Timp estimat pentru citire":"5 minute"},"schema":{"@context":"https:\/\/schema.org","@graph":[{"@type":"WebPage","@id":"https:\/\/www.framapesa.ro\/sisteme-exterioare-de-incalzire-si-racire-uponor-meltaway\/","url":"https:\/\/www.framapesa.ro\/sisteme-exterioare-de-incalzire-si-racire-uponor-meltaway\/","name":"Sisteme exterioare de incalzire si racire Uponor Meltaway - Incalzire in pardoseala Uponor","isPartOf":{"@id":"https:\/\/www.framapesa.ro\/#website"},"primaryImageOfPage":{"@id":"https:\/\/www.framapesa.ro\/sisteme-exterioare-de-incalzire-si-racire-uponor-meltaway\/#primaryimage"},"image":{"@id":"https:\/\/www.framapesa.ro\/sisteme-exterioare-de-incalzire-si-racire-uponor-meltaway\/#primaryimage"},"thumbnailUrl":"https:\/\/www.framapesa.ro\/wp-content\/uploads\/2023\/09\/uponor_sistem_degivrare_meltaway_news_cover.jpg","datePublished":"2023-06-14T08:13:05+00:00","dateModified":"2023-09-08T07:27:38+00:00","description":"isteme exterioare de incalzire. Sisteme exterioare de incalzire si racire Uponor Meltaway. Sisteme Uponor de incalzire si racire.","breadcrumb":{"@id":"https:\/\/www.framapesa.ro\/sisteme-exterioare-de-incalzire-si-racire-uponor-meltaway\/#breadcrumb"},"inLanguage":"ro-RO","potentialAction":[{"@type":"ReadAction","target":["https:\/\/www.framapesa.ro\/sisteme-exterioare-de-incalzire-si-racire-uponor-meltaway\/"]}]},{"@type":"ImageObject","inLanguage":"ro-RO","@id":"https:\/\/www.framapesa.ro\/sisteme-exterioare-de-incalzire-si-racire-uponor-meltaway\/#primaryimage","url":"https:\/\/www.framapesa.ro\/wp-content\/uploads\/2023\/09\/uponor_sistem_degivrare_meltaway_news_cover.jpg","contentUrl":"https:\/\/www.framapesa.ro\/wp-content\/uploads\/2023\/09\/uponor_sistem_degivrare_meltaway_news_cover.jpg","width":892,"height":356,"caption":"Sisteme exterioare de incalzire si racire Uponor Meltaway"},{"@type":"BreadcrumbList","@id":"https:\/\/www.framapesa.ro\/sisteme-exterioare-de-incalzire-si-racire-uponor-meltaway\/#breadcrumb","itemListElement":[{"@type":"ListItem","position":1,"name":"Prima pagin\u0103","item":"https:\/\/www.framapesa.ro\/"},{"@type":"ListItem","position":2,"name":"Sisteme exterioare de incalzire si racire Uponor Meltaway"}]},{"@type":"WebSite","@id":"https:\/\/www.framapesa.ro\/#website","url":"https:\/\/www.framapesa.ro\/","name":"Incalzire in pardoseala Uponor","description":"","potentialAction":[{"@type":"SearchAction","target":{"@type":"EntryPoint","urlTemplate":"https:\/\/www.framapesa.ro\/?s={search_term_string}"},"query-input":{"@type":"PropertyValueSpecification","valueRequired":true,"valueName":"search_term_string"}}],"inLanguage":"ro-RO"}]}},"_links":{"self":[{"href":"https:\/\/www.framapesa.ro\/ro\/wp-json\/wp\/v2\/pages\/2235","targetHints":{"allow":["GET"]}}],"collection":[{"href":"https:\/\/www.framapesa.ro\/ro\/wp-json\/wp\/v2\/pages"}],"about":[{"href":"https:\/\/www.framapesa.ro\/ro\/wp-json\/wp\/v2\/types\/page"}],"author":[{"embeddable":true,"href":"https:\/\/www.framapesa.ro\/ro\/wp-json\/wp\/v2\/users\/1"}],"replies":[{"embeddable":true,"href":"https:\/\/www.framapesa.ro\/ro\/wp-json\/wp\/v2\/comments?post=2235"}],"version-history":[{"count":7,"href":"https:\/\/www.framapesa.ro\/ro\/wp-json\/wp\/v2\/pages\/2235\/revisions"}],"predecessor-version":[{"id":2771,"href":"https:\/\/www.framapesa.ro\/ro\/wp-json\/wp\/v2\/pages\/2235\/revisions\/2771"}],"wp:featuredmedia":[{"embeddable":true,"href":"https:\/\/www.framapesa.ro\/ro\/wp-json\/wp\/v2\/media\/2770"}],"wp:attachment":[{"href":"https:\/\/www.framapesa.ro\/ro\/wp-json\/wp\/v2\/media?parent=2235"}],"curies":[{"name":"wp","href":"https:\/\/api.w.org\/{rel}","templated":true}]}}