{"id":2843,"date":"2025-04-10T07:12:19","date_gmt":"2025-04-10T07:12:19","guid":{"rendered":"https:\/\/www.framapesa.ro\/?page_id=2843"},"modified":"2025-04-10T08:02:11","modified_gmt":"2025-04-10T08:02:11","slug":"uponor-siccus-16-sistem-uscat-de-incalzire-in-pardoseala","status":"publish","type":"page","link":"https:\/\/www.framapesa.ro\/ro\/uponor-siccus-16-sistem-uscat-de-incalzire-in-pardoseala\/","title":{"rendered":"UPONOR Siccus 16 &#8211; Sistem uscat de incalzire in pardoseala"},"content":{"rendered":"<h3>Revolu\u021biona\u021bi proiectele dvs. de renovare cu Uponor Siccus 16, cel mai modern sistem uscat de \u00eenc\u0103lzire prin pardoseal\u0103<\/h3>\n<p>Datorit\u0103 construc\u021biei inovatoare \u0219i ultraplate, Uponor Siccus 16 poate fi instalat rapid \u0219i eficient, f\u0103r\u0103 sap\u0103. Peste acesta se pot monta direct parchet, parchet laminat, gresie sau piatr\u0103 natural\u0103. Panourile u\u0219oare ale sistemului dispun de distribu\u021bie integrat\u0103 a c\u0103ldurii din aluminiu, asigur\u00e2nd o \u00eenc\u0103lzire uniform\u0103 \u0219i un timp de r\u0103spuns rapid. Indiferent dac\u0103 sunte\u021bi proprietar, proiectant sau instalator, Uponor Siccus 16 ofer\u0103 performan\u021be de neegalat cu compatibilitate pentru montaj direct pentru parchet laminat, parchet lemn, gresie \u0219i altele. Conceput pentru un stil de via\u021b\u0103 eficient din punct de vedere energetic, Uponor Siccus 16 sus\u021bine orientarea spre sustenabilitate din domeniul construc\u021biilor, reduc\u00e2nd \u00een acela\u0219i timp costurile \u0219i timpul de instalare. Fie c\u0103 renova\u021bi case unifamiliale sau multifamiliale, aceast\u0103 solu\u021bie versatil\u0103 asigur\u0103 confort, comoditate \u0219i costuri reduse pentru to\u021bi cei implica\u021bi. Spune\u021bi adio timpilor lungi de uscare \u0219i proceselor complicate; acum, Uponor Siccus 16 este viitorul \u00eenc\u0103lzirii \u00een pardoseal\u0103<\/p>\n<p><a href=\"https:\/\/www.framapesa.ro\/wp-content\/uploads\/2025\/04\/Sistem-uscat.png\"><img loading=\"lazy\" decoding=\"async\" class=\"aligncenter wp-image-2842 size-full\" src=\"https:\/\/www.framapesa.ro\/wp-content\/uploads\/2025\/04\/Sistem-uscat.png\" alt=\"\" width=\"1024\" height=\"555\" srcset=\"https:\/\/www.framapesa.ro\/wp-content\/uploads\/2025\/04\/Sistem-uscat.png 1024w, https:\/\/www.framapesa.ro\/wp-content\/uploads\/2025\/04\/Sistem-uscat-300x163.png 300w, https:\/\/www.framapesa.ro\/wp-content\/uploads\/2025\/04\/Sistem-uscat-768x416.png 768w, https:\/\/www.framapesa.ro\/wp-content\/uploads\/2025\/04\/Sistem-uscat-18x10.png 18w, https:\/\/www.framapesa.ro\/wp-content\/uploads\/2025\/04\/Sistem-uscat-600x325.png 600w\" sizes=\"auto, (max-width: 1024px) 100vw, 1024px\" \/><\/a>Uponor Siccus 16 este un sistem uscat de \u00eenc\u0103lzire \u0219i r\u0103cire prin pardoseal\u0103, potrivit pentru modernizarea cl\u0103dirilor reziden\u021biale. Sistemul ofer\u0103 o construc\u021bie de pardoseal\u0103 de \u00een\u0103l\u021bime redus\u0103, oferind \u00eenc\u0103lzire complet\u0103 prin pardoseal\u0103 cu un num\u0103r minim de componente \u0219i poate fi utilizat cu diferite tipuri de finisaje.<\/p>\n<p>Dou\u0103 componente sofisticate: Uponor Siccus 16 este o combina\u021bie de panou de \u00eenc\u0103lzire \u0219i r\u0103cire prin pardoseal\u0103 de \u00een\u0103l\u021bime redus\u0103 cu suprafa\u021b\u0103 conductoare de c\u0103ldur\u0103 \u0219i una dintre \u021bevile de \u00eenc\u0103lzire prin pardoseal\u0103 Uponor de 16 mm, precum \u021beava Uponor Comfort Pipe PLUS, Uponor Comfort Pipe, Uponor Smart UFH sau Uponor MLCP RED. Acest sistem permite pardoseli directe f\u0103r\u0103 \u0219ap\u0103 pentru parchet, parchet laminat, gresie \u0219i pardoseli moi, cum ar fi covoare \u0219i linoleum.<\/p>\n<p>Flexibil de utilizat \u0219i u\u0219or de t\u0103iat: Panoul de instalare 16 Siccus este echipat cu canale de ghidare a \u021bevilor \u00eencorporate care \u021bin \u00een siguran\u021b\u0103 \u021bevile Uponor UFH de 16 mm. Acest panou este extrem de versatil \u0219i este prev\u0103zut cu canale speciale pentru a permite orice trecere necesar\u0103 a \u021bevii. Acest proces este cunoscut sub numele de instalare prin \u00eembinare cap la cap. Aceast\u0103 metod\u0103 de instalare permite panourilor s\u0103 se adapteze f\u0103r\u0103 efort la diferite construc\u021bii de pardoseal\u0103. Dac\u0103 sunt necesare canale suplimentare pentru crearea unor forme de bucle specifice, acestea pot fi t\u0103iate cu u\u0219urin\u021b\u0103 folosind un instrument de t\u0103iere PS electric. \u00cen plus, panoul Siccus 16 include trei canale suplimentare pe o parte pentru a facilita bucle suplimentare pentru \u021bevile de alimentare.<br \/>\nA\u0219eza\u021bi direct pe o podea plan\u0103: Pentru parchet laminat flotant, parchet sau covor \u0219i linoleum peste \u0219ap\u0103 uscat\u0103, a\u0219eza\u021bi panoul de instalare direct pe pardoseala nivelat\u0103, ad\u0103ug\u00e2nd izola\u021bie suplimentar\u0103 dac\u0103 este necesar. Asigura\u021bi-v\u0103 c\u0103 plan\u0219eul respect\u0103 toleran\u021bele dimensionale specificate \u00een EN 18202, Tabelul 3. Apoi, instala\u021bi \u021bevile de \u00eenc\u0103lzire Uponor cu o distan\u021b\u0103 de 150 mm. Pentru gresie sau pardoseli din piatr\u0103 natural\u0103 lipi\u021bi panourile Siccus 16 pe plan\u0219eu, urm\u00e2nd specifica\u021biile tehnice ale furnizorului de adezivi. \u00cen plus, lipi\u021bi suportul de margine \u00een jurul perimetrului camerelor \u0219i al usilor<\/p>\n<video class=\"sc_video\" src=\"https:\/\/www.framapesa.ro\/wp-content\/uploads\/2025\/04\/AQNHNc3vcQX0f-mM0Dn_7VkeijQkzVBIUfg8mYoK0hnmN0uO6I1Dl7f-6lAFnY19xpTtOLXUrMJ7v9sJ_ydpc5Yh.mp4\" width=\"100%\" height=\"\" data-width=\"100%\" data-height=\"\" data-ratio=\"16:9\" data-align=\"center\" style=\"width:100%;\" controls=\"controls\" loop=\"loop\"><\/video>\n<p>&nbsp;<\/p>","protected":false},"excerpt":{"rendered":"<p>Revolu\u021biona\u021bi proiectele dvs. de renovare cu Uponor Siccus 16, cel mai modern sistem uscat de \u00eenc\u0103lzire prin pardoseal\u0103 Datorit\u0103 construc\u021biei inovatoare \u0219i ultraplate, Uponor Siccus 16 poate fi instalat rapid \u0219i eficient, f\u0103r\u0103 sap\u0103. Peste acesta se pot monta direct parchet, parchet laminat, gresie sau piatr\u0103 natural\u0103. Panourile u\u0219oare ale sistemului dispun de distribu\u021bie integrat\u0103 [&hellip;]<\/p>\n","protected":false},"author":1,"featured_media":0,"parent":0,"menu_order":0,"comment_status":"closed","ping_status":"closed","template":"","meta":{"footnotes":"","_links_to":"","_links_to_target":""},"class_list":["post-2843","page","type-page","status-publish","hentry"],"yoast_head":"<!-- This site is optimized with the Yoast SEO plugin v26.9 - https:\/\/yoast.com\/product\/yoast-seo-wordpress\/ -->\n<title>UPONOR Siccus 16 - Sistem uscat de incalzire in pardoseala - Incalzire in pardoseala Uponor<\/title>\n<meta name=\"robots\" content=\"index, follow, max-snippet:-1, max-image-preview:large, max-video-preview:-1\" \/>\n<link rel=\"canonical\" href=\"https:\/\/www.framapesa.ro\/ro\/uponor-siccus-16-sistem-uscat-de-incalzire-in-pardoseala\/\" \/>\n<meta property=\"og:locale\" content=\"ro_RO\" \/>\n<meta property=\"og:type\" content=\"article\" \/>\n<meta property=\"og:title\" content=\"UPONOR Siccus 16 - Sistem uscat de incalzire in pardoseala - Incalzire in pardoseala Uponor\" \/>\n<meta property=\"og:description\" content=\"Revolu\u021biona\u021bi proiectele dvs. de renovare cu Uponor Siccus 16, cel mai modern sistem uscat de \u00eenc\u0103lzire prin pardoseal\u0103 Datorit\u0103 construc\u021biei inovatoare \u0219i ultraplate, Uponor Siccus 16 poate fi instalat rapid \u0219i eficient, f\u0103r\u0103 sap\u0103. Peste acesta se pot monta direct parchet, parchet laminat, gresie sau piatr\u0103 natural\u0103. Panourile u\u0219oare ale sistemului dispun de distribu\u021bie integrat\u0103 [&hellip;]\" \/>\n<meta property=\"og:url\" content=\"https:\/\/www.framapesa.ro\/ro\/uponor-siccus-16-sistem-uscat-de-incalzire-in-pardoseala\/\" \/>\n<meta property=\"og:site_name\" content=\"Incalzire in pardoseala Uponor\" \/>\n<meta property=\"article:modified_time\" content=\"2025-04-10T08:02:11+00:00\" \/>\n<meta property=\"og:image\" content=\"https:\/\/www.framapesa.ro\/wp-content\/uploads\/2025\/04\/Sistem-uscat.png\" \/>\n\t<meta property=\"og:image:width\" content=\"1024\" \/>\n\t<meta property=\"og:image:height\" content=\"555\" \/>\n\t<meta property=\"og:image:type\" content=\"image\/png\" \/>\n<meta name=\"twitter:card\" content=\"summary_large_image\" \/>\n<meta name=\"twitter:label1\" content=\"Timp estimat pentru citire\" \/>\n\t<meta name=\"twitter:data1\" content=\"3 minute\" \/>\n<script type=\"application\/ld+json\" class=\"yoast-schema-graph\">{\"@context\":\"https:\/\/schema.org\",\"@graph\":[{\"@type\":\"WebPage\",\"@id\":\"https:\/\/www.framapesa.ro\/uponor-siccus-16-sistem-uscat-de-incalzire-in-pardoseala\/\",\"url\":\"https:\/\/www.framapesa.ro\/uponor-siccus-16-sistem-uscat-de-incalzire-in-pardoseala\/\",\"name\":\"UPONOR Siccus 16 - Sistem uscat de incalzire in pardoseala - Incalzire in pardoseala Uponor\",\"isPartOf\":{\"@id\":\"https:\/\/www.framapesa.ro\/#website\"},\"primaryImageOfPage\":{\"@id\":\"https:\/\/www.framapesa.ro\/uponor-siccus-16-sistem-uscat-de-incalzire-in-pardoseala\/#primaryimage\"},\"image\":{\"@id\":\"https:\/\/www.framapesa.ro\/uponor-siccus-16-sistem-uscat-de-incalzire-in-pardoseala\/#primaryimage\"},\"thumbnailUrl\":\"https:\/\/www.framapesa.ro\/wp-content\/uploads\/2025\/04\/Sistem-uscat.png\",\"datePublished\":\"2025-04-10T07:12:19+00:00\",\"dateModified\":\"2025-04-10T08:02:11+00:00\",\"breadcrumb\":{\"@id\":\"https:\/\/www.framapesa.ro\/uponor-siccus-16-sistem-uscat-de-incalzire-in-pardoseala\/#breadcrumb\"},\"inLanguage\":\"ro-RO\",\"potentialAction\":[{\"@type\":\"ReadAction\",\"target\":[\"https:\/\/www.framapesa.ro\/uponor-siccus-16-sistem-uscat-de-incalzire-in-pardoseala\/\"]}]},{\"@type\":\"ImageObject\",\"inLanguage\":\"ro-RO\",\"@id\":\"https:\/\/www.framapesa.ro\/uponor-siccus-16-sistem-uscat-de-incalzire-in-pardoseala\/#primaryimage\",\"url\":\"https:\/\/www.framapesa.ro\/wp-content\/uploads\/2025\/04\/Sistem-uscat.png\",\"contentUrl\":\"https:\/\/www.framapesa.ro\/wp-content\/uploads\/2025\/04\/Sistem-uscat.png\"},{\"@type\":\"BreadcrumbList\",\"@id\":\"https:\/\/www.framapesa.ro\/uponor-siccus-16-sistem-uscat-de-incalzire-in-pardoseala\/#breadcrumb\",\"itemListElement\":[{\"@type\":\"ListItem\",\"position\":1,\"name\":\"Prima pagin\u0103\",\"item\":\"https:\/\/www.framapesa.ro\/\"},{\"@type\":\"ListItem\",\"position\":2,\"name\":\"UPONOR Siccus 16 &#8211; Sistem uscat de incalzire in pardoseala\"}]},{\"@type\":\"WebSite\",\"@id\":\"https:\/\/www.framapesa.ro\/#website\",\"url\":\"https:\/\/www.framapesa.ro\/\",\"name\":\"Incalzire in pardoseala Uponor\",\"description\":\"\",\"potentialAction\":[{\"@type\":\"SearchAction\",\"target\":{\"@type\":\"EntryPoint\",\"urlTemplate\":\"https:\/\/www.framapesa.ro\/?s={search_term_string}\"},\"query-input\":{\"@type\":\"PropertyValueSpecification\",\"valueRequired\":true,\"valueName\":\"search_term_string\"}}],\"inLanguage\":\"ro-RO\"}]}<\/script>\n<!-- \/ Yoast SEO plugin. -->","yoast_head_json":{"title":"UPONOR Siccus 16 - Sistem uscat de incalzire in pardoseala - Incalzire in pardoseala Uponor","robots":{"index":"index","follow":"follow","max-snippet":"max-snippet:-1","max-image-preview":"max-image-preview:large","max-video-preview":"max-video-preview:-1"},"canonical":"https:\/\/www.framapesa.ro\/ro\/uponor-siccus-16-sistem-uscat-de-incalzire-in-pardoseala\/","og_locale":"ro_RO","og_type":"article","og_title":"UPONOR Siccus 16 - Sistem uscat de incalzire in pardoseala - Incalzire in pardoseala Uponor","og_description":"Revolu\u021biona\u021bi proiectele dvs. de renovare cu Uponor Siccus 16, cel mai modern sistem uscat de \u00eenc\u0103lzire prin pardoseal\u0103 Datorit\u0103 construc\u021biei inovatoare \u0219i ultraplate, Uponor Siccus 16 poate fi instalat rapid \u0219i eficient, f\u0103r\u0103 sap\u0103. Peste acesta se pot monta direct parchet, parchet laminat, gresie sau piatr\u0103 natural\u0103. Panourile u\u0219oare ale sistemului dispun de distribu\u021bie integrat\u0103 [&hellip;]","og_url":"https:\/\/www.framapesa.ro\/ro\/uponor-siccus-16-sistem-uscat-de-incalzire-in-pardoseala\/","og_site_name":"Incalzire in pardoseala Uponor","article_modified_time":"2025-04-10T08:02:11+00:00","og_image":[{"width":1024,"height":555,"url":"https:\/\/www.framapesa.ro\/wp-content\/uploads\/2025\/04\/Sistem-uscat.png","type":"image\/png"}],"twitter_card":"summary_large_image","twitter_misc":{"Timp estimat pentru citire":"3 minute"},"schema":{"@context":"https:\/\/schema.org","@graph":[{"@type":"WebPage","@id":"https:\/\/www.framapesa.ro\/uponor-siccus-16-sistem-uscat-de-incalzire-in-pardoseala\/","url":"https:\/\/www.framapesa.ro\/uponor-siccus-16-sistem-uscat-de-incalzire-in-pardoseala\/","name":"UPONOR Siccus 16 - Sistem uscat de incalzire in pardoseala - Incalzire in pardoseala Uponor","isPartOf":{"@id":"https:\/\/www.framapesa.ro\/#website"},"primaryImageOfPage":{"@id":"https:\/\/www.framapesa.ro\/uponor-siccus-16-sistem-uscat-de-incalzire-in-pardoseala\/#primaryimage"},"image":{"@id":"https:\/\/www.framapesa.ro\/uponor-siccus-16-sistem-uscat-de-incalzire-in-pardoseala\/#primaryimage"},"thumbnailUrl":"https:\/\/www.framapesa.ro\/wp-content\/uploads\/2025\/04\/Sistem-uscat.png","datePublished":"2025-04-10T07:12:19+00:00","dateModified":"2025-04-10T08:02:11+00:00","breadcrumb":{"@id":"https:\/\/www.framapesa.ro\/uponor-siccus-16-sistem-uscat-de-incalzire-in-pardoseala\/#breadcrumb"},"inLanguage":"ro-RO","potentialAction":[{"@type":"ReadAction","target":["https:\/\/www.framapesa.ro\/uponor-siccus-16-sistem-uscat-de-incalzire-in-pardoseala\/"]}]},{"@type":"ImageObject","inLanguage":"ro-RO","@id":"https:\/\/www.framapesa.ro\/uponor-siccus-16-sistem-uscat-de-incalzire-in-pardoseala\/#primaryimage","url":"https:\/\/www.framapesa.ro\/wp-content\/uploads\/2025\/04\/Sistem-uscat.png","contentUrl":"https:\/\/www.framapesa.ro\/wp-content\/uploads\/2025\/04\/Sistem-uscat.png"},{"@type":"BreadcrumbList","@id":"https:\/\/www.framapesa.ro\/uponor-siccus-16-sistem-uscat-de-incalzire-in-pardoseala\/#breadcrumb","itemListElement":[{"@type":"ListItem","position":1,"name":"Prima pagin\u0103","item":"https:\/\/www.framapesa.ro\/"},{"@type":"ListItem","position":2,"name":"UPONOR Siccus 16 &#8211; Sistem uscat de incalzire in pardoseala"}]},{"@type":"WebSite","@id":"https:\/\/www.framapesa.ro\/#website","url":"https:\/\/www.framapesa.ro\/","name":"Incalzire in pardoseala Uponor","description":"","potentialAction":[{"@type":"SearchAction","target":{"@type":"EntryPoint","urlTemplate":"https:\/\/www.framapesa.ro\/?s={search_term_string}"},"query-input":{"@type":"PropertyValueSpecification","valueRequired":true,"valueName":"search_term_string"}}],"inLanguage":"ro-RO"}]}},"_links":{"self":[{"href":"https:\/\/www.framapesa.ro\/ro\/wp-json\/wp\/v2\/pages\/2843","targetHints":{"allow":["GET"]}}],"collection":[{"href":"https:\/\/www.framapesa.ro\/ro\/wp-json\/wp\/v2\/pages"}],"about":[{"href":"https:\/\/www.framapesa.ro\/ro\/wp-json\/wp\/v2\/types\/page"}],"author":[{"embeddable":true,"href":"https:\/\/www.framapesa.ro\/ro\/wp-json\/wp\/v2\/users\/1"}],"replies":[{"embeddable":true,"href":"https:\/\/www.framapesa.ro\/ro\/wp-json\/wp\/v2\/comments?post=2843"}],"version-history":[{"count":5,"href":"https:\/\/www.framapesa.ro\/ro\/wp-json\/wp\/v2\/pages\/2843\/revisions"}],"predecessor-version":[{"id":2855,"href":"https:\/\/www.framapesa.ro\/ro\/wp-json\/wp\/v2\/pages\/2843\/revisions\/2855"}],"wp:attachment":[{"href":"https:\/\/www.framapesa.ro\/ro\/wp-json\/wp\/v2\/media?parent=2843"}],"curies":[{"name":"wp","href":"https:\/\/api.w.org\/{rel}","templated":true}]}}