{"id":2173,"date":"2023-06-13T10:02:21","date_gmt":"2023-06-13T10:02:21","guid":{"rendered":"https:\/\/www.framapesa.ro\/nou\/?post_type=product&#038;p=2173"},"modified":"2023-06-16T07:34:32","modified_gmt":"2023-06-16T07:34:32","slug":"uponor-mlc-multistrat-bara-s","status":"publish","type":"product","link":"https:\/\/www.framapesa.ro\/ro\/produs\/uponor-mlc-multistrat-bara-s\/","title":{"rendered":"Uponor MLC multistrat bara S"},"content":{"rendered":"<div class=\"StyledCol-sc-1p7ryf jmQMSC StyledAboutItem-sc-15yd96b rPNqD\">\n<div class=\"StyledAboutText-sc-1k6szcg krdfTj\">\n<div class=\"StyledRichText-sc-1dnstbl bmohoz\">\n<h3 class=\"StyledName-sc-i79icp StyledProductName-sc-9lf4g2 jHHDOi\">Uponor MLC teava multistrat bar\u0103 S 40&#215;4,0 5m<\/h3>\n<h3 class=\"StyledName-sc-i79icp StyledProductName-sc-9lf4g2 jHHDOi\">Uponor MLC teava multistrat bar\u0103 S 50&#215;4,5 5m<\/h3>\n<h3 class=\"StyledName-sc-i79icp StyledProductName-sc-9lf4g2 jHHDOi\">Uponor MLC teava multistrat bar\u0103 S 63&#215;6,0 5m<\/h3>\n<h3 class=\"StyledName-sc-i79icp StyledProductName-sc-9lf4g2 jHHDOi\">Uponor MLC teava multistrat bar\u0103 S 75&#215;7,5 5m<\/h3>\n<h3 class=\"StyledName-sc-i79icp StyledProductName-sc-9lf4g2 jHHDOi\">Uponor MLC teava multistrat bar\u0103 S 90&#215;8,5 5m<\/h3>\n<h3 class=\"StyledName-sc-i79icp StyledProductName-sc-9lf4g2 jHHDOi\">Uponor MLC teava multistrat bar\u0103 S 110&#215;10,0 5m<\/h3>\n<p>Ap\u0103 rece\/cald\u0103: temperatura maxim\u0103 de utilizare continu\u0103 \u00eentre 0\u00b0C &#8211; 70\u00b0C cu o presiune maxim\u0103 continu\u0103 de 10 bar. Temperatur\u0103 maxim\u0103 pe perioad\u0103 limitat\u0103 95\u00b0C (standardizat la max. 100 ore pe toat\u0103 durata de via\u021b\u0103 a \u021bevii).<\/p>\n<p>\u00cenc\u0103lzire: temperatura maxim\u0103 de utilizare continu\u0103 p\u00e2n\u0103 la 80\u00b0C o presiune maxim\u0103 continu\u0103 de 10 bar. Temperatur\u0103 maxim\u0103 pe perioad\u0103 limitat\u0103: 100\u00b0C (standardizat la max. 100 ore pe toat\u0103 durata de via\u021b\u0103 a \u021bevii).<\/p>\n<\/div>\n<\/div>\n<\/div>","protected":false},"excerpt":{"rendered":"<p>Teava multistrat Uponor caracteristici generale:<\/p>\n<p>Realizata din PE-RT\/AL\/PE-RT<br \/>\nClasa de presiune : 4-5\/10 bar<br \/>\nTemperatura maxima: 95\u00b0C<br \/>\nFolosita pentru instalatii de incalzire<br \/>\nFolosita pentru instalatii de alimentari cu apa<br \/>\nCompatibila cu fitingurile prin sertizare Uponor<\/p>\n<p>Sisteme pentru alimentari cu apa si incalzire cu radiatoare Uponor Sistem Uponor Multistrat &#8211; alimentari cu apa si incalzire cu radiatoare Uni Pipe PLUS &#8211; Prima teava multistrat fara sudura din lume. Uni Pipe PLUS este prima teava multistrat compozit din lume fara sudura. Aceasta are un strat inovator aluminiu extrudat. Acest lucru previne patrunderea oxigenului si compenseaza fortele restaurarea si extinderea liniar cauzate de schimbarile de temperatura. Raza de indoire a tevii Uni Pipe PLUS este cu pana la 40% mai mica comparativ cu tevile multistrat curente. Astfel, se reduce atat timpul de montaj cat si numarul de fitinguri folosite. Uni Pipe PLUS combina avantajele tevilor de metal si plastic. Beneficii: Nivel ridicat de siguranta; Economie de materiale si reducerea costurilor; Compatibil cu toate fitingurile de la Uponor; Flexibilitate sporita cu pana la 40% si raza mica de indoire.<\/p>","protected":false},"featured_media":2160,"comment_status":"open","ping_status":"closed","template":"","meta":{"_links_to":"","_links_to_target":""},"product_brand":[],"product_cat":[68,69],"product_tag":[],"class_list":{"0":"post-2173","1":"product","2":"type-product","3":"status-publish","4":"has-post-thumbnail","6":"product_cat-sisteme-flexibile-de-alimentare","7":"product_cat-uponor-aqua-pipe","9":"first","10":"instock","11":"shipping-taxable","12":"product-type-simple"},"yoast_head":"<!-- This site is optimized with the Yoast SEO plugin v26.9 - https:\/\/yoast.com\/product\/yoast-seo-wordpress\/ -->\n<title>Uponor MLC multistrat bara S - Incalzire in pardoseala Uponor<\/title>\n<meta name=\"robots\" content=\"index, follow, max-snippet:-1, max-image-preview:large, max-video-preview:-1\" \/>\n<link rel=\"canonical\" href=\"https:\/\/www.framapesa.ro\/ro\/produs\/uponor-mlc-multistrat-bara-s\/\" \/>\n<meta property=\"og:locale\" content=\"ro_RO\" \/>\n<meta property=\"og:type\" content=\"article\" \/>\n<meta property=\"og:title\" content=\"Uponor MLC multistrat bara S - Incalzire in pardoseala Uponor\" \/>\n<meta property=\"og:description\" content=\"Teava multistrat Uponor caracteristici generale:  Realizata din PE-RT\/AL\/PE-RT Clasa de presiune : 4-5\/10 bar Temperatura maxima: 95\u00b0C Folosita pentru instalatii de incalzire Folosita pentru instalatii de alimentari cu apa Compatibila cu fitingurile prin sertizare Uponor  Sisteme pentru alimentari cu apa si incalzire cu radiatoare Uponor Sistem Uponor Multistrat - alimentari cu apa si incalzire cu radiatoare Uni Pipe PLUS - Prima teava multistrat fara sudura din lume. Uni Pipe PLUS este prima teava multistrat compozit din lume fara sudura. Aceasta are un strat inovator aluminiu extrudat. Acest lucru previne patrunderea oxigenului si compenseaza fortele restaurarea si extinderea liniar cauzate de schimbarile de temperatura. Raza de indoire a tevii Uni Pipe PLUS este cu pana la 40% mai mica comparativ cu tevile multistrat curente. Astfel, se reduce atat timpul de montaj cat si numarul de fitinguri folosite. Uni Pipe PLUS combina avantajele tevilor de metal si plastic. Beneficii: Nivel ridicat de siguranta; Economie de materiale si reducerea costurilor; Compatibil cu toate fitingurile de la Uponor; Flexibilitate sporita cu pana la 40% si raza mica de indoire.\" \/>\n<meta property=\"og:url\" content=\"https:\/\/www.framapesa.ro\/ro\/produs\/uponor-mlc-multistrat-bara-s\/\" \/>\n<meta property=\"og:site_name\" content=\"Incalzire in pardoseala Uponor\" \/>\n<meta property=\"article:modified_time\" content=\"2023-06-16T07:34:32+00:00\" \/>\n<meta property=\"og:image\" content=\"https:\/\/www.framapesa.ro\/wp-content\/uploads\/2023\/06\/MLC_Pipes.png\" \/>\n\t<meta property=\"og:image:width\" content=\"204\" \/>\n\t<meta property=\"og:image:height\" content=\"128\" \/>\n\t<meta property=\"og:image:type\" content=\"image\/png\" \/>\n<meta name=\"twitter:card\" content=\"summary_large_image\" \/>\n<meta name=\"twitter:label1\" content=\"Timp estimat pentru citire\" \/>\n\t<meta name=\"twitter:data1\" content=\"1 minut\" \/>\n<script type=\"application\/ld+json\" class=\"yoast-schema-graph\">{\"@context\":\"https:\/\/schema.org\",\"@graph\":[{\"@type\":\"WebPage\",\"@id\":\"https:\/\/www.framapesa.ro\/product\/uponor-mlc-multistrat-bara-s\/\",\"url\":\"https:\/\/www.framapesa.ro\/product\/uponor-mlc-multistrat-bara-s\/\",\"name\":\"Uponor MLC multistrat bara S - Incalzire in pardoseala Uponor\",\"isPartOf\":{\"@id\":\"https:\/\/www.framapesa.ro\/#website\"},\"primaryImageOfPage\":{\"@id\":\"https:\/\/www.framapesa.ro\/product\/uponor-mlc-multistrat-bara-s\/#primaryimage\"},\"image\":{\"@id\":\"https:\/\/www.framapesa.ro\/product\/uponor-mlc-multistrat-bara-s\/#primaryimage\"},\"thumbnailUrl\":\"https:\/\/www.framapesa.ro\/wp-content\/uploads\/2023\/06\/MLC_Pipes.png\",\"datePublished\":\"2023-06-13T10:02:21+00:00\",\"dateModified\":\"2023-06-16T07:34:32+00:00\",\"breadcrumb\":{\"@id\":\"https:\/\/www.framapesa.ro\/product\/uponor-mlc-multistrat-bara-s\/#breadcrumb\"},\"inLanguage\":\"ro-RO\",\"potentialAction\":[{\"@type\":\"ReadAction\",\"target\":[\"https:\/\/www.framapesa.ro\/product\/uponor-mlc-multistrat-bara-s\/\"]}]},{\"@type\":\"ImageObject\",\"inLanguage\":\"ro-RO\",\"@id\":\"https:\/\/www.framapesa.ro\/product\/uponor-mlc-multistrat-bara-s\/#primaryimage\",\"url\":\"https:\/\/www.framapesa.ro\/wp-content\/uploads\/2023\/06\/MLC_Pipes.png\",\"contentUrl\":\"https:\/\/www.framapesa.ro\/wp-content\/uploads\/2023\/06\/MLC_Pipes.png\",\"width\":204,\"height\":128,\"caption\":\"Tevi Uponor\"},{\"@type\":\"BreadcrumbList\",\"@id\":\"https:\/\/www.framapesa.ro\/product\/uponor-mlc-multistrat-bara-s\/#breadcrumb\",\"itemListElement\":[{\"@type\":\"ListItem\",\"position\":1,\"name\":\"Prima pagin\u0103\",\"item\":\"https:\/\/www.framapesa.ro\/\"},{\"@type\":\"ListItem\",\"position\":2,\"name\":\"Catalog produse\",\"item\":\"https:\/\/www.framapesa.ro\/catalog-produse\/\"},{\"@type\":\"ListItem\",\"position\":3,\"name\":\"Uponor MLC multistrat bara S\"}]},{\"@type\":\"WebSite\",\"@id\":\"https:\/\/www.framapesa.ro\/#website\",\"url\":\"https:\/\/www.framapesa.ro\/\",\"name\":\"Incalzire in pardoseala Uponor\",\"description\":\"\",\"potentialAction\":[{\"@type\":\"SearchAction\",\"target\":{\"@type\":\"EntryPoint\",\"urlTemplate\":\"https:\/\/www.framapesa.ro\/?s={search_term_string}\"},\"query-input\":{\"@type\":\"PropertyValueSpecification\",\"valueRequired\":true,\"valueName\":\"search_term_string\"}}],\"inLanguage\":\"ro-RO\"}]}<\/script>\n<!-- \/ Yoast SEO plugin. -->","yoast_head_json":{"title":"Uponor MLC multistrat bara S - Incalzire in pardoseala Uponor","robots":{"index":"index","follow":"follow","max-snippet":"max-snippet:-1","max-image-preview":"max-image-preview:large","max-video-preview":"max-video-preview:-1"},"canonical":"https:\/\/www.framapesa.ro\/ro\/produs\/uponor-mlc-multistrat-bara-s\/","og_locale":"ro_RO","og_type":"article","og_title":"Uponor MLC multistrat bara S - Incalzire in pardoseala Uponor","og_description":"Teava multistrat Uponor caracteristici generale:  Realizata din PE-RT\/AL\/PE-RT Clasa de presiune : 4-5\/10 bar Temperatura maxima: 95\u00b0C Folosita pentru instalatii de incalzire Folosita pentru instalatii de alimentari cu apa Compatibila cu fitingurile prin sertizare Uponor  Sisteme pentru alimentari cu apa si incalzire cu radiatoare Uponor Sistem Uponor Multistrat - alimentari cu apa si incalzire cu radiatoare Uni Pipe PLUS - Prima teava multistrat fara sudura din lume. Uni Pipe PLUS este prima teava multistrat compozit din lume fara sudura. Aceasta are un strat inovator aluminiu extrudat. Acest lucru previne patrunderea oxigenului si compenseaza fortele restaurarea si extinderea liniar cauzate de schimbarile de temperatura. Raza de indoire a tevii Uni Pipe PLUS este cu pana la 40% mai mica comparativ cu tevile multistrat curente. Astfel, se reduce atat timpul de montaj cat si numarul de fitinguri folosite. Uni Pipe PLUS combina avantajele tevilor de metal si plastic. Beneficii: Nivel ridicat de siguranta; Economie de materiale si reducerea costurilor; Compatibil cu toate fitingurile de la Uponor; Flexibilitate sporita cu pana la 40% si raza mica de indoire.","og_url":"https:\/\/www.framapesa.ro\/ro\/produs\/uponor-mlc-multistrat-bara-s\/","og_site_name":"Incalzire in pardoseala Uponor","article_modified_time":"2023-06-16T07:34:32+00:00","og_image":[{"width":204,"height":128,"url":"https:\/\/www.framapesa.ro\/wp-content\/uploads\/2023\/06\/MLC_Pipes.png","type":"image\/png"}],"twitter_card":"summary_large_image","twitter_misc":{"Timp estimat pentru citire":"1 minut"},"schema":{"@context":"https:\/\/schema.org","@graph":[{"@type":"WebPage","@id":"https:\/\/www.framapesa.ro\/product\/uponor-mlc-multistrat-bara-s\/","url":"https:\/\/www.framapesa.ro\/product\/uponor-mlc-multistrat-bara-s\/","name":"Uponor MLC multistrat bara S - Incalzire in pardoseala Uponor","isPartOf":{"@id":"https:\/\/www.framapesa.ro\/#website"},"primaryImageOfPage":{"@id":"https:\/\/www.framapesa.ro\/product\/uponor-mlc-multistrat-bara-s\/#primaryimage"},"image":{"@id":"https:\/\/www.framapesa.ro\/product\/uponor-mlc-multistrat-bara-s\/#primaryimage"},"thumbnailUrl":"https:\/\/www.framapesa.ro\/wp-content\/uploads\/2023\/06\/MLC_Pipes.png","datePublished":"2023-06-13T10:02:21+00:00","dateModified":"2023-06-16T07:34:32+00:00","breadcrumb":{"@id":"https:\/\/www.framapesa.ro\/product\/uponor-mlc-multistrat-bara-s\/#breadcrumb"},"inLanguage":"ro-RO","potentialAction":[{"@type":"ReadAction","target":["https:\/\/www.framapesa.ro\/product\/uponor-mlc-multistrat-bara-s\/"]}]},{"@type":"ImageObject","inLanguage":"ro-RO","@id":"https:\/\/www.framapesa.ro\/product\/uponor-mlc-multistrat-bara-s\/#primaryimage","url":"https:\/\/www.framapesa.ro\/wp-content\/uploads\/2023\/06\/MLC_Pipes.png","contentUrl":"https:\/\/www.framapesa.ro\/wp-content\/uploads\/2023\/06\/MLC_Pipes.png","width":204,"height":128,"caption":"Tevi Uponor"},{"@type":"BreadcrumbList","@id":"https:\/\/www.framapesa.ro\/product\/uponor-mlc-multistrat-bara-s\/#breadcrumb","itemListElement":[{"@type":"ListItem","position":1,"name":"Prima pagin\u0103","item":"https:\/\/www.framapesa.ro\/"},{"@type":"ListItem","position":2,"name":"Catalog produse","item":"https:\/\/www.framapesa.ro\/catalog-produse\/"},{"@type":"ListItem","position":3,"name":"Uponor MLC multistrat bara S"}]},{"@type":"WebSite","@id":"https:\/\/www.framapesa.ro\/#website","url":"https:\/\/www.framapesa.ro\/","name":"Incalzire in pardoseala Uponor","description":"","potentialAction":[{"@type":"SearchAction","target":{"@type":"EntryPoint","urlTemplate":"https:\/\/www.framapesa.ro\/?s={search_term_string}"},"query-input":{"@type":"PropertyValueSpecification","valueRequired":true,"valueName":"search_term_string"}}],"inLanguage":"ro-RO"}]}},"_links":{"self":[{"href":"https:\/\/www.framapesa.ro\/ro\/wp-json\/wp\/v2\/product\/2173","targetHints":{"allow":["GET"]}}],"collection":[{"href":"https:\/\/www.framapesa.ro\/ro\/wp-json\/wp\/v2\/product"}],"about":[{"href":"https:\/\/www.framapesa.ro\/ro\/wp-json\/wp\/v2\/types\/product"}],"replies":[{"embeddable":true,"href":"https:\/\/www.framapesa.ro\/ro\/wp-json\/wp\/v2\/comments?post=2173"}],"wp:featuredmedia":[{"embeddable":true,"href":"https:\/\/www.framapesa.ro\/ro\/wp-json\/wp\/v2\/media\/2160"}],"wp:attachment":[{"href":"https:\/\/www.framapesa.ro\/ro\/wp-json\/wp\/v2\/media?parent=2173"}],"wp:term":[{"taxonomy":"product_brand","embeddable":true,"href":"https:\/\/www.framapesa.ro\/ro\/wp-json\/wp\/v2\/product_brand?post=2173"},{"taxonomy":"product_cat","embeddable":true,"href":"https:\/\/www.framapesa.ro\/ro\/wp-json\/wp\/v2\/product_cat?post=2173"},{"taxonomy":"product_tag","embeddable":true,"href":"https:\/\/www.framapesa.ro\/ro\/wp-json\/wp\/v2\/product_tag?post=2173"}],"curies":[{"name":"wp","href":"https:\/\/api.w.org\/{rel}","templated":true}]}}