{"id":2301,"date":"2023-06-15T07:37:43","date_gmt":"2023-06-15T07:37:43","guid":{"rendered":"https:\/\/www.framapesa.ro\/nou\/?post_type=product&#038;p=2301"},"modified":"2023-07-08T04:47:03","modified_gmt":"2023-07-08T04:47:03","slug":"uponor-aqua-pipe-teava-pe-xa-natur-colac-pn10","status":"publish","type":"product","link":"https:\/\/www.framapesa.ro\/ro\/produs\/uponor-aqua-pipe-teava-pe-xa-natur-colac-pn10\/","title":{"rendered":"Uponor Aqua Pipe \u021beav\u0103 PE-Xa natur, colac PN10"},"content":{"rendered":"<ul>\n<li class=\"StyledNameContainer-sc-eine2g ilOYoa\">Uponor Aqua Pipe \u021beav\u0103 PE-Xa natur,colac PN10 16&#215;2,2 100m<\/li>\n<li>Uponor Aqua Pipe \u021beav\u0103 PE-Xa natur,colac PN10 16&#215;2,8 50m<\/li>\n<li>Uponor Aqua Pipe \u021beav\u0103 PE-Xa natur,colac PN10 16&#215;3,5 50m<\/li>\n<li>Uponor Aqua Pipe \u021beav\u0103 PE-Xa natur,colac PN10 16&#215;4,4 50mUponor Aqua Pipe \u021beav\u0103 PE-Xa natur,colac PN10 40&#215;5,5 50m &#8211; Articol disponibil la cerere, timp de livrare minim 2 s\u0103pt\u0103m\u00e2ni &#8211; Articol disponibil la cerere, timp de livrare minim 2 s\u0103pt\u0103m\u00e2ni<\/li>\n<li>Uponor Aqua Pipe \u021beav\u0103 PE-Xa natur,colac PN10 50&#215;6,9 50m &#8211; Articol disponibil la cerere, timp de livrare minim 2 s\u0103pt\u0103m\u00e2ni &#8211; Articol disponibil la cerere, timp de livrare minim 2 s\u0103pt\u0103m\u00e2ni<\/li>\n<\/ul>\n<div><\/div>\n<div><\/div>","protected":false},"excerpt":{"rendered":"<p>Uponor Aqua Pipe \u021beav\u0103 PE-Xa natur,colac PN10 16&#215;2,2 100m Uponor Aqua Pipe \u021beav\u0103 PE-Xa natur,colac PN10 16&#215;2,8 50m Uponor Aqua Pipe \u021beav\u0103 PE-Xa natur,colac PN10 16&#215;3,5 50m Uponor Aqua Pipe \u021beav\u0103 PE-Xa natur,colac PN10 16&#215;4,4 50mUponor Aqua Pipe \u021beav\u0103 PE-Xa natur,colac PN10 40&#215;5,5 50m &#8211; Articol disponibil la cerere, timp de livrare minim 2 s\u0103pt\u0103m\u00e2ni [&hellip;]<\/p>\n","protected":false},"featured_media":2302,"comment_status":"open","ping_status":"closed","template":"","meta":{"_links_to":"","_links_to_target":""},"product_brand":[],"product_cat":[68,69],"product_tag":[],"class_list":{"0":"post-2301","1":"product","2":"type-product","3":"status-publish","4":"has-post-thumbnail","6":"product_cat-sisteme-flexibile-de-alimentare","7":"product_cat-uponor-aqua-pipe","9":"first","10":"instock","11":"featured","12":"shipping-taxable","13":"product-type-simple"},"yoast_head":"<!-- This site is optimized with the Yoast SEO plugin v26.9 - https:\/\/yoast.com\/product\/yoast-seo-wordpress\/ -->\n<title>Uponor Aqua Pipe \u021beav\u0103 PE-Xa natur, colac PN10 - Incalzire in pardoseala Uponor<\/title>\n<meta name=\"robots\" content=\"index, follow, max-snippet:-1, max-image-preview:large, max-video-preview:-1\" \/>\n<link rel=\"canonical\" href=\"https:\/\/www.framapesa.ro\/ro\/produs\/uponor-aqua-pipe-teava-pe-xa-natur-colac-pn10\/\" \/>\n<meta property=\"og:locale\" content=\"ro_RO\" \/>\n<meta property=\"og:type\" content=\"article\" \/>\n<meta property=\"og:title\" content=\"Uponor Aqua Pipe \u021beav\u0103 PE-Xa natur, colac PN10 - Incalzire in pardoseala Uponor\" \/>\n<meta property=\"og:description\" content=\"Uponor Aqua Pipe \u021beav\u0103 PE-Xa natur,colac PN10 16&#215;2,2 100m Uponor Aqua Pipe \u021beav\u0103 PE-Xa natur,colac PN10 16&#215;2,8 50m Uponor Aqua Pipe \u021beav\u0103 PE-Xa natur,colac PN10 16&#215;3,5 50m Uponor Aqua Pipe \u021beav\u0103 PE-Xa natur,colac PN10 16&#215;4,4 50mUponor Aqua Pipe \u021beav\u0103 PE-Xa natur,colac PN10 40&#215;5,5 50m &#8211; Articol disponibil la cerere, timp de livrare minim 2 s\u0103pt\u0103m\u00e2ni [&hellip;]\" \/>\n<meta property=\"og:url\" content=\"https:\/\/www.framapesa.ro\/ro\/produs\/uponor-aqua-pipe-teava-pe-xa-natur-colac-pn10\/\" \/>\n<meta property=\"og:site_name\" content=\"Incalzire in pardoseala Uponor\" \/>\n<meta property=\"article:modified_time\" content=\"2023-07-08T04:47:03+00:00\" \/>\n<meta property=\"og:image\" content=\"https:\/\/www.framapesa.ro\/wp-content\/uploads\/2023\/06\/1033879_REN.jpg\" \/>\n\t<meta property=\"og:image:width\" content=\"1665\" \/>\n\t<meta property=\"og:image:height\" content=\"881\" \/>\n\t<meta property=\"og:image:type\" content=\"image\/jpeg\" \/>\n<meta name=\"twitter:card\" content=\"summary_large_image\" \/>\n<meta name=\"twitter:label1\" content=\"Timp estimat pentru citire\" \/>\n\t<meta name=\"twitter:data1\" content=\"1 minut\" \/>\n<script type=\"application\/ld+json\" class=\"yoast-schema-graph\">{\"@context\":\"https:\/\/schema.org\",\"@graph\":[{\"@type\":\"WebPage\",\"@id\":\"https:\/\/www.framapesa.ro\/product\/uponor-aqua-pipe-teava-pe-xa-natur-colac-pn10\/\",\"url\":\"https:\/\/www.framapesa.ro\/product\/uponor-aqua-pipe-teava-pe-xa-natur-colac-pn10\/\",\"name\":\"Uponor Aqua Pipe \u021beav\u0103 PE-Xa natur, colac PN10 - Incalzire in pardoseala Uponor\",\"isPartOf\":{\"@id\":\"https:\/\/www.framapesa.ro\/#website\"},\"primaryImageOfPage\":{\"@id\":\"https:\/\/www.framapesa.ro\/product\/uponor-aqua-pipe-teava-pe-xa-natur-colac-pn10\/#primaryimage\"},\"image\":{\"@id\":\"https:\/\/www.framapesa.ro\/product\/uponor-aqua-pipe-teava-pe-xa-natur-colac-pn10\/#primaryimage\"},\"thumbnailUrl\":\"https:\/\/www.framapesa.ro\/wp-content\/uploads\/2023\/06\/1033879_REN.jpg\",\"datePublished\":\"2023-06-15T07:37:43+00:00\",\"dateModified\":\"2023-07-08T04:47:03+00:00\",\"breadcrumb\":{\"@id\":\"https:\/\/www.framapesa.ro\/product\/uponor-aqua-pipe-teava-pe-xa-natur-colac-pn10\/#breadcrumb\"},\"inLanguage\":\"ro-RO\",\"potentialAction\":[{\"@type\":\"ReadAction\",\"target\":[\"https:\/\/www.framapesa.ro\/product\/uponor-aqua-pipe-teava-pe-xa-natur-colac-pn10\/\"]}]},{\"@type\":\"ImageObject\",\"inLanguage\":\"ro-RO\",\"@id\":\"https:\/\/www.framapesa.ro\/product\/uponor-aqua-pipe-teava-pe-xa-natur-colac-pn10\/#primaryimage\",\"url\":\"https:\/\/www.framapesa.ro\/wp-content\/uploads\/2023\/06\/1033879_REN.jpg\",\"contentUrl\":\"https:\/\/www.framapesa.ro\/wp-content\/uploads\/2023\/06\/1033879_REN.jpg\",\"width\":1665,\"height\":881},{\"@type\":\"BreadcrumbList\",\"@id\":\"https:\/\/www.framapesa.ro\/product\/uponor-aqua-pipe-teava-pe-xa-natur-colac-pn10\/#breadcrumb\",\"itemListElement\":[{\"@type\":\"ListItem\",\"position\":1,\"name\":\"Prima pagin\u0103\",\"item\":\"https:\/\/www.framapesa.ro\/\"},{\"@type\":\"ListItem\",\"position\":2,\"name\":\"Catalog produse\",\"item\":\"https:\/\/www.framapesa.ro\/catalog-produse\/\"},{\"@type\":\"ListItem\",\"position\":3,\"name\":\"Uponor Aqua Pipe \u021beav\u0103 PE-Xa natur, colac PN10\"}]},{\"@type\":\"WebSite\",\"@id\":\"https:\/\/www.framapesa.ro\/#website\",\"url\":\"https:\/\/www.framapesa.ro\/\",\"name\":\"Incalzire in pardoseala Uponor\",\"description\":\"\",\"potentialAction\":[{\"@type\":\"SearchAction\",\"target\":{\"@type\":\"EntryPoint\",\"urlTemplate\":\"https:\/\/www.framapesa.ro\/?s={search_term_string}\"},\"query-input\":{\"@type\":\"PropertyValueSpecification\",\"valueRequired\":true,\"valueName\":\"search_term_string\"}}],\"inLanguage\":\"ro-RO\"}]}<\/script>\n<!-- \/ Yoast SEO plugin. -->","yoast_head_json":{"title":"Uponor Aqua Pipe \u021beav\u0103 PE-Xa natur, colac PN10 - Incalzire in pardoseala Uponor","robots":{"index":"index","follow":"follow","max-snippet":"max-snippet:-1","max-image-preview":"max-image-preview:large","max-video-preview":"max-video-preview:-1"},"canonical":"https:\/\/www.framapesa.ro\/ro\/produs\/uponor-aqua-pipe-teava-pe-xa-natur-colac-pn10\/","og_locale":"ro_RO","og_type":"article","og_title":"Uponor Aqua Pipe \u021beav\u0103 PE-Xa natur, colac PN10 - Incalzire in pardoseala Uponor","og_description":"Uponor Aqua Pipe \u021beav\u0103 PE-Xa natur,colac PN10 16&#215;2,2 100m Uponor Aqua Pipe \u021beav\u0103 PE-Xa natur,colac PN10 16&#215;2,8 50m Uponor Aqua Pipe \u021beav\u0103 PE-Xa natur,colac PN10 16&#215;3,5 50m Uponor Aqua Pipe \u021beav\u0103 PE-Xa natur,colac PN10 16&#215;4,4 50mUponor Aqua Pipe \u021beav\u0103 PE-Xa natur,colac PN10 40&#215;5,5 50m &#8211; Articol disponibil la cerere, timp de livrare minim 2 s\u0103pt\u0103m\u00e2ni [&hellip;]","og_url":"https:\/\/www.framapesa.ro\/ro\/produs\/uponor-aqua-pipe-teava-pe-xa-natur-colac-pn10\/","og_site_name":"Incalzire in pardoseala Uponor","article_modified_time":"2023-07-08T04:47:03+00:00","og_image":[{"width":1665,"height":881,"url":"https:\/\/www.framapesa.ro\/wp-content\/uploads\/2023\/06\/1033879_REN.jpg","type":"image\/jpeg"}],"twitter_card":"summary_large_image","twitter_misc":{"Timp estimat pentru citire":"1 minut"},"schema":{"@context":"https:\/\/schema.org","@graph":[{"@type":"WebPage","@id":"https:\/\/www.framapesa.ro\/product\/uponor-aqua-pipe-teava-pe-xa-natur-colac-pn10\/","url":"https:\/\/www.framapesa.ro\/product\/uponor-aqua-pipe-teava-pe-xa-natur-colac-pn10\/","name":"Uponor Aqua Pipe \u021beav\u0103 PE-Xa natur, colac PN10 - Incalzire in pardoseala Uponor","isPartOf":{"@id":"https:\/\/www.framapesa.ro\/#website"},"primaryImageOfPage":{"@id":"https:\/\/www.framapesa.ro\/product\/uponor-aqua-pipe-teava-pe-xa-natur-colac-pn10\/#primaryimage"},"image":{"@id":"https:\/\/www.framapesa.ro\/product\/uponor-aqua-pipe-teava-pe-xa-natur-colac-pn10\/#primaryimage"},"thumbnailUrl":"https:\/\/www.framapesa.ro\/wp-content\/uploads\/2023\/06\/1033879_REN.jpg","datePublished":"2023-06-15T07:37:43+00:00","dateModified":"2023-07-08T04:47:03+00:00","breadcrumb":{"@id":"https:\/\/www.framapesa.ro\/product\/uponor-aqua-pipe-teava-pe-xa-natur-colac-pn10\/#breadcrumb"},"inLanguage":"ro-RO","potentialAction":[{"@type":"ReadAction","target":["https:\/\/www.framapesa.ro\/product\/uponor-aqua-pipe-teava-pe-xa-natur-colac-pn10\/"]}]},{"@type":"ImageObject","inLanguage":"ro-RO","@id":"https:\/\/www.framapesa.ro\/product\/uponor-aqua-pipe-teava-pe-xa-natur-colac-pn10\/#primaryimage","url":"https:\/\/www.framapesa.ro\/wp-content\/uploads\/2023\/06\/1033879_REN.jpg","contentUrl":"https:\/\/www.framapesa.ro\/wp-content\/uploads\/2023\/06\/1033879_REN.jpg","width":1665,"height":881},{"@type":"BreadcrumbList","@id":"https:\/\/www.framapesa.ro\/product\/uponor-aqua-pipe-teava-pe-xa-natur-colac-pn10\/#breadcrumb","itemListElement":[{"@type":"ListItem","position":1,"name":"Prima pagin\u0103","item":"https:\/\/www.framapesa.ro\/"},{"@type":"ListItem","position":2,"name":"Catalog produse","item":"https:\/\/www.framapesa.ro\/catalog-produse\/"},{"@type":"ListItem","position":3,"name":"Uponor Aqua Pipe \u021beav\u0103 PE-Xa natur, colac PN10"}]},{"@type":"WebSite","@id":"https:\/\/www.framapesa.ro\/#website","url":"https:\/\/www.framapesa.ro\/","name":"Incalzire in pardoseala Uponor","description":"","potentialAction":[{"@type":"SearchAction","target":{"@type":"EntryPoint","urlTemplate":"https:\/\/www.framapesa.ro\/?s={search_term_string}"},"query-input":{"@type":"PropertyValueSpecification","valueRequired":true,"valueName":"search_term_string"}}],"inLanguage":"ro-RO"}]}},"_links":{"self":[{"href":"https:\/\/www.framapesa.ro\/ro\/wp-json\/wp\/v2\/product\/2301","targetHints":{"allow":["GET"]}}],"collection":[{"href":"https:\/\/www.framapesa.ro\/ro\/wp-json\/wp\/v2\/product"}],"about":[{"href":"https:\/\/www.framapesa.ro\/ro\/wp-json\/wp\/v2\/types\/product"}],"replies":[{"embeddable":true,"href":"https:\/\/www.framapesa.ro\/ro\/wp-json\/wp\/v2\/comments?post=2301"}],"wp:featuredmedia":[{"embeddable":true,"href":"https:\/\/www.framapesa.ro\/ro\/wp-json\/wp\/v2\/media\/2302"}],"wp:attachment":[{"href":"https:\/\/www.framapesa.ro\/ro\/wp-json\/wp\/v2\/media?parent=2301"}],"wp:term":[{"taxonomy":"product_brand","embeddable":true,"href":"https:\/\/www.framapesa.ro\/ro\/wp-json\/wp\/v2\/product_brand?post=2301"},{"taxonomy":"product_cat","embeddable":true,"href":"https:\/\/www.framapesa.ro\/ro\/wp-json\/wp\/v2\/product_cat?post=2301"},{"taxonomy":"product_tag","embeddable":true,"href":"https:\/\/www.framapesa.ro\/ro\/wp-json\/wp\/v2\/product_tag?post=2301"}],"curies":[{"name":"wp","href":"https:\/\/api.w.org\/{rel}","templated":true}]}}