{"id":2306,"date":"2023-06-15T07:48:56","date_gmt":"2023-06-15T07:48:56","guid":{"rendered":"https:\/\/www.framapesa.ro\/nou\/?post_type=product&#038;p=2306"},"modified":"2023-06-16T07:14:39","modified_gmt":"2023-06-16T07:14:39","slug":"uponor-aqua-pipe-teava-pe-xa-natur-bara-pn10-s","status":"publish","type":"product","link":"https:\/\/www.framapesa.ro\/ro\/produs\/uponor-aqua-pipe-teava-pe-xa-natur-bara-pn10-s\/","title":{"rendered":"Uponor Aqua Pipe \u021beav\u0103 PE-Xa natur, bar\u0103 PN10 S"},"content":{"rendered":"<h6>&#8211; Presiune de lucru 10 bar<br \/>\n&#8211; Bare<\/h6>\n<p>Uponor Aqua Pipe \u021beav\u0103 PE-Xa natur,bar\u0103 PN10 S 16&#215;2,2 6m &#8211; Articol disponibil la cerere, timp de livrare minim 2 s\u0103pt\u0103m\u00e2ni<\/p>\n<p class=\"StyledName-sc-i79icp StyledProductName-sc-9lf4g2 jHHDOi\">Uponor Aqua Pipe \u021beav\u0103 PE-Xa natur,bar\u0103 PN10 S 20&#215;2,8 6m<\/p>\n<p class=\"StyledName-sc-i79icp StyledProductName-sc-9lf4g2 jHHDOi\">Uponor Aqua Pipe \u021beav\u0103 PE-Xa natur,bar\u0103 PN10 S 25&#215;3,5 6m<\/p>\n<p class=\"StyledName-sc-i79icp StyledProductName-sc-9lf4g2 jHHDOi\">Uponor Aqua Pipe \u021beav\u0103 PE-Xa natur,bar\u0103 PN10 S 32&#215;4,4 6m<\/p>\n<p class=\"StyledName-sc-i79icp StyledProductName-sc-9lf4g2 jHHDOi\">Uponor Aqua Pipe \u021beav\u0103 PE-Xa natur,bar\u0103 PN10 S 40&#215;5,5 6m<\/p>\n<p class=\"StyledName-sc-i79icp StyledProductName-sc-9lf4g2 jHHDOi\">Uponor Aqua Pipe \u021beav\u0103 PE-Xa natur,bar\u0103 PN10 S 50&#215;6,9 6m<\/p>\n<p class=\"StyledName-sc-i79icp StyledProductName-sc-9lf4g2 jHHDOi\">Uponor Aqua Pipe \u021beav\u0103 PE-Xa natur,bar\u0103 PN10 S 63&#215;8,6 6m<\/p>\n<p class=\"StyledName-sc-i79icp StyledProductName-sc-9lf4g2 jHHDOi\">Uponor Aqua Pipe \u021beav\u0103 PE-Xa natur,bar\u0103 PN10 S 90&#215;12,3 6m &#8211; Articol disponibil la cerere, timp de livrare minim 2 s\u0103pt\u0103m\u00e2ni &#8211; Articol disponibil la cerere, timp de livrare minim 2 s\u0103pt\u0103m\u00e2ni<\/p>\n<div class=\"StyledProductNameAndThumbnail-sc-1v2ux27 feoCQI\">\n<div class=\"StyledSmartImageWithVariableAspectRatio-sc-1vz3jiq bcXeiA\">\n<div>\n<p>&nbsp;<\/p>\n<\/div>\n<\/div>\n<\/div>","protected":false},"excerpt":{"rendered":"<p>&#8211; Presiune de lucru 10 bar &#8211; Bare Uponor Aqua Pipe \u021beav\u0103 PE-Xa natur,bar\u0103 PN10 S 16&#215;2,2 6m &#8211; Articol disponibil la cerere, timp de livrare minim 2 s\u0103pt\u0103m\u00e2ni Uponor Aqua Pipe \u021beav\u0103 PE-Xa natur,bar\u0103 PN10 S 20&#215;2,8 6m Uponor Aqua Pipe \u021beav\u0103 PE-Xa natur,bar\u0103 PN10 S 25&#215;3,5 6m Uponor Aqua Pipe \u021beav\u0103 PE-Xa natur,bar\u0103 [&hellip;]<\/p>\n","protected":false},"featured_media":2307,"comment_status":"open","ping_status":"closed","template":"","meta":{"_links_to":"","_links_to_target":""},"product_brand":[],"product_cat":[69],"product_tag":[],"class_list":{"0":"post-2306","1":"product","2":"type-product","3":"status-publish","4":"has-post-thumbnail","6":"product_cat-uponor-aqua-pipe","8":"first","9":"instock","10":"shipping-taxable","11":"product-type-simple"},"yoast_head":"<!-- This site is optimized with the Yoast SEO plugin v26.9 - https:\/\/yoast.com\/product\/yoast-seo-wordpress\/ -->\n<title>Uponor Aqua Pipe \u021beav\u0103 PE-Xa natur, bar\u0103 PN10 S - Incalzire in pardoseala Uponor<\/title>\n<meta name=\"robots\" content=\"index, follow, max-snippet:-1, max-image-preview:large, max-video-preview:-1\" \/>\n<link rel=\"canonical\" href=\"https:\/\/www.framapesa.ro\/ro\/produs\/uponor-aqua-pipe-teava-pe-xa-natur-bara-pn10-s\/\" \/>\n<meta property=\"og:locale\" content=\"ro_RO\" \/>\n<meta property=\"og:type\" content=\"article\" \/>\n<meta property=\"og:title\" content=\"Uponor Aqua Pipe \u021beav\u0103 PE-Xa natur, bar\u0103 PN10 S - Incalzire in pardoseala Uponor\" \/>\n<meta property=\"og:description\" content=\"&#8211; Presiune de lucru 10 bar &#8211; Bare Uponor Aqua Pipe \u021beav\u0103 PE-Xa natur,bar\u0103 PN10 S 16&#215;2,2 6m &#8211; Articol disponibil la cerere, timp de livrare minim 2 s\u0103pt\u0103m\u00e2ni Uponor Aqua Pipe \u021beav\u0103 PE-Xa natur,bar\u0103 PN10 S 20&#215;2,8 6m Uponor Aqua Pipe \u021beav\u0103 PE-Xa natur,bar\u0103 PN10 S 25&#215;3,5 6m Uponor Aqua Pipe \u021beav\u0103 PE-Xa natur,bar\u0103 [&hellip;]\" \/>\n<meta property=\"og:url\" content=\"https:\/\/www.framapesa.ro\/ro\/produs\/uponor-aqua-pipe-teava-pe-xa-natur-bara-pn10-s\/\" \/>\n<meta property=\"og:site_name\" content=\"Incalzire in pardoseala Uponor\" \/>\n<meta property=\"article:modified_time\" content=\"2023-06-16T07:14:39+00:00\" \/>\n<meta property=\"og:image\" content=\"https:\/\/www.framapesa.ro\/wp-content\/uploads\/2023\/06\/1033879_REN-1.jpg\" \/>\n\t<meta property=\"og:image:width\" content=\"1665\" \/>\n\t<meta property=\"og:image:height\" content=\"881\" \/>\n\t<meta property=\"og:image:type\" content=\"image\/jpeg\" \/>\n<meta name=\"twitter:card\" content=\"summary_large_image\" \/>\n<meta name=\"twitter:label1\" content=\"Timp estimat pentru citire\" \/>\n\t<meta name=\"twitter:data1\" content=\"1 minut\" \/>\n<script type=\"application\/ld+json\" class=\"yoast-schema-graph\">{\"@context\":\"https:\/\/schema.org\",\"@graph\":[{\"@type\":\"WebPage\",\"@id\":\"https:\/\/www.framapesa.ro\/product\/uponor-aqua-pipe-teava-pe-xa-natur-bara-pn10-s\/\",\"url\":\"https:\/\/www.framapesa.ro\/product\/uponor-aqua-pipe-teava-pe-xa-natur-bara-pn10-s\/\",\"name\":\"Uponor Aqua Pipe \u021beav\u0103 PE-Xa natur, bar\u0103 PN10 S - Incalzire in pardoseala Uponor\",\"isPartOf\":{\"@id\":\"https:\/\/www.framapesa.ro\/#website\"},\"primaryImageOfPage\":{\"@id\":\"https:\/\/www.framapesa.ro\/product\/uponor-aqua-pipe-teava-pe-xa-natur-bara-pn10-s\/#primaryimage\"},\"image\":{\"@id\":\"https:\/\/www.framapesa.ro\/product\/uponor-aqua-pipe-teava-pe-xa-natur-bara-pn10-s\/#primaryimage\"},\"thumbnailUrl\":\"https:\/\/www.framapesa.ro\/wp-content\/uploads\/2023\/06\/1033879_REN-1.jpg\",\"datePublished\":\"2023-06-15T07:48:56+00:00\",\"dateModified\":\"2023-06-16T07:14:39+00:00\",\"breadcrumb\":{\"@id\":\"https:\/\/www.framapesa.ro\/product\/uponor-aqua-pipe-teava-pe-xa-natur-bara-pn10-s\/#breadcrumb\"},\"inLanguage\":\"ro-RO\",\"potentialAction\":[{\"@type\":\"ReadAction\",\"target\":[\"https:\/\/www.framapesa.ro\/product\/uponor-aqua-pipe-teava-pe-xa-natur-bara-pn10-s\/\"]}]},{\"@type\":\"ImageObject\",\"inLanguage\":\"ro-RO\",\"@id\":\"https:\/\/www.framapesa.ro\/product\/uponor-aqua-pipe-teava-pe-xa-natur-bara-pn10-s\/#primaryimage\",\"url\":\"https:\/\/www.framapesa.ro\/wp-content\/uploads\/2023\/06\/1033879_REN-1.jpg\",\"contentUrl\":\"https:\/\/www.framapesa.ro\/wp-content\/uploads\/2023\/06\/1033879_REN-1.jpg\",\"width\":1665,\"height\":881},{\"@type\":\"BreadcrumbList\",\"@id\":\"https:\/\/www.framapesa.ro\/product\/uponor-aqua-pipe-teava-pe-xa-natur-bara-pn10-s\/#breadcrumb\",\"itemListElement\":[{\"@type\":\"ListItem\",\"position\":1,\"name\":\"Prima pagin\u0103\",\"item\":\"https:\/\/www.framapesa.ro\/\"},{\"@type\":\"ListItem\",\"position\":2,\"name\":\"Catalog produse\",\"item\":\"https:\/\/www.framapesa.ro\/catalog-produse\/\"},{\"@type\":\"ListItem\",\"position\":3,\"name\":\"Uponor Aqua Pipe \u021beav\u0103 PE-Xa natur, bar\u0103 PN10 S\"}]},{\"@type\":\"WebSite\",\"@id\":\"https:\/\/www.framapesa.ro\/#website\",\"url\":\"https:\/\/www.framapesa.ro\/\",\"name\":\"Incalzire in pardoseala Uponor\",\"description\":\"\",\"potentialAction\":[{\"@type\":\"SearchAction\",\"target\":{\"@type\":\"EntryPoint\",\"urlTemplate\":\"https:\/\/www.framapesa.ro\/?s={search_term_string}\"},\"query-input\":{\"@type\":\"PropertyValueSpecification\",\"valueRequired\":true,\"valueName\":\"search_term_string\"}}],\"inLanguage\":\"ro-RO\"}]}<\/script>\n<!-- \/ Yoast SEO plugin. -->","yoast_head_json":{"title":"Uponor Aqua Pipe \u021beav\u0103 PE-Xa natur, bar\u0103 PN10 S - Incalzire in pardoseala Uponor","robots":{"index":"index","follow":"follow","max-snippet":"max-snippet:-1","max-image-preview":"max-image-preview:large","max-video-preview":"max-video-preview:-1"},"canonical":"https:\/\/www.framapesa.ro\/ro\/produs\/uponor-aqua-pipe-teava-pe-xa-natur-bara-pn10-s\/","og_locale":"ro_RO","og_type":"article","og_title":"Uponor Aqua Pipe \u021beav\u0103 PE-Xa natur, bar\u0103 PN10 S - Incalzire in pardoseala Uponor","og_description":"&#8211; Presiune de lucru 10 bar &#8211; Bare Uponor Aqua Pipe \u021beav\u0103 PE-Xa natur,bar\u0103 PN10 S 16&#215;2,2 6m &#8211; Articol disponibil la cerere, timp de livrare minim 2 s\u0103pt\u0103m\u00e2ni Uponor Aqua Pipe \u021beav\u0103 PE-Xa natur,bar\u0103 PN10 S 20&#215;2,8 6m Uponor Aqua Pipe \u021beav\u0103 PE-Xa natur,bar\u0103 PN10 S 25&#215;3,5 6m Uponor Aqua Pipe \u021beav\u0103 PE-Xa natur,bar\u0103 [&hellip;]","og_url":"https:\/\/www.framapesa.ro\/ro\/produs\/uponor-aqua-pipe-teava-pe-xa-natur-bara-pn10-s\/","og_site_name":"Incalzire in pardoseala Uponor","article_modified_time":"2023-06-16T07:14:39+00:00","og_image":[{"width":1665,"height":881,"url":"https:\/\/www.framapesa.ro\/wp-content\/uploads\/2023\/06\/1033879_REN-1.jpg","type":"image\/jpeg"}],"twitter_card":"summary_large_image","twitter_misc":{"Timp estimat pentru citire":"1 minut"},"schema":{"@context":"https:\/\/schema.org","@graph":[{"@type":"WebPage","@id":"https:\/\/www.framapesa.ro\/product\/uponor-aqua-pipe-teava-pe-xa-natur-bara-pn10-s\/","url":"https:\/\/www.framapesa.ro\/product\/uponor-aqua-pipe-teava-pe-xa-natur-bara-pn10-s\/","name":"Uponor Aqua Pipe \u021beav\u0103 PE-Xa natur, bar\u0103 PN10 S - Incalzire in pardoseala Uponor","isPartOf":{"@id":"https:\/\/www.framapesa.ro\/#website"},"primaryImageOfPage":{"@id":"https:\/\/www.framapesa.ro\/product\/uponor-aqua-pipe-teava-pe-xa-natur-bara-pn10-s\/#primaryimage"},"image":{"@id":"https:\/\/www.framapesa.ro\/product\/uponor-aqua-pipe-teava-pe-xa-natur-bara-pn10-s\/#primaryimage"},"thumbnailUrl":"https:\/\/www.framapesa.ro\/wp-content\/uploads\/2023\/06\/1033879_REN-1.jpg","datePublished":"2023-06-15T07:48:56+00:00","dateModified":"2023-06-16T07:14:39+00:00","breadcrumb":{"@id":"https:\/\/www.framapesa.ro\/product\/uponor-aqua-pipe-teava-pe-xa-natur-bara-pn10-s\/#breadcrumb"},"inLanguage":"ro-RO","potentialAction":[{"@type":"ReadAction","target":["https:\/\/www.framapesa.ro\/product\/uponor-aqua-pipe-teava-pe-xa-natur-bara-pn10-s\/"]}]},{"@type":"ImageObject","inLanguage":"ro-RO","@id":"https:\/\/www.framapesa.ro\/product\/uponor-aqua-pipe-teava-pe-xa-natur-bara-pn10-s\/#primaryimage","url":"https:\/\/www.framapesa.ro\/wp-content\/uploads\/2023\/06\/1033879_REN-1.jpg","contentUrl":"https:\/\/www.framapesa.ro\/wp-content\/uploads\/2023\/06\/1033879_REN-1.jpg","width":1665,"height":881},{"@type":"BreadcrumbList","@id":"https:\/\/www.framapesa.ro\/product\/uponor-aqua-pipe-teava-pe-xa-natur-bara-pn10-s\/#breadcrumb","itemListElement":[{"@type":"ListItem","position":1,"name":"Prima pagin\u0103","item":"https:\/\/www.framapesa.ro\/"},{"@type":"ListItem","position":2,"name":"Catalog produse","item":"https:\/\/www.framapesa.ro\/catalog-produse\/"},{"@type":"ListItem","position":3,"name":"Uponor Aqua Pipe \u021beav\u0103 PE-Xa natur, bar\u0103 PN10 S"}]},{"@type":"WebSite","@id":"https:\/\/www.framapesa.ro\/#website","url":"https:\/\/www.framapesa.ro\/","name":"Incalzire in pardoseala Uponor","description":"","potentialAction":[{"@type":"SearchAction","target":{"@type":"EntryPoint","urlTemplate":"https:\/\/www.framapesa.ro\/?s={search_term_string}"},"query-input":{"@type":"PropertyValueSpecification","valueRequired":true,"valueName":"search_term_string"}}],"inLanguage":"ro-RO"}]}},"_links":{"self":[{"href":"https:\/\/www.framapesa.ro\/ro\/wp-json\/wp\/v2\/product\/2306","targetHints":{"allow":["GET"]}}],"collection":[{"href":"https:\/\/www.framapesa.ro\/ro\/wp-json\/wp\/v2\/product"}],"about":[{"href":"https:\/\/www.framapesa.ro\/ro\/wp-json\/wp\/v2\/types\/product"}],"replies":[{"embeddable":true,"href":"https:\/\/www.framapesa.ro\/ro\/wp-json\/wp\/v2\/comments?post=2306"}],"wp:featuredmedia":[{"embeddable":true,"href":"https:\/\/www.framapesa.ro\/ro\/wp-json\/wp\/v2\/media\/2307"}],"wp:attachment":[{"href":"https:\/\/www.framapesa.ro\/ro\/wp-json\/wp\/v2\/media?parent=2306"}],"wp:term":[{"taxonomy":"product_brand","embeddable":true,"href":"https:\/\/www.framapesa.ro\/ro\/wp-json\/wp\/v2\/product_brand?post=2306"},{"taxonomy":"product_cat","embeddable":true,"href":"https:\/\/www.framapesa.ro\/ro\/wp-json\/wp\/v2\/product_cat?post=2306"},{"taxonomy":"product_tag","embeddable":true,"href":"https:\/\/www.framapesa.ro\/ro\/wp-json\/wp\/v2\/product_tag?post=2306"}],"curies":[{"name":"wp","href":"https:\/\/api.w.org\/{rel}","templated":true}]}}