{"id":2339,"date":"2023-06-16T07:36:30","date_gmt":"2023-06-16T07:36:30","guid":{"rendered":"https:\/\/www.framapesa.ro\/nou\/?post_type=product&#038;p=2339"},"modified":"2023-06-26T07:11:00","modified_gmt":"2023-06-26T07:11:00","slug":"uponor-uni-pipe-plus-multistrat-ippc","status":"publish","type":"product","link":"https:\/\/www.framapesa.ro\/ro\/produs\/uponor-uni-pipe-plus-multistrat-ippc\/","title":{"rendered":"Uponor Uni Pipe PLUS multistrat IPPC"},"content":{"rendered":"<h4>&#8211; colac pe palet IPPC<\/h4>\n<h3 class=\"StyledName-sc-i79icp StyledProductName-sc-9lf4g2 jHHDOi\">Uponor Uni Pipe PLUS multistrat IPPC 16&#215;2,0 200m<\/h3>\n<h3 class=\"StyledName-sc-i79icp StyledProductName-sc-9lf4g2 jHHDOi\">Uponor Uni Pipe PLUS multistrat IPPC 20&#215;2,25 100m<\/h3>\n<h3 class=\"StyledName-sc-i79icp StyledProductName-sc-9lf4g2 jHHDOi\">Uponor Uni Pipe PLUS multistrat IPPC 25&#215;2,5 50m<\/h3>\n<h3 class=\"StyledName-sc-i79icp StyledProductName-sc-9lf4g2 jHHDOi\">Uponor Uni Pipe PLUS multistrat IPPC 32&#215;3,0 50m<\/h3>\n<div class=\"StyledProductNameAndThumbnail-sc-1v2ux27 feoCQI\">\n<div class=\"StyledSmartImageWithVariableAspectRatio-sc-1vz3jiq bcXeiA\">\n<div>\n<p>&nbsp;<\/p>\n<\/div>\n<\/div>\n<\/div>","protected":false},"excerpt":{"rendered":"<div class=\"StyledCol-sc-1p7ryf jmQMSC StyledAboutItem-sc-15yd96b rPNqD\">\n<h3 class=\"StyledAboutTitle-sc-1618lag eeKtjU\">Application<\/h3>\n<div class=\"StyledAboutText-sc-1k6szcg krdfTj\">\n<div class=\"StyledRichText-sc-1dnstbl bmohoz\">\n<p>Ap\u0103 rece\/cald\u0103: temperatura maxim\u0103 de utilizare continu\u0103 \u00eentre 0\u00b0C &#8211; 70\u00b0C cu o presiune maxim\u0103 continu\u0103 de 10 bar. Temperatur\u0103 maxim\u0103 pe perioad\u0103 limitat\u0103 95\u00b0C (standardizat la max. 100 ore pe toat\u0103 durata de via\u021b\u0103 a \u021bevii).<br \/>\n\u00cenc\u0103lzire: temperatura maxim\u0103 de utilizare continu\u0103 p\u00e2n\u0103 la 80\u00b0C o presiune maxim\u0103 continu\u0103 de 10 bar. Temperatur\u0103 maxim\u0103 pe perioad\u0103 limitat\u0103: 100\u00b0C (standardizat la max. 100 ore pe toat\u0103 durata de via\u021b\u0103 a \u021bevii).<\/p>\n<\/div>\n<\/div>\n<\/div>","protected":false},"featured_media":2307,"comment_status":"open","ping_status":"closed","template":"","meta":{"_links_to":"","_links_to_target":""},"product_brand":[],"product_cat":[88,68,69],"product_tag":[],"class_list":{"0":"post-2339","1":"product","2":"type-product","3":"status-publish","4":"has-post-thumbnail","6":"product_cat-sisteme-de-tevi-multistrat","7":"product_cat-sisteme-flexibile-de-alimentare","8":"product_cat-uponor-aqua-pipe","10":"first","11":"instock","12":"shipping-taxable","13":"product-type-simple"},"yoast_head":"<!-- This site is optimized with the Yoast SEO plugin v26.9 - https:\/\/yoast.com\/product\/yoast-seo-wordpress\/ -->\n<title>Uponor Uni Pipe PLUS multistrat IPPC - Incalzire in pardoseala Uponor<\/title>\n<meta name=\"robots\" content=\"index, follow, max-snippet:-1, max-image-preview:large, max-video-preview:-1\" \/>\n<link rel=\"canonical\" href=\"https:\/\/www.framapesa.ro\/ro\/produs\/uponor-uni-pipe-plus-multistrat-ippc\/\" \/>\n<meta property=\"og:locale\" content=\"ro_RO\" \/>\n<meta property=\"og:type\" content=\"article\" \/>\n<meta property=\"og:title\" content=\"Uponor Uni Pipe PLUS multistrat IPPC - Incalzire in pardoseala Uponor\" \/>\n<meta property=\"og:description\" content=\"Application    Ap\u0103 rece\/cald\u0103: temperatura maxim\u0103 de utilizare continu\u0103 \u00eentre 0\u00b0C - 70\u00b0C cu o presiune maxim\u0103 continu\u0103 de 10 bar. Temperatur\u0103 maxim\u0103 pe perioad\u0103 limitat\u0103 95\u00b0C (standardizat la max. 100 ore pe toat\u0103 durata de via\u021b\u0103 a \u021bevii). \u00cenc\u0103lzire: temperatura maxim\u0103 de utilizare continu\u0103 p\u00e2n\u0103 la 80\u00b0C o presiune maxim\u0103 continu\u0103 de 10 bar. Temperatur\u0103 maxim\u0103 pe perioad\u0103 limitat\u0103: 100\u00b0C (standardizat la max. 100 ore pe toat\u0103 durata de via\u021b\u0103 a \u021bevii).\" \/>\n<meta property=\"og:url\" content=\"https:\/\/www.framapesa.ro\/ro\/produs\/uponor-uni-pipe-plus-multistrat-ippc\/\" \/>\n<meta property=\"og:site_name\" content=\"Incalzire in pardoseala Uponor\" \/>\n<meta property=\"article:modified_time\" content=\"2023-06-26T07:11:00+00:00\" \/>\n<meta property=\"og:image\" content=\"https:\/\/www.framapesa.ro\/wp-content\/uploads\/2023\/06\/1033879_REN-1.jpg\" \/>\n\t<meta property=\"og:image:width\" content=\"1665\" \/>\n\t<meta property=\"og:image:height\" content=\"881\" \/>\n\t<meta property=\"og:image:type\" content=\"image\/jpeg\" \/>\n<meta name=\"twitter:card\" content=\"summary_large_image\" \/>\n<meta name=\"twitter:label1\" content=\"Timp estimat pentru citire\" \/>\n\t<meta name=\"twitter:data1\" content=\"1 minut\" \/>\n<script type=\"application\/ld+json\" class=\"yoast-schema-graph\">{\"@context\":\"https:\/\/schema.org\",\"@graph\":[{\"@type\":\"WebPage\",\"@id\":\"https:\/\/www.framapesa.ro\/product\/uponor-uni-pipe-plus-multistrat-ippc\/\",\"url\":\"https:\/\/www.framapesa.ro\/product\/uponor-uni-pipe-plus-multistrat-ippc\/\",\"name\":\"Uponor Uni Pipe PLUS multistrat IPPC - Incalzire in pardoseala Uponor\",\"isPartOf\":{\"@id\":\"https:\/\/www.framapesa.ro\/#website\"},\"primaryImageOfPage\":{\"@id\":\"https:\/\/www.framapesa.ro\/product\/uponor-uni-pipe-plus-multistrat-ippc\/#primaryimage\"},\"image\":{\"@id\":\"https:\/\/www.framapesa.ro\/product\/uponor-uni-pipe-plus-multistrat-ippc\/#primaryimage\"},\"thumbnailUrl\":\"https:\/\/www.framapesa.ro\/wp-content\/uploads\/2023\/06\/1033879_REN-1.jpg\",\"datePublished\":\"2023-06-16T07:36:30+00:00\",\"dateModified\":\"2023-06-26T07:11:00+00:00\",\"breadcrumb\":{\"@id\":\"https:\/\/www.framapesa.ro\/product\/uponor-uni-pipe-plus-multistrat-ippc\/#breadcrumb\"},\"inLanguage\":\"ro-RO\",\"potentialAction\":[{\"@type\":\"ReadAction\",\"target\":[\"https:\/\/www.framapesa.ro\/product\/uponor-uni-pipe-plus-multistrat-ippc\/\"]}]},{\"@type\":\"ImageObject\",\"inLanguage\":\"ro-RO\",\"@id\":\"https:\/\/www.framapesa.ro\/product\/uponor-uni-pipe-plus-multistrat-ippc\/#primaryimage\",\"url\":\"https:\/\/www.framapesa.ro\/wp-content\/uploads\/2023\/06\/1033879_REN-1.jpg\",\"contentUrl\":\"https:\/\/www.framapesa.ro\/wp-content\/uploads\/2023\/06\/1033879_REN-1.jpg\",\"width\":1665,\"height\":881},{\"@type\":\"BreadcrumbList\",\"@id\":\"https:\/\/www.framapesa.ro\/product\/uponor-uni-pipe-plus-multistrat-ippc\/#breadcrumb\",\"itemListElement\":[{\"@type\":\"ListItem\",\"position\":1,\"name\":\"Prima pagin\u0103\",\"item\":\"https:\/\/www.framapesa.ro\/\"},{\"@type\":\"ListItem\",\"position\":2,\"name\":\"Catalog produse\",\"item\":\"https:\/\/www.framapesa.ro\/catalog-produse\/\"},{\"@type\":\"ListItem\",\"position\":3,\"name\":\"Uponor Uni Pipe PLUS multistrat IPPC\"}]},{\"@type\":\"WebSite\",\"@id\":\"https:\/\/www.framapesa.ro\/#website\",\"url\":\"https:\/\/www.framapesa.ro\/\",\"name\":\"Incalzire in pardoseala Uponor\",\"description\":\"\",\"potentialAction\":[{\"@type\":\"SearchAction\",\"target\":{\"@type\":\"EntryPoint\",\"urlTemplate\":\"https:\/\/www.framapesa.ro\/?s={search_term_string}\"},\"query-input\":{\"@type\":\"PropertyValueSpecification\",\"valueRequired\":true,\"valueName\":\"search_term_string\"}}],\"inLanguage\":\"ro-RO\"}]}<\/script>\n<!-- \/ Yoast SEO plugin. -->","yoast_head_json":{"title":"Uponor Uni Pipe PLUS multistrat IPPC - Incalzire in pardoseala Uponor","robots":{"index":"index","follow":"follow","max-snippet":"max-snippet:-1","max-image-preview":"max-image-preview:large","max-video-preview":"max-video-preview:-1"},"canonical":"https:\/\/www.framapesa.ro\/ro\/produs\/uponor-uni-pipe-plus-multistrat-ippc\/","og_locale":"ro_RO","og_type":"article","og_title":"Uponor Uni Pipe PLUS multistrat IPPC - Incalzire in pardoseala Uponor","og_description":"Application    Ap\u0103 rece\/cald\u0103: temperatura maxim\u0103 de utilizare continu\u0103 \u00eentre 0\u00b0C - 70\u00b0C cu o presiune maxim\u0103 continu\u0103 de 10 bar. Temperatur\u0103 maxim\u0103 pe perioad\u0103 limitat\u0103 95\u00b0C (standardizat la max. 100 ore pe toat\u0103 durata de via\u021b\u0103 a \u021bevii). \u00cenc\u0103lzire: temperatura maxim\u0103 de utilizare continu\u0103 p\u00e2n\u0103 la 80\u00b0C o presiune maxim\u0103 continu\u0103 de 10 bar. Temperatur\u0103 maxim\u0103 pe perioad\u0103 limitat\u0103: 100\u00b0C (standardizat la max. 100 ore pe toat\u0103 durata de via\u021b\u0103 a \u021bevii).","og_url":"https:\/\/www.framapesa.ro\/ro\/produs\/uponor-uni-pipe-plus-multistrat-ippc\/","og_site_name":"Incalzire in pardoseala Uponor","article_modified_time":"2023-06-26T07:11:00+00:00","og_image":[{"width":1665,"height":881,"url":"https:\/\/www.framapesa.ro\/wp-content\/uploads\/2023\/06\/1033879_REN-1.jpg","type":"image\/jpeg"}],"twitter_card":"summary_large_image","twitter_misc":{"Timp estimat pentru citire":"1 minut"},"schema":{"@context":"https:\/\/schema.org","@graph":[{"@type":"WebPage","@id":"https:\/\/www.framapesa.ro\/product\/uponor-uni-pipe-plus-multistrat-ippc\/","url":"https:\/\/www.framapesa.ro\/product\/uponor-uni-pipe-plus-multistrat-ippc\/","name":"Uponor Uni Pipe PLUS multistrat IPPC - Incalzire in pardoseala Uponor","isPartOf":{"@id":"https:\/\/www.framapesa.ro\/#website"},"primaryImageOfPage":{"@id":"https:\/\/www.framapesa.ro\/product\/uponor-uni-pipe-plus-multistrat-ippc\/#primaryimage"},"image":{"@id":"https:\/\/www.framapesa.ro\/product\/uponor-uni-pipe-plus-multistrat-ippc\/#primaryimage"},"thumbnailUrl":"https:\/\/www.framapesa.ro\/wp-content\/uploads\/2023\/06\/1033879_REN-1.jpg","datePublished":"2023-06-16T07:36:30+00:00","dateModified":"2023-06-26T07:11:00+00:00","breadcrumb":{"@id":"https:\/\/www.framapesa.ro\/product\/uponor-uni-pipe-plus-multistrat-ippc\/#breadcrumb"},"inLanguage":"ro-RO","potentialAction":[{"@type":"ReadAction","target":["https:\/\/www.framapesa.ro\/product\/uponor-uni-pipe-plus-multistrat-ippc\/"]}]},{"@type":"ImageObject","inLanguage":"ro-RO","@id":"https:\/\/www.framapesa.ro\/product\/uponor-uni-pipe-plus-multistrat-ippc\/#primaryimage","url":"https:\/\/www.framapesa.ro\/wp-content\/uploads\/2023\/06\/1033879_REN-1.jpg","contentUrl":"https:\/\/www.framapesa.ro\/wp-content\/uploads\/2023\/06\/1033879_REN-1.jpg","width":1665,"height":881},{"@type":"BreadcrumbList","@id":"https:\/\/www.framapesa.ro\/product\/uponor-uni-pipe-plus-multistrat-ippc\/#breadcrumb","itemListElement":[{"@type":"ListItem","position":1,"name":"Prima pagin\u0103","item":"https:\/\/www.framapesa.ro\/"},{"@type":"ListItem","position":2,"name":"Catalog produse","item":"https:\/\/www.framapesa.ro\/catalog-produse\/"},{"@type":"ListItem","position":3,"name":"Uponor Uni Pipe PLUS multistrat IPPC"}]},{"@type":"WebSite","@id":"https:\/\/www.framapesa.ro\/#website","url":"https:\/\/www.framapesa.ro\/","name":"Incalzire in pardoseala Uponor","description":"","potentialAction":[{"@type":"SearchAction","target":{"@type":"EntryPoint","urlTemplate":"https:\/\/www.framapesa.ro\/?s={search_term_string}"},"query-input":{"@type":"PropertyValueSpecification","valueRequired":true,"valueName":"search_term_string"}}],"inLanguage":"ro-RO"}]}},"_links":{"self":[{"href":"https:\/\/www.framapesa.ro\/ro\/wp-json\/wp\/v2\/product\/2339","targetHints":{"allow":["GET"]}}],"collection":[{"href":"https:\/\/www.framapesa.ro\/ro\/wp-json\/wp\/v2\/product"}],"about":[{"href":"https:\/\/www.framapesa.ro\/ro\/wp-json\/wp\/v2\/types\/product"}],"replies":[{"embeddable":true,"href":"https:\/\/www.framapesa.ro\/ro\/wp-json\/wp\/v2\/comments?post=2339"}],"wp:featuredmedia":[{"embeddable":true,"href":"https:\/\/www.framapesa.ro\/ro\/wp-json\/wp\/v2\/media\/2307"}],"wp:attachment":[{"href":"https:\/\/www.framapesa.ro\/ro\/wp-json\/wp\/v2\/media?parent=2339"}],"wp:term":[{"taxonomy":"product_brand","embeddable":true,"href":"https:\/\/www.framapesa.ro\/ro\/wp-json\/wp\/v2\/product_brand?post=2339"},{"taxonomy":"product_cat","embeddable":true,"href":"https:\/\/www.framapesa.ro\/ro\/wp-json\/wp\/v2\/product_cat?post=2339"},{"taxonomy":"product_tag","embeddable":true,"href":"https:\/\/www.framapesa.ro\/ro\/wp-json\/wp\/v2\/product_tag?post=2339"}],"curies":[{"name":"wp","href":"https:\/\/api.w.org\/{rel}","templated":true}]}}