{"id":2443,"date":"2023-06-27T09:07:52","date_gmt":"2023-06-27T09:07:52","guid":{"rendered":"https:\/\/www.framapesa.ro\/nou\/?post_type=product&#038;p=2443"},"modified":"2023-06-27T09:07:52","modified_gmt":"2023-06-27T09:07:52","slug":"uponor-vario-distribuitor-s-ls","status":"publish","type":"product","link":"https:\/\/www.framapesa.ro\/ro\/produs\/uponor-vario-distribuitor-s-ls\/","title":{"rendered":"Uponor Vario distribuitor S LS"},"content":{"rendered":"<p>Robine\u0163i pe tur pentru \u00eenchidere<br \/>\nRetur cu robine\u0163i \u0219i capace<\/p>\n<p>&nbsp;<\/p>\n<p>Uponor Vario distribuitor S LS 2X3\/4 Euro &#8211; Articol disponibil la cerere, timp de livrare minim 2 s\u0103pt\u0103m\u00e2ni &#8211; Articol disponibil la cerere, timp de livrare minim 2 s\u0103pt\u0103m\u00e2ni<br \/>\nUponor Vario distribuitor S LS 2X3\/4 Euro &#8211; Articol disponibil la cerere, timp de livrare minim 2 s\u0103pt\u0103m\u00e2ni &#8211; Articol disponibil la cerere, timp de livrare minim 2 s\u0103pt\u0103m\u00e2ni<br \/>\nUponor Vario distribuitor S LS 3X3\/4 Euro &#8211; Articol disponibil la cerere, timp de livrare minim 2 s\u0103pt\u0103m\u00e2ni &#8211; Articol disponibil la cerere, timp de livrare minim 2 s\u0103pt\u0103m\u00e2ni<br \/>\nUponor Vario distribuitor S LS 3X3\/4 Euro &#8211; Articol disponibil la cerere, timp de livrare minim 2 s\u0103pt\u0103m\u00e2ni &#8211; Articol disponibil la cerere, timp de livrare minim 2 s\u0103pt\u0103m\u00e2ni<br \/>\nUponor Vario distribuitor S LS 4X3\/4 Euro<br \/>\nUponor Vario distribuitor S LS 4X3\/4 Euro<br \/>\nUponor Vario distribuitor S LS 5X3\/4 Euro<br \/>\nUponor Vario distribuitor S LS 5X3\/4 Euro<br \/>\nUponor Vario distribuitor S LS 6X3\/4 Euro<br \/>\nUponor Vario distribuitor S LS 6X3\/4 Euro<br \/>\nUponor Vario distribuitor S LS 7X3\/4 Euro<br \/>\nUponor Vario distribuitor S LS 7X3\/4 Euro<br \/>\nUponor Vario distribuitor S LS 8X3\/4 Euro &#8211; Articol disponibil la cerere, timp de livrare minim 2 s\u0103pt\u0103m\u00e2ni &#8211; Articol disponibil la cerere, timp de livrare minim 2 s\u0103pt\u0103m\u00e2ni<br \/>\nUponor Vario distribuitor S LS 8X3\/4 Euro &#8211; Articol disponibil la cerere, timp de livrare minim 2 s\u0103pt\u0103m\u00e2ni &#8211; Articol disponibil la cerere, timp de livrare minim 2 s\u0103pt\u0103m\u00e2ni<br \/>\nUponor Vario distribuitor S LS 9X3\/4 Euro &#8211; Articol disponibil la cerere, timp de livrare minim 2 s\u0103pt\u0103m\u00e2ni &#8211; Articol disponibil la cerere, timp de livrare minim 2 s\u0103pt\u0103m\u00e2ni<br \/>\nUponor Vario distribuitor S LS 9X3\/4 Euro &#8211; Articol disponibil la cerere, timp de livrare minim 2 s\u0103pt\u0103m\u00e2ni &#8211; Articol disponibil la cerere, timp de livrare minim 2 s\u0103pt\u0103m\u00e2ni<br \/>\nUponor Vario distribuitor S LS 10X3\/4 Euro &#8211; Articol disponibil la cerere, timp de livrare minim 2 s\u0103pt\u0103m\u00e2ni &#8211; Articol disponibil la cerere, timp de livrare minim 2 s\u0103pt\u0103m\u00e2ni<br \/>\nUponor Vario distribuitor S LS 10X3\/4 Euro &#8211; Articol disponibil la cerere, timp de livrare minim 2 s\u0103pt\u0103m\u00e2ni &#8211; Articol disponibil la cerere, timp de livrare minim 2 s\u0103pt\u0103m\u00e2ni<br \/>\nUponor Vario distribuitor S LS 11X3\/4 Euro &#8211; Articol disponibil la cerere, timp de livrare minim 2 s\u0103pt\u0103m\u00e2ni &#8211; Articol disponibil la cerere, timp de livrare minim 2 s\u0103pt\u0103m\u00e2ni<br \/>\nUponor Vario distribuitor S LS 11X3\/4 Euro &#8211; Articol disponibil la cerere, timp de livrare minim 2 s\u0103pt\u0103m\u00e2ni &#8211; Articol disponibil la cerere, timp de livrare minim 2 s\u0103pt\u0103m\u00e2ni<br \/>\nUponor Vario distribuitor S LS 12&#215;3\/4 Euro &#8211; Articol disponibil la cerere, timp de livrare minim 2 s\u0103pt\u0103m\u00e2ni &#8211; Articol disponibil la cerere, timp de livrare minim 2 s\u0103pt\u0103m\u00e2ni<br \/>\nUponor Vario distribuitor S LS 12&#215;3\/4 Euro &#8211; Articol disponibil la cerere, timp de livrare minim 2 s\u0103pt\u0103m\u00e2ni &#8211; Articol disponibil la cerere, timp de livrare minim 2 s\u0103pt\u0103m\u00e2ni<br \/>\nUponor Vario distribuitor S LS 13&#215;3\/4 Euro<br \/>\nUponor Vario distribuitor S LS 13&#215;3\/4 Euro<br \/>\nUponor Vario distribuitor S LS 14&#215;3\/4 Euro<br \/>\nUponor Vario distribuitor S LS 14&#215;3\/4 Euro<br \/>\nUponor Vario distribuitor S LS 15X3\/4 Euro<br \/>\nUponor Vario distribuitor S LS 15X3\/4 Euro<br \/>\nUponor Vario distribuitor S LS 16X3\/4 Euro &#8211; Articol disponibil la cerere, timp de livrare minim 2 s\u0103pt\u0103m\u00e2ni<br \/>\nUponor Vario distribuitor S LS 16X3\/4 Euro &#8211; Articol disponibil la cerere, timp de livrare minim 2 s\u0103pt\u0103m\u00e2ni<\/p>","protected":false},"excerpt":{"rendered":"<p>Robine\u0163i pe tur pentru \u00eenchidere Retur cu robine\u0163i \u0219i capace &nbsp; Uponor Vario distribuitor S LS 2X3\/4 Euro &#8211; Articol disponibil la cerere, timp de livrare minim 2 s\u0103pt\u0103m\u00e2ni &#8211; Articol disponibil la cerere, timp de livrare minim 2 s\u0103pt\u0103m\u00e2ni Uponor Vario distribuitor S LS 2X3\/4 Euro &#8211; Articol disponibil la cerere, timp de livrare [&hellip;]<\/p>\n","protected":false},"featured_media":2441,"comment_status":"open","ping_status":"closed","template":"","meta":{"_links_to":"","_links_to_target":""},"product_brand":[],"product_cat":[96],"product_tag":[],"class_list":{"0":"post-2443","1":"product","2":"type-product","3":"status-publish","4":"has-post-thumbnail","6":"product_cat-uponor-vario-s","8":"first","9":"instock","10":"shipping-taxable","11":"product-type-simple"},"yoast_head":"<!-- This site is optimized with the Yoast SEO plugin v26.9 - https:\/\/yoast.com\/product\/yoast-seo-wordpress\/ -->\n<title>Uponor Vario distribuitor S LS - Incalzire in pardoseala Uponor<\/title>\n<meta name=\"robots\" content=\"index, follow, max-snippet:-1, max-image-preview:large, max-video-preview:-1\" \/>\n<link rel=\"canonical\" href=\"https:\/\/www.framapesa.ro\/ro\/produs\/uponor-vario-distribuitor-s-ls\/\" \/>\n<meta property=\"og:locale\" content=\"ro_RO\" \/>\n<meta property=\"og:type\" content=\"article\" \/>\n<meta property=\"og:title\" content=\"Uponor Vario distribuitor S LS - Incalzire in pardoseala Uponor\" \/>\n<meta property=\"og:description\" content=\"Robine\u0163i pe tur pentru \u00eenchidere Retur cu robine\u0163i \u0219i capace &nbsp; Uponor Vario distribuitor S LS 2X3\/4 Euro &#8211; Articol disponibil la cerere, timp de livrare minim 2 s\u0103pt\u0103m\u00e2ni &#8211; Articol disponibil la cerere, timp de livrare minim 2 s\u0103pt\u0103m\u00e2ni Uponor Vario distribuitor S LS 2X3\/4 Euro &#8211; Articol disponibil la cerere, timp de livrare [&hellip;]\" \/>\n<meta property=\"og:url\" content=\"https:\/\/www.framapesa.ro\/ro\/produs\/uponor-vario-distribuitor-s-ls\/\" \/>\n<meta property=\"og:site_name\" content=\"Incalzire in pardoseala Uponor\" \/>\n<meta property=\"og:image\" content=\"https:\/\/www.framapesa.ro\/wp-content\/uploads\/2023\/06\/Uponor-Vario-S.jpg\" \/>\n\t<meta property=\"og:image:width\" content=\"749\" \/>\n\t<meta property=\"og:image:height\" content=\"881\" \/>\n\t<meta property=\"og:image:type\" content=\"image\/jpeg\" \/>\n<meta name=\"twitter:card\" content=\"summary_large_image\" \/>\n<meta name=\"twitter:label1\" content=\"Timp estimat pentru citire\" \/>\n\t<meta name=\"twitter:data1\" content=\"3 minute\" \/>\n<script type=\"application\/ld+json\" class=\"yoast-schema-graph\">{\"@context\":\"https:\/\/schema.org\",\"@graph\":[{\"@type\":\"WebPage\",\"@id\":\"https:\/\/www.framapesa.ro\/product\/uponor-vario-distribuitor-s-ls\/\",\"url\":\"https:\/\/www.framapesa.ro\/product\/uponor-vario-distribuitor-s-ls\/\",\"name\":\"Uponor Vario distribuitor S LS - Incalzire in pardoseala Uponor\",\"isPartOf\":{\"@id\":\"https:\/\/www.framapesa.ro\/#website\"},\"primaryImageOfPage\":{\"@id\":\"https:\/\/www.framapesa.ro\/product\/uponor-vario-distribuitor-s-ls\/#primaryimage\"},\"image\":{\"@id\":\"https:\/\/www.framapesa.ro\/product\/uponor-vario-distribuitor-s-ls\/#primaryimage\"},\"thumbnailUrl\":\"https:\/\/www.framapesa.ro\/wp-content\/uploads\/2023\/06\/Uponor-Vario-S.jpg\",\"datePublished\":\"2023-06-27T09:07:52+00:00\",\"breadcrumb\":{\"@id\":\"https:\/\/www.framapesa.ro\/product\/uponor-vario-distribuitor-s-ls\/#breadcrumb\"},\"inLanguage\":\"ro-RO\",\"potentialAction\":[{\"@type\":\"ReadAction\",\"target\":[\"https:\/\/www.framapesa.ro\/product\/uponor-vario-distribuitor-s-ls\/\"]}]},{\"@type\":\"ImageObject\",\"inLanguage\":\"ro-RO\",\"@id\":\"https:\/\/www.framapesa.ro\/product\/uponor-vario-distribuitor-s-ls\/#primaryimage\",\"url\":\"https:\/\/www.framapesa.ro\/wp-content\/uploads\/2023\/06\/Uponor-Vario-S.jpg\",\"contentUrl\":\"https:\/\/www.framapesa.ro\/wp-content\/uploads\/2023\/06\/Uponor-Vario-S.jpg\",\"width\":749,\"height\":881},{\"@type\":\"BreadcrumbList\",\"@id\":\"https:\/\/www.framapesa.ro\/product\/uponor-vario-distribuitor-s-ls\/#breadcrumb\",\"itemListElement\":[{\"@type\":\"ListItem\",\"position\":1,\"name\":\"Prima pagin\u0103\",\"item\":\"https:\/\/www.framapesa.ro\/\"},{\"@type\":\"ListItem\",\"position\":2,\"name\":\"Catalog produse\",\"item\":\"https:\/\/www.framapesa.ro\/catalog-produse\/\"},{\"@type\":\"ListItem\",\"position\":3,\"name\":\"Uponor Vario distribuitor S LS\"}]},{\"@type\":\"WebSite\",\"@id\":\"https:\/\/www.framapesa.ro\/#website\",\"url\":\"https:\/\/www.framapesa.ro\/\",\"name\":\"Incalzire in pardoseala Uponor\",\"description\":\"\",\"potentialAction\":[{\"@type\":\"SearchAction\",\"target\":{\"@type\":\"EntryPoint\",\"urlTemplate\":\"https:\/\/www.framapesa.ro\/?s={search_term_string}\"},\"query-input\":{\"@type\":\"PropertyValueSpecification\",\"valueRequired\":true,\"valueName\":\"search_term_string\"}}],\"inLanguage\":\"ro-RO\"}]}<\/script>\n<!-- \/ Yoast SEO plugin. -->","yoast_head_json":{"title":"Uponor Vario distribuitor S LS - Incalzire in pardoseala Uponor","robots":{"index":"index","follow":"follow","max-snippet":"max-snippet:-1","max-image-preview":"max-image-preview:large","max-video-preview":"max-video-preview:-1"},"canonical":"https:\/\/www.framapesa.ro\/ro\/produs\/uponor-vario-distribuitor-s-ls\/","og_locale":"ro_RO","og_type":"article","og_title":"Uponor Vario distribuitor S LS - Incalzire in pardoseala Uponor","og_description":"Robine\u0163i pe tur pentru \u00eenchidere Retur cu robine\u0163i \u0219i capace &nbsp; Uponor Vario distribuitor S LS 2X3\/4 Euro &#8211; Articol disponibil la cerere, timp de livrare minim 2 s\u0103pt\u0103m\u00e2ni &#8211; Articol disponibil la cerere, timp de livrare minim 2 s\u0103pt\u0103m\u00e2ni Uponor Vario distribuitor S LS 2X3\/4 Euro &#8211; Articol disponibil la cerere, timp de livrare [&hellip;]","og_url":"https:\/\/www.framapesa.ro\/ro\/produs\/uponor-vario-distribuitor-s-ls\/","og_site_name":"Incalzire in pardoseala Uponor","og_image":[{"width":749,"height":881,"url":"https:\/\/www.framapesa.ro\/wp-content\/uploads\/2023\/06\/Uponor-Vario-S.jpg","type":"image\/jpeg"}],"twitter_card":"summary_large_image","twitter_misc":{"Timp estimat pentru citire":"3 minute"},"schema":{"@context":"https:\/\/schema.org","@graph":[{"@type":"WebPage","@id":"https:\/\/www.framapesa.ro\/product\/uponor-vario-distribuitor-s-ls\/","url":"https:\/\/www.framapesa.ro\/product\/uponor-vario-distribuitor-s-ls\/","name":"Uponor Vario distribuitor S LS - Incalzire in pardoseala Uponor","isPartOf":{"@id":"https:\/\/www.framapesa.ro\/#website"},"primaryImageOfPage":{"@id":"https:\/\/www.framapesa.ro\/product\/uponor-vario-distribuitor-s-ls\/#primaryimage"},"image":{"@id":"https:\/\/www.framapesa.ro\/product\/uponor-vario-distribuitor-s-ls\/#primaryimage"},"thumbnailUrl":"https:\/\/www.framapesa.ro\/wp-content\/uploads\/2023\/06\/Uponor-Vario-S.jpg","datePublished":"2023-06-27T09:07:52+00:00","breadcrumb":{"@id":"https:\/\/www.framapesa.ro\/product\/uponor-vario-distribuitor-s-ls\/#breadcrumb"},"inLanguage":"ro-RO","potentialAction":[{"@type":"ReadAction","target":["https:\/\/www.framapesa.ro\/product\/uponor-vario-distribuitor-s-ls\/"]}]},{"@type":"ImageObject","inLanguage":"ro-RO","@id":"https:\/\/www.framapesa.ro\/product\/uponor-vario-distribuitor-s-ls\/#primaryimage","url":"https:\/\/www.framapesa.ro\/wp-content\/uploads\/2023\/06\/Uponor-Vario-S.jpg","contentUrl":"https:\/\/www.framapesa.ro\/wp-content\/uploads\/2023\/06\/Uponor-Vario-S.jpg","width":749,"height":881},{"@type":"BreadcrumbList","@id":"https:\/\/www.framapesa.ro\/product\/uponor-vario-distribuitor-s-ls\/#breadcrumb","itemListElement":[{"@type":"ListItem","position":1,"name":"Prima pagin\u0103","item":"https:\/\/www.framapesa.ro\/"},{"@type":"ListItem","position":2,"name":"Catalog produse","item":"https:\/\/www.framapesa.ro\/catalog-produse\/"},{"@type":"ListItem","position":3,"name":"Uponor Vario distribuitor S LS"}]},{"@type":"WebSite","@id":"https:\/\/www.framapesa.ro\/#website","url":"https:\/\/www.framapesa.ro\/","name":"Incalzire in pardoseala Uponor","description":"","potentialAction":[{"@type":"SearchAction","target":{"@type":"EntryPoint","urlTemplate":"https:\/\/www.framapesa.ro\/?s={search_term_string}"},"query-input":{"@type":"PropertyValueSpecification","valueRequired":true,"valueName":"search_term_string"}}],"inLanguage":"ro-RO"}]}},"_links":{"self":[{"href":"https:\/\/www.framapesa.ro\/ro\/wp-json\/wp\/v2\/product\/2443","targetHints":{"allow":["GET"]}}],"collection":[{"href":"https:\/\/www.framapesa.ro\/ro\/wp-json\/wp\/v2\/product"}],"about":[{"href":"https:\/\/www.framapesa.ro\/ro\/wp-json\/wp\/v2\/types\/product"}],"replies":[{"embeddable":true,"href":"https:\/\/www.framapesa.ro\/ro\/wp-json\/wp\/v2\/comments?post=2443"}],"wp:featuredmedia":[{"embeddable":true,"href":"https:\/\/www.framapesa.ro\/ro\/wp-json\/wp\/v2\/media\/2441"}],"wp:attachment":[{"href":"https:\/\/www.framapesa.ro\/ro\/wp-json\/wp\/v2\/media?parent=2443"}],"wp:term":[{"taxonomy":"product_brand","embeddable":true,"href":"https:\/\/www.framapesa.ro\/ro\/wp-json\/wp\/v2\/product_brand?post=2443"},{"taxonomy":"product_cat","embeddable":true,"href":"https:\/\/www.framapesa.ro\/ro\/wp-json\/wp\/v2\/product_cat?post=2443"},{"taxonomy":"product_tag","embeddable":true,"href":"https:\/\/www.framapesa.ro\/ro\/wp-json\/wp\/v2\/product_tag?post=2443"}],"curies":[{"name":"wp","href":"https:\/\/api.w.org\/{rel}","templated":true}]}}