{"id":2454,"date":"2023-06-27T09:26:49","date_gmt":"2023-06-27T09:26:49","guid":{"rendered":"https:\/\/www.framapesa.ro\/nou\/?post_type=product&#038;p=2454"},"modified":"2023-06-27T09:33:38","modified_gmt":"2023-06-27T09:33:38","slug":"uponor-vario-cutie-distribuitor-iw","status":"publish","type":"product","link":"https:\/\/www.framapesa.ro\/ro\/produs\/uponor-vario-cutie-distribuitor-iw\/","title":{"rendered":"Uponor Vario cutie distribuitor IW"},"content":{"rendered":"<p>Cutie distribuitor cu cadru \u0219i u\u0219\u0103 pentru montaj ascuns<br \/>\nAd\u00e2ncime: 110mm, reglabil\u0103 p\u00e2n\u0103 la 150mm<br \/>\nReglaj pe \u00een\u0103l\u021bime: 730 &#8211; 930mm<br \/>\nGrosime pardoseal\u0103 max. 200mm<br \/>\nMaterial: o\u021bel galvanizat<br \/>\nCuloare alb\u0103 (RAL 9016)<br \/>\n\u00cencuietoare<\/p>\n<p><a href=\"https:\/\/www.framapesa.ro\/nou\/wp-content\/uploads\/2023\/06\/1093473_MIC.jpg\"><img loading=\"lazy\" decoding=\"async\" class=\"alignnone wp-image-2456\" src=\"https:\/\/www.framapesa.ro\/nou\/wp-content\/uploads\/2023\/06\/1093473_MIC.jpg\" alt=\"\" width=\"29\" height=\"50\" srcset=\"https:\/\/www.framapesa.ro\/wp-content\/uploads\/2023\/06\/1093473_MIC.jpg 56w, https:\/\/www.framapesa.ro\/wp-content\/uploads\/2023\/06\/1093473_MIC-7x12.jpg 7w\" sizes=\"auto, (max-width: 29px) 100vw, 29px\" \/><\/a>Uponor Vario cutie distribuitor IW 550x730x110mm<br \/>\n<a href=\"https:\/\/www.framapesa.ro\/nou\/wp-content\/uploads\/2023\/06\/1093473_MIC.jpg\"><img loading=\"lazy\" decoding=\"async\" class=\"alignnone wp-image-2456\" src=\"https:\/\/www.framapesa.ro\/nou\/wp-content\/uploads\/2023\/06\/1093473_MIC.jpg\" alt=\"\" width=\"29\" height=\"50\" srcset=\"https:\/\/www.framapesa.ro\/wp-content\/uploads\/2023\/06\/1093473_MIC.jpg 56w, https:\/\/www.framapesa.ro\/wp-content\/uploads\/2023\/06\/1093473_MIC-7x12.jpg 7w\" sizes=\"auto, (max-width: 29px) 100vw, 29px\" \/><\/a>Uponor Vario cutie distribuitor IW 850x730x110mm<br \/>\n<a href=\"https:\/\/www.framapesa.ro\/nou\/wp-content\/uploads\/2023\/06\/1093473_MIC.jpg\"><img loading=\"lazy\" decoding=\"async\" class=\"alignnone wp-image-2456\" src=\"https:\/\/www.framapesa.ro\/nou\/wp-content\/uploads\/2023\/06\/1093473_MIC.jpg\" alt=\"\" width=\"29\" height=\"50\" srcset=\"https:\/\/www.framapesa.ro\/wp-content\/uploads\/2023\/06\/1093473_MIC.jpg 56w, https:\/\/www.framapesa.ro\/wp-content\/uploads\/2023\/06\/1093473_MIC-7x12.jpg 7w\" sizes=\"auto, (max-width: 29px) 100vw, 29px\" \/><\/a>Uponor Vario cutie distribuitor IW 850x730x110mm<br \/>\n<a href=\"https:\/\/www.framapesa.ro\/nou\/wp-content\/uploads\/2023\/06\/1093473_MIC.jpg\"><img loading=\"lazy\" decoding=\"async\" class=\"alignnone wp-image-2456\" src=\"https:\/\/www.framapesa.ro\/nou\/wp-content\/uploads\/2023\/06\/1093473_MIC.jpg\" alt=\"\" width=\"29\" height=\"50\" srcset=\"https:\/\/www.framapesa.ro\/wp-content\/uploads\/2023\/06\/1093473_MIC.jpg 56w, https:\/\/www.framapesa.ro\/wp-content\/uploads\/2023\/06\/1093473_MIC-7x12.jpg 7w\" sizes=\"auto, (max-width: 29px) 100vw, 29px\" \/><\/a>Uponor Vario cutie distribuitor IW 1000x730x110mm<br \/>\n<a href=\"https:\/\/www.framapesa.ro\/nou\/wp-content\/uploads\/2023\/06\/1093473_MIC.jpg\"><img loading=\"lazy\" decoding=\"async\" class=\"alignnone wp-image-2456\" src=\"https:\/\/www.framapesa.ro\/nou\/wp-content\/uploads\/2023\/06\/1093473_MIC.jpg\" alt=\"\" width=\"29\" height=\"50\" srcset=\"https:\/\/www.framapesa.ro\/wp-content\/uploads\/2023\/06\/1093473_MIC.jpg 56w, https:\/\/www.framapesa.ro\/wp-content\/uploads\/2023\/06\/1093473_MIC-7x12.jpg 7w\" sizes=\"auto, (max-width: 29px) 100vw, 29px\" \/><\/a>Uponor Vario cutie distribuitor IW 1000x730x110mm<br \/>\n<a href=\"https:\/\/www.framapesa.ro\/nou\/wp-content\/uploads\/2023\/06\/1093473_MIC.jpg\"><img loading=\"lazy\" decoding=\"async\" class=\"alignnone wp-image-2456\" src=\"https:\/\/www.framapesa.ro\/nou\/wp-content\/uploads\/2023\/06\/1093473_MIC.jpg\" alt=\"\" width=\"29\" height=\"50\" srcset=\"https:\/\/www.framapesa.ro\/wp-content\/uploads\/2023\/06\/1093473_MIC.jpg 56w, https:\/\/www.framapesa.ro\/wp-content\/uploads\/2023\/06\/1093473_MIC-7x12.jpg 7w\" sizes=\"auto, (max-width: 29px) 100vw, 29px\" \/><\/a>Uponor Vario cutie distribuitor IW 1300x730x110mm<br \/>\n<a href=\"https:\/\/www.framapesa.ro\/nou\/wp-content\/uploads\/2023\/06\/1093473_MIC.jpg\"><img loading=\"lazy\" decoding=\"async\" class=\"alignnone wp-image-2456\" src=\"https:\/\/www.framapesa.ro\/nou\/wp-content\/uploads\/2023\/06\/1093473_MIC.jpg\" alt=\"\" width=\"29\" height=\"50\" srcset=\"https:\/\/www.framapesa.ro\/wp-content\/uploads\/2023\/06\/1093473_MIC.jpg 56w, https:\/\/www.framapesa.ro\/wp-content\/uploads\/2023\/06\/1093473_MIC-7x12.jpg 7w\" sizes=\"auto, (max-width: 29px) 100vw, 29px\" \/><\/a>Uponor Vario cutie distribuitor IW 1300x730x110mm<\/p>","protected":false},"excerpt":{"rendered":"<p>Cutie distribuitor cu cadru \u0219i u\u0219\u0103 pentru montaj ascuns Ad\u00e2ncime: 110mm, reglabil\u0103 p\u00e2n\u0103 la 150mm Reglaj pe \u00een\u0103l\u021bime: 730 &#8211; 930mm Grosime pardoseal\u0103 max. 200mm Material: o\u021bel galvanizat Culoare alb\u0103 (RAL 9016) \u00cencuietoare Uponor Vario cutie distribuitor IW 550x730x110mm Uponor Vario cutie distribuitor IW 850x730x110mm Uponor Vario cutie distribuitor IW 850x730x110mm Uponor Vario cutie distribuitor [&hellip;]<\/p>\n","protected":false},"featured_media":2453,"comment_status":"open","ping_status":"closed","template":"","meta":{"_links_to":"","_links_to_target":""},"product_brand":[],"product_cat":[98],"product_tag":[],"class_list":{"0":"post-2454","1":"product","2":"type-product","3":"status-publish","4":"has-post-thumbnail","6":"product_cat-uponor-vario","8":"first","9":"instock","10":"shipping-taxable","11":"product-type-simple"},"yoast_head":"<!-- This site is optimized with the Yoast SEO plugin v26.9 - https:\/\/yoast.com\/product\/yoast-seo-wordpress\/ -->\n<title>Uponor Vario cutie distribuitor IW - Incalzire in pardoseala Uponor<\/title>\n<meta name=\"robots\" content=\"index, follow, max-snippet:-1, max-image-preview:large, max-video-preview:-1\" \/>\n<link rel=\"canonical\" href=\"https:\/\/www.framapesa.ro\/ro\/produs\/uponor-vario-cutie-distribuitor-iw\/\" \/>\n<meta property=\"og:locale\" content=\"ro_RO\" \/>\n<meta property=\"og:type\" content=\"article\" \/>\n<meta property=\"og:title\" content=\"Uponor Vario cutie distribuitor IW - Incalzire in pardoseala Uponor\" \/>\n<meta property=\"og:description\" content=\"Cutie distribuitor cu cadru \u0219i u\u0219\u0103 pentru montaj ascuns Ad\u00e2ncime: 110mm, reglabil\u0103 p\u00e2n\u0103 la 150mm Reglaj pe \u00een\u0103l\u021bime: 730 &#8211; 930mm Grosime pardoseal\u0103 max. 200mm Material: o\u021bel galvanizat Culoare alb\u0103 (RAL 9016) \u00cencuietoare Uponor Vario cutie distribuitor IW 550x730x110mm Uponor Vario cutie distribuitor IW 850x730x110mm Uponor Vario cutie distribuitor IW 850x730x110mm Uponor Vario cutie distribuitor [&hellip;]\" \/>\n<meta property=\"og:url\" content=\"https:\/\/www.framapesa.ro\/ro\/produs\/uponor-vario-cutie-distribuitor-iw\/\" \/>\n<meta property=\"og:site_name\" content=\"Incalzire in pardoseala Uponor\" \/>\n<meta property=\"article:modified_time\" content=\"2023-06-27T09:33:38+00:00\" \/>\n<meta property=\"og:image\" content=\"https:\/\/www.framapesa.ro\/wp-content\/uploads\/2023\/06\/Uponor-Vario.jpg\" \/>\n\t<meta property=\"og:image:width\" content=\"1006\" \/>\n\t<meta property=\"og:image:height\" content=\"1712\" \/>\n\t<meta property=\"og:image:type\" content=\"image\/jpeg\" \/>\n<meta name=\"twitter:card\" content=\"summary_large_image\" \/>\n<meta name=\"twitter:label1\" content=\"Timp estimat pentru citire\" \/>\n\t<meta name=\"twitter:data1\" content=\"2 minute\" \/>\n<script type=\"application\/ld+json\" class=\"yoast-schema-graph\">{\"@context\":\"https:\/\/schema.org\",\"@graph\":[{\"@type\":\"WebPage\",\"@id\":\"https:\/\/www.framapesa.ro\/product\/uponor-vario-cutie-distribuitor-iw\/\",\"url\":\"https:\/\/www.framapesa.ro\/product\/uponor-vario-cutie-distribuitor-iw\/\",\"name\":\"Uponor Vario cutie distribuitor IW - Incalzire in pardoseala Uponor\",\"isPartOf\":{\"@id\":\"https:\/\/www.framapesa.ro\/#website\"},\"primaryImageOfPage\":{\"@id\":\"https:\/\/www.framapesa.ro\/product\/uponor-vario-cutie-distribuitor-iw\/#primaryimage\"},\"image\":{\"@id\":\"https:\/\/www.framapesa.ro\/product\/uponor-vario-cutie-distribuitor-iw\/#primaryimage\"},\"thumbnailUrl\":\"https:\/\/www.framapesa.ro\/wp-content\/uploads\/2023\/06\/Uponor-Vario.jpg\",\"datePublished\":\"2023-06-27T09:26:49+00:00\",\"dateModified\":\"2023-06-27T09:33:38+00:00\",\"breadcrumb\":{\"@id\":\"https:\/\/www.framapesa.ro\/product\/uponor-vario-cutie-distribuitor-iw\/#breadcrumb\"},\"inLanguage\":\"ro-RO\",\"potentialAction\":[{\"@type\":\"ReadAction\",\"target\":[\"https:\/\/www.framapesa.ro\/product\/uponor-vario-cutie-distribuitor-iw\/\"]}]},{\"@type\":\"ImageObject\",\"inLanguage\":\"ro-RO\",\"@id\":\"https:\/\/www.framapesa.ro\/product\/uponor-vario-cutie-distribuitor-iw\/#primaryimage\",\"url\":\"https:\/\/www.framapesa.ro\/wp-content\/uploads\/2023\/06\/Uponor-Vario.jpg\",\"contentUrl\":\"https:\/\/www.framapesa.ro\/wp-content\/uploads\/2023\/06\/Uponor-Vario.jpg\",\"width\":1006,\"height\":1712,\"caption\":\"Uponor Vario\"},{\"@type\":\"BreadcrumbList\",\"@id\":\"https:\/\/www.framapesa.ro\/product\/uponor-vario-cutie-distribuitor-iw\/#breadcrumb\",\"itemListElement\":[{\"@type\":\"ListItem\",\"position\":1,\"name\":\"Prima pagin\u0103\",\"item\":\"https:\/\/www.framapesa.ro\/\"},{\"@type\":\"ListItem\",\"position\":2,\"name\":\"Catalog produse\",\"item\":\"https:\/\/www.framapesa.ro\/catalog-produse\/\"},{\"@type\":\"ListItem\",\"position\":3,\"name\":\"Uponor Vario cutie distribuitor IW\"}]},{\"@type\":\"WebSite\",\"@id\":\"https:\/\/www.framapesa.ro\/#website\",\"url\":\"https:\/\/www.framapesa.ro\/\",\"name\":\"Incalzire in pardoseala Uponor\",\"description\":\"\",\"potentialAction\":[{\"@type\":\"SearchAction\",\"target\":{\"@type\":\"EntryPoint\",\"urlTemplate\":\"https:\/\/www.framapesa.ro\/?s={search_term_string}\"},\"query-input\":{\"@type\":\"PropertyValueSpecification\",\"valueRequired\":true,\"valueName\":\"search_term_string\"}}],\"inLanguage\":\"ro-RO\"}]}<\/script>\n<!-- \/ Yoast SEO plugin. -->","yoast_head_json":{"title":"Uponor Vario cutie distribuitor IW - Incalzire in pardoseala Uponor","robots":{"index":"index","follow":"follow","max-snippet":"max-snippet:-1","max-image-preview":"max-image-preview:large","max-video-preview":"max-video-preview:-1"},"canonical":"https:\/\/www.framapesa.ro\/ro\/produs\/uponor-vario-cutie-distribuitor-iw\/","og_locale":"ro_RO","og_type":"article","og_title":"Uponor Vario cutie distribuitor IW - Incalzire in pardoseala Uponor","og_description":"Cutie distribuitor cu cadru \u0219i u\u0219\u0103 pentru montaj ascuns Ad\u00e2ncime: 110mm, reglabil\u0103 p\u00e2n\u0103 la 150mm Reglaj pe \u00een\u0103l\u021bime: 730 &#8211; 930mm Grosime pardoseal\u0103 max. 200mm Material: o\u021bel galvanizat Culoare alb\u0103 (RAL 9016) \u00cencuietoare Uponor Vario cutie distribuitor IW 550x730x110mm Uponor Vario cutie distribuitor IW 850x730x110mm Uponor Vario cutie distribuitor IW 850x730x110mm Uponor Vario cutie distribuitor [&hellip;]","og_url":"https:\/\/www.framapesa.ro\/ro\/produs\/uponor-vario-cutie-distribuitor-iw\/","og_site_name":"Incalzire in pardoseala Uponor","article_modified_time":"2023-06-27T09:33:38+00:00","og_image":[{"width":1006,"height":1712,"url":"https:\/\/www.framapesa.ro\/wp-content\/uploads\/2023\/06\/Uponor-Vario.jpg","type":"image\/jpeg"}],"twitter_card":"summary_large_image","twitter_misc":{"Timp estimat pentru citire":"2 minute"},"schema":{"@context":"https:\/\/schema.org","@graph":[{"@type":"WebPage","@id":"https:\/\/www.framapesa.ro\/product\/uponor-vario-cutie-distribuitor-iw\/","url":"https:\/\/www.framapesa.ro\/product\/uponor-vario-cutie-distribuitor-iw\/","name":"Uponor Vario cutie distribuitor IW - Incalzire in pardoseala Uponor","isPartOf":{"@id":"https:\/\/www.framapesa.ro\/#website"},"primaryImageOfPage":{"@id":"https:\/\/www.framapesa.ro\/product\/uponor-vario-cutie-distribuitor-iw\/#primaryimage"},"image":{"@id":"https:\/\/www.framapesa.ro\/product\/uponor-vario-cutie-distribuitor-iw\/#primaryimage"},"thumbnailUrl":"https:\/\/www.framapesa.ro\/wp-content\/uploads\/2023\/06\/Uponor-Vario.jpg","datePublished":"2023-06-27T09:26:49+00:00","dateModified":"2023-06-27T09:33:38+00:00","breadcrumb":{"@id":"https:\/\/www.framapesa.ro\/product\/uponor-vario-cutie-distribuitor-iw\/#breadcrumb"},"inLanguage":"ro-RO","potentialAction":[{"@type":"ReadAction","target":["https:\/\/www.framapesa.ro\/product\/uponor-vario-cutie-distribuitor-iw\/"]}]},{"@type":"ImageObject","inLanguage":"ro-RO","@id":"https:\/\/www.framapesa.ro\/product\/uponor-vario-cutie-distribuitor-iw\/#primaryimage","url":"https:\/\/www.framapesa.ro\/wp-content\/uploads\/2023\/06\/Uponor-Vario.jpg","contentUrl":"https:\/\/www.framapesa.ro\/wp-content\/uploads\/2023\/06\/Uponor-Vario.jpg","width":1006,"height":1712,"caption":"Uponor Vario"},{"@type":"BreadcrumbList","@id":"https:\/\/www.framapesa.ro\/product\/uponor-vario-cutie-distribuitor-iw\/#breadcrumb","itemListElement":[{"@type":"ListItem","position":1,"name":"Prima pagin\u0103","item":"https:\/\/www.framapesa.ro\/"},{"@type":"ListItem","position":2,"name":"Catalog produse","item":"https:\/\/www.framapesa.ro\/catalog-produse\/"},{"@type":"ListItem","position":3,"name":"Uponor Vario cutie distribuitor IW"}]},{"@type":"WebSite","@id":"https:\/\/www.framapesa.ro\/#website","url":"https:\/\/www.framapesa.ro\/","name":"Incalzire in pardoseala Uponor","description":"","potentialAction":[{"@type":"SearchAction","target":{"@type":"EntryPoint","urlTemplate":"https:\/\/www.framapesa.ro\/?s={search_term_string}"},"query-input":{"@type":"PropertyValueSpecification","valueRequired":true,"valueName":"search_term_string"}}],"inLanguage":"ro-RO"}]}},"_links":{"self":[{"href":"https:\/\/www.framapesa.ro\/ro\/wp-json\/wp\/v2\/product\/2454","targetHints":{"allow":["GET"]}}],"collection":[{"href":"https:\/\/www.framapesa.ro\/ro\/wp-json\/wp\/v2\/product"}],"about":[{"href":"https:\/\/www.framapesa.ro\/ro\/wp-json\/wp\/v2\/types\/product"}],"replies":[{"embeddable":true,"href":"https:\/\/www.framapesa.ro\/ro\/wp-json\/wp\/v2\/comments?post=2454"}],"wp:featuredmedia":[{"embeddable":true,"href":"https:\/\/www.framapesa.ro\/ro\/wp-json\/wp\/v2\/media\/2453"}],"wp:attachment":[{"href":"https:\/\/www.framapesa.ro\/ro\/wp-json\/wp\/v2\/media?parent=2454"}],"wp:term":[{"taxonomy":"product_brand","embeddable":true,"href":"https:\/\/www.framapesa.ro\/ro\/wp-json\/wp\/v2\/product_brand?post=2454"},{"taxonomy":"product_cat","embeddable":true,"href":"https:\/\/www.framapesa.ro\/ro\/wp-json\/wp\/v2\/product_cat?post=2454"},{"taxonomy":"product_tag","embeddable":true,"href":"https:\/\/www.framapesa.ro\/ro\/wp-json\/wp\/v2\/product_tag?post=2454"}],"curies":[{"name":"wp","href":"https:\/\/api.w.org\/{rel}","templated":true}]}}