{"id":2466,"date":"2023-06-27T11:35:29","date_gmt":"2023-06-27T11:35:29","guid":{"rendered":"https:\/\/www.framapesa.ro\/nou\/?post_type=product&#038;p=2466"},"modified":"2023-06-27T11:36:59","modified_gmt":"2023-06-27T11:36:59","slug":"uponor-minitec-placa-suport-autoadeziva","status":"publish","type":"product","link":"https:\/\/www.framapesa.ro\/ro\/produs\/uponor-minitec-placa-suport-autoadeziva\/","title":{"rendered":"Uponor Minitec plac\u0103 suport autoadeziv\u0103"},"content":{"rendered":"<p>Plac\u0103 suport autoadeziv\u0103 pentru \u021bevi; placa Minitec este perforat\u0103 pentru instalare \u00eentre podea \u0219i \u0219ap\u0103; cu spate autoadeziv pentru fixarea corect\u0103 a \u0219apei \u0219i a pardoselilor cu gresie.<\/p>\n<h3 class=\"StyledName-sc-i79icp StyledProductName-sc-9lf4g2 jHHDOi\"><a href=\"https:\/\/www.framapesa.ro\/nou\/wp-content\/uploads\/2023\/06\/radiant-heating-and-cooling-systems-minitec-d.jpg\"><img loading=\"lazy\" decoding=\"async\" class=\"alignnone wp-image-2465\" src=\"https:\/\/www.framapesa.ro\/nou\/wp-content\/uploads\/2023\/06\/radiant-heating-and-cooling-systems-minitec-d-300x187.jpg\" alt=\"\" width=\"50\" height=\"31\" srcset=\"https:\/\/www.framapesa.ro\/wp-content\/uploads\/2023\/06\/radiant-heating-and-cooling-systems-minitec-d-300x187.jpg 300w, https:\/\/www.framapesa.ro\/wp-content\/uploads\/2023\/06\/radiant-heating-and-cooling-systems-minitec-d-18x12.jpg 18w, https:\/\/www.framapesa.ro\/wp-content\/uploads\/2023\/06\/radiant-heating-and-cooling-systems-minitec-d.jpg 510w\" sizes=\"auto, (max-width: 50px) 100vw, 50px\" \/><\/a> Uponor Minitec plac\u0103 suport autoadeziv\u0103 15,4m2 9,9&#215;1,1 1100x700x12mm<\/h3>","protected":false},"excerpt":{"rendered":"<p>Plac\u0103 suport autoadeziv\u0103 pentru \u021bevi; placa Minitec este perforat\u0103 pentru instalare \u00eentre podea \u0219i \u0219ap\u0103; cu spate autoadeziv pentru fixarea corect\u0103 a \u0219apei \u0219i a pardoselilor cu gresie. Uponor Minitec plac\u0103 suport autoadeziv\u0103 15,4m2 9,9&#215;1,1 1100x700x12mm<\/p>","protected":false},"featured_media":2465,"comment_status":"open","ping_status":"closed","template":"","meta":{"_links_to":"","_links_to_target":""},"product_brand":[],"product_cat":[100],"product_tag":[],"class_list":{"0":"post-2466","1":"product","2":"type-product","3":"status-publish","4":"has-post-thumbnail","6":"product_cat-uponor-minitec-uponor-minitec","8":"first","9":"instock","10":"shipping-taxable","11":"product-type-simple"},"yoast_head":"<!-- This site is optimized with the Yoast SEO plugin v26.9 - https:\/\/yoast.com\/product\/yoast-seo-wordpress\/ -->\n<title>Uponor Minitec plac\u0103 suport autoadeziv\u0103 - Incalzire in pardoseala Uponor<\/title>\n<meta name=\"robots\" content=\"index, follow, max-snippet:-1, max-image-preview:large, max-video-preview:-1\" \/>\n<link rel=\"canonical\" href=\"https:\/\/www.framapesa.ro\/ro\/produs\/uponor-minitec-placa-suport-autoadeziva\/\" \/>\n<meta property=\"og:locale\" content=\"ro_RO\" \/>\n<meta property=\"og:type\" content=\"article\" \/>\n<meta property=\"og:title\" content=\"Uponor Minitec plac\u0103 suport autoadeziv\u0103 - Incalzire in pardoseala Uponor\" \/>\n<meta property=\"og:description\" content=\"Plac\u0103 suport autoadeziv\u0103 pentru \u021bevi; placa Minitec este perforat\u0103 pentru instalare \u00eentre podea \u0219i \u0219ap\u0103; cu spate autoadeziv pentru fixarea corect\u0103 a \u0219apei \u0219i a pardoselilor cu gresie. Uponor Minitec plac\u0103 suport autoadeziv\u0103 15,4m2 9,9&#215;1,1 1100x700x12mm\" \/>\n<meta property=\"og:url\" content=\"https:\/\/www.framapesa.ro\/ro\/produs\/uponor-minitec-placa-suport-autoadeziva\/\" \/>\n<meta property=\"og:site_name\" content=\"Incalzire in pardoseala Uponor\" \/>\n<meta property=\"article:modified_time\" content=\"2023-06-27T11:36:59+00:00\" \/>\n<meta property=\"og:image\" content=\"https:\/\/www.framapesa.ro\/wp-content\/uploads\/2023\/06\/radiant-heating-and-cooling-systems-minitec-d.jpg\" \/>\n\t<meta property=\"og:image:width\" content=\"510\" \/>\n\t<meta property=\"og:image:height\" content=\"318\" \/>\n\t<meta property=\"og:image:type\" content=\"image\/jpeg\" \/>\n<meta name=\"twitter:card\" content=\"summary_large_image\" \/>\n<meta name=\"twitter:label1\" content=\"Timp estimat pentru citire\" \/>\n\t<meta name=\"twitter:data1\" content=\"1 minut\" \/>\n<script type=\"application\/ld+json\" class=\"yoast-schema-graph\">{\"@context\":\"https:\/\/schema.org\",\"@graph\":[{\"@type\":\"WebPage\",\"@id\":\"https:\/\/www.framapesa.ro\/product\/uponor-minitec-placa-suport-autoadeziva\/\",\"url\":\"https:\/\/www.framapesa.ro\/product\/uponor-minitec-placa-suport-autoadeziva\/\",\"name\":\"Uponor Minitec plac\u0103 suport autoadeziv\u0103 - Incalzire in pardoseala Uponor\",\"isPartOf\":{\"@id\":\"https:\/\/www.framapesa.ro\/#website\"},\"primaryImageOfPage\":{\"@id\":\"https:\/\/www.framapesa.ro\/product\/uponor-minitec-placa-suport-autoadeziva\/#primaryimage\"},\"image\":{\"@id\":\"https:\/\/www.framapesa.ro\/product\/uponor-minitec-placa-suport-autoadeziva\/#primaryimage\"},\"thumbnailUrl\":\"https:\/\/www.framapesa.ro\/wp-content\/uploads\/2023\/06\/radiant-heating-and-cooling-systems-minitec-d.jpg\",\"datePublished\":\"2023-06-27T11:35:29+00:00\",\"dateModified\":\"2023-06-27T11:36:59+00:00\",\"breadcrumb\":{\"@id\":\"https:\/\/www.framapesa.ro\/product\/uponor-minitec-placa-suport-autoadeziva\/#breadcrumb\"},\"inLanguage\":\"ro-RO\",\"potentialAction\":[{\"@type\":\"ReadAction\",\"target\":[\"https:\/\/www.framapesa.ro\/product\/uponor-minitec-placa-suport-autoadeziva\/\"]}]},{\"@type\":\"ImageObject\",\"inLanguage\":\"ro-RO\",\"@id\":\"https:\/\/www.framapesa.ro\/product\/uponor-minitec-placa-suport-autoadeziva\/#primaryimage\",\"url\":\"https:\/\/www.framapesa.ro\/wp-content\/uploads\/2023\/06\/radiant-heating-and-cooling-systems-minitec-d.jpg\",\"contentUrl\":\"https:\/\/www.framapesa.ro\/wp-content\/uploads\/2023\/06\/radiant-heating-and-cooling-systems-minitec-d.jpg\",\"width\":510,\"height\":318},{\"@type\":\"BreadcrumbList\",\"@id\":\"https:\/\/www.framapesa.ro\/product\/uponor-minitec-placa-suport-autoadeziva\/#breadcrumb\",\"itemListElement\":[{\"@type\":\"ListItem\",\"position\":1,\"name\":\"Prima pagin\u0103\",\"item\":\"https:\/\/www.framapesa.ro\/\"},{\"@type\":\"ListItem\",\"position\":2,\"name\":\"Catalog produse\",\"item\":\"https:\/\/www.framapesa.ro\/catalog-produse\/\"},{\"@type\":\"ListItem\",\"position\":3,\"name\":\"Uponor Minitec plac\u0103 suport autoadeziv\u0103\"}]},{\"@type\":\"WebSite\",\"@id\":\"https:\/\/www.framapesa.ro\/#website\",\"url\":\"https:\/\/www.framapesa.ro\/\",\"name\":\"Incalzire in pardoseala Uponor\",\"description\":\"\",\"potentialAction\":[{\"@type\":\"SearchAction\",\"target\":{\"@type\":\"EntryPoint\",\"urlTemplate\":\"https:\/\/www.framapesa.ro\/?s={search_term_string}\"},\"query-input\":{\"@type\":\"PropertyValueSpecification\",\"valueRequired\":true,\"valueName\":\"search_term_string\"}}],\"inLanguage\":\"ro-RO\"}]}<\/script>\n<!-- \/ Yoast SEO plugin. -->","yoast_head_json":{"title":"Uponor Minitec plac\u0103 suport autoadeziv\u0103 - Incalzire in pardoseala Uponor","robots":{"index":"index","follow":"follow","max-snippet":"max-snippet:-1","max-image-preview":"max-image-preview:large","max-video-preview":"max-video-preview:-1"},"canonical":"https:\/\/www.framapesa.ro\/ro\/produs\/uponor-minitec-placa-suport-autoadeziva\/","og_locale":"ro_RO","og_type":"article","og_title":"Uponor Minitec plac\u0103 suport autoadeziv\u0103 - Incalzire in pardoseala Uponor","og_description":"Plac\u0103 suport autoadeziv\u0103 pentru \u021bevi; placa Minitec este perforat\u0103 pentru instalare \u00eentre podea \u0219i \u0219ap\u0103; cu spate autoadeziv pentru fixarea corect\u0103 a \u0219apei \u0219i a pardoselilor cu gresie. Uponor Minitec plac\u0103 suport autoadeziv\u0103 15,4m2 9,9&#215;1,1 1100x700x12mm","og_url":"https:\/\/www.framapesa.ro\/ro\/produs\/uponor-minitec-placa-suport-autoadeziva\/","og_site_name":"Incalzire in pardoseala Uponor","article_modified_time":"2023-06-27T11:36:59+00:00","og_image":[{"width":510,"height":318,"url":"https:\/\/www.framapesa.ro\/wp-content\/uploads\/2023\/06\/radiant-heating-and-cooling-systems-minitec-d.jpg","type":"image\/jpeg"}],"twitter_card":"summary_large_image","twitter_misc":{"Timp estimat pentru citire":"1 minut"},"schema":{"@context":"https:\/\/schema.org","@graph":[{"@type":"WebPage","@id":"https:\/\/www.framapesa.ro\/product\/uponor-minitec-placa-suport-autoadeziva\/","url":"https:\/\/www.framapesa.ro\/product\/uponor-minitec-placa-suport-autoadeziva\/","name":"Uponor Minitec plac\u0103 suport autoadeziv\u0103 - Incalzire in pardoseala Uponor","isPartOf":{"@id":"https:\/\/www.framapesa.ro\/#website"},"primaryImageOfPage":{"@id":"https:\/\/www.framapesa.ro\/product\/uponor-minitec-placa-suport-autoadeziva\/#primaryimage"},"image":{"@id":"https:\/\/www.framapesa.ro\/product\/uponor-minitec-placa-suport-autoadeziva\/#primaryimage"},"thumbnailUrl":"https:\/\/www.framapesa.ro\/wp-content\/uploads\/2023\/06\/radiant-heating-and-cooling-systems-minitec-d.jpg","datePublished":"2023-06-27T11:35:29+00:00","dateModified":"2023-06-27T11:36:59+00:00","breadcrumb":{"@id":"https:\/\/www.framapesa.ro\/product\/uponor-minitec-placa-suport-autoadeziva\/#breadcrumb"},"inLanguage":"ro-RO","potentialAction":[{"@type":"ReadAction","target":["https:\/\/www.framapesa.ro\/product\/uponor-minitec-placa-suport-autoadeziva\/"]}]},{"@type":"ImageObject","inLanguage":"ro-RO","@id":"https:\/\/www.framapesa.ro\/product\/uponor-minitec-placa-suport-autoadeziva\/#primaryimage","url":"https:\/\/www.framapesa.ro\/wp-content\/uploads\/2023\/06\/radiant-heating-and-cooling-systems-minitec-d.jpg","contentUrl":"https:\/\/www.framapesa.ro\/wp-content\/uploads\/2023\/06\/radiant-heating-and-cooling-systems-minitec-d.jpg","width":510,"height":318},{"@type":"BreadcrumbList","@id":"https:\/\/www.framapesa.ro\/product\/uponor-minitec-placa-suport-autoadeziva\/#breadcrumb","itemListElement":[{"@type":"ListItem","position":1,"name":"Prima pagin\u0103","item":"https:\/\/www.framapesa.ro\/"},{"@type":"ListItem","position":2,"name":"Catalog produse","item":"https:\/\/www.framapesa.ro\/catalog-produse\/"},{"@type":"ListItem","position":3,"name":"Uponor Minitec plac\u0103 suport autoadeziv\u0103"}]},{"@type":"WebSite","@id":"https:\/\/www.framapesa.ro\/#website","url":"https:\/\/www.framapesa.ro\/","name":"Incalzire in pardoseala Uponor","description":"","potentialAction":[{"@type":"SearchAction","target":{"@type":"EntryPoint","urlTemplate":"https:\/\/www.framapesa.ro\/?s={search_term_string}"},"query-input":{"@type":"PropertyValueSpecification","valueRequired":true,"valueName":"search_term_string"}}],"inLanguage":"ro-RO"}]}},"_links":{"self":[{"href":"https:\/\/www.framapesa.ro\/ro\/wp-json\/wp\/v2\/product\/2466","targetHints":{"allow":["GET"]}}],"collection":[{"href":"https:\/\/www.framapesa.ro\/ro\/wp-json\/wp\/v2\/product"}],"about":[{"href":"https:\/\/www.framapesa.ro\/ro\/wp-json\/wp\/v2\/types\/product"}],"replies":[{"embeddable":true,"href":"https:\/\/www.framapesa.ro\/ro\/wp-json\/wp\/v2\/comments?post=2466"}],"wp:featuredmedia":[{"embeddable":true,"href":"https:\/\/www.framapesa.ro\/ro\/wp-json\/wp\/v2\/media\/2465"}],"wp:attachment":[{"href":"https:\/\/www.framapesa.ro\/ro\/wp-json\/wp\/v2\/media?parent=2466"}],"wp:term":[{"taxonomy":"product_brand","embeddable":true,"href":"https:\/\/www.framapesa.ro\/ro\/wp-json\/wp\/v2\/product_brand?post=2466"},{"taxonomy":"product_cat","embeddable":true,"href":"https:\/\/www.framapesa.ro\/ro\/wp-json\/wp\/v2\/product_cat?post=2466"},{"taxonomy":"product_tag","embeddable":true,"href":"https:\/\/www.framapesa.ro\/ro\/wp-json\/wp\/v2\/product_tag?post=2466"}],"curies":[{"name":"wp","href":"https:\/\/api.w.org\/{rel}","templated":true}]}}