{"id":2470,"date":"2023-06-28T04:24:37","date_gmt":"2023-06-28T04:24:37","guid":{"rendered":"https:\/\/www.framapesa.ro\/nou\/?post_type=product&#038;p=2470"},"modified":"2023-06-28T04:24:38","modified_gmt":"2023-06-28T04:24:38","slug":"uponor-nubos-placa-cu-nuturi-see","status":"publish","type":"product","link":"https:\/\/www.framapesa.ro\/ro\/produs\/uponor-nubos-placa-cu-nuturi-see\/","title":{"rendered":"Uponor Nubos plac\u0103 cu nuturi SEE"},"content":{"rendered":"<p>Plac\u0103 cu nuturi cu termoizola\u021bie EPS (f\u0103r\u0103 HBCD)<br \/>\nPentru fixare \u021bevi cu dimensiuni 14-17mm.<br \/>\nPentru distan\u021ba dintre \u021bevi \u00een cm: 10, 15, 20, 25, 30.<br \/>\nEN 13501-1 clasificare la incendiu: clasa E.<br \/>\nSarcin\u0103 maxim\u0103 distribuit\u0103: 30 kN\/m\u00b2<\/p>\n<p><a href=\"https:\/\/www.framapesa.ro\/nou\/wp-content\/uploads\/2023\/06\/1120901_REN.jpg\"><img loading=\"lazy\" decoding=\"async\" class=\"alignnone wp-image-2471\" src=\"https:\/\/www.framapesa.ro\/nou\/wp-content\/uploads\/2023\/06\/1120901_REN-300x121.jpg\" alt=\"Uponor Nubos plac\u0103 cu nuturi SEE\" width=\"50\" height=\"20\" srcset=\"https:\/\/www.framapesa.ro\/wp-content\/uploads\/2023\/06\/1120901_REN-300x121.jpg 300w, https:\/\/www.framapesa.ro\/wp-content\/uploads\/2023\/06\/1120901_REN-1024x412.jpg 1024w, https:\/\/www.framapesa.ro\/wp-content\/uploads\/2023\/06\/1120901_REN-768x309.jpg 768w, https:\/\/www.framapesa.ro\/wp-content\/uploads\/2023\/06\/1120901_REN-1536x618.jpg 1536w, https:\/\/www.framapesa.ro\/wp-content\/uploads\/2023\/06\/1120901_REN-2048x823.jpg 2048w, https:\/\/www.framapesa.ro\/wp-content\/uploads\/2023\/06\/1120901_REN-18x7.jpg 18w, https:\/\/www.framapesa.ro\/wp-content\/uploads\/2023\/06\/1120901_REN-600x241.jpg 600w\" sizes=\"auto, (max-width: 50px) 100vw, 50px\" \/><\/a>Uponor Nubos plac\u0103 cu nuturi SEE 18mm<\/p>","protected":false},"excerpt":{"rendered":"<p>Plac\u0103 cu nuturi cu termoizola\u021bie EPS (f\u0103r\u0103 HBCD) Pentru fixare \u021bevi cu dimensiuni 14-17mm. Pentru distan\u021ba dintre \u021bevi \u00een cm: 10, 15, 20, 25, 30. EN 13501-1 clasificare la incendiu: clasa E. Sarcin\u0103 maxim\u0103 distribuit\u0103: 30 kN\/m\u00b2 Uponor Nubos plac\u0103 cu nuturi SEE 18mm<\/p>","protected":false},"featured_media":2471,"comment_status":"open","ping_status":"closed","template":"","meta":{"_links_to":"","_links_to_target":""},"product_brand":[],"product_cat":[102],"product_tag":[],"class_list":{"0":"post-2470","1":"product","2":"type-product","3":"status-publish","4":"has-post-thumbnail","6":"product_cat-uponor-nubos","8":"first","9":"instock","10":"shipping-taxable","11":"product-type-simple"},"yoast_head":"<!-- This site is optimized with the Yoast SEO plugin v26.9 - https:\/\/yoast.com\/product\/yoast-seo-wordpress\/ -->\n<title>Uponor Nubos plac\u0103 cu nuturi SEE - Incalzire in pardoseala Uponor<\/title>\n<meta name=\"robots\" content=\"index, follow, max-snippet:-1, max-image-preview:large, max-video-preview:-1\" \/>\n<link rel=\"canonical\" href=\"https:\/\/www.framapesa.ro\/ro\/produs\/uponor-nubos-placa-cu-nuturi-see\/\" \/>\n<meta property=\"og:locale\" content=\"ro_RO\" \/>\n<meta property=\"og:type\" content=\"article\" \/>\n<meta property=\"og:title\" content=\"Uponor Nubos plac\u0103 cu nuturi SEE - Incalzire in pardoseala Uponor\" \/>\n<meta property=\"og:description\" content=\"Plac\u0103 cu nuturi cu termoizola\u021bie EPS (f\u0103r\u0103 HBCD) Pentru fixare \u021bevi cu dimensiuni 14-17mm. Pentru distan\u021ba dintre \u021bevi \u00een cm: 10, 15, 20, 25, 30. EN 13501-1 clasificare la incendiu: clasa E. Sarcin\u0103 maxim\u0103 distribuit\u0103: 30 kN\/m\u00b2 Uponor Nubos plac\u0103 cu nuturi SEE 18mm\" \/>\n<meta property=\"og:url\" content=\"https:\/\/www.framapesa.ro\/ro\/produs\/uponor-nubos-placa-cu-nuturi-see\/\" \/>\n<meta property=\"og:site_name\" content=\"Incalzire in pardoseala Uponor\" \/>\n<meta property=\"article:modified_time\" content=\"2023-06-28T04:24:38+00:00\" \/>\n<meta property=\"og:image\" content=\"https:\/\/www.framapesa.ro\/wp-content\/uploads\/2023\/06\/1120901_REN.jpg\" \/>\n\t<meta property=\"og:image:width\" content=\"2191\" \/>\n\t<meta property=\"og:image:height\" content=\"881\" \/>\n\t<meta property=\"og:image:type\" content=\"image\/jpeg\" \/>\n<meta name=\"twitter:card\" content=\"summary_large_image\" \/>\n<meta name=\"twitter:label1\" content=\"Timp estimat pentru citire\" \/>\n\t<meta name=\"twitter:data1\" content=\"1 minut\" \/>\n<script type=\"application\/ld+json\" class=\"yoast-schema-graph\">{\"@context\":\"https:\/\/schema.org\",\"@graph\":[{\"@type\":\"WebPage\",\"@id\":\"https:\/\/www.framapesa.ro\/product\/uponor-nubos-placa-cu-nuturi-see\/\",\"url\":\"https:\/\/www.framapesa.ro\/product\/uponor-nubos-placa-cu-nuturi-see\/\",\"name\":\"Uponor Nubos plac\u0103 cu nuturi SEE - Incalzire in pardoseala Uponor\",\"isPartOf\":{\"@id\":\"https:\/\/www.framapesa.ro\/#website\"},\"primaryImageOfPage\":{\"@id\":\"https:\/\/www.framapesa.ro\/product\/uponor-nubos-placa-cu-nuturi-see\/#primaryimage\"},\"image\":{\"@id\":\"https:\/\/www.framapesa.ro\/product\/uponor-nubos-placa-cu-nuturi-see\/#primaryimage\"},\"thumbnailUrl\":\"https:\/\/www.framapesa.ro\/wp-content\/uploads\/2023\/06\/1120901_REN.jpg\",\"datePublished\":\"2023-06-28T04:24:37+00:00\",\"dateModified\":\"2023-06-28T04:24:38+00:00\",\"breadcrumb\":{\"@id\":\"https:\/\/www.framapesa.ro\/product\/uponor-nubos-placa-cu-nuturi-see\/#breadcrumb\"},\"inLanguage\":\"ro-RO\",\"potentialAction\":[{\"@type\":\"ReadAction\",\"target\":[\"https:\/\/www.framapesa.ro\/product\/uponor-nubos-placa-cu-nuturi-see\/\"]}]},{\"@type\":\"ImageObject\",\"inLanguage\":\"ro-RO\",\"@id\":\"https:\/\/www.framapesa.ro\/product\/uponor-nubos-placa-cu-nuturi-see\/#primaryimage\",\"url\":\"https:\/\/www.framapesa.ro\/wp-content\/uploads\/2023\/06\/1120901_REN.jpg\",\"contentUrl\":\"https:\/\/www.framapesa.ro\/wp-content\/uploads\/2023\/06\/1120901_REN.jpg\",\"width\":2191,\"height\":881,\"caption\":\"Uponor Nubos plac\u0103 cu nuturi SEE\"},{\"@type\":\"BreadcrumbList\",\"@id\":\"https:\/\/www.framapesa.ro\/product\/uponor-nubos-placa-cu-nuturi-see\/#breadcrumb\",\"itemListElement\":[{\"@type\":\"ListItem\",\"position\":1,\"name\":\"Prima pagin\u0103\",\"item\":\"https:\/\/www.framapesa.ro\/\"},{\"@type\":\"ListItem\",\"position\":2,\"name\":\"Catalog produse\",\"item\":\"https:\/\/www.framapesa.ro\/catalog-produse\/\"},{\"@type\":\"ListItem\",\"position\":3,\"name\":\"Uponor Nubos plac\u0103 cu nuturi SEE\"}]},{\"@type\":\"WebSite\",\"@id\":\"https:\/\/www.framapesa.ro\/#website\",\"url\":\"https:\/\/www.framapesa.ro\/\",\"name\":\"Incalzire in pardoseala Uponor\",\"description\":\"\",\"potentialAction\":[{\"@type\":\"SearchAction\",\"target\":{\"@type\":\"EntryPoint\",\"urlTemplate\":\"https:\/\/www.framapesa.ro\/?s={search_term_string}\"},\"query-input\":{\"@type\":\"PropertyValueSpecification\",\"valueRequired\":true,\"valueName\":\"search_term_string\"}}],\"inLanguage\":\"ro-RO\"}]}<\/script>\n<!-- \/ Yoast SEO plugin. -->","yoast_head_json":{"title":"Uponor Nubos plac\u0103 cu nuturi SEE - Incalzire in pardoseala Uponor","robots":{"index":"index","follow":"follow","max-snippet":"max-snippet:-1","max-image-preview":"max-image-preview:large","max-video-preview":"max-video-preview:-1"},"canonical":"https:\/\/www.framapesa.ro\/ro\/produs\/uponor-nubos-placa-cu-nuturi-see\/","og_locale":"ro_RO","og_type":"article","og_title":"Uponor Nubos plac\u0103 cu nuturi SEE - Incalzire in pardoseala Uponor","og_description":"Plac\u0103 cu nuturi cu termoizola\u021bie EPS (f\u0103r\u0103 HBCD) Pentru fixare \u021bevi cu dimensiuni 14-17mm. Pentru distan\u021ba dintre \u021bevi \u00een cm: 10, 15, 20, 25, 30. EN 13501-1 clasificare la incendiu: clasa E. Sarcin\u0103 maxim\u0103 distribuit\u0103: 30 kN\/m\u00b2 Uponor Nubos plac\u0103 cu nuturi SEE 18mm","og_url":"https:\/\/www.framapesa.ro\/ro\/produs\/uponor-nubos-placa-cu-nuturi-see\/","og_site_name":"Incalzire in pardoseala Uponor","article_modified_time":"2023-06-28T04:24:38+00:00","og_image":[{"width":2191,"height":881,"url":"https:\/\/www.framapesa.ro\/wp-content\/uploads\/2023\/06\/1120901_REN.jpg","type":"image\/jpeg"}],"twitter_card":"summary_large_image","twitter_misc":{"Timp estimat pentru citire":"1 minut"},"schema":{"@context":"https:\/\/schema.org","@graph":[{"@type":"WebPage","@id":"https:\/\/www.framapesa.ro\/product\/uponor-nubos-placa-cu-nuturi-see\/","url":"https:\/\/www.framapesa.ro\/product\/uponor-nubos-placa-cu-nuturi-see\/","name":"Uponor Nubos plac\u0103 cu nuturi SEE - Incalzire in pardoseala Uponor","isPartOf":{"@id":"https:\/\/www.framapesa.ro\/#website"},"primaryImageOfPage":{"@id":"https:\/\/www.framapesa.ro\/product\/uponor-nubos-placa-cu-nuturi-see\/#primaryimage"},"image":{"@id":"https:\/\/www.framapesa.ro\/product\/uponor-nubos-placa-cu-nuturi-see\/#primaryimage"},"thumbnailUrl":"https:\/\/www.framapesa.ro\/wp-content\/uploads\/2023\/06\/1120901_REN.jpg","datePublished":"2023-06-28T04:24:37+00:00","dateModified":"2023-06-28T04:24:38+00:00","breadcrumb":{"@id":"https:\/\/www.framapesa.ro\/product\/uponor-nubos-placa-cu-nuturi-see\/#breadcrumb"},"inLanguage":"ro-RO","potentialAction":[{"@type":"ReadAction","target":["https:\/\/www.framapesa.ro\/product\/uponor-nubos-placa-cu-nuturi-see\/"]}]},{"@type":"ImageObject","inLanguage":"ro-RO","@id":"https:\/\/www.framapesa.ro\/product\/uponor-nubos-placa-cu-nuturi-see\/#primaryimage","url":"https:\/\/www.framapesa.ro\/wp-content\/uploads\/2023\/06\/1120901_REN.jpg","contentUrl":"https:\/\/www.framapesa.ro\/wp-content\/uploads\/2023\/06\/1120901_REN.jpg","width":2191,"height":881,"caption":"Uponor Nubos plac\u0103 cu nuturi SEE"},{"@type":"BreadcrumbList","@id":"https:\/\/www.framapesa.ro\/product\/uponor-nubos-placa-cu-nuturi-see\/#breadcrumb","itemListElement":[{"@type":"ListItem","position":1,"name":"Prima pagin\u0103","item":"https:\/\/www.framapesa.ro\/"},{"@type":"ListItem","position":2,"name":"Catalog produse","item":"https:\/\/www.framapesa.ro\/catalog-produse\/"},{"@type":"ListItem","position":3,"name":"Uponor Nubos plac\u0103 cu nuturi SEE"}]},{"@type":"WebSite","@id":"https:\/\/www.framapesa.ro\/#website","url":"https:\/\/www.framapesa.ro\/","name":"Incalzire in pardoseala Uponor","description":"","potentialAction":[{"@type":"SearchAction","target":{"@type":"EntryPoint","urlTemplate":"https:\/\/www.framapesa.ro\/?s={search_term_string}"},"query-input":{"@type":"PropertyValueSpecification","valueRequired":true,"valueName":"search_term_string"}}],"inLanguage":"ro-RO"}]}},"_links":{"self":[{"href":"https:\/\/www.framapesa.ro\/ro\/wp-json\/wp\/v2\/product\/2470","targetHints":{"allow":["GET"]}}],"collection":[{"href":"https:\/\/www.framapesa.ro\/ro\/wp-json\/wp\/v2\/product"}],"about":[{"href":"https:\/\/www.framapesa.ro\/ro\/wp-json\/wp\/v2\/types\/product"}],"replies":[{"embeddable":true,"href":"https:\/\/www.framapesa.ro\/ro\/wp-json\/wp\/v2\/comments?post=2470"}],"wp:featuredmedia":[{"embeddable":true,"href":"https:\/\/www.framapesa.ro\/ro\/wp-json\/wp\/v2\/media\/2471"}],"wp:attachment":[{"href":"https:\/\/www.framapesa.ro\/ro\/wp-json\/wp\/v2\/media?parent=2470"}],"wp:term":[{"taxonomy":"product_brand","embeddable":true,"href":"https:\/\/www.framapesa.ro\/ro\/wp-json\/wp\/v2\/product_brand?post=2470"},{"taxonomy":"product_cat","embeddable":true,"href":"https:\/\/www.framapesa.ro\/ro\/wp-json\/wp\/v2\/product_cat?post=2470"},{"taxonomy":"product_tag","embeddable":true,"href":"https:\/\/www.framapesa.ro\/ro\/wp-json\/wp\/v2\/product_tag?post=2470"}],"curies":[{"name":"wp","href":"https:\/\/api.w.org\/{rel}","templated":true}]}}