{"id":2474,"date":"2023-06-28T04:36:24","date_gmt":"2023-06-28T04:36:24","guid":{"rendered":"https:\/\/www.framapesa.ro\/nou\/?post_type=product&#038;p=2474"},"modified":"2023-06-28T04:39:25","modified_gmt":"2023-06-28T04:39:25","slug":"uponor-fix-agrafa-fixare-sina","status":"publish","type":"product","link":"https:\/\/www.framapesa.ro\/ro\/produs\/uponor-fix-agrafa-fixare-sina\/","title":{"rendered":"Uponor Fix agraf\u0103 fixare sin\u0103"},"content":{"rendered":"<p>agraf\u0103 fixare sin\u0103<br \/>\npentru \u021bevi 14-20mm<\/p>\n<h3 class=\"StyledName-sc-i79icp StyledProductName-sc-9lf4g2 jHHDOi\"><a href=\"https:\/\/www.framapesa.ro\/nou\/wp-content\/uploads\/2023\/06\/Uponor-Fix-agrafa-fixare-sina.jpg\"><img loading=\"lazy\" decoding=\"async\" class=\"alignnone wp-image-2475\" src=\"https:\/\/www.framapesa.ro\/nou\/wp-content\/uploads\/2023\/06\/Uponor-Fix-agrafa-fixare-sina-154x300.jpg\" alt=\"\" width=\"30\" height=\"58\" srcset=\"https:\/\/www.framapesa.ro\/wp-content\/uploads\/2023\/06\/Uponor-Fix-agrafa-fixare-sina-154x300.jpg 154w, https:\/\/www.framapesa.ro\/wp-content\/uploads\/2023\/06\/Uponor-Fix-agrafa-fixare-sina-6x12.jpg 6w, https:\/\/www.framapesa.ro\/wp-content\/uploads\/2023\/06\/Uponor-Fix-agrafa-fixare-sina.jpg 453w\" sizes=\"auto, (max-width: 30px) 100vw, 30px\" \/><\/a> Uponor Fix agraf\u0103 fixare sin\u0103<\/h3>","protected":false},"excerpt":{"rendered":"<p>agraf\u0103 fixare sin\u0103 pentru \u021bevi 14-20mm Uponor Fix agraf\u0103 fixare sin\u0103<\/p>","protected":false},"featured_media":2476,"comment_status":"open","ping_status":"closed","template":"","meta":{"_links_to":"","_links_to_target":""},"product_brand":[],"product_cat":[103],"product_tag":[],"class_list":{"0":"post-2474","1":"product","2":"type-product","3":"status-publish","4":"has-post-thumbnail","6":"product_cat-uponor-tacker","8":"first","9":"instock","10":"shipping-taxable","11":"product-type-simple"},"yoast_head":"<!-- This site is optimized with the Yoast SEO plugin v26.9 - https:\/\/yoast.com\/product\/yoast-seo-wordpress\/ -->\n<title>Uponor Fix agraf\u0103 fixare sin\u0103 - Incalzire in pardoseala Uponor<\/title>\n<meta name=\"robots\" content=\"index, follow, max-snippet:-1, max-image-preview:large, max-video-preview:-1\" \/>\n<link rel=\"canonical\" href=\"https:\/\/www.framapesa.ro\/ro\/produs\/uponor-fix-agrafa-fixare-sina\/\" \/>\n<meta property=\"og:locale\" content=\"ro_RO\" \/>\n<meta property=\"og:type\" content=\"article\" \/>\n<meta property=\"og:title\" content=\"Uponor Fix agraf\u0103 fixare sin\u0103 - Incalzire in pardoseala Uponor\" \/>\n<meta property=\"og:description\" content=\"agraf\u0103 fixare sin\u0103 pentru \u021bevi 14-20mm Uponor Fix agraf\u0103 fixare sin\u0103\" \/>\n<meta property=\"og:url\" content=\"https:\/\/www.framapesa.ro\/ro\/produs\/uponor-fix-agrafa-fixare-sina\/\" \/>\n<meta property=\"og:site_name\" content=\"Incalzire in pardoseala Uponor\" \/>\n<meta property=\"article:modified_time\" content=\"2023-06-28T04:39:25+00:00\" \/>\n<meta property=\"og:image\" content=\"https:\/\/www.framapesa.ro\/wp-content\/uploads\/2023\/06\/Uponor-Fix-agrafa-fixare-sina-1.jpg\" \/>\n\t<meta property=\"og:image:width\" content=\"600\" \/>\n\t<meta property=\"og:image:height\" content=\"300\" \/>\n\t<meta property=\"og:image:type\" content=\"image\/jpeg\" \/>\n<meta name=\"twitter:card\" content=\"summary_large_image\" \/>\n<meta name=\"twitter:label1\" content=\"Timp estimat pentru citire\" \/>\n\t<meta name=\"twitter:data1\" content=\"1 minut\" \/>\n<script type=\"application\/ld+json\" class=\"yoast-schema-graph\">{\"@context\":\"https:\/\/schema.org\",\"@graph\":[{\"@type\":\"WebPage\",\"@id\":\"https:\/\/www.framapesa.ro\/product\/uponor-fix-agrafa-fixare-sina\/\",\"url\":\"https:\/\/www.framapesa.ro\/product\/uponor-fix-agrafa-fixare-sina\/\",\"name\":\"Uponor Fix agraf\u0103 fixare sin\u0103 - Incalzire in pardoseala Uponor\",\"isPartOf\":{\"@id\":\"https:\/\/www.framapesa.ro\/#website\"},\"primaryImageOfPage\":{\"@id\":\"https:\/\/www.framapesa.ro\/product\/uponor-fix-agrafa-fixare-sina\/#primaryimage\"},\"image\":{\"@id\":\"https:\/\/www.framapesa.ro\/product\/uponor-fix-agrafa-fixare-sina\/#primaryimage\"},\"thumbnailUrl\":\"https:\/\/www.framapesa.ro\/wp-content\/uploads\/2023\/06\/Uponor-Fix-agrafa-fixare-sina-1.jpg\",\"datePublished\":\"2023-06-28T04:36:24+00:00\",\"dateModified\":\"2023-06-28T04:39:25+00:00\",\"breadcrumb\":{\"@id\":\"https:\/\/www.framapesa.ro\/product\/uponor-fix-agrafa-fixare-sina\/#breadcrumb\"},\"inLanguage\":\"ro-RO\",\"potentialAction\":[{\"@type\":\"ReadAction\",\"target\":[\"https:\/\/www.framapesa.ro\/product\/uponor-fix-agrafa-fixare-sina\/\"]}]},{\"@type\":\"ImageObject\",\"inLanguage\":\"ro-RO\",\"@id\":\"https:\/\/www.framapesa.ro\/product\/uponor-fix-agrafa-fixare-sina\/#primaryimage\",\"url\":\"https:\/\/www.framapesa.ro\/wp-content\/uploads\/2023\/06\/Uponor-Fix-agrafa-fixare-sina-1.jpg\",\"contentUrl\":\"https:\/\/www.framapesa.ro\/wp-content\/uploads\/2023\/06\/Uponor-Fix-agrafa-fixare-sina-1.jpg\",\"width\":600,\"height\":300},{\"@type\":\"BreadcrumbList\",\"@id\":\"https:\/\/www.framapesa.ro\/product\/uponor-fix-agrafa-fixare-sina\/#breadcrumb\",\"itemListElement\":[{\"@type\":\"ListItem\",\"position\":1,\"name\":\"Prima pagin\u0103\",\"item\":\"https:\/\/www.framapesa.ro\/\"},{\"@type\":\"ListItem\",\"position\":2,\"name\":\"Catalog produse\",\"item\":\"https:\/\/www.framapesa.ro\/catalog-produse\/\"},{\"@type\":\"ListItem\",\"position\":3,\"name\":\"Uponor Fix agraf\u0103 fixare sin\u0103\"}]},{\"@type\":\"WebSite\",\"@id\":\"https:\/\/www.framapesa.ro\/#website\",\"url\":\"https:\/\/www.framapesa.ro\/\",\"name\":\"Incalzire in pardoseala Uponor\",\"description\":\"\",\"potentialAction\":[{\"@type\":\"SearchAction\",\"target\":{\"@type\":\"EntryPoint\",\"urlTemplate\":\"https:\/\/www.framapesa.ro\/?s={search_term_string}\"},\"query-input\":{\"@type\":\"PropertyValueSpecification\",\"valueRequired\":true,\"valueName\":\"search_term_string\"}}],\"inLanguage\":\"ro-RO\"}]}<\/script>\n<!-- \/ Yoast SEO plugin. -->","yoast_head_json":{"title":"Uponor Fix agraf\u0103 fixare sin\u0103 - Incalzire in pardoseala Uponor","robots":{"index":"index","follow":"follow","max-snippet":"max-snippet:-1","max-image-preview":"max-image-preview:large","max-video-preview":"max-video-preview:-1"},"canonical":"https:\/\/www.framapesa.ro\/ro\/produs\/uponor-fix-agrafa-fixare-sina\/","og_locale":"ro_RO","og_type":"article","og_title":"Uponor Fix agraf\u0103 fixare sin\u0103 - Incalzire in pardoseala Uponor","og_description":"agraf\u0103 fixare sin\u0103 pentru \u021bevi 14-20mm Uponor Fix agraf\u0103 fixare sin\u0103","og_url":"https:\/\/www.framapesa.ro\/ro\/produs\/uponor-fix-agrafa-fixare-sina\/","og_site_name":"Incalzire in pardoseala Uponor","article_modified_time":"2023-06-28T04:39:25+00:00","og_image":[{"width":600,"height":300,"url":"https:\/\/www.framapesa.ro\/wp-content\/uploads\/2023\/06\/Uponor-Fix-agrafa-fixare-sina-1.jpg","type":"image\/jpeg"}],"twitter_card":"summary_large_image","twitter_misc":{"Timp estimat pentru citire":"1 minut"},"schema":{"@context":"https:\/\/schema.org","@graph":[{"@type":"WebPage","@id":"https:\/\/www.framapesa.ro\/product\/uponor-fix-agrafa-fixare-sina\/","url":"https:\/\/www.framapesa.ro\/product\/uponor-fix-agrafa-fixare-sina\/","name":"Uponor Fix agraf\u0103 fixare sin\u0103 - Incalzire in pardoseala Uponor","isPartOf":{"@id":"https:\/\/www.framapesa.ro\/#website"},"primaryImageOfPage":{"@id":"https:\/\/www.framapesa.ro\/product\/uponor-fix-agrafa-fixare-sina\/#primaryimage"},"image":{"@id":"https:\/\/www.framapesa.ro\/product\/uponor-fix-agrafa-fixare-sina\/#primaryimage"},"thumbnailUrl":"https:\/\/www.framapesa.ro\/wp-content\/uploads\/2023\/06\/Uponor-Fix-agrafa-fixare-sina-1.jpg","datePublished":"2023-06-28T04:36:24+00:00","dateModified":"2023-06-28T04:39:25+00:00","breadcrumb":{"@id":"https:\/\/www.framapesa.ro\/product\/uponor-fix-agrafa-fixare-sina\/#breadcrumb"},"inLanguage":"ro-RO","potentialAction":[{"@type":"ReadAction","target":["https:\/\/www.framapesa.ro\/product\/uponor-fix-agrafa-fixare-sina\/"]}]},{"@type":"ImageObject","inLanguage":"ro-RO","@id":"https:\/\/www.framapesa.ro\/product\/uponor-fix-agrafa-fixare-sina\/#primaryimage","url":"https:\/\/www.framapesa.ro\/wp-content\/uploads\/2023\/06\/Uponor-Fix-agrafa-fixare-sina-1.jpg","contentUrl":"https:\/\/www.framapesa.ro\/wp-content\/uploads\/2023\/06\/Uponor-Fix-agrafa-fixare-sina-1.jpg","width":600,"height":300},{"@type":"BreadcrumbList","@id":"https:\/\/www.framapesa.ro\/product\/uponor-fix-agrafa-fixare-sina\/#breadcrumb","itemListElement":[{"@type":"ListItem","position":1,"name":"Prima pagin\u0103","item":"https:\/\/www.framapesa.ro\/"},{"@type":"ListItem","position":2,"name":"Catalog produse","item":"https:\/\/www.framapesa.ro\/catalog-produse\/"},{"@type":"ListItem","position":3,"name":"Uponor Fix agraf\u0103 fixare sin\u0103"}]},{"@type":"WebSite","@id":"https:\/\/www.framapesa.ro\/#website","url":"https:\/\/www.framapesa.ro\/","name":"Incalzire in pardoseala Uponor","description":"","potentialAction":[{"@type":"SearchAction","target":{"@type":"EntryPoint","urlTemplate":"https:\/\/www.framapesa.ro\/?s={search_term_string}"},"query-input":{"@type":"PropertyValueSpecification","valueRequired":true,"valueName":"search_term_string"}}],"inLanguage":"ro-RO"}]}},"_links":{"self":[{"href":"https:\/\/www.framapesa.ro\/ro\/wp-json\/wp\/v2\/product\/2474","targetHints":{"allow":["GET"]}}],"collection":[{"href":"https:\/\/www.framapesa.ro\/ro\/wp-json\/wp\/v2\/product"}],"about":[{"href":"https:\/\/www.framapesa.ro\/ro\/wp-json\/wp\/v2\/types\/product"}],"replies":[{"embeddable":true,"href":"https:\/\/www.framapesa.ro\/ro\/wp-json\/wp\/v2\/comments?post=2474"}],"wp:featuredmedia":[{"embeddable":true,"href":"https:\/\/www.framapesa.ro\/ro\/wp-json\/wp\/v2\/media\/2476"}],"wp:attachment":[{"href":"https:\/\/www.framapesa.ro\/ro\/wp-json\/wp\/v2\/media?parent=2474"}],"wp:term":[{"taxonomy":"product_brand","embeddable":true,"href":"https:\/\/www.framapesa.ro\/ro\/wp-json\/wp\/v2\/product_brand?post=2474"},{"taxonomy":"product_cat","embeddable":true,"href":"https:\/\/www.framapesa.ro\/ro\/wp-json\/wp\/v2\/product_cat?post=2474"},{"taxonomy":"product_tag","embeddable":true,"href":"https:\/\/www.framapesa.ro\/ro\/wp-json\/wp\/v2\/product_tag?post=2474"}],"curies":[{"name":"wp","href":"https:\/\/api.w.org\/{rel}","templated":true}]}}