{"id":2485,"date":"2023-06-28T04:56:47","date_gmt":"2023-06-28T04:56:47","guid":{"rendered":"https:\/\/www.framapesa.ro\/nou\/?post_type=product&#038;p=2485"},"modified":"2023-06-28T04:56:48","modified_gmt":"2023-06-28T04:56:48","slug":"uponor-fix-cleme-sina-pt-teava","status":"publish","type":"product","link":"https:\/\/www.framapesa.ro\/ro\/produs\/uponor-fix-cleme-sina-pt-teava\/","title":{"rendered":"Uponor Fix cleme \u0219in\u0103 pt. \u021beav\u0103"},"content":{"rendered":"<p>cleme \u015fin\u0103 pentru fixare \u021bevi 9.9mm<br \/>\nc-c 20mm<\/p>\n<p><a href=\"https:\/\/www.framapesa.ro\/nou\/wp-content\/uploads\/2023\/06\/Uponor-Fix-cleme-sina-pt.-teava-99mm.jpg\"><img loading=\"lazy\" decoding=\"async\" class=\"alignnone wp-image-2486\" src=\"https:\/\/www.framapesa.ro\/nou\/wp-content\/uploads\/2023\/06\/Uponor-Fix-cleme-sina-pt.-teava-99mm-300x150.jpg\" alt=\"Uponor Fix cleme \u0219in\u0103 pt. \u021beav\u0103 9,9mm c\/c20mm 2,5m\" width=\"50\" height=\"25\" srcset=\"https:\/\/www.framapesa.ro\/wp-content\/uploads\/2023\/06\/Uponor-Fix-cleme-sina-pt.-teava-99mm-300x150.jpg 300w, https:\/\/www.framapesa.ro\/wp-content\/uploads\/2023\/06\/Uponor-Fix-cleme-sina-pt.-teava-99mm-18x9.jpg 18w, https:\/\/www.framapesa.ro\/wp-content\/uploads\/2023\/06\/Uponor-Fix-cleme-sina-pt.-teava-99mm.jpg 600w\" sizes=\"auto, (max-width: 50px) 100vw, 50px\" \/><\/a>Uponor Fix cleme \u0219in\u0103 pt. \u021beav\u0103 9,9mm c\/c20mm 2,5m<\/p>","protected":false},"excerpt":{"rendered":"<p>cleme \u015fin\u0103 pentru fixare \u021bevi 9.9mm c-c 20mm Uponor Fix cleme \u0219in\u0103 pt. \u021beav\u0103 9,9mm c\/c20mm 2,5m<\/p>","protected":false},"featured_media":2486,"comment_status":"open","ping_status":"closed","template":"","meta":{"_links_to":"","_links_to_target":""},"product_brand":[],"product_cat":[104],"product_tag":[],"class_list":{"0":"post-2485","1":"product","2":"type-product","3":"status-publish","4":"has-post-thumbnail","6":"product_cat-uponor-fix","8":"first","9":"instock","10":"shipping-taxable","11":"product-type-simple"},"yoast_head":"<!-- This site is optimized with the Yoast SEO plugin v26.9 - https:\/\/yoast.com\/product\/yoast-seo-wordpress\/ -->\n<title>Uponor Fix cleme \u0219in\u0103 pt. \u021beav\u0103 - Incalzire in pardoseala Uponor<\/title>\n<meta name=\"robots\" content=\"index, follow, max-snippet:-1, max-image-preview:large, max-video-preview:-1\" \/>\n<link rel=\"canonical\" href=\"https:\/\/www.framapesa.ro\/ro\/produs\/uponor-fix-cleme-sina-pt-teava\/\" \/>\n<meta property=\"og:locale\" content=\"ro_RO\" \/>\n<meta property=\"og:type\" content=\"article\" \/>\n<meta property=\"og:title\" content=\"Uponor Fix cleme \u0219in\u0103 pt. \u021beav\u0103 - Incalzire in pardoseala Uponor\" \/>\n<meta property=\"og:description\" content=\"cleme \u015fin\u0103 pentru fixare \u021bevi 9.9mm c-c 20mm Uponor Fix cleme \u0219in\u0103 pt. \u021beav\u0103 9,9mm c\/c20mm 2,5m\" \/>\n<meta property=\"og:url\" content=\"https:\/\/www.framapesa.ro\/ro\/produs\/uponor-fix-cleme-sina-pt-teava\/\" \/>\n<meta property=\"og:site_name\" content=\"Incalzire in pardoseala Uponor\" \/>\n<meta property=\"article:modified_time\" content=\"2023-06-28T04:56:48+00:00\" \/>\n<meta property=\"og:image\" content=\"https:\/\/www.framapesa.ro\/wp-content\/uploads\/2023\/06\/Uponor-Fix-cleme-sina-pt.-teava-99mm.jpg\" \/>\n\t<meta property=\"og:image:width\" content=\"600\" \/>\n\t<meta property=\"og:image:height\" content=\"300\" \/>\n\t<meta property=\"og:image:type\" content=\"image\/jpeg\" \/>\n<meta name=\"twitter:card\" content=\"summary_large_image\" \/>\n<meta name=\"twitter:label1\" content=\"Timp estimat pentru citire\" \/>\n\t<meta name=\"twitter:data1\" content=\"1 minut\" \/>\n<script type=\"application\/ld+json\" class=\"yoast-schema-graph\">{\"@context\":\"https:\/\/schema.org\",\"@graph\":[{\"@type\":\"WebPage\",\"@id\":\"https:\/\/www.framapesa.ro\/product\/uponor-fix-cleme-sina-pt-teava\/\",\"url\":\"https:\/\/www.framapesa.ro\/product\/uponor-fix-cleme-sina-pt-teava\/\",\"name\":\"Uponor Fix cleme \u0219in\u0103 pt. \u021beav\u0103 - Incalzire in pardoseala Uponor\",\"isPartOf\":{\"@id\":\"https:\/\/www.framapesa.ro\/#website\"},\"primaryImageOfPage\":{\"@id\":\"https:\/\/www.framapesa.ro\/product\/uponor-fix-cleme-sina-pt-teava\/#primaryimage\"},\"image\":{\"@id\":\"https:\/\/www.framapesa.ro\/product\/uponor-fix-cleme-sina-pt-teava\/#primaryimage\"},\"thumbnailUrl\":\"https:\/\/www.framapesa.ro\/wp-content\/uploads\/2023\/06\/Uponor-Fix-cleme-sina-pt.-teava-99mm.jpg\",\"datePublished\":\"2023-06-28T04:56:47+00:00\",\"dateModified\":\"2023-06-28T04:56:48+00:00\",\"breadcrumb\":{\"@id\":\"https:\/\/www.framapesa.ro\/product\/uponor-fix-cleme-sina-pt-teava\/#breadcrumb\"},\"inLanguage\":\"ro-RO\",\"potentialAction\":[{\"@type\":\"ReadAction\",\"target\":[\"https:\/\/www.framapesa.ro\/product\/uponor-fix-cleme-sina-pt-teava\/\"]}]},{\"@type\":\"ImageObject\",\"inLanguage\":\"ro-RO\",\"@id\":\"https:\/\/www.framapesa.ro\/product\/uponor-fix-cleme-sina-pt-teava\/#primaryimage\",\"url\":\"https:\/\/www.framapesa.ro\/wp-content\/uploads\/2023\/06\/Uponor-Fix-cleme-sina-pt.-teava-99mm.jpg\",\"contentUrl\":\"https:\/\/www.framapesa.ro\/wp-content\/uploads\/2023\/06\/Uponor-Fix-cleme-sina-pt.-teava-99mm.jpg\",\"width\":600,\"height\":300,\"caption\":\"Uponor Fix cleme \u0219in\u0103 pt. \u021beav\u0103 9,9mm c\/c20mm 2,5m\"},{\"@type\":\"BreadcrumbList\",\"@id\":\"https:\/\/www.framapesa.ro\/product\/uponor-fix-cleme-sina-pt-teava\/#breadcrumb\",\"itemListElement\":[{\"@type\":\"ListItem\",\"position\":1,\"name\":\"Prima pagin\u0103\",\"item\":\"https:\/\/www.framapesa.ro\/\"},{\"@type\":\"ListItem\",\"position\":2,\"name\":\"Catalog produse\",\"item\":\"https:\/\/www.framapesa.ro\/catalog-produse\/\"},{\"@type\":\"ListItem\",\"position\":3,\"name\":\"Uponor Fix cleme \u0219in\u0103 pt. \u021beav\u0103\"}]},{\"@type\":\"WebSite\",\"@id\":\"https:\/\/www.framapesa.ro\/#website\",\"url\":\"https:\/\/www.framapesa.ro\/\",\"name\":\"Incalzire in pardoseala Uponor\",\"description\":\"\",\"potentialAction\":[{\"@type\":\"SearchAction\",\"target\":{\"@type\":\"EntryPoint\",\"urlTemplate\":\"https:\/\/www.framapesa.ro\/?s={search_term_string}\"},\"query-input\":{\"@type\":\"PropertyValueSpecification\",\"valueRequired\":true,\"valueName\":\"search_term_string\"}}],\"inLanguage\":\"ro-RO\"}]}<\/script>\n<!-- \/ Yoast SEO plugin. -->","yoast_head_json":{"title":"Uponor Fix cleme \u0219in\u0103 pt. \u021beav\u0103 - Incalzire in pardoseala Uponor","robots":{"index":"index","follow":"follow","max-snippet":"max-snippet:-1","max-image-preview":"max-image-preview:large","max-video-preview":"max-video-preview:-1"},"canonical":"https:\/\/www.framapesa.ro\/ro\/produs\/uponor-fix-cleme-sina-pt-teava\/","og_locale":"ro_RO","og_type":"article","og_title":"Uponor Fix cleme \u0219in\u0103 pt. \u021beav\u0103 - Incalzire in pardoseala Uponor","og_description":"cleme \u015fin\u0103 pentru fixare \u021bevi 9.9mm c-c 20mm Uponor Fix cleme \u0219in\u0103 pt. \u021beav\u0103 9,9mm c\/c20mm 2,5m","og_url":"https:\/\/www.framapesa.ro\/ro\/produs\/uponor-fix-cleme-sina-pt-teava\/","og_site_name":"Incalzire in pardoseala Uponor","article_modified_time":"2023-06-28T04:56:48+00:00","og_image":[{"width":600,"height":300,"url":"https:\/\/www.framapesa.ro\/wp-content\/uploads\/2023\/06\/Uponor-Fix-cleme-sina-pt.-teava-99mm.jpg","type":"image\/jpeg"}],"twitter_card":"summary_large_image","twitter_misc":{"Timp estimat pentru citire":"1 minut"},"schema":{"@context":"https:\/\/schema.org","@graph":[{"@type":"WebPage","@id":"https:\/\/www.framapesa.ro\/product\/uponor-fix-cleme-sina-pt-teava\/","url":"https:\/\/www.framapesa.ro\/product\/uponor-fix-cleme-sina-pt-teava\/","name":"Uponor Fix cleme \u0219in\u0103 pt. \u021beav\u0103 - Incalzire in pardoseala Uponor","isPartOf":{"@id":"https:\/\/www.framapesa.ro\/#website"},"primaryImageOfPage":{"@id":"https:\/\/www.framapesa.ro\/product\/uponor-fix-cleme-sina-pt-teava\/#primaryimage"},"image":{"@id":"https:\/\/www.framapesa.ro\/product\/uponor-fix-cleme-sina-pt-teava\/#primaryimage"},"thumbnailUrl":"https:\/\/www.framapesa.ro\/wp-content\/uploads\/2023\/06\/Uponor-Fix-cleme-sina-pt.-teava-99mm.jpg","datePublished":"2023-06-28T04:56:47+00:00","dateModified":"2023-06-28T04:56:48+00:00","breadcrumb":{"@id":"https:\/\/www.framapesa.ro\/product\/uponor-fix-cleme-sina-pt-teava\/#breadcrumb"},"inLanguage":"ro-RO","potentialAction":[{"@type":"ReadAction","target":["https:\/\/www.framapesa.ro\/product\/uponor-fix-cleme-sina-pt-teava\/"]}]},{"@type":"ImageObject","inLanguage":"ro-RO","@id":"https:\/\/www.framapesa.ro\/product\/uponor-fix-cleme-sina-pt-teava\/#primaryimage","url":"https:\/\/www.framapesa.ro\/wp-content\/uploads\/2023\/06\/Uponor-Fix-cleme-sina-pt.-teava-99mm.jpg","contentUrl":"https:\/\/www.framapesa.ro\/wp-content\/uploads\/2023\/06\/Uponor-Fix-cleme-sina-pt.-teava-99mm.jpg","width":600,"height":300,"caption":"Uponor Fix cleme \u0219in\u0103 pt. \u021beav\u0103 9,9mm c\/c20mm 2,5m"},{"@type":"BreadcrumbList","@id":"https:\/\/www.framapesa.ro\/product\/uponor-fix-cleme-sina-pt-teava\/#breadcrumb","itemListElement":[{"@type":"ListItem","position":1,"name":"Prima pagin\u0103","item":"https:\/\/www.framapesa.ro\/"},{"@type":"ListItem","position":2,"name":"Catalog produse","item":"https:\/\/www.framapesa.ro\/catalog-produse\/"},{"@type":"ListItem","position":3,"name":"Uponor Fix cleme \u0219in\u0103 pt. \u021beav\u0103"}]},{"@type":"WebSite","@id":"https:\/\/www.framapesa.ro\/#website","url":"https:\/\/www.framapesa.ro\/","name":"Incalzire in pardoseala Uponor","description":"","potentialAction":[{"@type":"SearchAction","target":{"@type":"EntryPoint","urlTemplate":"https:\/\/www.framapesa.ro\/?s={search_term_string}"},"query-input":{"@type":"PropertyValueSpecification","valueRequired":true,"valueName":"search_term_string"}}],"inLanguage":"ro-RO"}]}},"_links":{"self":[{"href":"https:\/\/www.framapesa.ro\/ro\/wp-json\/wp\/v2\/product\/2485","targetHints":{"allow":["GET"]}}],"collection":[{"href":"https:\/\/www.framapesa.ro\/ro\/wp-json\/wp\/v2\/product"}],"about":[{"href":"https:\/\/www.framapesa.ro\/ro\/wp-json\/wp\/v2\/types\/product"}],"replies":[{"embeddable":true,"href":"https:\/\/www.framapesa.ro\/ro\/wp-json\/wp\/v2\/comments?post=2485"}],"wp:featuredmedia":[{"embeddable":true,"href":"https:\/\/www.framapesa.ro\/ro\/wp-json\/wp\/v2\/media\/2486"}],"wp:attachment":[{"href":"https:\/\/www.framapesa.ro\/ro\/wp-json\/wp\/v2\/media?parent=2485"}],"wp:term":[{"taxonomy":"product_brand","embeddable":true,"href":"https:\/\/www.framapesa.ro\/ro\/wp-json\/wp\/v2\/product_brand?post=2485"},{"taxonomy":"product_cat","embeddable":true,"href":"https:\/\/www.framapesa.ro\/ro\/wp-json\/wp\/v2\/product_cat?post=2485"},{"taxonomy":"product_tag","embeddable":true,"href":"https:\/\/www.framapesa.ro\/ro\/wp-json\/wp\/v2\/product_tag?post=2485"}],"curies":[{"name":"wp","href":"https:\/\/api.w.org\/{rel}","templated":true}]}}