{"id":2501,"date":"2023-06-28T05:34:17","date_gmt":"2023-06-28T05:34:17","guid":{"rendered":"https:\/\/www.framapesa.ro\/nou\/?post_type=product&#038;p=2501"},"modified":"2023-06-28T07:32:40","modified_gmt":"2023-06-28T07:32:40","slug":"uponor-magna-segment-distribuitor-industrial","status":"publish","type":"product","link":"https:\/\/www.framapesa.ro\/ro\/produs\/uponor-magna-segment-distribuitor-industrial\/","title":{"rendered":"Uponor Magna segment distribuitor industrial"},"content":{"rendered":"<p>Conectare obligatorie cu set de montaj\/asamblare; pot fi conectate segmente suplimentare<br \/>\nSegment-distribuitor, cu robinet de reglaj \u015fi ie\u015fire spre circuite cu filet G3\/4&#8243; eurocon<br \/>\nSegment-colector cu ventil \u00eenchidere (compatibil actuator Uponor) \u015fi ie\u015fire spre circuite cu filet G3\/4&#8243; eurocon<br \/>\nActuatoarele Uponor cu FE pot fi montate direct pe circuitele de retur<br \/>\nIe\u015firi spre circuite cu filet Eurocon G3\/4<\/p>\n<p><a href=\"https:\/\/www.framapesa.ro\/nou\/wp-content\/uploads\/2023\/06\/1121532_REN.jpg\"><img loading=\"lazy\" decoding=\"async\" class=\"alignnone wp-image-2502\" src=\"https:\/\/www.framapesa.ro\/nou\/wp-content\/uploads\/2023\/06\/1121532_REN.jpg\" alt=\"\" width=\"25\" height=\"50\" srcset=\"https:\/\/www.framapesa.ro\/wp-content\/uploads\/2023\/06\/1121532_REN.jpg 48w, https:\/\/www.framapesa.ro\/wp-content\/uploads\/2023\/06\/1121532_REN-6x12.jpg 6w\" sizes=\"auto, (max-width: 25px) 100vw, 25px\" \/><\/a>Uponor Magna segment distribuitor industrial 1&#215;3\/4Euro<\/p>\n<p><a href=\"https:\/\/www.framapesa.ro\/nou\/wp-content\/uploads\/2023\/06\/1121533_REN.jpg\"><img loading=\"lazy\" decoding=\"async\" class=\"alignnone wp-image-2503\" src=\"https:\/\/www.framapesa.ro\/nou\/wp-content\/uploads\/2023\/06\/1121533_REN.jpg\" alt=\"\" width=\"30\" height=\"41\" srcset=\"https:\/\/www.framapesa.ro\/wp-content\/uploads\/2023\/06\/1121533_REN.jpg 71w, https:\/\/www.framapesa.ro\/wp-content\/uploads\/2023\/06\/1121533_REN-9x12.jpg 9w\" sizes=\"auto, (max-width: 30px) 100vw, 30px\" \/><\/a>Uponor Magna segment distribuitor industrial 2&#215;3\/4Euro<\/p>\n<p><a href=\"https:\/\/www.framapesa.ro\/nou\/wp-content\/uploads\/2023\/06\/11215334_REN.jpg\"><img loading=\"lazy\" decoding=\"async\" class=\"alignnone wp-image-2504\" src=\"https:\/\/www.framapesa.ro\/nou\/wp-content\/uploads\/2023\/06\/11215334_REN.jpg\" alt=\"\" width=\"40\" height=\"43\" srcset=\"https:\/\/www.framapesa.ro\/wp-content\/uploads\/2023\/06\/11215334_REN.jpg 90w, https:\/\/www.framapesa.ro\/wp-content\/uploads\/2023\/06\/11215334_REN-11x12.jpg 11w\" sizes=\"auto, (max-width: 40px) 100vw, 40px\" \/><\/a>Uponor Magna segment distribuitor industrial 3&#215;3\/4Euro<\/p>","protected":false},"excerpt":{"rendered":"<p>Conectare obligatorie cu set de montaj\/asamblare; pot fi conectate segmente suplimentare Segment-distribuitor, cu robinet de reglaj \u015fi ie\u015fire spre circuite cu filet G3\/4&#8243; eurocon Segment-colector cu ventil \u00eenchidere (compatibil actuator Uponor) \u015fi ie\u015fire spre circuite cu filet G3\/4&#8243; eurocon Actuatoarele Uponor cu FE pot fi montate direct pe circuitele de retur Ie\u015firi spre circuite cu [&hellip;]<\/p>\n","protected":false},"featured_media":2505,"comment_status":"open","ping_status":"closed","template":"","meta":{"_links_to":"","_links_to_target":""},"product_brand":[],"product_cat":[108],"product_tag":[],"class_list":{"0":"post-2501","1":"product","2":"type-product","3":"status-publish","4":"has-post-thumbnail","6":"product_cat-uponor-magna","8":"first","9":"instock","10":"shipping-taxable","11":"product-type-simple"},"yoast_head":"<!-- This site is optimized with the Yoast SEO plugin v26.9 - https:\/\/yoast.com\/product\/yoast-seo-wordpress\/ -->\n<title>Uponor Magna segment distribuitor industrial - Incalzire in pardoseala Uponor<\/title>\n<meta name=\"robots\" content=\"index, follow, max-snippet:-1, max-image-preview:large, max-video-preview:-1\" \/>\n<link rel=\"canonical\" href=\"https:\/\/www.framapesa.ro\/ro\/produs\/uponor-magna-segment-distribuitor-industrial\/\" \/>\n<meta property=\"og:locale\" content=\"ro_RO\" \/>\n<meta property=\"og:type\" content=\"article\" \/>\n<meta property=\"og:title\" content=\"Uponor Magna segment distribuitor industrial - Incalzire in pardoseala Uponor\" \/>\n<meta property=\"og:description\" content=\"Conectare obligatorie cu set de montaj\/asamblare; pot fi conectate segmente suplimentare Segment-distribuitor, cu robinet de reglaj \u015fi ie\u015fire spre circuite cu filet G3\/4&#8243; eurocon Segment-colector cu ventil \u00eenchidere (compatibil actuator Uponor) \u015fi ie\u015fire spre circuite cu filet G3\/4&#8243; eurocon Actuatoarele Uponor cu FE pot fi montate direct pe circuitele de retur Ie\u015firi spre circuite cu [&hellip;]\" \/>\n<meta property=\"og:url\" content=\"https:\/\/www.framapesa.ro\/ro\/produs\/uponor-magna-segment-distribuitor-industrial\/\" \/>\n<meta property=\"og:site_name\" content=\"Incalzire in pardoseala Uponor\" \/>\n<meta property=\"article:modified_time\" content=\"2023-06-28T07:32:40+00:00\" \/>\n<meta property=\"og:image\" content=\"https:\/\/www.framapesa.ro\/wp-content\/uploads\/2023\/06\/Uponor-Magna-1.jpg\" \/>\n\t<meta property=\"og:image:width\" content=\"600\" \/>\n\t<meta property=\"og:image:height\" content=\"300\" \/>\n\t<meta property=\"og:image:type\" content=\"image\/jpeg\" \/>\n<meta name=\"twitter:card\" content=\"summary_large_image\" \/>\n<meta name=\"twitter:label1\" content=\"Timp estimat pentru citire\" \/>\n\t<meta name=\"twitter:data1\" content=\"2 minute\" \/>\n<script type=\"application\/ld+json\" class=\"yoast-schema-graph\">{\"@context\":\"https:\/\/schema.org\",\"@graph\":[{\"@type\":\"WebPage\",\"@id\":\"https:\/\/www.framapesa.ro\/product\/uponor-magna-segment-distribuitor-industrial\/\",\"url\":\"https:\/\/www.framapesa.ro\/product\/uponor-magna-segment-distribuitor-industrial\/\",\"name\":\"Uponor Magna segment distribuitor industrial - Incalzire in pardoseala Uponor\",\"isPartOf\":{\"@id\":\"https:\/\/www.framapesa.ro\/#website\"},\"primaryImageOfPage\":{\"@id\":\"https:\/\/www.framapesa.ro\/product\/uponor-magna-segment-distribuitor-industrial\/#primaryimage\"},\"image\":{\"@id\":\"https:\/\/www.framapesa.ro\/product\/uponor-magna-segment-distribuitor-industrial\/#primaryimage\"},\"thumbnailUrl\":\"https:\/\/www.framapesa.ro\/wp-content\/uploads\/2023\/06\/Uponor-Magna-1.jpg\",\"datePublished\":\"2023-06-28T05:34:17+00:00\",\"dateModified\":\"2023-06-28T07:32:40+00:00\",\"breadcrumb\":{\"@id\":\"https:\/\/www.framapesa.ro\/product\/uponor-magna-segment-distribuitor-industrial\/#breadcrumb\"},\"inLanguage\":\"ro-RO\",\"potentialAction\":[{\"@type\":\"ReadAction\",\"target\":[\"https:\/\/www.framapesa.ro\/product\/uponor-magna-segment-distribuitor-industrial\/\"]}]},{\"@type\":\"ImageObject\",\"inLanguage\":\"ro-RO\",\"@id\":\"https:\/\/www.framapesa.ro\/product\/uponor-magna-segment-distribuitor-industrial\/#primaryimage\",\"url\":\"https:\/\/www.framapesa.ro\/wp-content\/uploads\/2023\/06\/Uponor-Magna-1.jpg\",\"contentUrl\":\"https:\/\/www.framapesa.ro\/wp-content\/uploads\/2023\/06\/Uponor-Magna-1.jpg\",\"width\":600,\"height\":300},{\"@type\":\"BreadcrumbList\",\"@id\":\"https:\/\/www.framapesa.ro\/product\/uponor-magna-segment-distribuitor-industrial\/#breadcrumb\",\"itemListElement\":[{\"@type\":\"ListItem\",\"position\":1,\"name\":\"Prima pagin\u0103\",\"item\":\"https:\/\/www.framapesa.ro\/\"},{\"@type\":\"ListItem\",\"position\":2,\"name\":\"Catalog produse\",\"item\":\"https:\/\/www.framapesa.ro\/catalog-produse\/\"},{\"@type\":\"ListItem\",\"position\":3,\"name\":\"Uponor Magna segment distribuitor industrial\"}]},{\"@type\":\"WebSite\",\"@id\":\"https:\/\/www.framapesa.ro\/#website\",\"url\":\"https:\/\/www.framapesa.ro\/\",\"name\":\"Incalzire in pardoseala Uponor\",\"description\":\"\",\"potentialAction\":[{\"@type\":\"SearchAction\",\"target\":{\"@type\":\"EntryPoint\",\"urlTemplate\":\"https:\/\/www.framapesa.ro\/?s={search_term_string}\"},\"query-input\":{\"@type\":\"PropertyValueSpecification\",\"valueRequired\":true,\"valueName\":\"search_term_string\"}}],\"inLanguage\":\"ro-RO\"}]}<\/script>\n<!-- \/ Yoast SEO plugin. -->","yoast_head_json":{"title":"Uponor Magna segment distribuitor industrial - Incalzire in pardoseala Uponor","robots":{"index":"index","follow":"follow","max-snippet":"max-snippet:-1","max-image-preview":"max-image-preview:large","max-video-preview":"max-video-preview:-1"},"canonical":"https:\/\/www.framapesa.ro\/ro\/produs\/uponor-magna-segment-distribuitor-industrial\/","og_locale":"ro_RO","og_type":"article","og_title":"Uponor Magna segment distribuitor industrial - Incalzire in pardoseala Uponor","og_description":"Conectare obligatorie cu set de montaj\/asamblare; pot fi conectate segmente suplimentare Segment-distribuitor, cu robinet de reglaj \u015fi ie\u015fire spre circuite cu filet G3\/4&#8243; eurocon Segment-colector cu ventil \u00eenchidere (compatibil actuator Uponor) \u015fi ie\u015fire spre circuite cu filet G3\/4&#8243; eurocon Actuatoarele Uponor cu FE pot fi montate direct pe circuitele de retur Ie\u015firi spre circuite cu [&hellip;]","og_url":"https:\/\/www.framapesa.ro\/ro\/produs\/uponor-magna-segment-distribuitor-industrial\/","og_site_name":"Incalzire in pardoseala Uponor","article_modified_time":"2023-06-28T07:32:40+00:00","og_image":[{"width":600,"height":300,"url":"https:\/\/www.framapesa.ro\/wp-content\/uploads\/2023\/06\/Uponor-Magna-1.jpg","type":"image\/jpeg"}],"twitter_card":"summary_large_image","twitter_misc":{"Timp estimat pentru citire":"2 minute"},"schema":{"@context":"https:\/\/schema.org","@graph":[{"@type":"WebPage","@id":"https:\/\/www.framapesa.ro\/product\/uponor-magna-segment-distribuitor-industrial\/","url":"https:\/\/www.framapesa.ro\/product\/uponor-magna-segment-distribuitor-industrial\/","name":"Uponor Magna segment distribuitor industrial - Incalzire in pardoseala Uponor","isPartOf":{"@id":"https:\/\/www.framapesa.ro\/#website"},"primaryImageOfPage":{"@id":"https:\/\/www.framapesa.ro\/product\/uponor-magna-segment-distribuitor-industrial\/#primaryimage"},"image":{"@id":"https:\/\/www.framapesa.ro\/product\/uponor-magna-segment-distribuitor-industrial\/#primaryimage"},"thumbnailUrl":"https:\/\/www.framapesa.ro\/wp-content\/uploads\/2023\/06\/Uponor-Magna-1.jpg","datePublished":"2023-06-28T05:34:17+00:00","dateModified":"2023-06-28T07:32:40+00:00","breadcrumb":{"@id":"https:\/\/www.framapesa.ro\/product\/uponor-magna-segment-distribuitor-industrial\/#breadcrumb"},"inLanguage":"ro-RO","potentialAction":[{"@type":"ReadAction","target":["https:\/\/www.framapesa.ro\/product\/uponor-magna-segment-distribuitor-industrial\/"]}]},{"@type":"ImageObject","inLanguage":"ro-RO","@id":"https:\/\/www.framapesa.ro\/product\/uponor-magna-segment-distribuitor-industrial\/#primaryimage","url":"https:\/\/www.framapesa.ro\/wp-content\/uploads\/2023\/06\/Uponor-Magna-1.jpg","contentUrl":"https:\/\/www.framapesa.ro\/wp-content\/uploads\/2023\/06\/Uponor-Magna-1.jpg","width":600,"height":300},{"@type":"BreadcrumbList","@id":"https:\/\/www.framapesa.ro\/product\/uponor-magna-segment-distribuitor-industrial\/#breadcrumb","itemListElement":[{"@type":"ListItem","position":1,"name":"Prima pagin\u0103","item":"https:\/\/www.framapesa.ro\/"},{"@type":"ListItem","position":2,"name":"Catalog produse","item":"https:\/\/www.framapesa.ro\/catalog-produse\/"},{"@type":"ListItem","position":3,"name":"Uponor Magna segment distribuitor industrial"}]},{"@type":"WebSite","@id":"https:\/\/www.framapesa.ro\/#website","url":"https:\/\/www.framapesa.ro\/","name":"Incalzire in pardoseala Uponor","description":"","potentialAction":[{"@type":"SearchAction","target":{"@type":"EntryPoint","urlTemplate":"https:\/\/www.framapesa.ro\/?s={search_term_string}"},"query-input":{"@type":"PropertyValueSpecification","valueRequired":true,"valueName":"search_term_string"}}],"inLanguage":"ro-RO"}]}},"_links":{"self":[{"href":"https:\/\/www.framapesa.ro\/ro\/wp-json\/wp\/v2\/product\/2501","targetHints":{"allow":["GET"]}}],"collection":[{"href":"https:\/\/www.framapesa.ro\/ro\/wp-json\/wp\/v2\/product"}],"about":[{"href":"https:\/\/www.framapesa.ro\/ro\/wp-json\/wp\/v2\/types\/product"}],"replies":[{"embeddable":true,"href":"https:\/\/www.framapesa.ro\/ro\/wp-json\/wp\/v2\/comments?post=2501"}],"wp:featuredmedia":[{"embeddable":true,"href":"https:\/\/www.framapesa.ro\/ro\/wp-json\/wp\/v2\/media\/2505"}],"wp:attachment":[{"href":"https:\/\/www.framapesa.ro\/ro\/wp-json\/wp\/v2\/media?parent=2501"}],"wp:term":[{"taxonomy":"product_brand","embeddable":true,"href":"https:\/\/www.framapesa.ro\/ro\/wp-json\/wp\/v2\/product_brand?post=2501"},{"taxonomy":"product_cat","embeddable":true,"href":"https:\/\/www.framapesa.ro\/ro\/wp-json\/wp\/v2\/product_cat?post=2501"},{"taxonomy":"product_tag","embeddable":true,"href":"https:\/\/www.framapesa.ro\/ro\/wp-json\/wp\/v2\/product_tag?post=2501"}],"curies":[{"name":"wp","href":"https:\/\/api.w.org\/{rel}","templated":true}]}}