{"id":2518,"date":"2023-06-28T07:17:16","date_gmt":"2023-06-28T07:17:16","guid":{"rendered":"https:\/\/www.framapesa.ro\/nou\/?post_type=product&#038;p=2518"},"modified":"2023-06-28T10:06:08","modified_gmt":"2023-06-28T10:06:08","slug":"uponor-magna-piesa-conectare-la-d-c","status":"publish","type":"product","link":"https:\/\/www.framapesa.ro\/ro\/produs\/uponor-magna-piesa-conectare-la-d-c\/","title":{"rendered":"Uponor Magna pies\u0103 conectare la D\/C"},"content":{"rendered":"<p>Fabricat din alam\u0103<br \/>\nPentru \u021bevi PE-Xa<br \/>\nProdusul 1058341 nu este compatibil cu 1005403 \u0219i 1005420<br \/>\nProdusul 1058342 nu este compatibil cu 1005404 \u0219i 1005422<\/p>\n<p><a href=\"https:\/\/www.framapesa.ro\/nou\/wp-content\/uploads\/2023\/06\/Uponor-Magna-piesa-conectare-la-DC.jpg\"><img loading=\"lazy\" decoding=\"async\" class=\"alignnone wp-image-2519\" src=\"https:\/\/www.framapesa.ro\/nou\/wp-content\/uploads\/2023\/06\/Uponor-Magna-piesa-conectare-la-DC-300x150.jpg\" alt=\"Uponor Magna pies\u0103 conectare la D\/C\" width=\"50\" height=\"25\" srcset=\"https:\/\/www.framapesa.ro\/wp-content\/uploads\/2023\/06\/Uponor-Magna-piesa-conectare-la-DC-300x150.jpg 300w, https:\/\/www.framapesa.ro\/wp-content\/uploads\/2023\/06\/Uponor-Magna-piesa-conectare-la-DC-18x9.jpg 18w, https:\/\/www.framapesa.ro\/wp-content\/uploads\/2023\/06\/Uponor-Magna-piesa-conectare-la-DC.jpg 600w\" sizes=\"auto, (max-width: 50px) 100vw, 50px\" \/><\/a>\u00a0Uponor Magna pies\u0103 conectare la D\/C 32 &#8211; Articol disponibil la cerere, timp de livrare minim 2 s\u0103pt\u0103m\u00e2ni<\/p>\n<p>&nbsp;<\/p>","protected":false},"excerpt":{"rendered":"<p>Fabricat din alam\u0103 Pentru \u021bevi PE-Xa Produsul 1058341 nu este compatibil cu 1005403 \u0219i 1005420 Produsul 1058342 nu este compatibil cu 1005404 \u0219i 1005422 \u00a0Uponor Magna pies\u0103 conectare la D\/C 32 &#8211; Articol disponibil la cerere, timp de livrare minim 2 s\u0103pt\u0103m\u00e2ni &nbsp;<\/p>","protected":false},"featured_media":2519,"comment_status":"open","ping_status":"closed","template":"","meta":{"_links_to":"","_links_to_target":""},"product_brand":[],"product_cat":[108],"product_tag":[],"class_list":{"0":"post-2518","1":"product","2":"type-product","3":"status-publish","4":"has-post-thumbnail","6":"product_cat-uponor-magna","8":"first","9":"instock","10":"shipping-taxable","11":"product-type-simple"},"yoast_head":"<!-- This site is optimized with the Yoast SEO plugin v26.9 - https:\/\/yoast.com\/product\/yoast-seo-wordpress\/ -->\n<title>Uponor Magna pies\u0103 conectare la D\/C - Incalzire in pardoseala Uponor<\/title>\n<meta name=\"robots\" content=\"index, follow, max-snippet:-1, max-image-preview:large, max-video-preview:-1\" \/>\n<link rel=\"canonical\" href=\"https:\/\/www.framapesa.ro\/ro\/produs\/uponor-magna-piesa-conectare-la-d-c\/\" \/>\n<meta property=\"og:locale\" content=\"ro_RO\" \/>\n<meta property=\"og:type\" content=\"article\" \/>\n<meta property=\"og:title\" content=\"Uponor Magna pies\u0103 conectare la D\/C - Incalzire in pardoseala Uponor\" \/>\n<meta property=\"og:description\" content=\"Fabricat din alam\u0103 Pentru \u021bevi PE-Xa Produsul 1058341 nu este compatibil cu 1005403 \u0219i 1005420 Produsul 1058342 nu este compatibil cu 1005404 \u0219i 1005422 \u00a0Uponor Magna pies\u0103 conectare la D\/C 32 &#8211; Articol disponibil la cerere, timp de livrare minim 2 s\u0103pt\u0103m\u00e2ni &nbsp;\" \/>\n<meta property=\"og:url\" content=\"https:\/\/www.framapesa.ro\/ro\/produs\/uponor-magna-piesa-conectare-la-d-c\/\" \/>\n<meta property=\"og:site_name\" content=\"Incalzire in pardoseala Uponor\" \/>\n<meta property=\"article:modified_time\" content=\"2023-06-28T10:06:08+00:00\" \/>\n<meta property=\"og:image\" content=\"https:\/\/www.framapesa.ro\/wp-content\/uploads\/2023\/06\/Uponor-Magna-piesa-conectare-la-DC.jpg\" \/>\n\t<meta property=\"og:image:width\" content=\"600\" \/>\n\t<meta property=\"og:image:height\" content=\"300\" \/>\n\t<meta property=\"og:image:type\" content=\"image\/jpeg\" \/>\n<meta name=\"twitter:card\" content=\"summary_large_image\" \/>\n<meta name=\"twitter:label1\" content=\"Timp estimat pentru citire\" \/>\n\t<meta name=\"twitter:data1\" content=\"1 minut\" \/>\n<script type=\"application\/ld+json\" class=\"yoast-schema-graph\">{\"@context\":\"https:\/\/schema.org\",\"@graph\":[{\"@type\":\"WebPage\",\"@id\":\"https:\/\/www.framapesa.ro\/product\/uponor-magna-piesa-conectare-la-d-c\/\",\"url\":\"https:\/\/www.framapesa.ro\/product\/uponor-magna-piesa-conectare-la-d-c\/\",\"name\":\"Uponor Magna pies\u0103 conectare la D\/C - Incalzire in pardoseala Uponor\",\"isPartOf\":{\"@id\":\"https:\/\/www.framapesa.ro\/#website\"},\"primaryImageOfPage\":{\"@id\":\"https:\/\/www.framapesa.ro\/product\/uponor-magna-piesa-conectare-la-d-c\/#primaryimage\"},\"image\":{\"@id\":\"https:\/\/www.framapesa.ro\/product\/uponor-magna-piesa-conectare-la-d-c\/#primaryimage\"},\"thumbnailUrl\":\"https:\/\/www.framapesa.ro\/wp-content\/uploads\/2023\/06\/Uponor-Magna-piesa-conectare-la-DC.jpg\",\"datePublished\":\"2023-06-28T07:17:16+00:00\",\"dateModified\":\"2023-06-28T10:06:08+00:00\",\"breadcrumb\":{\"@id\":\"https:\/\/www.framapesa.ro\/product\/uponor-magna-piesa-conectare-la-d-c\/#breadcrumb\"},\"inLanguage\":\"ro-RO\",\"potentialAction\":[{\"@type\":\"ReadAction\",\"target\":[\"https:\/\/www.framapesa.ro\/product\/uponor-magna-piesa-conectare-la-d-c\/\"]}]},{\"@type\":\"ImageObject\",\"inLanguage\":\"ro-RO\",\"@id\":\"https:\/\/www.framapesa.ro\/product\/uponor-magna-piesa-conectare-la-d-c\/#primaryimage\",\"url\":\"https:\/\/www.framapesa.ro\/wp-content\/uploads\/2023\/06\/Uponor-Magna-piesa-conectare-la-DC.jpg\",\"contentUrl\":\"https:\/\/www.framapesa.ro\/wp-content\/uploads\/2023\/06\/Uponor-Magna-piesa-conectare-la-DC.jpg\",\"width\":600,\"height\":300,\"caption\":\"Uponor Magna pies\u0103 conectare la D\/C\"},{\"@type\":\"BreadcrumbList\",\"@id\":\"https:\/\/www.framapesa.ro\/product\/uponor-magna-piesa-conectare-la-d-c\/#breadcrumb\",\"itemListElement\":[{\"@type\":\"ListItem\",\"position\":1,\"name\":\"Prima pagin\u0103\",\"item\":\"https:\/\/www.framapesa.ro\/\"},{\"@type\":\"ListItem\",\"position\":2,\"name\":\"Catalog produse\",\"item\":\"https:\/\/www.framapesa.ro\/catalog-produse\/\"},{\"@type\":\"ListItem\",\"position\":3,\"name\":\"Uponor Magna pies\u0103 conectare la D\/C\"}]},{\"@type\":\"WebSite\",\"@id\":\"https:\/\/www.framapesa.ro\/#website\",\"url\":\"https:\/\/www.framapesa.ro\/\",\"name\":\"Incalzire in pardoseala Uponor\",\"description\":\"\",\"potentialAction\":[{\"@type\":\"SearchAction\",\"target\":{\"@type\":\"EntryPoint\",\"urlTemplate\":\"https:\/\/www.framapesa.ro\/?s={search_term_string}\"},\"query-input\":{\"@type\":\"PropertyValueSpecification\",\"valueRequired\":true,\"valueName\":\"search_term_string\"}}],\"inLanguage\":\"ro-RO\"}]}<\/script>\n<!-- \/ Yoast SEO plugin. -->","yoast_head_json":{"title":"Uponor Magna pies\u0103 conectare la D\/C - Incalzire in pardoseala Uponor","robots":{"index":"index","follow":"follow","max-snippet":"max-snippet:-1","max-image-preview":"max-image-preview:large","max-video-preview":"max-video-preview:-1"},"canonical":"https:\/\/www.framapesa.ro\/ro\/produs\/uponor-magna-piesa-conectare-la-d-c\/","og_locale":"ro_RO","og_type":"article","og_title":"Uponor Magna pies\u0103 conectare la D\/C - Incalzire in pardoseala Uponor","og_description":"Fabricat din alam\u0103 Pentru \u021bevi PE-Xa Produsul 1058341 nu este compatibil cu 1005403 \u0219i 1005420 Produsul 1058342 nu este compatibil cu 1005404 \u0219i 1005422 \u00a0Uponor Magna pies\u0103 conectare la D\/C 32 &#8211; Articol disponibil la cerere, timp de livrare minim 2 s\u0103pt\u0103m\u00e2ni &nbsp;","og_url":"https:\/\/www.framapesa.ro\/ro\/produs\/uponor-magna-piesa-conectare-la-d-c\/","og_site_name":"Incalzire in pardoseala Uponor","article_modified_time":"2023-06-28T10:06:08+00:00","og_image":[{"width":600,"height":300,"url":"https:\/\/www.framapesa.ro\/wp-content\/uploads\/2023\/06\/Uponor-Magna-piesa-conectare-la-DC.jpg","type":"image\/jpeg"}],"twitter_card":"summary_large_image","twitter_misc":{"Timp estimat pentru citire":"1 minut"},"schema":{"@context":"https:\/\/schema.org","@graph":[{"@type":"WebPage","@id":"https:\/\/www.framapesa.ro\/product\/uponor-magna-piesa-conectare-la-d-c\/","url":"https:\/\/www.framapesa.ro\/product\/uponor-magna-piesa-conectare-la-d-c\/","name":"Uponor Magna pies\u0103 conectare la D\/C - Incalzire in pardoseala Uponor","isPartOf":{"@id":"https:\/\/www.framapesa.ro\/#website"},"primaryImageOfPage":{"@id":"https:\/\/www.framapesa.ro\/product\/uponor-magna-piesa-conectare-la-d-c\/#primaryimage"},"image":{"@id":"https:\/\/www.framapesa.ro\/product\/uponor-magna-piesa-conectare-la-d-c\/#primaryimage"},"thumbnailUrl":"https:\/\/www.framapesa.ro\/wp-content\/uploads\/2023\/06\/Uponor-Magna-piesa-conectare-la-DC.jpg","datePublished":"2023-06-28T07:17:16+00:00","dateModified":"2023-06-28T10:06:08+00:00","breadcrumb":{"@id":"https:\/\/www.framapesa.ro\/product\/uponor-magna-piesa-conectare-la-d-c\/#breadcrumb"},"inLanguage":"ro-RO","potentialAction":[{"@type":"ReadAction","target":["https:\/\/www.framapesa.ro\/product\/uponor-magna-piesa-conectare-la-d-c\/"]}]},{"@type":"ImageObject","inLanguage":"ro-RO","@id":"https:\/\/www.framapesa.ro\/product\/uponor-magna-piesa-conectare-la-d-c\/#primaryimage","url":"https:\/\/www.framapesa.ro\/wp-content\/uploads\/2023\/06\/Uponor-Magna-piesa-conectare-la-DC.jpg","contentUrl":"https:\/\/www.framapesa.ro\/wp-content\/uploads\/2023\/06\/Uponor-Magna-piesa-conectare-la-DC.jpg","width":600,"height":300,"caption":"Uponor Magna pies\u0103 conectare la D\/C"},{"@type":"BreadcrumbList","@id":"https:\/\/www.framapesa.ro\/product\/uponor-magna-piesa-conectare-la-d-c\/#breadcrumb","itemListElement":[{"@type":"ListItem","position":1,"name":"Prima pagin\u0103","item":"https:\/\/www.framapesa.ro\/"},{"@type":"ListItem","position":2,"name":"Catalog produse","item":"https:\/\/www.framapesa.ro\/catalog-produse\/"},{"@type":"ListItem","position":3,"name":"Uponor Magna pies\u0103 conectare la D\/C"}]},{"@type":"WebSite","@id":"https:\/\/www.framapesa.ro\/#website","url":"https:\/\/www.framapesa.ro\/","name":"Incalzire in pardoseala Uponor","description":"","potentialAction":[{"@type":"SearchAction","target":{"@type":"EntryPoint","urlTemplate":"https:\/\/www.framapesa.ro\/?s={search_term_string}"},"query-input":{"@type":"PropertyValueSpecification","valueRequired":true,"valueName":"search_term_string"}}],"inLanguage":"ro-RO"}]}},"_links":{"self":[{"href":"https:\/\/www.framapesa.ro\/ro\/wp-json\/wp\/v2\/product\/2518","targetHints":{"allow":["GET"]}}],"collection":[{"href":"https:\/\/www.framapesa.ro\/ro\/wp-json\/wp\/v2\/product"}],"about":[{"href":"https:\/\/www.framapesa.ro\/ro\/wp-json\/wp\/v2\/types\/product"}],"replies":[{"embeddable":true,"href":"https:\/\/www.framapesa.ro\/ro\/wp-json\/wp\/v2\/comments?post=2518"}],"wp:featuredmedia":[{"embeddable":true,"href":"https:\/\/www.framapesa.ro\/ro\/wp-json\/wp\/v2\/media\/2519"}],"wp:attachment":[{"href":"https:\/\/www.framapesa.ro\/ro\/wp-json\/wp\/v2\/media?parent=2518"}],"wp:term":[{"taxonomy":"product_brand","embeddable":true,"href":"https:\/\/www.framapesa.ro\/ro\/wp-json\/wp\/v2\/product_brand?post=2518"},{"taxonomy":"product_cat","embeddable":true,"href":"https:\/\/www.framapesa.ro\/ro\/wp-json\/wp\/v2\/product_cat?post=2518"},{"taxonomy":"product_tag","embeddable":true,"href":"https:\/\/www.framapesa.ro\/ro\/wp-json\/wp\/v2\/product_tag?post=2518"}],"curies":[{"name":"wp","href":"https:\/\/api.w.org\/{rel}","templated":true}]}}