{"id":2555,"date":"2023-06-28T08:48:50","date_gmt":"2023-06-28T08:48:50","guid":{"rendered":"https:\/\/www.framapesa.ro\/nou\/?post_type=product&#038;p=2555"},"modified":"2023-06-28T08:48:50","modified_gmt":"2023-06-28T08:48:50","slug":"uponor-thermatop-m","status":"publish","type":"product","link":"https:\/\/www.framapesa.ro\/ro\/produs\/uponor-thermatop-m\/","title":{"rendered":"Uponor Thermatop M"},"content":{"rendered":"<p>Panou radiant prefabricat realizat din \u021bevi Uni Pipe PLUS de 16 x 2,0 mm cu 10 r\u00e2nduri de \u021bevi \u0219i p\u00e2n\u0103 la 37,3 m pe modul m\u00b2.<br \/>\nPentru distan\u021ba \u00eentre profile CD de 333 mm<br \/>\nTeava este 100% rezistenta la difuzia de oxigen conform DIN 4726.<br \/>\nCapacitate de r\u0103cire conform EN 14240 (8K) p\u00e2n\u0103 la 67 W\/m\u00b2<br \/>\nCapacitate de \u00eenc\u0103lzire conform EN 14037 (15K) p\u00e2n\u0103 la 105 W\/m\u00b2.<br \/>\nAbsorb\u021bie acustic\u0103 conform DIN EN ISO 354 cu \u03b1w \u00eentre 0,60 \u0219i 0,65.<br \/>\nCapacitate si valori acustice in functie de gips carton.<\/p>\n<p><a href=\"https:\/\/www.framapesa.ro\/nou\/wp-content\/uploads\/2023\/06\/Uponor-Thermatop.jpg\"><img loading=\"lazy\" decoding=\"async\" class=\"alignnone wp-image-2554\" src=\"https:\/\/www.framapesa.ro\/nou\/wp-content\/uploads\/2023\/06\/Uponor-Thermatop-300x150.jpg\" alt=\"Uponor Thermatop\" width=\"50\" height=\"25\" srcset=\"https:\/\/www.framapesa.ro\/wp-content\/uploads\/2023\/06\/Uponor-Thermatop-300x150.jpg 300w, https:\/\/www.framapesa.ro\/wp-content\/uploads\/2023\/06\/Uponor-Thermatop-18x9.jpg 18w, https:\/\/www.framapesa.ro\/wp-content\/uploads\/2023\/06\/Uponor-Thermatop.jpg 600w\" sizes=\"auto, (max-width: 50px) 100vw, 50px\" \/><\/a> Uponor Thermatop M 1350X277mm<\/p>\n<p><a href=\"https:\/\/www.framapesa.ro\/nou\/wp-content\/uploads\/2023\/06\/Uponor-Thermatop.jpg\"><img loading=\"lazy\" decoding=\"async\" class=\"alignnone wp-image-2554\" src=\"https:\/\/www.framapesa.ro\/nou\/wp-content\/uploads\/2023\/06\/Uponor-Thermatop-300x150.jpg\" alt=\"Uponor Thermatop\" width=\"50\" height=\"25\" srcset=\"https:\/\/www.framapesa.ro\/wp-content\/uploads\/2023\/06\/Uponor-Thermatop-300x150.jpg 300w, https:\/\/www.framapesa.ro\/wp-content\/uploads\/2023\/06\/Uponor-Thermatop-18x9.jpg 18w, https:\/\/www.framapesa.ro\/wp-content\/uploads\/2023\/06\/Uponor-Thermatop.jpg 600w\" sizes=\"auto, (max-width: 50px) 100vw, 50px\" \/><\/a> Uponor Thermatop M 1750X277mm<\/p>\n<p><a href=\"https:\/\/www.framapesa.ro\/nou\/wp-content\/uploads\/2023\/06\/Uponor-Thermatop.jpg\"><img loading=\"lazy\" decoding=\"async\" class=\"alignnone wp-image-2554\" src=\"https:\/\/www.framapesa.ro\/nou\/wp-content\/uploads\/2023\/06\/Uponor-Thermatop-300x150.jpg\" alt=\"Uponor Thermatop\" width=\"50\" height=\"25\" srcset=\"https:\/\/www.framapesa.ro\/wp-content\/uploads\/2023\/06\/Uponor-Thermatop-300x150.jpg 300w, https:\/\/www.framapesa.ro\/wp-content\/uploads\/2023\/06\/Uponor-Thermatop-18x9.jpg 18w, https:\/\/www.framapesa.ro\/wp-content\/uploads\/2023\/06\/Uponor-Thermatop.jpg 600w\" sizes=\"auto, (max-width: 50px) 100vw, 50px\" \/><\/a> Uponor Thermatop M 2150X277mm<\/p>\n<p><a href=\"https:\/\/www.framapesa.ro\/nou\/wp-content\/uploads\/2023\/06\/Uponor-Thermatop.jpg\"><img loading=\"lazy\" decoding=\"async\" class=\"alignnone wp-image-2554\" src=\"https:\/\/www.framapesa.ro\/nou\/wp-content\/uploads\/2023\/06\/Uponor-Thermatop-300x150.jpg\" alt=\"Uponor Thermatop\" width=\"50\" height=\"25\" srcset=\"https:\/\/www.framapesa.ro\/wp-content\/uploads\/2023\/06\/Uponor-Thermatop-300x150.jpg 300w, https:\/\/www.framapesa.ro\/wp-content\/uploads\/2023\/06\/Uponor-Thermatop-18x9.jpg 18w, https:\/\/www.framapesa.ro\/wp-content\/uploads\/2023\/06\/Uponor-Thermatop.jpg 600w\" sizes=\"auto, (max-width: 50px) 100vw, 50px\" \/><\/a> Uponor Thermatop M 2550x277mm<\/p>","protected":false},"excerpt":{"rendered":"<p>Panou radiant prefabricat realizat din \u021bevi Uni Pipe PLUS de 16 x 2,0 mm cu 10 r\u00e2nduri de \u021bevi \u0219i p\u00e2n\u0103 la 37,3 m pe modul m\u00b2. Pentru distan\u021ba \u00eentre profile CD de 333 mm Teava este 100% rezistenta la difuzia de oxigen conform DIN 4726. Capacitate de r\u0103cire conform EN 14240 (8K) p\u00e2n\u0103 la [&hellip;]<\/p>\n","protected":false},"featured_media":2554,"comment_status":"open","ping_status":"closed","template":"","meta":{"_links_to":"","_links_to_target":""},"product_brand":[],"product_cat":[112],"product_tag":[],"class_list":{"0":"post-2555","1":"product","2":"type-product","3":"status-publish","4":"has-post-thumbnail","6":"product_cat-uponor-thermatop","8":"first","9":"instock","10":"shipping-taxable","11":"product-type-simple"},"yoast_head":"<!-- This site is optimized with the Yoast SEO plugin v26.9 - https:\/\/yoast.com\/product\/yoast-seo-wordpress\/ -->\n<title>Uponor Thermatop M - Incalzire in pardoseala Uponor<\/title>\n<meta name=\"robots\" content=\"index, follow, max-snippet:-1, max-image-preview:large, max-video-preview:-1\" \/>\n<link rel=\"canonical\" href=\"https:\/\/www.framapesa.ro\/ro\/produs\/uponor-thermatop-m\/\" \/>\n<meta property=\"og:locale\" content=\"ro_RO\" \/>\n<meta property=\"og:type\" content=\"article\" \/>\n<meta property=\"og:title\" content=\"Uponor Thermatop M - Incalzire in pardoseala Uponor\" \/>\n<meta property=\"og:description\" content=\"Panou radiant prefabricat realizat din \u021bevi Uni Pipe PLUS de 16 x 2,0 mm cu 10 r\u00e2nduri de \u021bevi \u0219i p\u00e2n\u0103 la 37,3 m pe modul m\u00b2. Pentru distan\u021ba \u00eentre profile CD de 333 mm Teava este 100% rezistenta la difuzia de oxigen conform DIN 4726. Capacitate de r\u0103cire conform EN 14240 (8K) p\u00e2n\u0103 la [&hellip;]\" \/>\n<meta property=\"og:url\" content=\"https:\/\/www.framapesa.ro\/ro\/produs\/uponor-thermatop-m\/\" \/>\n<meta property=\"og:site_name\" content=\"Incalzire in pardoseala Uponor\" \/>\n<meta property=\"og:image\" content=\"https:\/\/www.framapesa.ro\/wp-content\/uploads\/2023\/06\/Uponor-Thermatop.jpg\" \/>\n\t<meta property=\"og:image:width\" content=\"600\" \/>\n\t<meta property=\"og:image:height\" content=\"300\" \/>\n\t<meta property=\"og:image:type\" content=\"image\/jpeg\" \/>\n<meta name=\"twitter:card\" content=\"summary_large_image\" \/>\n<meta name=\"twitter:label1\" content=\"Timp estimat pentru citire\" \/>\n\t<meta name=\"twitter:data1\" content=\"2 minute\" \/>\n<script type=\"application\/ld+json\" class=\"yoast-schema-graph\">{\"@context\":\"https:\/\/schema.org\",\"@graph\":[{\"@type\":\"WebPage\",\"@id\":\"https:\/\/www.framapesa.ro\/product\/uponor-thermatop-m\/\",\"url\":\"https:\/\/www.framapesa.ro\/product\/uponor-thermatop-m\/\",\"name\":\"Uponor Thermatop M - Incalzire in pardoseala Uponor\",\"isPartOf\":{\"@id\":\"https:\/\/www.framapesa.ro\/#website\"},\"primaryImageOfPage\":{\"@id\":\"https:\/\/www.framapesa.ro\/product\/uponor-thermatop-m\/#primaryimage\"},\"image\":{\"@id\":\"https:\/\/www.framapesa.ro\/product\/uponor-thermatop-m\/#primaryimage\"},\"thumbnailUrl\":\"https:\/\/www.framapesa.ro\/wp-content\/uploads\/2023\/06\/Uponor-Thermatop.jpg\",\"datePublished\":\"2023-06-28T08:48:50+00:00\",\"breadcrumb\":{\"@id\":\"https:\/\/www.framapesa.ro\/product\/uponor-thermatop-m\/#breadcrumb\"},\"inLanguage\":\"ro-RO\",\"potentialAction\":[{\"@type\":\"ReadAction\",\"target\":[\"https:\/\/www.framapesa.ro\/product\/uponor-thermatop-m\/\"]}]},{\"@type\":\"ImageObject\",\"inLanguage\":\"ro-RO\",\"@id\":\"https:\/\/www.framapesa.ro\/product\/uponor-thermatop-m\/#primaryimage\",\"url\":\"https:\/\/www.framapesa.ro\/wp-content\/uploads\/2023\/06\/Uponor-Thermatop.jpg\",\"contentUrl\":\"https:\/\/www.framapesa.ro\/wp-content\/uploads\/2023\/06\/Uponor-Thermatop.jpg\",\"width\":600,\"height\":300,\"caption\":\"Uponor Thermatop\"},{\"@type\":\"BreadcrumbList\",\"@id\":\"https:\/\/www.framapesa.ro\/product\/uponor-thermatop-m\/#breadcrumb\",\"itemListElement\":[{\"@type\":\"ListItem\",\"position\":1,\"name\":\"Prima pagin\u0103\",\"item\":\"https:\/\/www.framapesa.ro\/\"},{\"@type\":\"ListItem\",\"position\":2,\"name\":\"Catalog produse\",\"item\":\"https:\/\/www.framapesa.ro\/catalog-produse\/\"},{\"@type\":\"ListItem\",\"position\":3,\"name\":\"Uponor Thermatop M\"}]},{\"@type\":\"WebSite\",\"@id\":\"https:\/\/www.framapesa.ro\/#website\",\"url\":\"https:\/\/www.framapesa.ro\/\",\"name\":\"Incalzire in pardoseala Uponor\",\"description\":\"\",\"potentialAction\":[{\"@type\":\"SearchAction\",\"target\":{\"@type\":\"EntryPoint\",\"urlTemplate\":\"https:\/\/www.framapesa.ro\/?s={search_term_string}\"},\"query-input\":{\"@type\":\"PropertyValueSpecification\",\"valueRequired\":true,\"valueName\":\"search_term_string\"}}],\"inLanguage\":\"ro-RO\"}]}<\/script>\n<!-- \/ Yoast SEO plugin. -->","yoast_head_json":{"title":"Uponor Thermatop M - Incalzire in pardoseala Uponor","robots":{"index":"index","follow":"follow","max-snippet":"max-snippet:-1","max-image-preview":"max-image-preview:large","max-video-preview":"max-video-preview:-1"},"canonical":"https:\/\/www.framapesa.ro\/ro\/produs\/uponor-thermatop-m\/","og_locale":"ro_RO","og_type":"article","og_title":"Uponor Thermatop M - Incalzire in pardoseala Uponor","og_description":"Panou radiant prefabricat realizat din \u021bevi Uni Pipe PLUS de 16 x 2,0 mm cu 10 r\u00e2nduri de \u021bevi \u0219i p\u00e2n\u0103 la 37,3 m pe modul m\u00b2. Pentru distan\u021ba \u00eentre profile CD de 333 mm Teava este 100% rezistenta la difuzia de oxigen conform DIN 4726. Capacitate de r\u0103cire conform EN 14240 (8K) p\u00e2n\u0103 la [&hellip;]","og_url":"https:\/\/www.framapesa.ro\/ro\/produs\/uponor-thermatop-m\/","og_site_name":"Incalzire in pardoseala Uponor","og_image":[{"width":600,"height":300,"url":"https:\/\/www.framapesa.ro\/wp-content\/uploads\/2023\/06\/Uponor-Thermatop.jpg","type":"image\/jpeg"}],"twitter_card":"summary_large_image","twitter_misc":{"Timp estimat pentru citire":"2 minute"},"schema":{"@context":"https:\/\/schema.org","@graph":[{"@type":"WebPage","@id":"https:\/\/www.framapesa.ro\/product\/uponor-thermatop-m\/","url":"https:\/\/www.framapesa.ro\/product\/uponor-thermatop-m\/","name":"Uponor Thermatop M - Incalzire in pardoseala Uponor","isPartOf":{"@id":"https:\/\/www.framapesa.ro\/#website"},"primaryImageOfPage":{"@id":"https:\/\/www.framapesa.ro\/product\/uponor-thermatop-m\/#primaryimage"},"image":{"@id":"https:\/\/www.framapesa.ro\/product\/uponor-thermatop-m\/#primaryimage"},"thumbnailUrl":"https:\/\/www.framapesa.ro\/wp-content\/uploads\/2023\/06\/Uponor-Thermatop.jpg","datePublished":"2023-06-28T08:48:50+00:00","breadcrumb":{"@id":"https:\/\/www.framapesa.ro\/product\/uponor-thermatop-m\/#breadcrumb"},"inLanguage":"ro-RO","potentialAction":[{"@type":"ReadAction","target":["https:\/\/www.framapesa.ro\/product\/uponor-thermatop-m\/"]}]},{"@type":"ImageObject","inLanguage":"ro-RO","@id":"https:\/\/www.framapesa.ro\/product\/uponor-thermatop-m\/#primaryimage","url":"https:\/\/www.framapesa.ro\/wp-content\/uploads\/2023\/06\/Uponor-Thermatop.jpg","contentUrl":"https:\/\/www.framapesa.ro\/wp-content\/uploads\/2023\/06\/Uponor-Thermatop.jpg","width":600,"height":300,"caption":"Uponor Thermatop"},{"@type":"BreadcrumbList","@id":"https:\/\/www.framapesa.ro\/product\/uponor-thermatop-m\/#breadcrumb","itemListElement":[{"@type":"ListItem","position":1,"name":"Prima pagin\u0103","item":"https:\/\/www.framapesa.ro\/"},{"@type":"ListItem","position":2,"name":"Catalog produse","item":"https:\/\/www.framapesa.ro\/catalog-produse\/"},{"@type":"ListItem","position":3,"name":"Uponor Thermatop M"}]},{"@type":"WebSite","@id":"https:\/\/www.framapesa.ro\/#website","url":"https:\/\/www.framapesa.ro\/","name":"Incalzire in pardoseala Uponor","description":"","potentialAction":[{"@type":"SearchAction","target":{"@type":"EntryPoint","urlTemplate":"https:\/\/www.framapesa.ro\/?s={search_term_string}"},"query-input":{"@type":"PropertyValueSpecification","valueRequired":true,"valueName":"search_term_string"}}],"inLanguage":"ro-RO"}]}},"_links":{"self":[{"href":"https:\/\/www.framapesa.ro\/ro\/wp-json\/wp\/v2\/product\/2555","targetHints":{"allow":["GET"]}}],"collection":[{"href":"https:\/\/www.framapesa.ro\/ro\/wp-json\/wp\/v2\/product"}],"about":[{"href":"https:\/\/www.framapesa.ro\/ro\/wp-json\/wp\/v2\/types\/product"}],"replies":[{"embeddable":true,"href":"https:\/\/www.framapesa.ro\/ro\/wp-json\/wp\/v2\/comments?post=2555"}],"wp:featuredmedia":[{"embeddable":true,"href":"https:\/\/www.framapesa.ro\/ro\/wp-json\/wp\/v2\/media\/2554"}],"wp:attachment":[{"href":"https:\/\/www.framapesa.ro\/ro\/wp-json\/wp\/v2\/media?parent=2555"}],"wp:term":[{"taxonomy":"product_brand","embeddable":true,"href":"https:\/\/www.framapesa.ro\/ro\/wp-json\/wp\/v2\/product_brand?post=2555"},{"taxonomy":"product_cat","embeddable":true,"href":"https:\/\/www.framapesa.ro\/ro\/wp-json\/wp\/v2\/product_cat?post=2555"},{"taxonomy":"product_tag","embeddable":true,"href":"https:\/\/www.framapesa.ro\/ro\/wp-json\/wp\/v2\/product_tag?post=2555"}],"curies":[{"name":"wp","href":"https:\/\/api.w.org\/{rel}","templated":true}]}}