{"id":2564,"date":"2023-06-28T09:07:59","date_gmt":"2023-06-28T09:07:59","guid":{"rendered":"https:\/\/www.framapesa.ro\/nou\/?post_type=product&#038;p=2564"},"modified":"2023-06-28T09:08:00","modified_gmt":"2023-06-28T09:08:00","slug":"uponor-minitec-profil-de-dilatare-cu-talpa","status":"publish","type":"product","link":"https:\/\/www.framapesa.ro\/ro\/produs\/uponor-minitec-profil-de-dilatare-cu-talpa\/","title":{"rendered":"Uponor Minitec profil de dilatare cu talp\u0103"},"content":{"rendered":"<p>Profil de dilatare autoadeziv din spum\u0103 de polietilen\u0103 \u0219i corp din PVC dur, pentru separarea zonelor de \u0219ap\u0103 (de exemplu, la u\u0219i) \u0219i pentru a absorbi dilatarea \u0219apei. Pentru rosturi de dilatare conform DIN 18560-2.<\/p>\n<p><a href=\"https:\/\/www.framapesa.ro\/nou\/wp-content\/uploads\/2023\/06\/Uponor-Minitec-profil-de-dilatare-cu-talpa.jpg\"><img loading=\"lazy\" decoding=\"async\" class=\"alignnone wp-image-2565\" src=\"https:\/\/www.framapesa.ro\/nou\/wp-content\/uploads\/2023\/06\/Uponor-Minitec-profil-de-dilatare-cu-talpa-300x150.jpg\" alt=\"Uponor Minitec profil de dilatare cu talp\u0103\" width=\"50\" height=\"25\" srcset=\"https:\/\/www.framapesa.ro\/wp-content\/uploads\/2023\/06\/Uponor-Minitec-profil-de-dilatare-cu-talpa-300x150.jpg 300w, https:\/\/www.framapesa.ro\/wp-content\/uploads\/2023\/06\/Uponor-Minitec-profil-de-dilatare-cu-talpa-18x9.jpg 18w, https:\/\/www.framapesa.ro\/wp-content\/uploads\/2023\/06\/Uponor-Minitec-profil-de-dilatare-cu-talpa.jpg 600w\" sizes=\"auto, (max-width: 50px) 100vw, 50px\" \/><\/a> Uponor Minitec profil de dilatare cu talp\u0103 0,9m 40x10mm<\/p>\n<p><a href=\"https:\/\/www.framapesa.ro\/nou\/wp-content\/uploads\/2023\/06\/Uponor-Minitec-profil-de-dilatare-cu-talpa.jpg\"><img loading=\"lazy\" decoding=\"async\" class=\"alignnone wp-image-2565\" src=\"https:\/\/www.framapesa.ro\/nou\/wp-content\/uploads\/2023\/06\/Uponor-Minitec-profil-de-dilatare-cu-talpa-300x150.jpg\" alt=\"Uponor Minitec profil de dilatare cu talp\u0103\" width=\"50\" height=\"25\" srcset=\"https:\/\/www.framapesa.ro\/wp-content\/uploads\/2023\/06\/Uponor-Minitec-profil-de-dilatare-cu-talpa-300x150.jpg 300w, https:\/\/www.framapesa.ro\/wp-content\/uploads\/2023\/06\/Uponor-Minitec-profil-de-dilatare-cu-talpa-18x9.jpg 18w, https:\/\/www.framapesa.ro\/wp-content\/uploads\/2023\/06\/Uponor-Minitec-profil-de-dilatare-cu-talpa.jpg 600w\" sizes=\"auto, (max-width: 50px) 100vw, 50px\" \/><\/a> Uponor Minitec profil de dilatare cu talp\u0103 1,3m 40x10mm<\/p>","protected":false},"excerpt":{"rendered":"<p>Profil de dilatare autoadeziv din spum\u0103 de polietilen\u0103 \u0219i corp din PVC dur, pentru separarea zonelor de \u0219ap\u0103 (de exemplu, la u\u0219i) \u0219i pentru a absorbi dilatarea \u0219apei. Pentru rosturi de dilatare conform DIN 18560-2. Uponor Minitec profil de dilatare cu talp\u0103 0,9m 40x10mm Uponor Minitec profil de dilatare cu talp\u0103 1,3m 40x10mm<\/p>","protected":false},"featured_media":2565,"comment_status":"open","ping_status":"closed","template":"","meta":{"_links_to":"","_links_to_target":""},"product_brand":[],"product_cat":[100],"product_tag":[],"class_list":{"0":"post-2564","1":"product","2":"type-product","3":"status-publish","4":"has-post-thumbnail","6":"product_cat-uponor-minitec-uponor-minitec","8":"first","9":"instock","10":"shipping-taxable","11":"product-type-simple"},"yoast_head":"<!-- This site is optimized with the Yoast SEO plugin v26.9 - https:\/\/yoast.com\/product\/yoast-seo-wordpress\/ -->\n<title>Uponor Minitec profil de dilatare cu talp\u0103 - Incalzire in pardoseala Uponor<\/title>\n<meta name=\"robots\" content=\"index, follow, max-snippet:-1, max-image-preview:large, max-video-preview:-1\" \/>\n<link rel=\"canonical\" href=\"https:\/\/www.framapesa.ro\/ro\/produs\/uponor-minitec-profil-de-dilatare-cu-talpa\/\" \/>\n<meta property=\"og:locale\" content=\"ro_RO\" \/>\n<meta property=\"og:type\" content=\"article\" \/>\n<meta property=\"og:title\" content=\"Uponor Minitec profil de dilatare cu talp\u0103 - Incalzire in pardoseala Uponor\" \/>\n<meta property=\"og:description\" content=\"Profil de dilatare autoadeziv din spum\u0103 de polietilen\u0103 \u0219i corp din PVC dur, pentru separarea zonelor de \u0219ap\u0103 (de exemplu, la u\u0219i) \u0219i pentru a absorbi dilatarea \u0219apei. Pentru rosturi de dilatare conform DIN 18560-2. Uponor Minitec profil de dilatare cu talp\u0103 0,9m 40x10mm Uponor Minitec profil de dilatare cu talp\u0103 1,3m 40x10mm\" \/>\n<meta property=\"og:url\" content=\"https:\/\/www.framapesa.ro\/ro\/produs\/uponor-minitec-profil-de-dilatare-cu-talpa\/\" \/>\n<meta property=\"og:site_name\" content=\"Incalzire in pardoseala Uponor\" \/>\n<meta property=\"article:modified_time\" content=\"2023-06-28T09:08:00+00:00\" \/>\n<meta property=\"og:image\" content=\"https:\/\/www.framapesa.ro\/wp-content\/uploads\/2023\/06\/Uponor-Minitec-profil-de-dilatare-cu-talpa.jpg\" \/>\n\t<meta property=\"og:image:width\" content=\"600\" \/>\n\t<meta property=\"og:image:height\" content=\"300\" \/>\n\t<meta property=\"og:image:type\" content=\"image\/jpeg\" \/>\n<meta name=\"twitter:card\" content=\"summary_large_image\" \/>\n<meta name=\"twitter:label1\" content=\"Timp estimat pentru citire\" \/>\n\t<meta name=\"twitter:data1\" content=\"1 minut\" \/>\n<script type=\"application\/ld+json\" class=\"yoast-schema-graph\">{\"@context\":\"https:\/\/schema.org\",\"@graph\":[{\"@type\":\"WebPage\",\"@id\":\"https:\/\/www.framapesa.ro\/product\/uponor-minitec-profil-de-dilatare-cu-talpa\/\",\"url\":\"https:\/\/www.framapesa.ro\/product\/uponor-minitec-profil-de-dilatare-cu-talpa\/\",\"name\":\"Uponor Minitec profil de dilatare cu talp\u0103 - Incalzire in pardoseala Uponor\",\"isPartOf\":{\"@id\":\"https:\/\/www.framapesa.ro\/#website\"},\"primaryImageOfPage\":{\"@id\":\"https:\/\/www.framapesa.ro\/product\/uponor-minitec-profil-de-dilatare-cu-talpa\/#primaryimage\"},\"image\":{\"@id\":\"https:\/\/www.framapesa.ro\/product\/uponor-minitec-profil-de-dilatare-cu-talpa\/#primaryimage\"},\"thumbnailUrl\":\"https:\/\/www.framapesa.ro\/wp-content\/uploads\/2023\/06\/Uponor-Minitec-profil-de-dilatare-cu-talpa.jpg\",\"datePublished\":\"2023-06-28T09:07:59+00:00\",\"dateModified\":\"2023-06-28T09:08:00+00:00\",\"breadcrumb\":{\"@id\":\"https:\/\/www.framapesa.ro\/product\/uponor-minitec-profil-de-dilatare-cu-talpa\/#breadcrumb\"},\"inLanguage\":\"ro-RO\",\"potentialAction\":[{\"@type\":\"ReadAction\",\"target\":[\"https:\/\/www.framapesa.ro\/product\/uponor-minitec-profil-de-dilatare-cu-talpa\/\"]}]},{\"@type\":\"ImageObject\",\"inLanguage\":\"ro-RO\",\"@id\":\"https:\/\/www.framapesa.ro\/product\/uponor-minitec-profil-de-dilatare-cu-talpa\/#primaryimage\",\"url\":\"https:\/\/www.framapesa.ro\/wp-content\/uploads\/2023\/06\/Uponor-Minitec-profil-de-dilatare-cu-talpa.jpg\",\"contentUrl\":\"https:\/\/www.framapesa.ro\/wp-content\/uploads\/2023\/06\/Uponor-Minitec-profil-de-dilatare-cu-talpa.jpg\",\"width\":600,\"height\":300,\"caption\":\"Uponor Minitec profil de dilatare cu talp\u0103\"},{\"@type\":\"BreadcrumbList\",\"@id\":\"https:\/\/www.framapesa.ro\/product\/uponor-minitec-profil-de-dilatare-cu-talpa\/#breadcrumb\",\"itemListElement\":[{\"@type\":\"ListItem\",\"position\":1,\"name\":\"Prima pagin\u0103\",\"item\":\"https:\/\/www.framapesa.ro\/\"},{\"@type\":\"ListItem\",\"position\":2,\"name\":\"Catalog produse\",\"item\":\"https:\/\/www.framapesa.ro\/catalog-produse\/\"},{\"@type\":\"ListItem\",\"position\":3,\"name\":\"Uponor Minitec profil de dilatare cu talp\u0103\"}]},{\"@type\":\"WebSite\",\"@id\":\"https:\/\/www.framapesa.ro\/#website\",\"url\":\"https:\/\/www.framapesa.ro\/\",\"name\":\"Incalzire in pardoseala Uponor\",\"description\":\"\",\"potentialAction\":[{\"@type\":\"SearchAction\",\"target\":{\"@type\":\"EntryPoint\",\"urlTemplate\":\"https:\/\/www.framapesa.ro\/?s={search_term_string}\"},\"query-input\":{\"@type\":\"PropertyValueSpecification\",\"valueRequired\":true,\"valueName\":\"search_term_string\"}}],\"inLanguage\":\"ro-RO\"}]}<\/script>\n<!-- \/ Yoast SEO plugin. -->","yoast_head_json":{"title":"Uponor Minitec profil de dilatare cu talp\u0103 - Incalzire in pardoseala Uponor","robots":{"index":"index","follow":"follow","max-snippet":"max-snippet:-1","max-image-preview":"max-image-preview:large","max-video-preview":"max-video-preview:-1"},"canonical":"https:\/\/www.framapesa.ro\/ro\/produs\/uponor-minitec-profil-de-dilatare-cu-talpa\/","og_locale":"ro_RO","og_type":"article","og_title":"Uponor Minitec profil de dilatare cu talp\u0103 - Incalzire in pardoseala Uponor","og_description":"Profil de dilatare autoadeziv din spum\u0103 de polietilen\u0103 \u0219i corp din PVC dur, pentru separarea zonelor de \u0219ap\u0103 (de exemplu, la u\u0219i) \u0219i pentru a absorbi dilatarea \u0219apei. Pentru rosturi de dilatare conform DIN 18560-2. Uponor Minitec profil de dilatare cu talp\u0103 0,9m 40x10mm Uponor Minitec profil de dilatare cu talp\u0103 1,3m 40x10mm","og_url":"https:\/\/www.framapesa.ro\/ro\/produs\/uponor-minitec-profil-de-dilatare-cu-talpa\/","og_site_name":"Incalzire in pardoseala Uponor","article_modified_time":"2023-06-28T09:08:00+00:00","og_image":[{"width":600,"height":300,"url":"https:\/\/www.framapesa.ro\/wp-content\/uploads\/2023\/06\/Uponor-Minitec-profil-de-dilatare-cu-talpa.jpg","type":"image\/jpeg"}],"twitter_card":"summary_large_image","twitter_misc":{"Timp estimat pentru citire":"1 minut"},"schema":{"@context":"https:\/\/schema.org","@graph":[{"@type":"WebPage","@id":"https:\/\/www.framapesa.ro\/product\/uponor-minitec-profil-de-dilatare-cu-talpa\/","url":"https:\/\/www.framapesa.ro\/product\/uponor-minitec-profil-de-dilatare-cu-talpa\/","name":"Uponor Minitec profil de dilatare cu talp\u0103 - Incalzire in pardoseala Uponor","isPartOf":{"@id":"https:\/\/www.framapesa.ro\/#website"},"primaryImageOfPage":{"@id":"https:\/\/www.framapesa.ro\/product\/uponor-minitec-profil-de-dilatare-cu-talpa\/#primaryimage"},"image":{"@id":"https:\/\/www.framapesa.ro\/product\/uponor-minitec-profil-de-dilatare-cu-talpa\/#primaryimage"},"thumbnailUrl":"https:\/\/www.framapesa.ro\/wp-content\/uploads\/2023\/06\/Uponor-Minitec-profil-de-dilatare-cu-talpa.jpg","datePublished":"2023-06-28T09:07:59+00:00","dateModified":"2023-06-28T09:08:00+00:00","breadcrumb":{"@id":"https:\/\/www.framapesa.ro\/product\/uponor-minitec-profil-de-dilatare-cu-talpa\/#breadcrumb"},"inLanguage":"ro-RO","potentialAction":[{"@type":"ReadAction","target":["https:\/\/www.framapesa.ro\/product\/uponor-minitec-profil-de-dilatare-cu-talpa\/"]}]},{"@type":"ImageObject","inLanguage":"ro-RO","@id":"https:\/\/www.framapesa.ro\/product\/uponor-minitec-profil-de-dilatare-cu-talpa\/#primaryimage","url":"https:\/\/www.framapesa.ro\/wp-content\/uploads\/2023\/06\/Uponor-Minitec-profil-de-dilatare-cu-talpa.jpg","contentUrl":"https:\/\/www.framapesa.ro\/wp-content\/uploads\/2023\/06\/Uponor-Minitec-profil-de-dilatare-cu-talpa.jpg","width":600,"height":300,"caption":"Uponor Minitec profil de dilatare cu talp\u0103"},{"@type":"BreadcrumbList","@id":"https:\/\/www.framapesa.ro\/product\/uponor-minitec-profil-de-dilatare-cu-talpa\/#breadcrumb","itemListElement":[{"@type":"ListItem","position":1,"name":"Prima pagin\u0103","item":"https:\/\/www.framapesa.ro\/"},{"@type":"ListItem","position":2,"name":"Catalog produse","item":"https:\/\/www.framapesa.ro\/catalog-produse\/"},{"@type":"ListItem","position":3,"name":"Uponor Minitec profil de dilatare cu talp\u0103"}]},{"@type":"WebSite","@id":"https:\/\/www.framapesa.ro\/#website","url":"https:\/\/www.framapesa.ro\/","name":"Incalzire in pardoseala Uponor","description":"","potentialAction":[{"@type":"SearchAction","target":{"@type":"EntryPoint","urlTemplate":"https:\/\/www.framapesa.ro\/?s={search_term_string}"},"query-input":{"@type":"PropertyValueSpecification","valueRequired":true,"valueName":"search_term_string"}}],"inLanguage":"ro-RO"}]}},"_links":{"self":[{"href":"https:\/\/www.framapesa.ro\/ro\/wp-json\/wp\/v2\/product\/2564","targetHints":{"allow":["GET"]}}],"collection":[{"href":"https:\/\/www.framapesa.ro\/ro\/wp-json\/wp\/v2\/product"}],"about":[{"href":"https:\/\/www.framapesa.ro\/ro\/wp-json\/wp\/v2\/types\/product"}],"replies":[{"embeddable":true,"href":"https:\/\/www.framapesa.ro\/ro\/wp-json\/wp\/v2\/comments?post=2564"}],"wp:featuredmedia":[{"embeddable":true,"href":"https:\/\/www.framapesa.ro\/ro\/wp-json\/wp\/v2\/media\/2565"}],"wp:attachment":[{"href":"https:\/\/www.framapesa.ro\/ro\/wp-json\/wp\/v2\/media?parent=2564"}],"wp:term":[{"taxonomy":"product_brand","embeddable":true,"href":"https:\/\/www.framapesa.ro\/ro\/wp-json\/wp\/v2\/product_brand?post=2564"},{"taxonomy":"product_cat","embeddable":true,"href":"https:\/\/www.framapesa.ro\/ro\/wp-json\/wp\/v2\/product_cat?post=2564"},{"taxonomy":"product_tag","embeddable":true,"href":"https:\/\/www.framapesa.ro\/ro\/wp-json\/wp\/v2\/product_tag?post=2564"}],"curies":[{"name":"wp","href":"https:\/\/api.w.org\/{rel}","templated":true}]}}