{"id":2644,"date":"2023-06-29T05:39:16","date_gmt":"2023-06-29T05:39:16","guid":{"rendered":"https:\/\/www.framapesa.ro\/nou\/?post_type=product&#038;p=2644"},"modified":"2023-06-29T05:41:11","modified_gmt":"2023-06-29T05:41:11","slug":"uponor-comfort-e-termostat-prog-digital-flush-set-t-87if","status":"publish","type":"product","link":"https:\/\/www.framapesa.ro\/ro\/produs\/uponor-comfort-e-termostat-prog-digital-flush-set-t-87if\/","title":{"rendered":"Uponor Comfort E termostat prog. digital flush Set T-87IF"},"content":{"rendered":"<p>Set termostat digital programabil \u0219i senzor de \u0219ap\u0103 T-87IF pentru \u00eenc\u0103lzire electric\u0103 prin pardoseal\u0103<br \/>\n&#8211; Montaj \u00een doz\u0103 de aparataj modular (IN)<br \/>\n&#8211; Afisare mod func\u021bionare<br \/>\n&#8211; Senzor de \u0219ap\u0103 cu limitare min\/max<br \/>\n&#8211; Mod de calcul consum de energie<br \/>\n&#8211; Stable temperature set point for optimum comfort and energy saving<br \/>\n&#8211; Mod de vacan\u021b\u0103 programabil<br \/>\n&#8211; Protec\u021bie la utilizare frauduloas\u0103<br \/>\n&#8211; Gama de temperaturi: 5 &#8211; 35\u00b0C<br \/>\n&#8211; Curent ac\u021bionare 12,5A<br \/>\n&#8211; Clas\u0103 de protec\u021bie carcas\u0103 IP30<\/p>\n<p><a href=\"https:\/\/www.framapesa.ro\/nou\/wp-content\/uploads\/2023\/06\/Uponor-Comfort-E-termostat-prog-digital-flush-Set-T-87IF.jpg\"><img loading=\"lazy\" decoding=\"async\" class=\"alignnone wp-image-2645\" src=\"https:\/\/www.framapesa.ro\/nou\/wp-content\/uploads\/2023\/06\/Uponor-Comfort-E-termostat-prog-digital-flush-Set-T-87IF-300x150.jpg\" alt=\"Uponor Comfort E termostat prog. digital flush Set T-87IF\" width=\"50\" height=\"25\" srcset=\"https:\/\/www.framapesa.ro\/wp-content\/uploads\/2023\/06\/Uponor-Comfort-E-termostat-prog-digital-flush-Set-T-87IF-300x150.jpg 300w, https:\/\/www.framapesa.ro\/wp-content\/uploads\/2023\/06\/Uponor-Comfort-E-termostat-prog-digital-flush-Set-T-87IF-18x9.jpg 18w, https:\/\/www.framapesa.ro\/wp-content\/uploads\/2023\/06\/Uponor-Comfort-E-termostat-prog-digital-flush-Set-T-87IF.jpg 600w\" sizes=\"auto, (max-width: 50px) 100vw, 50px\" \/><\/a>\u00a0Uponor Comfort E termostat prog. digital flush Set T-87IF 230V<\/p>","protected":false},"excerpt":{"rendered":"<p>Set termostat digital programabil \u0219i senzor de \u0219ap\u0103 T-87IF pentru \u00eenc\u0103lzire electric\u0103 prin pardoseal\u0103 &#8211; Montaj \u00een doz\u0103 de aparataj modular (IN) &#8211; Afisare mod func\u021bionare &#8211; Senzor de \u0219ap\u0103 cu limitare min\/max &#8211; Mod de calcul consum de energie &#8211; Stable temperature set point for optimum comfort and energy saving &#8211; Mod de vacan\u021b\u0103 [&hellip;]<\/p>\n","protected":false},"featured_media":2645,"comment_status":"open","ping_status":"closed","template":"","meta":{"_links_to":"","_links_to_target":""},"product_brand":[],"product_cat":[84],"product_tag":[],"class_list":{"0":"post-2644","1":"product","2":"type-product","3":"status-publish","4":"has-post-thumbnail","6":"product_cat-confort-e","8":"first","9":"instock","10":"shipping-taxable","11":"product-type-simple"},"yoast_head":"<!-- This site is optimized with the Yoast SEO plugin v26.9 - https:\/\/yoast.com\/product\/yoast-seo-wordpress\/ -->\n<title>Uponor Comfort E termostat prog. digital flush Set T-87IF - Incalzire in pardoseala Uponor<\/title>\n<meta name=\"robots\" content=\"index, follow, max-snippet:-1, max-image-preview:large, max-video-preview:-1\" \/>\n<link rel=\"canonical\" href=\"https:\/\/www.framapesa.ro\/ro\/produs\/uponor-comfort-e-termostat-prog-digital-flush-set-t-87if\/\" \/>\n<meta property=\"og:locale\" content=\"ro_RO\" \/>\n<meta property=\"og:type\" content=\"article\" \/>\n<meta property=\"og:title\" content=\"Uponor Comfort E termostat prog. digital flush Set T-87IF - Incalzire in pardoseala Uponor\" \/>\n<meta property=\"og:description\" content=\"Set termostat digital programabil \u0219i senzor de \u0219ap\u0103 T-87IF pentru \u00eenc\u0103lzire electric\u0103 prin pardoseal\u0103 &#8211; Montaj \u00een doz\u0103 de aparataj modular (IN) &#8211; Afisare mod func\u021bionare &#8211; Senzor de \u0219ap\u0103 cu limitare min\/max &#8211; Mod de calcul consum de energie &#8211; Stable temperature set point for optimum comfort and energy saving &#8211; Mod de vacan\u021b\u0103 [&hellip;]\" \/>\n<meta property=\"og:url\" content=\"https:\/\/www.framapesa.ro\/ro\/produs\/uponor-comfort-e-termostat-prog-digital-flush-set-t-87if\/\" \/>\n<meta property=\"og:site_name\" content=\"Incalzire in pardoseala Uponor\" \/>\n<meta property=\"article:modified_time\" content=\"2023-06-29T05:41:11+00:00\" \/>\n<meta property=\"og:image\" content=\"https:\/\/www.framapesa.ro\/wp-content\/uploads\/2023\/06\/Uponor-Comfort-E-termostat-prog-digital-flush-Set-T-87IF.jpg\" \/>\n\t<meta property=\"og:image:width\" content=\"600\" \/>\n\t<meta property=\"og:image:height\" content=\"300\" \/>\n\t<meta property=\"og:image:type\" content=\"image\/jpeg\" \/>\n<meta name=\"twitter:card\" content=\"summary_large_image\" \/>\n<meta name=\"twitter:label1\" content=\"Timp estimat pentru citire\" \/>\n\t<meta name=\"twitter:data1\" content=\"1 minut\" \/>\n<script type=\"application\/ld+json\" class=\"yoast-schema-graph\">{\"@context\":\"https:\/\/schema.org\",\"@graph\":[{\"@type\":\"WebPage\",\"@id\":\"https:\/\/www.framapesa.ro\/product\/uponor-comfort-e-termostat-prog-digital-flush-set-t-87if\/\",\"url\":\"https:\/\/www.framapesa.ro\/product\/uponor-comfort-e-termostat-prog-digital-flush-set-t-87if\/\",\"name\":\"Uponor Comfort E termostat prog. digital flush Set T-87IF - Incalzire in pardoseala Uponor\",\"isPartOf\":{\"@id\":\"https:\/\/www.framapesa.ro\/#website\"},\"primaryImageOfPage\":{\"@id\":\"https:\/\/www.framapesa.ro\/product\/uponor-comfort-e-termostat-prog-digital-flush-set-t-87if\/#primaryimage\"},\"image\":{\"@id\":\"https:\/\/www.framapesa.ro\/product\/uponor-comfort-e-termostat-prog-digital-flush-set-t-87if\/#primaryimage\"},\"thumbnailUrl\":\"https:\/\/www.framapesa.ro\/wp-content\/uploads\/2023\/06\/Uponor-Comfort-E-termostat-prog-digital-flush-Set-T-87IF.jpg\",\"datePublished\":\"2023-06-29T05:39:16+00:00\",\"dateModified\":\"2023-06-29T05:41:11+00:00\",\"breadcrumb\":{\"@id\":\"https:\/\/www.framapesa.ro\/product\/uponor-comfort-e-termostat-prog-digital-flush-set-t-87if\/#breadcrumb\"},\"inLanguage\":\"ro-RO\",\"potentialAction\":[{\"@type\":\"ReadAction\",\"target\":[\"https:\/\/www.framapesa.ro\/product\/uponor-comfort-e-termostat-prog-digital-flush-set-t-87if\/\"]}]},{\"@type\":\"ImageObject\",\"inLanguage\":\"ro-RO\",\"@id\":\"https:\/\/www.framapesa.ro\/product\/uponor-comfort-e-termostat-prog-digital-flush-set-t-87if\/#primaryimage\",\"url\":\"https:\/\/www.framapesa.ro\/wp-content\/uploads\/2023\/06\/Uponor-Comfort-E-termostat-prog-digital-flush-Set-T-87IF.jpg\",\"contentUrl\":\"https:\/\/www.framapesa.ro\/wp-content\/uploads\/2023\/06\/Uponor-Comfort-E-termostat-prog-digital-flush-Set-T-87IF.jpg\",\"width\":600,\"height\":300,\"caption\":\"Uponor Comfort E termostat prog. digital flush Set T-87IF\"},{\"@type\":\"BreadcrumbList\",\"@id\":\"https:\/\/www.framapesa.ro\/product\/uponor-comfort-e-termostat-prog-digital-flush-set-t-87if\/#breadcrumb\",\"itemListElement\":[{\"@type\":\"ListItem\",\"position\":1,\"name\":\"Prima pagin\u0103\",\"item\":\"https:\/\/www.framapesa.ro\/\"},{\"@type\":\"ListItem\",\"position\":2,\"name\":\"Catalog produse\",\"item\":\"https:\/\/www.framapesa.ro\/catalog-produse\/\"},{\"@type\":\"ListItem\",\"position\":3,\"name\":\"Uponor Comfort E termostat prog. digital flush Set T-87IF\"}]},{\"@type\":\"WebSite\",\"@id\":\"https:\/\/www.framapesa.ro\/#website\",\"url\":\"https:\/\/www.framapesa.ro\/\",\"name\":\"Incalzire in pardoseala Uponor\",\"description\":\"\",\"potentialAction\":[{\"@type\":\"SearchAction\",\"target\":{\"@type\":\"EntryPoint\",\"urlTemplate\":\"https:\/\/www.framapesa.ro\/?s={search_term_string}\"},\"query-input\":{\"@type\":\"PropertyValueSpecification\",\"valueRequired\":true,\"valueName\":\"search_term_string\"}}],\"inLanguage\":\"ro-RO\"}]}<\/script>\n<!-- \/ Yoast SEO plugin. -->","yoast_head_json":{"title":"Uponor Comfort E termostat prog. digital flush Set T-87IF - Incalzire in pardoseala Uponor","robots":{"index":"index","follow":"follow","max-snippet":"max-snippet:-1","max-image-preview":"max-image-preview:large","max-video-preview":"max-video-preview:-1"},"canonical":"https:\/\/www.framapesa.ro\/ro\/produs\/uponor-comfort-e-termostat-prog-digital-flush-set-t-87if\/","og_locale":"ro_RO","og_type":"article","og_title":"Uponor Comfort E termostat prog. digital flush Set T-87IF - Incalzire in pardoseala Uponor","og_description":"Set termostat digital programabil \u0219i senzor de \u0219ap\u0103 T-87IF pentru \u00eenc\u0103lzire electric\u0103 prin pardoseal\u0103 &#8211; Montaj \u00een doz\u0103 de aparataj modular (IN) &#8211; Afisare mod func\u021bionare &#8211; Senzor de \u0219ap\u0103 cu limitare min\/max &#8211; Mod de calcul consum de energie &#8211; Stable temperature set point for optimum comfort and energy saving &#8211; Mod de vacan\u021b\u0103 [&hellip;]","og_url":"https:\/\/www.framapesa.ro\/ro\/produs\/uponor-comfort-e-termostat-prog-digital-flush-set-t-87if\/","og_site_name":"Incalzire in pardoseala Uponor","article_modified_time":"2023-06-29T05:41:11+00:00","og_image":[{"width":600,"height":300,"url":"https:\/\/www.framapesa.ro\/wp-content\/uploads\/2023\/06\/Uponor-Comfort-E-termostat-prog-digital-flush-Set-T-87IF.jpg","type":"image\/jpeg"}],"twitter_card":"summary_large_image","twitter_misc":{"Timp estimat pentru citire":"1 minut"},"schema":{"@context":"https:\/\/schema.org","@graph":[{"@type":"WebPage","@id":"https:\/\/www.framapesa.ro\/product\/uponor-comfort-e-termostat-prog-digital-flush-set-t-87if\/","url":"https:\/\/www.framapesa.ro\/product\/uponor-comfort-e-termostat-prog-digital-flush-set-t-87if\/","name":"Uponor Comfort E termostat prog. digital flush Set T-87IF - Incalzire in pardoseala Uponor","isPartOf":{"@id":"https:\/\/www.framapesa.ro\/#website"},"primaryImageOfPage":{"@id":"https:\/\/www.framapesa.ro\/product\/uponor-comfort-e-termostat-prog-digital-flush-set-t-87if\/#primaryimage"},"image":{"@id":"https:\/\/www.framapesa.ro\/product\/uponor-comfort-e-termostat-prog-digital-flush-set-t-87if\/#primaryimage"},"thumbnailUrl":"https:\/\/www.framapesa.ro\/wp-content\/uploads\/2023\/06\/Uponor-Comfort-E-termostat-prog-digital-flush-Set-T-87IF.jpg","datePublished":"2023-06-29T05:39:16+00:00","dateModified":"2023-06-29T05:41:11+00:00","breadcrumb":{"@id":"https:\/\/www.framapesa.ro\/product\/uponor-comfort-e-termostat-prog-digital-flush-set-t-87if\/#breadcrumb"},"inLanguage":"ro-RO","potentialAction":[{"@type":"ReadAction","target":["https:\/\/www.framapesa.ro\/product\/uponor-comfort-e-termostat-prog-digital-flush-set-t-87if\/"]}]},{"@type":"ImageObject","inLanguage":"ro-RO","@id":"https:\/\/www.framapesa.ro\/product\/uponor-comfort-e-termostat-prog-digital-flush-set-t-87if\/#primaryimage","url":"https:\/\/www.framapesa.ro\/wp-content\/uploads\/2023\/06\/Uponor-Comfort-E-termostat-prog-digital-flush-Set-T-87IF.jpg","contentUrl":"https:\/\/www.framapesa.ro\/wp-content\/uploads\/2023\/06\/Uponor-Comfort-E-termostat-prog-digital-flush-Set-T-87IF.jpg","width":600,"height":300,"caption":"Uponor Comfort E termostat prog. digital flush Set T-87IF"},{"@type":"BreadcrumbList","@id":"https:\/\/www.framapesa.ro\/product\/uponor-comfort-e-termostat-prog-digital-flush-set-t-87if\/#breadcrumb","itemListElement":[{"@type":"ListItem","position":1,"name":"Prima pagin\u0103","item":"https:\/\/www.framapesa.ro\/"},{"@type":"ListItem","position":2,"name":"Catalog produse","item":"https:\/\/www.framapesa.ro\/catalog-produse\/"},{"@type":"ListItem","position":3,"name":"Uponor Comfort E termostat prog. digital flush Set T-87IF"}]},{"@type":"WebSite","@id":"https:\/\/www.framapesa.ro\/#website","url":"https:\/\/www.framapesa.ro\/","name":"Incalzire in pardoseala Uponor","description":"","potentialAction":[{"@type":"SearchAction","target":{"@type":"EntryPoint","urlTemplate":"https:\/\/www.framapesa.ro\/?s={search_term_string}"},"query-input":{"@type":"PropertyValueSpecification","valueRequired":true,"valueName":"search_term_string"}}],"inLanguage":"ro-RO"}]}},"_links":{"self":[{"href":"https:\/\/www.framapesa.ro\/ro\/wp-json\/wp\/v2\/product\/2644","targetHints":{"allow":["GET"]}}],"collection":[{"href":"https:\/\/www.framapesa.ro\/ro\/wp-json\/wp\/v2\/product"}],"about":[{"href":"https:\/\/www.framapesa.ro\/ro\/wp-json\/wp\/v2\/types\/product"}],"replies":[{"embeddable":true,"href":"https:\/\/www.framapesa.ro\/ro\/wp-json\/wp\/v2\/comments?post=2644"}],"wp:featuredmedia":[{"embeddable":true,"href":"https:\/\/www.framapesa.ro\/ro\/wp-json\/wp\/v2\/media\/2645"}],"wp:attachment":[{"href":"https:\/\/www.framapesa.ro\/ro\/wp-json\/wp\/v2\/media?parent=2644"}],"wp:term":[{"taxonomy":"product_brand","embeddable":true,"href":"https:\/\/www.framapesa.ro\/ro\/wp-json\/wp\/v2\/product_brand?post=2644"},{"taxonomy":"product_cat","embeddable":true,"href":"https:\/\/www.framapesa.ro\/ro\/wp-json\/wp\/v2\/product_cat?post=2644"},{"taxonomy":"product_tag","embeddable":true,"href":"https:\/\/www.framapesa.ro\/ro\/wp-json\/wp\/v2\/product_tag?post=2644"}],"curies":[{"name":"wp","href":"https:\/\/api.w.org\/{rel}","templated":true}]}}