{"id":2647,"date":"2023-06-29T05:45:55","date_gmt":"2023-06-29T05:45:55","guid":{"rendered":"https:\/\/www.framapesa.ro\/nou\/?post_type=product&#038;p=2647"},"modified":"2025-04-12T21:10:33","modified_gmt":"2025-04-12T21:10:33","slug":"uponor-inox-teava-s","status":"publish","type":"product","link":"https:\/\/www.framapesa.ro\/ro\/produs\/uponor-inox-teava-s\/","title":{"rendered":"Uponor INOX \u021beav\u0103 S"},"content":{"rendered":"<p>Presiune de lucru PN16<br \/>\n6 bar<\/p>\n<p><a href=\"https:\/\/www.framapesa.ro\/nou\/wp-content\/uploads\/2023\/06\/Teava-inox.jpg\"><img loading=\"lazy\" decoding=\"async\" class=\"alignnone wp-image-2648\" src=\"https:\/\/www.framapesa.ro\/nou\/wp-content\/uploads\/2023\/06\/Teava-inox-300x150.jpg\" alt=\"Uponor INOX \u021beav\u0103 S\" width=\"50\" height=\"25\" srcset=\"https:\/\/www.framapesa.ro\/wp-content\/uploads\/2023\/06\/Teava-inox-300x150.jpg 300w, https:\/\/www.framapesa.ro\/wp-content\/uploads\/2023\/06\/Teava-inox-18x9.jpg 18w, https:\/\/www.framapesa.ro\/wp-content\/uploads\/2023\/06\/Teava-inox.jpg 600w\" sizes=\"auto, (max-width: 50px) 100vw, 50px\" \/> <\/a>Uponor INOX \u021beav\u0103 S 15&#215;1,0 6m<\/p>\n<p><a href=\"https:\/\/www.framapesa.ro\/nou\/wp-content\/uploads\/2023\/06\/Teava-inox.jpg\"><img loading=\"lazy\" decoding=\"async\" class=\"alignnone wp-image-2648\" src=\"https:\/\/www.framapesa.ro\/nou\/wp-content\/uploads\/2023\/06\/Teava-inox-300x150.jpg\" alt=\"Uponor INOX \u021beav\u0103 S\" width=\"50\" height=\"25\" srcset=\"https:\/\/www.framapesa.ro\/wp-content\/uploads\/2023\/06\/Teava-inox-300x150.jpg 300w, https:\/\/www.framapesa.ro\/wp-content\/uploads\/2023\/06\/Teava-inox-18x9.jpg 18w, https:\/\/www.framapesa.ro\/wp-content\/uploads\/2023\/06\/Teava-inox.jpg 600w\" sizes=\"auto, (max-width: 50px) 100vw, 50px\" \/> <\/a>Uponor INOX \u021beav\u0103 S 18&#215;1,0 6m &#8211; Articol disponibil la cerere, timp de livrare minim 2 s\u0103pt\u0103m\u00e2ni<\/p>\n<p><a href=\"https:\/\/www.framapesa.ro\/nou\/wp-content\/uploads\/2023\/06\/Teava-inox.jpg\"><img loading=\"lazy\" decoding=\"async\" class=\"alignnone wp-image-2648\" src=\"https:\/\/www.framapesa.ro\/nou\/wp-content\/uploads\/2023\/06\/Teava-inox-300x150.jpg\" alt=\"Uponor INOX \u021beav\u0103 S\" width=\"50\" height=\"25\" srcset=\"https:\/\/www.framapesa.ro\/wp-content\/uploads\/2023\/06\/Teava-inox-300x150.jpg 300w, https:\/\/www.framapesa.ro\/wp-content\/uploads\/2023\/06\/Teava-inox-18x9.jpg 18w, https:\/\/www.framapesa.ro\/wp-content\/uploads\/2023\/06\/Teava-inox.jpg 600w\" sizes=\"auto, (max-width: 50px) 100vw, 50px\" \/> <\/a>Uponor INOX \u021beav\u0103 S 22&#215;1,2 6m &#8211; Articol disponibil la cerere, timp de livrare minim 2 s\u0103pt\u0103m\u00e2ni<\/p>\n<p><a href=\"https:\/\/www.framapesa.ro\/nou\/wp-content\/uploads\/2023\/06\/Teava-inox.jpg\"><img loading=\"lazy\" decoding=\"async\" class=\"alignnone wp-image-2648\" src=\"https:\/\/www.framapesa.ro\/nou\/wp-content\/uploads\/2023\/06\/Teava-inox-300x150.jpg\" alt=\"Uponor INOX \u021beav\u0103 S\" width=\"50\" height=\"25\" srcset=\"https:\/\/www.framapesa.ro\/wp-content\/uploads\/2023\/06\/Teava-inox-300x150.jpg 300w, https:\/\/www.framapesa.ro\/wp-content\/uploads\/2023\/06\/Teava-inox-18x9.jpg 18w, https:\/\/www.framapesa.ro\/wp-content\/uploads\/2023\/06\/Teava-inox.jpg 600w\" sizes=\"auto, (max-width: 50px) 100vw, 50px\" \/> <\/a>Uponor INOX \u021beav\u0103 S 28&#215;1,2 6m &#8211; Articol disponibil la cerere, timp de livrare minim 2 s\u0103pt\u0103m\u00e2ni<\/p>\n<p><a href=\"https:\/\/www.framapesa.ro\/nou\/wp-content\/uploads\/2023\/06\/Teava-inox.jpg\"><img loading=\"lazy\" decoding=\"async\" class=\"alignnone wp-image-2648\" src=\"https:\/\/www.framapesa.ro\/nou\/wp-content\/uploads\/2023\/06\/Teava-inox-300x150.jpg\" alt=\"Uponor INOX \u021beav\u0103 S\" width=\"50\" height=\"25\" srcset=\"https:\/\/www.framapesa.ro\/wp-content\/uploads\/2023\/06\/Teava-inox-300x150.jpg 300w, https:\/\/www.framapesa.ro\/wp-content\/uploads\/2023\/06\/Teava-inox-18x9.jpg 18w, https:\/\/www.framapesa.ro\/wp-content\/uploads\/2023\/06\/Teava-inox.jpg 600w\" sizes=\"auto, (max-width: 50px) 100vw, 50px\" \/> <\/a>Uponor INOX \u021beav\u0103 S 35&#215;1,5 6m &#8211; Articol disponibil la cerere, timp de livrare minim 2 s\u0103pt\u0103m\u00e2ni<\/p>\n<p><a href=\"https:\/\/www.framapesa.ro\/nou\/wp-content\/uploads\/2023\/06\/Teava-inox.jpg\"><img loading=\"lazy\" decoding=\"async\" class=\"alignnone wp-image-2648\" src=\"https:\/\/www.framapesa.ro\/nou\/wp-content\/uploads\/2023\/06\/Teava-inox-300x150.jpg\" alt=\"Uponor INOX \u021beav\u0103 S\" width=\"50\" height=\"25\" srcset=\"https:\/\/www.framapesa.ro\/wp-content\/uploads\/2023\/06\/Teava-inox-300x150.jpg 300w, https:\/\/www.framapesa.ro\/wp-content\/uploads\/2023\/06\/Teava-inox-18x9.jpg 18w, https:\/\/www.framapesa.ro\/wp-content\/uploads\/2023\/06\/Teava-inox.jpg 600w\" sizes=\"auto, (max-width: 50px) 100vw, 50px\" \/> <\/a>Uponor INOX \u021beav\u0103 S 42&#215;1,5 6m &#8211; Articol disponibil la cerere, timp de livrare minim 2 s\u0103pt\u0103m\u00e2ni<\/p>\n<p><a href=\"https:\/\/www.framapesa.ro\/nou\/wp-content\/uploads\/2023\/06\/Teava-inox.jpg\"><img loading=\"lazy\" decoding=\"async\" class=\"alignnone wp-image-2648\" src=\"https:\/\/www.framapesa.ro\/nou\/wp-content\/uploads\/2023\/06\/Teava-inox-300x150.jpg\" alt=\"Uponor INOX \u021beav\u0103 S\" width=\"50\" height=\"25\" srcset=\"https:\/\/www.framapesa.ro\/wp-content\/uploads\/2023\/06\/Teava-inox-300x150.jpg 300w, https:\/\/www.framapesa.ro\/wp-content\/uploads\/2023\/06\/Teava-inox-18x9.jpg 18w, https:\/\/www.framapesa.ro\/wp-content\/uploads\/2023\/06\/Teava-inox.jpg 600w\" sizes=\"auto, (max-width: 50px) 100vw, 50px\" \/> <\/a>Uponor INOX \u021beav\u0103 S 54&#215;1,5 6m &#8211; Articol disponibil la cerere, timp de livrare minim 2 s\u0103pt\u0103m\u00e2ni<\/p>","protected":false},"excerpt":{"rendered":"<p>Presiune de lucru PN16 6 bar Uponor INOX \u021beav\u0103 S 15&#215;1,0 6m Uponor INOX \u021beav\u0103 S 18&#215;1,0 6m &#8211; Articol disponibil la cerere, timp de livrare minim 2 s\u0103pt\u0103m\u00e2ni Uponor INOX \u021beav\u0103 S 22&#215;1,2 6m &#8211; Articol disponibil la cerere, timp de livrare minim 2 s\u0103pt\u0103m\u00e2ni Uponor INOX \u021beav\u0103 S 28&#215;1,2 6m &#8211; Articol disponibil [&hellip;]<\/p>\n","protected":false},"featured_media":2648,"comment_status":"open","ping_status":"closed","template":"","meta":{"_links_to":"","_links_to_target":""},"product_brand":[],"product_cat":[114],"product_tag":[],"class_list":{"0":"post-2647","1":"product","2":"type-product","3":"status-publish","4":"has-post-thumbnail","6":"product_cat-inox","8":"first","9":"instock","10":"shipping-taxable","11":"product-type-simple"},"yoast_head":"<!-- This site is optimized with the Yoast SEO plugin v26.9 - https:\/\/yoast.com\/product\/yoast-seo-wordpress\/ -->\n<title>Uponor INOX \u021beav\u0103 S - Incalzire in pardoseala Uponor<\/title>\n<meta name=\"robots\" content=\"index, follow, max-snippet:-1, max-image-preview:large, max-video-preview:-1\" \/>\n<link rel=\"canonical\" href=\"https:\/\/www.framapesa.ro\/ro\/produs\/uponor-inox-teava-s\/\" \/>\n<meta property=\"og:locale\" content=\"ro_RO\" \/>\n<meta property=\"og:type\" content=\"article\" \/>\n<meta property=\"og:title\" content=\"Uponor INOX \u021beav\u0103 S - Incalzire in pardoseala Uponor\" \/>\n<meta property=\"og:description\" content=\"Presiune de lucru PN16 6 bar Uponor INOX \u021beav\u0103 S 15&#215;1,0 6m Uponor INOX \u021beav\u0103 S 18&#215;1,0 6m &#8211; Articol disponibil la cerere, timp de livrare minim 2 s\u0103pt\u0103m\u00e2ni Uponor INOX \u021beav\u0103 S 22&#215;1,2 6m &#8211; Articol disponibil la cerere, timp de livrare minim 2 s\u0103pt\u0103m\u00e2ni Uponor INOX \u021beav\u0103 S 28&#215;1,2 6m &#8211; Articol disponibil [&hellip;]\" \/>\n<meta property=\"og:url\" content=\"https:\/\/www.framapesa.ro\/ro\/produs\/uponor-inox-teava-s\/\" \/>\n<meta property=\"og:site_name\" content=\"Incalzire in pardoseala Uponor\" \/>\n<meta property=\"article:modified_time\" content=\"2025-04-12T21:10:33+00:00\" \/>\n<meta property=\"og:image\" content=\"https:\/\/www.framapesa.ro\/wp-content\/uploads\/2023\/06\/Teava-inox.jpg\" \/>\n\t<meta property=\"og:image:width\" content=\"600\" \/>\n\t<meta property=\"og:image:height\" content=\"300\" \/>\n\t<meta property=\"og:image:type\" content=\"image\/jpeg\" \/>\n<meta name=\"twitter:card\" content=\"summary_large_image\" \/>\n<meta name=\"twitter:label1\" content=\"Timp estimat pentru citire\" \/>\n\t<meta name=\"twitter:data1\" content=\"2 minute\" \/>\n<script type=\"application\/ld+json\" class=\"yoast-schema-graph\">{\"@context\":\"https:\/\/schema.org\",\"@graph\":[{\"@type\":\"WebPage\",\"@id\":\"https:\/\/www.framapesa.ro\/product\/uponor-inox-teava-s\/\",\"url\":\"https:\/\/www.framapesa.ro\/product\/uponor-inox-teava-s\/\",\"name\":\"Uponor INOX \u021beav\u0103 S - Incalzire in pardoseala Uponor\",\"isPartOf\":{\"@id\":\"https:\/\/www.framapesa.ro\/#website\"},\"primaryImageOfPage\":{\"@id\":\"https:\/\/www.framapesa.ro\/product\/uponor-inox-teava-s\/#primaryimage\"},\"image\":{\"@id\":\"https:\/\/www.framapesa.ro\/product\/uponor-inox-teava-s\/#primaryimage\"},\"thumbnailUrl\":\"https:\/\/www.framapesa.ro\/wp-content\/uploads\/2023\/06\/Teava-inox.jpg\",\"datePublished\":\"2023-06-29T05:45:55+00:00\",\"dateModified\":\"2025-04-12T21:10:33+00:00\",\"breadcrumb\":{\"@id\":\"https:\/\/www.framapesa.ro\/product\/uponor-inox-teava-s\/#breadcrumb\"},\"inLanguage\":\"ro-RO\",\"potentialAction\":[{\"@type\":\"ReadAction\",\"target\":[\"https:\/\/www.framapesa.ro\/product\/uponor-inox-teava-s\/\"]}]},{\"@type\":\"ImageObject\",\"inLanguage\":\"ro-RO\",\"@id\":\"https:\/\/www.framapesa.ro\/product\/uponor-inox-teava-s\/#primaryimage\",\"url\":\"https:\/\/www.framapesa.ro\/wp-content\/uploads\/2023\/06\/Teava-inox.jpg\",\"contentUrl\":\"https:\/\/www.framapesa.ro\/wp-content\/uploads\/2023\/06\/Teava-inox.jpg\",\"width\":600,\"height\":300,\"caption\":\"Uponor INOX \u021beav\u0103 S\"},{\"@type\":\"BreadcrumbList\",\"@id\":\"https:\/\/www.framapesa.ro\/product\/uponor-inox-teava-s\/#breadcrumb\",\"itemListElement\":[{\"@type\":\"ListItem\",\"position\":1,\"name\":\"Prima pagin\u0103\",\"item\":\"https:\/\/www.framapesa.ro\/\"},{\"@type\":\"ListItem\",\"position\":2,\"name\":\"Catalog produse\",\"item\":\"https:\/\/www.framapesa.ro\/catalog-produse\/\"},{\"@type\":\"ListItem\",\"position\":3,\"name\":\"Uponor INOX \u021beav\u0103 S\"}]},{\"@type\":\"WebSite\",\"@id\":\"https:\/\/www.framapesa.ro\/#website\",\"url\":\"https:\/\/www.framapesa.ro\/\",\"name\":\"Incalzire in pardoseala Uponor\",\"description\":\"\",\"potentialAction\":[{\"@type\":\"SearchAction\",\"target\":{\"@type\":\"EntryPoint\",\"urlTemplate\":\"https:\/\/www.framapesa.ro\/?s={search_term_string}\"},\"query-input\":{\"@type\":\"PropertyValueSpecification\",\"valueRequired\":true,\"valueName\":\"search_term_string\"}}],\"inLanguage\":\"ro-RO\"}]}<\/script>\n<!-- \/ Yoast SEO plugin. -->","yoast_head_json":{"title":"Uponor INOX \u021beav\u0103 S - Incalzire in pardoseala Uponor","robots":{"index":"index","follow":"follow","max-snippet":"max-snippet:-1","max-image-preview":"max-image-preview:large","max-video-preview":"max-video-preview:-1"},"canonical":"https:\/\/www.framapesa.ro\/ro\/produs\/uponor-inox-teava-s\/","og_locale":"ro_RO","og_type":"article","og_title":"Uponor INOX \u021beav\u0103 S - Incalzire in pardoseala Uponor","og_description":"Presiune de lucru PN16 6 bar Uponor INOX \u021beav\u0103 S 15&#215;1,0 6m Uponor INOX \u021beav\u0103 S 18&#215;1,0 6m &#8211; Articol disponibil la cerere, timp de livrare minim 2 s\u0103pt\u0103m\u00e2ni Uponor INOX \u021beav\u0103 S 22&#215;1,2 6m &#8211; Articol disponibil la cerere, timp de livrare minim 2 s\u0103pt\u0103m\u00e2ni Uponor INOX \u021beav\u0103 S 28&#215;1,2 6m &#8211; Articol disponibil [&hellip;]","og_url":"https:\/\/www.framapesa.ro\/ro\/produs\/uponor-inox-teava-s\/","og_site_name":"Incalzire in pardoseala Uponor","article_modified_time":"2025-04-12T21:10:33+00:00","og_image":[{"width":600,"height":300,"url":"https:\/\/www.framapesa.ro\/wp-content\/uploads\/2023\/06\/Teava-inox.jpg","type":"image\/jpeg"}],"twitter_card":"summary_large_image","twitter_misc":{"Timp estimat pentru citire":"2 minute"},"schema":{"@context":"https:\/\/schema.org","@graph":[{"@type":"WebPage","@id":"https:\/\/www.framapesa.ro\/product\/uponor-inox-teava-s\/","url":"https:\/\/www.framapesa.ro\/product\/uponor-inox-teava-s\/","name":"Uponor INOX \u021beav\u0103 S - Incalzire in pardoseala Uponor","isPartOf":{"@id":"https:\/\/www.framapesa.ro\/#website"},"primaryImageOfPage":{"@id":"https:\/\/www.framapesa.ro\/product\/uponor-inox-teava-s\/#primaryimage"},"image":{"@id":"https:\/\/www.framapesa.ro\/product\/uponor-inox-teava-s\/#primaryimage"},"thumbnailUrl":"https:\/\/www.framapesa.ro\/wp-content\/uploads\/2023\/06\/Teava-inox.jpg","datePublished":"2023-06-29T05:45:55+00:00","dateModified":"2025-04-12T21:10:33+00:00","breadcrumb":{"@id":"https:\/\/www.framapesa.ro\/product\/uponor-inox-teava-s\/#breadcrumb"},"inLanguage":"ro-RO","potentialAction":[{"@type":"ReadAction","target":["https:\/\/www.framapesa.ro\/product\/uponor-inox-teava-s\/"]}]},{"@type":"ImageObject","inLanguage":"ro-RO","@id":"https:\/\/www.framapesa.ro\/product\/uponor-inox-teava-s\/#primaryimage","url":"https:\/\/www.framapesa.ro\/wp-content\/uploads\/2023\/06\/Teava-inox.jpg","contentUrl":"https:\/\/www.framapesa.ro\/wp-content\/uploads\/2023\/06\/Teava-inox.jpg","width":600,"height":300,"caption":"Uponor INOX \u021beav\u0103 S"},{"@type":"BreadcrumbList","@id":"https:\/\/www.framapesa.ro\/product\/uponor-inox-teava-s\/#breadcrumb","itemListElement":[{"@type":"ListItem","position":1,"name":"Prima pagin\u0103","item":"https:\/\/www.framapesa.ro\/"},{"@type":"ListItem","position":2,"name":"Catalog produse","item":"https:\/\/www.framapesa.ro\/catalog-produse\/"},{"@type":"ListItem","position":3,"name":"Uponor INOX \u021beav\u0103 S"}]},{"@type":"WebSite","@id":"https:\/\/www.framapesa.ro\/#website","url":"https:\/\/www.framapesa.ro\/","name":"Incalzire in pardoseala Uponor","description":"","potentialAction":[{"@type":"SearchAction","target":{"@type":"EntryPoint","urlTemplate":"https:\/\/www.framapesa.ro\/?s={search_term_string}"},"query-input":{"@type":"PropertyValueSpecification","valueRequired":true,"valueName":"search_term_string"}}],"inLanguage":"ro-RO"}]}},"_links":{"self":[{"href":"https:\/\/www.framapesa.ro\/ro\/wp-json\/wp\/v2\/product\/2647","targetHints":{"allow":["GET"]}}],"collection":[{"href":"https:\/\/www.framapesa.ro\/ro\/wp-json\/wp\/v2\/product"}],"about":[{"href":"https:\/\/www.framapesa.ro\/ro\/wp-json\/wp\/v2\/types\/product"}],"replies":[{"embeddable":true,"href":"https:\/\/www.framapesa.ro\/ro\/wp-json\/wp\/v2\/comments?post=2647"}],"wp:featuredmedia":[{"embeddable":true,"href":"https:\/\/www.framapesa.ro\/ro\/wp-json\/wp\/v2\/media\/2648"}],"wp:attachment":[{"href":"https:\/\/www.framapesa.ro\/ro\/wp-json\/wp\/v2\/media?parent=2647"}],"wp:term":[{"taxonomy":"product_brand","embeddable":true,"href":"https:\/\/www.framapesa.ro\/ro\/wp-json\/wp\/v2\/product_brand?post=2647"},{"taxonomy":"product_cat","embeddable":true,"href":"https:\/\/www.framapesa.ro\/ro\/wp-json\/wp\/v2\/product_cat?post=2647"},{"taxonomy":"product_tag","embeddable":true,"href":"https:\/\/www.framapesa.ro\/ro\/wp-json\/wp\/v2\/product_tag?post=2647"}],"curies":[{"name":"wp","href":"https:\/\/api.w.org\/{rel}","templated":true}]}}