{"id":2687,"date":"2023-06-29T07:44:58","date_gmt":"2023-06-29T07:44:58","guid":{"rendered":"https:\/\/www.framapesa.ro\/nou\/?post_type=product&#038;p=2687"},"modified":"2023-06-29T07:44:59","modified_gmt":"2023-06-29T07:44:59","slug":"uponor-multi-aditiv-sapa-vd-450","status":"publish","type":"product","link":"https:\/\/www.framapesa.ro\/ro\/produs\/uponor-multi-aditiv-sapa-vd-450\/","title":{"rendered":"Uponor Multi aditiv \u015fap\u0103 VD 450"},"content":{"rendered":"<p>&#8211; Aditiv de \u0219ap\u0103; \u00eembun\u0103t\u0103\u021be\u0219te calitatea \u0219apei<br \/>\n&#8211; Se utilizeaz\u0103 doar cu \u0219apele de ciment<br \/>\n&#8211; Rol de omogenizare, \u00eembun\u0103t\u0103\u0163ire a transferului termic \u015fi elasticit\u0103\u0163ii \u015fapei<br \/>\n&#8211; Consumul pt. o \u015fap\u0103 cu grosime de 7cm: 0.2 l\/m\u00b2<br \/>\n&#8211; Grosime minim\u0103 \u0219ap\u0103: 30 mm la 2 kN\/m\u00b2 sau 45 mm la 5 kN\/m\u00b2 \u00een combina\u0163ie cu panourile Uponor av\u00e2nd rezisten\u021ba la compresiune de 5 kN\/m\u00b2<br \/>\n&#8211; Timp de uscare: 21 de zile<\/p>\n<p><a href=\"https:\/\/www.framapesa.ro\/nou\/wp-content\/uploads\/2023\/06\/Uponor-Multi-aditiv-sapa-VD-450.jpg\"><img loading=\"lazy\" decoding=\"async\" class=\"alignnone wp-image-2688\" src=\"https:\/\/www.framapesa.ro\/nou\/wp-content\/uploads\/2023\/06\/Uponor-Multi-aditiv-sapa-VD-450-300x150.jpg\" alt=\"Uponor Multi aditiv \u015fap\u0103 VD 450\" width=\"50\" height=\"25\" srcset=\"https:\/\/www.framapesa.ro\/wp-content\/uploads\/2023\/06\/Uponor-Multi-aditiv-sapa-VD-450-300x150.jpg 300w, https:\/\/www.framapesa.ro\/wp-content\/uploads\/2023\/06\/Uponor-Multi-aditiv-sapa-VD-450-18x9.jpg 18w, https:\/\/www.framapesa.ro\/wp-content\/uploads\/2023\/06\/Uponor-Multi-aditiv-sapa-VD-450.jpg 600w\" sizes=\"auto, (max-width: 50px) 100vw, 50px\" \/><\/a>Uponor Multi aditiv \u015fap\u0103 VD 450 20L<\/p>","protected":false},"excerpt":{"rendered":"<p>&#8211; Aditiv de \u0219ap\u0103; \u00eembun\u0103t\u0103\u021be\u0219te calitatea \u0219apei &#8211; Se utilizeaz\u0103 doar cu \u0219apele de ciment &#8211; Rol de omogenizare, \u00eembun\u0103t\u0103\u0163ire a transferului termic \u015fi elasticit\u0103\u0163ii \u015fapei &#8211; Consumul pt. o \u015fap\u0103 cu grosime de 7cm: 0.2 l\/m\u00b2 &#8211; Grosime minim\u0103 \u0219ap\u0103: 30 mm la 2 kN\/m\u00b2 sau 45 mm la 5 kN\/m\u00b2 \u00een combina\u0163ie cu [&hellip;]<\/p>\n","protected":false},"featured_media":2688,"comment_status":"open","ping_status":"closed","template":"","meta":{"_links_to":"","_links_to_target":""},"product_brand":[],"product_cat":[91],"product_tag":[],"class_list":{"0":"post-2687","1":"product","2":"type-product","3":"status-publish","4":"has-post-thumbnail","6":"product_cat-tevi-fitinguri-si-accesorii","8":"first","9":"instock","10":"shipping-taxable","11":"product-type-simple"},"yoast_head":"<!-- This site is optimized with the Yoast SEO plugin v26.9 - https:\/\/yoast.com\/product\/yoast-seo-wordpress\/ -->\n<title>Uponor Multi aditiv \u015fap\u0103 VD 450 - Incalzire in pardoseala Uponor<\/title>\n<meta name=\"robots\" content=\"index, follow, max-snippet:-1, max-image-preview:large, max-video-preview:-1\" \/>\n<link rel=\"canonical\" href=\"https:\/\/www.framapesa.ro\/ro\/produs\/uponor-multi-aditiv-sapa-vd-450\/\" \/>\n<meta property=\"og:locale\" content=\"ro_RO\" \/>\n<meta property=\"og:type\" content=\"article\" \/>\n<meta property=\"og:title\" content=\"Uponor Multi aditiv \u015fap\u0103 VD 450 - Incalzire in pardoseala Uponor\" \/>\n<meta property=\"og:description\" content=\"&#8211; Aditiv de \u0219ap\u0103; \u00eembun\u0103t\u0103\u021be\u0219te calitatea \u0219apei &#8211; Se utilizeaz\u0103 doar cu \u0219apele de ciment &#8211; Rol de omogenizare, \u00eembun\u0103t\u0103\u0163ire a transferului termic \u015fi elasticit\u0103\u0163ii \u015fapei &#8211; Consumul pt. o \u015fap\u0103 cu grosime de 7cm: 0.2 l\/m\u00b2 &#8211; Grosime minim\u0103 \u0219ap\u0103: 30 mm la 2 kN\/m\u00b2 sau 45 mm la 5 kN\/m\u00b2 \u00een combina\u0163ie cu [&hellip;]\" \/>\n<meta property=\"og:url\" content=\"https:\/\/www.framapesa.ro\/ro\/produs\/uponor-multi-aditiv-sapa-vd-450\/\" \/>\n<meta property=\"og:site_name\" content=\"Incalzire in pardoseala Uponor\" \/>\n<meta property=\"article:modified_time\" content=\"2023-06-29T07:44:59+00:00\" \/>\n<meta property=\"og:image\" content=\"https:\/\/www.framapesa.ro\/wp-content\/uploads\/2023\/06\/Uponor-Multi-aditiv-sapa-VD-450.jpg\" \/>\n\t<meta property=\"og:image:width\" content=\"600\" \/>\n\t<meta property=\"og:image:height\" content=\"300\" \/>\n\t<meta property=\"og:image:type\" content=\"image\/jpeg\" \/>\n<meta name=\"twitter:card\" content=\"summary_large_image\" \/>\n<meta name=\"twitter:label1\" content=\"Timp estimat pentru citire\" \/>\n\t<meta name=\"twitter:data1\" content=\"1 minut\" \/>\n<script type=\"application\/ld+json\" class=\"yoast-schema-graph\">{\"@context\":\"https:\/\/schema.org\",\"@graph\":[{\"@type\":\"WebPage\",\"@id\":\"https:\/\/www.framapesa.ro\/product\/uponor-multi-aditiv-sapa-vd-450\/\",\"url\":\"https:\/\/www.framapesa.ro\/product\/uponor-multi-aditiv-sapa-vd-450\/\",\"name\":\"Uponor Multi aditiv \u015fap\u0103 VD 450 - Incalzire in pardoseala Uponor\",\"isPartOf\":{\"@id\":\"https:\/\/www.framapesa.ro\/#website\"},\"primaryImageOfPage\":{\"@id\":\"https:\/\/www.framapesa.ro\/product\/uponor-multi-aditiv-sapa-vd-450\/#primaryimage\"},\"image\":{\"@id\":\"https:\/\/www.framapesa.ro\/product\/uponor-multi-aditiv-sapa-vd-450\/#primaryimage\"},\"thumbnailUrl\":\"https:\/\/www.framapesa.ro\/wp-content\/uploads\/2023\/06\/Uponor-Multi-aditiv-sapa-VD-450.jpg\",\"datePublished\":\"2023-06-29T07:44:58+00:00\",\"dateModified\":\"2023-06-29T07:44:59+00:00\",\"breadcrumb\":{\"@id\":\"https:\/\/www.framapesa.ro\/product\/uponor-multi-aditiv-sapa-vd-450\/#breadcrumb\"},\"inLanguage\":\"ro-RO\",\"potentialAction\":[{\"@type\":\"ReadAction\",\"target\":[\"https:\/\/www.framapesa.ro\/product\/uponor-multi-aditiv-sapa-vd-450\/\"]}]},{\"@type\":\"ImageObject\",\"inLanguage\":\"ro-RO\",\"@id\":\"https:\/\/www.framapesa.ro\/product\/uponor-multi-aditiv-sapa-vd-450\/#primaryimage\",\"url\":\"https:\/\/www.framapesa.ro\/wp-content\/uploads\/2023\/06\/Uponor-Multi-aditiv-sapa-VD-450.jpg\",\"contentUrl\":\"https:\/\/www.framapesa.ro\/wp-content\/uploads\/2023\/06\/Uponor-Multi-aditiv-sapa-VD-450.jpg\",\"width\":600,\"height\":300,\"caption\":\"Uponor Multi aditiv \u015fap\u0103 VD 450\"},{\"@type\":\"BreadcrumbList\",\"@id\":\"https:\/\/www.framapesa.ro\/product\/uponor-multi-aditiv-sapa-vd-450\/#breadcrumb\",\"itemListElement\":[{\"@type\":\"ListItem\",\"position\":1,\"name\":\"Prima pagin\u0103\",\"item\":\"https:\/\/www.framapesa.ro\/\"},{\"@type\":\"ListItem\",\"position\":2,\"name\":\"Catalog produse\",\"item\":\"https:\/\/www.framapesa.ro\/catalog-produse\/\"},{\"@type\":\"ListItem\",\"position\":3,\"name\":\"Uponor Multi aditiv \u015fap\u0103 VD 450\"}]},{\"@type\":\"WebSite\",\"@id\":\"https:\/\/www.framapesa.ro\/#website\",\"url\":\"https:\/\/www.framapesa.ro\/\",\"name\":\"Incalzire in pardoseala Uponor\",\"description\":\"\",\"potentialAction\":[{\"@type\":\"SearchAction\",\"target\":{\"@type\":\"EntryPoint\",\"urlTemplate\":\"https:\/\/www.framapesa.ro\/?s={search_term_string}\"},\"query-input\":{\"@type\":\"PropertyValueSpecification\",\"valueRequired\":true,\"valueName\":\"search_term_string\"}}],\"inLanguage\":\"ro-RO\"}]}<\/script>\n<!-- \/ Yoast SEO plugin. -->","yoast_head_json":{"title":"Uponor Multi aditiv \u015fap\u0103 VD 450 - Incalzire in pardoseala Uponor","robots":{"index":"index","follow":"follow","max-snippet":"max-snippet:-1","max-image-preview":"max-image-preview:large","max-video-preview":"max-video-preview:-1"},"canonical":"https:\/\/www.framapesa.ro\/ro\/produs\/uponor-multi-aditiv-sapa-vd-450\/","og_locale":"ro_RO","og_type":"article","og_title":"Uponor Multi aditiv \u015fap\u0103 VD 450 - Incalzire in pardoseala Uponor","og_description":"&#8211; Aditiv de \u0219ap\u0103; \u00eembun\u0103t\u0103\u021be\u0219te calitatea \u0219apei &#8211; Se utilizeaz\u0103 doar cu \u0219apele de ciment &#8211; Rol de omogenizare, \u00eembun\u0103t\u0103\u0163ire a transferului termic \u015fi elasticit\u0103\u0163ii \u015fapei &#8211; Consumul pt. o \u015fap\u0103 cu grosime de 7cm: 0.2 l\/m\u00b2 &#8211; Grosime minim\u0103 \u0219ap\u0103: 30 mm la 2 kN\/m\u00b2 sau 45 mm la 5 kN\/m\u00b2 \u00een combina\u0163ie cu [&hellip;]","og_url":"https:\/\/www.framapesa.ro\/ro\/produs\/uponor-multi-aditiv-sapa-vd-450\/","og_site_name":"Incalzire in pardoseala Uponor","article_modified_time":"2023-06-29T07:44:59+00:00","og_image":[{"width":600,"height":300,"url":"https:\/\/www.framapesa.ro\/wp-content\/uploads\/2023\/06\/Uponor-Multi-aditiv-sapa-VD-450.jpg","type":"image\/jpeg"}],"twitter_card":"summary_large_image","twitter_misc":{"Timp estimat pentru citire":"1 minut"},"schema":{"@context":"https:\/\/schema.org","@graph":[{"@type":"WebPage","@id":"https:\/\/www.framapesa.ro\/product\/uponor-multi-aditiv-sapa-vd-450\/","url":"https:\/\/www.framapesa.ro\/product\/uponor-multi-aditiv-sapa-vd-450\/","name":"Uponor Multi aditiv \u015fap\u0103 VD 450 - Incalzire in pardoseala Uponor","isPartOf":{"@id":"https:\/\/www.framapesa.ro\/#website"},"primaryImageOfPage":{"@id":"https:\/\/www.framapesa.ro\/product\/uponor-multi-aditiv-sapa-vd-450\/#primaryimage"},"image":{"@id":"https:\/\/www.framapesa.ro\/product\/uponor-multi-aditiv-sapa-vd-450\/#primaryimage"},"thumbnailUrl":"https:\/\/www.framapesa.ro\/wp-content\/uploads\/2023\/06\/Uponor-Multi-aditiv-sapa-VD-450.jpg","datePublished":"2023-06-29T07:44:58+00:00","dateModified":"2023-06-29T07:44:59+00:00","breadcrumb":{"@id":"https:\/\/www.framapesa.ro\/product\/uponor-multi-aditiv-sapa-vd-450\/#breadcrumb"},"inLanguage":"ro-RO","potentialAction":[{"@type":"ReadAction","target":["https:\/\/www.framapesa.ro\/product\/uponor-multi-aditiv-sapa-vd-450\/"]}]},{"@type":"ImageObject","inLanguage":"ro-RO","@id":"https:\/\/www.framapesa.ro\/product\/uponor-multi-aditiv-sapa-vd-450\/#primaryimage","url":"https:\/\/www.framapesa.ro\/wp-content\/uploads\/2023\/06\/Uponor-Multi-aditiv-sapa-VD-450.jpg","contentUrl":"https:\/\/www.framapesa.ro\/wp-content\/uploads\/2023\/06\/Uponor-Multi-aditiv-sapa-VD-450.jpg","width":600,"height":300,"caption":"Uponor Multi aditiv \u015fap\u0103 VD 450"},{"@type":"BreadcrumbList","@id":"https:\/\/www.framapesa.ro\/product\/uponor-multi-aditiv-sapa-vd-450\/#breadcrumb","itemListElement":[{"@type":"ListItem","position":1,"name":"Prima pagin\u0103","item":"https:\/\/www.framapesa.ro\/"},{"@type":"ListItem","position":2,"name":"Catalog produse","item":"https:\/\/www.framapesa.ro\/catalog-produse\/"},{"@type":"ListItem","position":3,"name":"Uponor Multi aditiv \u015fap\u0103 VD 450"}]},{"@type":"WebSite","@id":"https:\/\/www.framapesa.ro\/#website","url":"https:\/\/www.framapesa.ro\/","name":"Incalzire in pardoseala Uponor","description":"","potentialAction":[{"@type":"SearchAction","target":{"@type":"EntryPoint","urlTemplate":"https:\/\/www.framapesa.ro\/?s={search_term_string}"},"query-input":{"@type":"PropertyValueSpecification","valueRequired":true,"valueName":"search_term_string"}}],"inLanguage":"ro-RO"}]}},"_links":{"self":[{"href":"https:\/\/www.framapesa.ro\/ro\/wp-json\/wp\/v2\/product\/2687","targetHints":{"allow":["GET"]}}],"collection":[{"href":"https:\/\/www.framapesa.ro\/ro\/wp-json\/wp\/v2\/product"}],"about":[{"href":"https:\/\/www.framapesa.ro\/ro\/wp-json\/wp\/v2\/types\/product"}],"replies":[{"embeddable":true,"href":"https:\/\/www.framapesa.ro\/ro\/wp-json\/wp\/v2\/comments?post=2687"}],"wp:featuredmedia":[{"embeddable":true,"href":"https:\/\/www.framapesa.ro\/ro\/wp-json\/wp\/v2\/media\/2688"}],"wp:attachment":[{"href":"https:\/\/www.framapesa.ro\/ro\/wp-json\/wp\/v2\/media?parent=2687"}],"wp:term":[{"taxonomy":"product_brand","embeddable":true,"href":"https:\/\/www.framapesa.ro\/ro\/wp-json\/wp\/v2\/product_brand?post=2687"},{"taxonomy":"product_cat","embeddable":true,"href":"https:\/\/www.framapesa.ro\/ro\/wp-json\/wp\/v2\/product_cat?post=2687"},{"taxonomy":"product_tag","embeddable":true,"href":"https:\/\/www.framapesa.ro\/ro\/wp-json\/wp\/v2\/product_tag?post=2687"}],"curies":[{"name":"wp","href":"https:\/\/api.w.org\/{rel}","templated":true}]}}