{"id":2697,"date":"2023-06-29T08:04:02","date_gmt":"2023-06-29T08:04:02","guid":{"rendered":"https:\/\/www.framapesa.ro\/nou\/?post_type=product&#038;p=2697"},"modified":"2023-06-29T08:04:44","modified_gmt":"2023-06-29T08:04:44","slug":"uponor-smatrix-move-pro-regulator-x-159","status":"publish","type":"product","link":"https:\/\/www.framapesa.ro\/ro\/produs\/uponor-smatrix-move-pro-regulator-x-159\/","title":{"rendered":"Uponor Smatrix Move PRO regulator X-159"},"content":{"rendered":"<p>&#8211; Regulator de temperatur\u0103 agent termic multizonal<br \/>\n&#8211; Pentru cl\u0103diri industriale si comerciale<br \/>\n&#8211; \u00cenc\u0103lzire si r\u0103cire radiant\u0103<br \/>\n&#8211; Preparare ap\u0103 cald\u0103 menajer\u0103<\/p>\n<p>Func\u021bii:<br \/>\n&#8211; \u00cenc\u0103lzire si r\u0103cire, preparare ap\u0103 cald\u0103 menajer\u0103<br \/>\n&#8211; P\u00e2n\u0103 la 4 zone de \u00eenc\u0103lzire sau 3 zone de \u00eenc\u0103lzire\/r\u0103cire<br \/>\n&#8211; P\u00e2n\u0103 la 2 zone distincte de degivrare<br \/>\n&#8211; Operare independent\u0103 (cu senzori cabla\u021bi) sau \u00een combina\u021bie cu Smatrix Base PRO (control zonal de temperatur\u0103 bazat pe interconectare cu cablu BUS)<br \/>\n&#8211; Poate fi integrat \u00een sisteme BMS prin protocol ModBus-RTU sau KNX<br \/>\n&#8211; Instalare si configurare u\u0219oar\u0103<br \/>\n&#8211; Cardul micro SD permite salvare de date si clonare set\u0103ri<\/p>\n<p>Con\u021bine:<br \/>\n&#8211; Regulator Uponor Smatrix Move PRO X-159<br \/>\n&#8211; Pachet aplicatii \u00eenc\u0103lzire (card Micro-SD, stickere si instructiuni)<br \/>\n&#8211; Pachet aplicatii \u00eenc\u0103lzire\/r\u0103cire (card Micro-SD, stickere si instructiuni)<br \/>\n&#8211; Instructiuni de montaj<br \/>\n&#8211; Conformitate: CE, EAC<br \/>\n&#8211; Protocol de comunicare: Modbus-RTU (slave), Uponor Smatrix Base PRO bus<br \/>\n&#8211; Tensiune de alimentare: 230V 50Hz \/ 125mA<br \/>\n&#8211; Gama de temperaturi: 0\u00b0C &#8230; +50\u00b0C<br \/>\n&#8211; Clasa de protec\u021bie: IP20<br \/>\n&#8211; Clasa ERP: III (1.5%) \/ VII (3.5%) dac\u0103 se utilizeaz\u0103 senzor de camer\u0103<\/p>\n<p><a href=\"https:\/\/www.framapesa.ro\/nou\/wp-content\/uploads\/2023\/06\/Uponor-Smatrix-Move-PRO-regulator-X-159.jpg\"><img loading=\"lazy\" decoding=\"async\" class=\"alignnone wp-image-2698\" src=\"https:\/\/www.framapesa.ro\/nou\/wp-content\/uploads\/2023\/06\/Uponor-Smatrix-Move-PRO-regulator-X-159-300x150.jpg\" alt=\"Uponor Smatrix Move PRO regulator X-159\" width=\"50\" height=\"25\" srcset=\"https:\/\/www.framapesa.ro\/wp-content\/uploads\/2023\/06\/Uponor-Smatrix-Move-PRO-regulator-X-159-300x150.jpg 300w, https:\/\/www.framapesa.ro\/wp-content\/uploads\/2023\/06\/Uponor-Smatrix-Move-PRO-regulator-X-159-18x9.jpg 18w, https:\/\/www.framapesa.ro\/wp-content\/uploads\/2023\/06\/Uponor-Smatrix-Move-PRO-regulator-X-159.jpg 600w\" sizes=\"auto, (max-width: 50px) 100vw, 50px\" \/><\/a>Uponor Smatrix Move PRO regulator X-159 &#8211; Articol disponibil la cerere, timp de livrare minim 2 s\u0103pt\u0103m\u00e2ni &#8211; Articol disponibil la cerere, timp de livrare minim 2 s\u0103pt\u0103m\u00e2ni<\/p>","protected":false},"excerpt":{"rendered":"<p>&#8211; Regulator de temperatur\u0103 agent termic multizonal &#8211; Pentru cl\u0103diri industriale si comerciale &#8211; \u00cenc\u0103lzire si r\u0103cire radiant\u0103 &#8211; Preparare ap\u0103 cald\u0103 menajer\u0103 Func\u021bii: &#8211; \u00cenc\u0103lzire si r\u0103cire, preparare ap\u0103 cald\u0103 menajer\u0103 &#8211; P\u00e2n\u0103 la 4 zone de \u00eenc\u0103lzire sau 3 zone de \u00eenc\u0103lzire\/r\u0103cire &#8211; P\u00e2n\u0103 la 2 zone distincte de degivrare &#8211; Operare independent\u0103 [&hellip;]<\/p>\n","protected":false},"featured_media":2698,"comment_status":"open","ping_status":"closed","template":"","meta":{"_links_to":"","_links_to_target":""},"product_brand":[],"product_cat":[115],"product_tag":[],"class_list":{"0":"post-2697","1":"product","2":"type-product","3":"status-publish","4":"has-post-thumbnail","6":"product_cat-control-temperatura-agent","8":"first","9":"instock","10":"shipping-taxable","11":"product-type-simple"},"yoast_head":"<!-- This site is optimized with the Yoast SEO plugin v26.9 - https:\/\/yoast.com\/product\/yoast-seo-wordpress\/ -->\n<title>Uponor Smatrix Move PRO regulator X-159 - Incalzire in pardoseala Uponor<\/title>\n<meta name=\"robots\" content=\"index, follow, max-snippet:-1, max-image-preview:large, max-video-preview:-1\" \/>\n<link rel=\"canonical\" href=\"https:\/\/www.framapesa.ro\/ro\/produs\/uponor-smatrix-move-pro-regulator-x-159\/\" \/>\n<meta property=\"og:locale\" content=\"ro_RO\" \/>\n<meta property=\"og:type\" content=\"article\" \/>\n<meta property=\"og:title\" content=\"Uponor Smatrix Move PRO regulator X-159 - Incalzire in pardoseala Uponor\" \/>\n<meta property=\"og:description\" content=\"&#8211; Regulator de temperatur\u0103 agent termic multizonal &#8211; Pentru cl\u0103diri industriale si comerciale &#8211; \u00cenc\u0103lzire si r\u0103cire radiant\u0103 &#8211; Preparare ap\u0103 cald\u0103 menajer\u0103 Func\u021bii: &#8211; \u00cenc\u0103lzire si r\u0103cire, preparare ap\u0103 cald\u0103 menajer\u0103 &#8211; P\u00e2n\u0103 la 4 zone de \u00eenc\u0103lzire sau 3 zone de \u00eenc\u0103lzire\/r\u0103cire &#8211; P\u00e2n\u0103 la 2 zone distincte de degivrare &#8211; Operare independent\u0103 [&hellip;]\" \/>\n<meta property=\"og:url\" content=\"https:\/\/www.framapesa.ro\/ro\/produs\/uponor-smatrix-move-pro-regulator-x-159\/\" \/>\n<meta property=\"og:site_name\" content=\"Incalzire in pardoseala Uponor\" \/>\n<meta property=\"article:modified_time\" content=\"2023-06-29T08:04:44+00:00\" \/>\n<meta property=\"og:image\" content=\"https:\/\/www.framapesa.ro\/wp-content\/uploads\/2023\/06\/Uponor-Smatrix-Move-PRO-regulator-X-159.jpg\" \/>\n\t<meta property=\"og:image:width\" content=\"600\" \/>\n\t<meta property=\"og:image:height\" content=\"300\" \/>\n\t<meta property=\"og:image:type\" content=\"image\/jpeg\" \/>\n<meta name=\"twitter:card\" content=\"summary_large_image\" \/>\n<meta name=\"twitter:label1\" content=\"Timp estimat pentru citire\" \/>\n\t<meta name=\"twitter:data1\" content=\"2 minute\" \/>\n<script type=\"application\/ld+json\" class=\"yoast-schema-graph\">{\"@context\":\"https:\/\/schema.org\",\"@graph\":[{\"@type\":\"WebPage\",\"@id\":\"https:\/\/www.framapesa.ro\/product\/uponor-smatrix-move-pro-regulator-x-159\/\",\"url\":\"https:\/\/www.framapesa.ro\/product\/uponor-smatrix-move-pro-regulator-x-159\/\",\"name\":\"Uponor Smatrix Move PRO regulator X-159 - Incalzire in pardoseala Uponor\",\"isPartOf\":{\"@id\":\"https:\/\/www.framapesa.ro\/#website\"},\"primaryImageOfPage\":{\"@id\":\"https:\/\/www.framapesa.ro\/product\/uponor-smatrix-move-pro-regulator-x-159\/#primaryimage\"},\"image\":{\"@id\":\"https:\/\/www.framapesa.ro\/product\/uponor-smatrix-move-pro-regulator-x-159\/#primaryimage\"},\"thumbnailUrl\":\"https:\/\/www.framapesa.ro\/wp-content\/uploads\/2023\/06\/Uponor-Smatrix-Move-PRO-regulator-X-159.jpg\",\"datePublished\":\"2023-06-29T08:04:02+00:00\",\"dateModified\":\"2023-06-29T08:04:44+00:00\",\"breadcrumb\":{\"@id\":\"https:\/\/www.framapesa.ro\/product\/uponor-smatrix-move-pro-regulator-x-159\/#breadcrumb\"},\"inLanguage\":\"ro-RO\",\"potentialAction\":[{\"@type\":\"ReadAction\",\"target\":[\"https:\/\/www.framapesa.ro\/product\/uponor-smatrix-move-pro-regulator-x-159\/\"]}]},{\"@type\":\"ImageObject\",\"inLanguage\":\"ro-RO\",\"@id\":\"https:\/\/www.framapesa.ro\/product\/uponor-smatrix-move-pro-regulator-x-159\/#primaryimage\",\"url\":\"https:\/\/www.framapesa.ro\/wp-content\/uploads\/2023\/06\/Uponor-Smatrix-Move-PRO-regulator-X-159.jpg\",\"contentUrl\":\"https:\/\/www.framapesa.ro\/wp-content\/uploads\/2023\/06\/Uponor-Smatrix-Move-PRO-regulator-X-159.jpg\",\"width\":600,\"height\":300,\"caption\":\"Uponor Smatrix Move PRO regulator X-159\"},{\"@type\":\"BreadcrumbList\",\"@id\":\"https:\/\/www.framapesa.ro\/product\/uponor-smatrix-move-pro-regulator-x-159\/#breadcrumb\",\"itemListElement\":[{\"@type\":\"ListItem\",\"position\":1,\"name\":\"Prima pagin\u0103\",\"item\":\"https:\/\/www.framapesa.ro\/\"},{\"@type\":\"ListItem\",\"position\":2,\"name\":\"Catalog produse\",\"item\":\"https:\/\/www.framapesa.ro\/catalog-produse\/\"},{\"@type\":\"ListItem\",\"position\":3,\"name\":\"Uponor Smatrix Move PRO regulator X-159\"}]},{\"@type\":\"WebSite\",\"@id\":\"https:\/\/www.framapesa.ro\/#website\",\"url\":\"https:\/\/www.framapesa.ro\/\",\"name\":\"Incalzire in pardoseala Uponor\",\"description\":\"\",\"potentialAction\":[{\"@type\":\"SearchAction\",\"target\":{\"@type\":\"EntryPoint\",\"urlTemplate\":\"https:\/\/www.framapesa.ro\/?s={search_term_string}\"},\"query-input\":{\"@type\":\"PropertyValueSpecification\",\"valueRequired\":true,\"valueName\":\"search_term_string\"}}],\"inLanguage\":\"ro-RO\"}]}<\/script>\n<!-- \/ Yoast SEO plugin. -->","yoast_head_json":{"title":"Uponor Smatrix Move PRO regulator X-159 - Incalzire in pardoseala Uponor","robots":{"index":"index","follow":"follow","max-snippet":"max-snippet:-1","max-image-preview":"max-image-preview:large","max-video-preview":"max-video-preview:-1"},"canonical":"https:\/\/www.framapesa.ro\/ro\/produs\/uponor-smatrix-move-pro-regulator-x-159\/","og_locale":"ro_RO","og_type":"article","og_title":"Uponor Smatrix Move PRO regulator X-159 - Incalzire in pardoseala Uponor","og_description":"&#8211; Regulator de temperatur\u0103 agent termic multizonal &#8211; Pentru cl\u0103diri industriale si comerciale &#8211; \u00cenc\u0103lzire si r\u0103cire radiant\u0103 &#8211; Preparare ap\u0103 cald\u0103 menajer\u0103 Func\u021bii: &#8211; \u00cenc\u0103lzire si r\u0103cire, preparare ap\u0103 cald\u0103 menajer\u0103 &#8211; P\u00e2n\u0103 la 4 zone de \u00eenc\u0103lzire sau 3 zone de \u00eenc\u0103lzire\/r\u0103cire &#8211; P\u00e2n\u0103 la 2 zone distincte de degivrare &#8211; Operare independent\u0103 [&hellip;]","og_url":"https:\/\/www.framapesa.ro\/ro\/produs\/uponor-smatrix-move-pro-regulator-x-159\/","og_site_name":"Incalzire in pardoseala Uponor","article_modified_time":"2023-06-29T08:04:44+00:00","og_image":[{"width":600,"height":300,"url":"https:\/\/www.framapesa.ro\/wp-content\/uploads\/2023\/06\/Uponor-Smatrix-Move-PRO-regulator-X-159.jpg","type":"image\/jpeg"}],"twitter_card":"summary_large_image","twitter_misc":{"Timp estimat pentru citire":"2 minute"},"schema":{"@context":"https:\/\/schema.org","@graph":[{"@type":"WebPage","@id":"https:\/\/www.framapesa.ro\/product\/uponor-smatrix-move-pro-regulator-x-159\/","url":"https:\/\/www.framapesa.ro\/product\/uponor-smatrix-move-pro-regulator-x-159\/","name":"Uponor Smatrix Move PRO regulator X-159 - Incalzire in pardoseala Uponor","isPartOf":{"@id":"https:\/\/www.framapesa.ro\/#website"},"primaryImageOfPage":{"@id":"https:\/\/www.framapesa.ro\/product\/uponor-smatrix-move-pro-regulator-x-159\/#primaryimage"},"image":{"@id":"https:\/\/www.framapesa.ro\/product\/uponor-smatrix-move-pro-regulator-x-159\/#primaryimage"},"thumbnailUrl":"https:\/\/www.framapesa.ro\/wp-content\/uploads\/2023\/06\/Uponor-Smatrix-Move-PRO-regulator-X-159.jpg","datePublished":"2023-06-29T08:04:02+00:00","dateModified":"2023-06-29T08:04:44+00:00","breadcrumb":{"@id":"https:\/\/www.framapesa.ro\/product\/uponor-smatrix-move-pro-regulator-x-159\/#breadcrumb"},"inLanguage":"ro-RO","potentialAction":[{"@type":"ReadAction","target":["https:\/\/www.framapesa.ro\/product\/uponor-smatrix-move-pro-regulator-x-159\/"]}]},{"@type":"ImageObject","inLanguage":"ro-RO","@id":"https:\/\/www.framapesa.ro\/product\/uponor-smatrix-move-pro-regulator-x-159\/#primaryimage","url":"https:\/\/www.framapesa.ro\/wp-content\/uploads\/2023\/06\/Uponor-Smatrix-Move-PRO-regulator-X-159.jpg","contentUrl":"https:\/\/www.framapesa.ro\/wp-content\/uploads\/2023\/06\/Uponor-Smatrix-Move-PRO-regulator-X-159.jpg","width":600,"height":300,"caption":"Uponor Smatrix Move PRO regulator X-159"},{"@type":"BreadcrumbList","@id":"https:\/\/www.framapesa.ro\/product\/uponor-smatrix-move-pro-regulator-x-159\/#breadcrumb","itemListElement":[{"@type":"ListItem","position":1,"name":"Prima pagin\u0103","item":"https:\/\/www.framapesa.ro\/"},{"@type":"ListItem","position":2,"name":"Catalog produse","item":"https:\/\/www.framapesa.ro\/catalog-produse\/"},{"@type":"ListItem","position":3,"name":"Uponor Smatrix Move PRO regulator X-159"}]},{"@type":"WebSite","@id":"https:\/\/www.framapesa.ro\/#website","url":"https:\/\/www.framapesa.ro\/","name":"Incalzire in pardoseala Uponor","description":"","potentialAction":[{"@type":"SearchAction","target":{"@type":"EntryPoint","urlTemplate":"https:\/\/www.framapesa.ro\/?s={search_term_string}"},"query-input":{"@type":"PropertyValueSpecification","valueRequired":true,"valueName":"search_term_string"}}],"inLanguage":"ro-RO"}]}},"_links":{"self":[{"href":"https:\/\/www.framapesa.ro\/ro\/wp-json\/wp\/v2\/product\/2697","targetHints":{"allow":["GET"]}}],"collection":[{"href":"https:\/\/www.framapesa.ro\/ro\/wp-json\/wp\/v2\/product"}],"about":[{"href":"https:\/\/www.framapesa.ro\/ro\/wp-json\/wp\/v2\/types\/product"}],"replies":[{"embeddable":true,"href":"https:\/\/www.framapesa.ro\/ro\/wp-json\/wp\/v2\/comments?post=2697"}],"wp:featuredmedia":[{"embeddable":true,"href":"https:\/\/www.framapesa.ro\/ro\/wp-json\/wp\/v2\/media\/2698"}],"wp:attachment":[{"href":"https:\/\/www.framapesa.ro\/ro\/wp-json\/wp\/v2\/media?parent=2697"}],"wp:term":[{"taxonomy":"product_brand","embeddable":true,"href":"https:\/\/www.framapesa.ro\/ro\/wp-json\/wp\/v2\/product_brand?post=2697"},{"taxonomy":"product_cat","embeddable":true,"href":"https:\/\/www.framapesa.ro\/ro\/wp-json\/wp\/v2\/product_cat?post=2697"},{"taxonomy":"product_tag","embeddable":true,"href":"https:\/\/www.framapesa.ro\/ro\/wp-json\/wp\/v2\/product_tag?post=2697"}],"curies":[{"name":"wp","href":"https:\/\/api.w.org\/{rel}","templated":true}]}}